{"id":514,"date":"2018-10-30T17:13:20","date_gmt":"2018-10-30T19:13:20","guid":{"rendered":"https:\/\/jundiai.sp.gov.br\/mobilidade\/?page_id=514"},"modified":"2024-08-30T11:17:50","modified_gmt":"2024-08-30T14:17:50","slug":"escolar","status":"publish","type":"page","link":"https:\/\/jundiai.sp.gov.br\/mobilidade\/transportes\/escolar\/","title":{"rendered":"Transporte Escolar"},"content":{"rendered":"\n<p><strong>Informa\u00e7\u00f5es ao Mun\u00edcipe<\/strong><\/p>\n\n\n\n<p><strong>O que \u00e9 escolar?<\/strong><\/p>\n\n\n\n<p>TRANSPORTE DE ESCOLARES: Servi\u00e7o destinado a transportar estudantes e\/ou crian\u00e7as que frequentam creches e escolas, mediante contratos com pessoas f\u00edsicas ou jur\u00eddicas, sem interfer\u00eancia do poder p\u00fablico, que atuam com autoriza\u00e7\u00e3o expedida pela Prefeitura do Munic\u00edpio de Jundia\u00ed, por meio da Unidade de Gest\u00e3o de Mobilidade e Transportes. <\/p>\n\n\n\n<p><strong>Qual o valor cobrado por esse servi\u00e7o?<\/strong><\/p>\n\n\n\n<p>O pre\u00e7o desse servi\u00e7o n\u00e3o \u00e9 estabelecido pelo poder p\u00fablico. \u00c9 regulado pelo mercado, e os valores variam em fun\u00e7\u00e3o do servi\u00e7o oferecido e das vantagens agregadas a ele.<\/p>\n\n\n\n<p><strong>Quem oferece o servi\u00e7o?<\/strong><\/p>\n\n\n\n<p>Aut\u00f4nomos ou MEI\u2019s devidamente cadastrados na Prefeitura de Jundia\u00ed e que atendem a todos os crit\u00e9rios dispostos na Lei n\u00ba 9594, de 16 de junho de 2021, que regula o servi\u00e7o de Transporte Escolar no munic\u00edpio.<\/p>\n\n\n\n<p><strong>Como posso saber se um condutor e o ve\u00ed\u00adculo est\u00e3o autorizados a operar?<\/strong><\/p>\n\n\n\n<p><a href=\"https:\/\/jundiai.sp.gov.br\/mobilidade\/wp-content\/uploads\/sites\/19\/2023\/12\/lista-de-transportadores-escolares-2023-1-v2-0.pdf\" target=\"_blank\" rel=\"noreferrer noopener\">Clique aqui para visualizar a listagem de condutores cadastrados<\/a><\/p>\n\n\n\n<p><strong>Ou ainda pode ligar para os telefones: (11) 4589-8777 ou (11) 4589-8778, das 9h \u00e0s 17h ou pelo e-mail:\u00a0scomplementares@jundiai.sp.gov.br.<\/strong><br><br><\/p>\n\n\n\n<p><strong>Dicas importantes:&nbsp;<\/strong><\/p>\n\n\n\n<ul class=\"wp-block-list\">\n<li>Verifique se o ve\u00ed\u00adculo escolar possui alvar\u00e1 da Prefeitura de Jundia\u00ed e Selo no para-brisa vigentes. Tais documentos garantem que o condutor \u00e9 cadastrado na Unidade de Gest\u00e3o de Mobilidade e Transportes e que possui capacita\u00e7\u00e3o para a condu\u00e7\u00e3o do ve\u00ed\u00adculo e tamb\u00e9m que o ve\u00ed\u00adculo foi aprovado em vistoria veicular realizado pelo DETRAN e, portanto, atende a todos os requisitos de seguran\u00e7a;<\/li>\n\n\n\n<li>Exija um contrato de presta\u00e7\u00e3o de servi\u00e7os onde conste todos os deveres e direitos do contratado e contratante;<\/li>\n\n\n\n<li>Solicite refer\u00eancias e informa\u00e7\u00f5es de outros pais sobre o motorista em avalia\u00e7\u00e3o.<\/li>\n\n\n\n<li>Sempre acompanhe e avalie o trabalho do transportador: ele para em frente \u00e0 escola para pegar as crian\u00e7as? Trata-as com cuidado e aten\u00e7\u00e3o? Ajuda-as na subida e descida da van?<\/li>\n\n\n\n<li>Recomendamos que acompanhe a van periodicamente para ver como o motorista se comporta no trajeto.<\/li>\n\n\n\n<li>Em caso de d\u00favidas entre em contato com a Unidade de Gest\u00e3o de Mobilidade e Transportes de Jundia\u00ed.<\/li>\n<\/ul>\n","protected":false},"excerpt":{"rendered":"<p>Informa\u00e7\u00f5es ao Mun\u00edcipe O que \u00e9 escolar? TRANSPORTE DE ESCOLARES: Servi\u00e7o destinado a transportar estudantes e\/ou crian\u00e7as que frequentam creches e escolas, mediante contratos com pessoas f\u00edsicas ou jur\u00eddicas, sem interfer\u00eancia do poder p\u00fablico, que atuam com autoriza\u00e7\u00e3o expedida pela Prefeitura do Munic\u00edpio de Jundia\u00ed, por meio da Unidade de Gest\u00e3o de Mobilidade e Transportes. [&hellip;]<\/p>\n","protected":false},"author":37,"featured_media":0,"parent":820,"menu_order":0,"comment_status":"closed","ping_status":"closed","template":"page-subpaginas.php","meta":{"footnotes":""},"class_list":["post-514","page","type-page","status-publish","hentry"],"_links":{"self":[{"href":"https:\/\/jundiai.sp.gov.br\/mobilidade\/wp-json\/wp\/v2\/pages\/514","targetHints":{"allow":["GET"]}}],"collection":[{"href":"https:\/\/jundiai.sp.gov.br\/mobilidade\/wp-json\/wp\/v2\/pages"}],"about":[{"href":"https:\/\/jundiai.sp.gov.br\/mobilidade\/wp-json\/wp\/v2\/types\/page"}],"author":[{"embeddable":true,"href":"https:\/\/jundiai.sp.gov.br\/mobilidade\/wp-json\/wp\/v2\/users\/37"}],"replies":[{"embeddable":true,"href":"https:\/\/jundiai.sp.gov.br\/mobilidade\/wp-json\/wp\/v2\/comments?post=514"}],"version-history":[{"count":25,"href":"https:\/\/jundiai.sp.gov.br\/mobilidade\/wp-json\/wp\/v2\/pages\/514\/revisions"}],"predecessor-version":[{"id":1209,"href":"https:\/\/jundiai.sp.gov.br\/mobilidade\/wp-json\/wp\/v2\/pages\/514\/revisions\/1209"}],"up":[{"embeddable":true,"href":"https:\/\/jundiai.sp.gov.br\/mobilidade\/wp-json\/wp\/v2\/pages\/820"}],"wp:attachment":[{"href":"https:\/\/jundiai.sp.gov.br\/mobilidade\/wp-json\/wp\/v2\/media?parent=514"}],"curies":[{"name":"wp","href":"https:\/\/api.w.org\/{rel}","templated":true}]}}