{"id":523,"date":"2018-10-30T17:18:22","date_gmt":"2018-10-30T20:18:22","guid":{"rendered":"https:\/\/jundiai.sp.gov.br\/mobilidade\/?page_id=523"},"modified":"2024-11-28T12:30:52","modified_gmt":"2024-11-28T15:30:52","slug":"fretamento","status":"publish","type":"page","link":"https:\/\/jundiai.sp.gov.br\/mobilidade\/transportes\/fretamento\/","title":{"rendered":"Fretamento"},"content":{"rendered":"\n<p>O transporte por fretamento \u00e9 uma modalidade de deslocamento coletivo que consiste na loca\u00e7\u00e3o de ve\u00edculos, como vans, \u00f4nibus ou micro-\u00f4nibus, para atender a necessidades espec\u00edficas de um grupo de pessoas. Esse servi\u00e7o \u00e9 comumente utilizado por empresas, escolas, institui\u00e7\u00f5es e grupos de turismo, visando proporcionar maior conveni\u00eancia, conforto e efici\u00eancia no transporte de passageiros.<\/p>\n\n\n\n<p>No ambiente corporativo, o fretamento \u00e9 uma solu\u00e7\u00e3o estrat\u00e9gica para o deslocamento de colaboradores, especialmente em empresas que operam com turnos diversificados ou localizadas em regi\u00f5es de dif\u00edcil acesso. Ele reduz custos com deslocamento individual, melhora a pontualidade e promove qualidade de vida ao oferecer um transporte exclusivo e seguro.<\/p>\n\n\n\n<p>Al\u00e9m disso, o fretamento pode contribuir para a redu\u00e7\u00e3o do tr\u00e1fego urbano e das emiss\u00f5es de gases poluentes, j\u00e1 que concentra o transporte de v\u00e1rias pessoas em um \u00fanico ve\u00edculo, diminuindo a quantidade de carros em circula\u00e7\u00e3o. Outra vantagem \u00e9 a flexibilidade do servi\u00e7o, que pode ser ajustado conforme a demanda, hor\u00e1rios e trajetos previamente definidos pelo contratante.<\/p>\n\n\n\n<p>Com um planejamento adequado, o transporte por fretamento oferece um equil\u00edbrio entre custo-benef\u00edcio, sustentabilidade e conforto, sendo uma alternativa eficaz para atender necessidades espec\u00edficas de mobilidade.<\/p>\n\n\n\n<p>Para mais informa\u00e7\u00f5es, orientamos procurar preferencialmente o atendimento pelos dos telefones 4589-8777\/4589-8778, das 9h \u00e0s 17h ou pelo e-mail <strong>scomplementares@jundiai.sp.gov.br<\/strong>.<\/p>\n","protected":false},"excerpt":{"rendered":"<p>O transporte por fretamento \u00e9 uma modalidade de deslocamento coletivo que consiste na loca\u00e7\u00e3o de ve\u00edculos, como vans, \u00f4nibus ou micro-\u00f4nibus, para atender a necessidades espec\u00edficas de um grupo de pessoas. Esse servi\u00e7o \u00e9 comumente utilizado por empresas, escolas, institui\u00e7\u00f5es e grupos de turismo, visando proporcionar maior conveni\u00eancia, conforto e efici\u00eancia no transporte de passageiros. [&hellip;]<\/p>\n","protected":false},"author":37,"featured_media":0,"parent":820,"menu_order":0,"comment_status":"closed","ping_status":"closed","template":"page-subpaginas.php","meta":{"footnotes":""},"class_list":["post-523","page","type-page","status-publish","hentry"],"_links":{"self":[{"href":"https:\/\/jundiai.sp.gov.br\/mobilidade\/wp-json\/wp\/v2\/pages\/523","targetHints":{"allow":["GET"]}}],"collection":[{"href":"https:\/\/jundiai.sp.gov.br\/mobilidade\/wp-json\/wp\/v2\/pages"}],"about":[{"href":"https:\/\/jundiai.sp.gov.br\/mobilidade\/wp-json\/wp\/v2\/types\/page"}],"author":[{"embeddable":true,"href":"https:\/\/jundiai.sp.gov.br\/mobilidade\/wp-json\/wp\/v2\/users\/37"}],"replies":[{"embeddable":true,"href":"https:\/\/jundiai.sp.gov.br\/mobilidade\/wp-json\/wp\/v2\/comments?post=523"}],"version-history":[{"count":5,"href":"https:\/\/jundiai.sp.gov.br\/mobilidade\/wp-json\/wp\/v2\/pages\/523\/revisions"}],"predecessor-version":[{"id":1214,"href":"https:\/\/jundiai.sp.gov.br\/mobilidade\/wp-json\/wp\/v2\/pages\/523\/revisions\/1214"}],"up":[{"embeddable":true,"href":"https:\/\/jundiai.sp.gov.br\/mobilidade\/wp-json\/wp\/v2\/pages\/820"}],"wp:attachment":[{"href":"https:\/\/jundiai.sp.gov.br\/mobilidade\/wp-json\/wp\/v2\/media?parent=523"}],"curies":[{"name":"wp","href":"https:\/\/api.w.org\/{rel}","templated":true}]}}