{"id":530,"date":"2018-10-30T17:22:42","date_gmt":"2018-10-30T20:22:42","guid":{"rendered":"https:\/\/jundiai.sp.gov.br\/mobilidade\/?page_id=530"},"modified":"2021-07-12T15:28:02","modified_gmt":"2021-07-12T18:28:02","slug":"formularios","status":"publish","type":"page","link":"https:\/\/jundiai.sp.gov.br\/mobilidade\/transportes\/fretamento\/formularios\/","title":{"rendered":"Formul\u00e1rios"},"content":{"rendered":"<p><a href=\"https:\/\/jundiai.sp.gov.br\/mobilidade\/wp-content\/uploads\/sites\/19\/2018\/10\/cancelamento-de-funcionario-de-empresa-de-fretado.pdf\">CANCELAMENTO DE FUNCION\u00c1RIO DE EMPRESA DE FRETADO<\/a><\/p>\n<p><a href=\"https:\/\/jundiai.sp.gov.br\/mobilidade\/wp-content\/uploads\/sites\/19\/2018\/10\/documentos-exigidos-para-o-transporte-de-fretamento.pdf\">DOCUMENTOS EXIGIDOS PARA O TRANSPORTE DE FRETAMENTO<\/a><\/p>\n<p><a href=\"https:\/\/jundiai.sp.gov.br\/mobilidade\/wp-content\/uploads\/sites\/19\/2018\/10\/exclusao-de-veiculo-fretado.pdf\">EXCLUS\u00c3O DE VEICULO FRETADO<\/a><\/p>\n<p><a href=\"https:\/\/jundiai.sp.gov.br\/mobilidade\/wp-content\/uploads\/sites\/19\/2018\/10\/inclusao-de-veiculo-fretado.pdf\">INCLUS\u00c3O DE VEICULO FRETADO<\/a><\/p>\n<p><a href=\"https:\/\/jundiai.sp.gov.br\/mobilidade\/wp-content\/uploads\/sites\/19\/2018\/10\/recadastramento-de-fretado.pdf\">RECADASTRAMENTO DE FRETADO<\/a><\/p>\n<p><a href=\"https:\/\/jundiai.sp.gov.br\/mobilidade\/wp-content\/uploads\/sites\/19\/2018\/10\/transferencia-de-veiculo-fretado.pdf\">TRANSFER\u00caNCIA DE VEICULO FRETADO<\/a><\/p>\n<p>&nbsp;<\/p>\n","protected":false},"excerpt":{"rendered":"<p>CANCELAMENTO DE FUNCION\u00c1RIO DE EMPRESA DE FRETADO DOCUMENTOS EXIGIDOS PARA O TRANSPORTE DE FRETAMENTO EXCLUS\u00c3O DE VEICULO FRETADO INCLUS\u00c3O DE VEICULO FRETADO RECADASTRAMENTO DE FRETADO TRANSFER\u00caNCIA DE VEICULO FRETADO &nbsp;<\/p>\n","protected":false},"author":37,"featured_media":0,"parent":523,"menu_order":2,"comment_status":"closed","ping_status":"closed","template":"","meta":{"footnotes":""},"class_list":["post-530","page","type-page","status-publish","hentry"],"_links":{"self":[{"href":"https:\/\/jundiai.sp.gov.br\/mobilidade\/wp-json\/wp\/v2\/pages\/530","targetHints":{"allow":["GET"]}}],"collection":[{"href":"https:\/\/jundiai.sp.gov.br\/mobilidade\/wp-json\/wp\/v2\/pages"}],"about":[{"href":"https:\/\/jundiai.sp.gov.br\/mobilidade\/wp-json\/wp\/v2\/types\/page"}],"author":[{"embeddable":true,"href":"https:\/\/jundiai.sp.gov.br\/mobilidade\/wp-json\/wp\/v2\/users\/37"}],"replies":[{"embeddable":true,"href":"https:\/\/jundiai.sp.gov.br\/mobilidade\/wp-json\/wp\/v2\/comments?post=530"}],"version-history":[{"count":1,"href":"https:\/\/jundiai.sp.gov.br\/mobilidade\/wp-json\/wp\/v2\/pages\/530\/revisions"}],"predecessor-version":[{"id":537,"href":"https:\/\/jundiai.sp.gov.br\/mobilidade\/wp-json\/wp\/v2\/pages\/530\/revisions\/537"}],"up":[{"embeddable":true,"href":"https:\/\/jundiai.sp.gov.br\/mobilidade\/wp-json\/wp\/v2\/pages\/523"}],"wp:attachment":[{"href":"https:\/\/jundiai.sp.gov.br\/mobilidade\/wp-json\/wp\/v2\/media?parent=530"}],"curies":[{"name":"wp","href":"https:\/\/api.w.org\/{rel}","templated":true}]}}