{"id":543,"date":"2018-10-30T17:29:46","date_gmt":"2018-10-30T20:29:46","guid":{"rendered":"https:\/\/jundiai.sp.gov.br\/mobilidade\/?page_id=543"},"modified":"2021-07-12T15:31:02","modified_gmt":"2021-07-12T18:31:02","slug":"manual-de-cadastro-balcao-do-empreendedor","status":"publish","type":"page","link":"https:\/\/jundiai.sp.gov.br\/mobilidade\/transportes\/regulamentacao-do-transporte-por-aplicativo\/manual-de-cadastro-balcao-do-empreendedor\/","title":{"rendered":"Manual de Cadastro  (Balc\u00e3o do Empreendedor)"},"content":{"rendered":"<p><a href=\"https:\/\/jundiai.sp.gov.br\/mobilidade\/wp-content\/uploads\/sites\/19\/2018\/11\/balcao-do-empreendedor-manual.pdf\">Balc\u00e3o do Empreendedor Manual<\/a><\/p>\n<p><a href=\"https:\/\/jundiai.sp.gov.br\/mobilidade\/wp-content\/uploads\/sites\/19\/2018\/11\/como-atender-informativos.pdf\">Como atender informativos<\/a><\/p>\n<p><a href=\"https:\/\/jundiai.sp.gov.br\/mobilidade\/wp-content\/uploads\/sites\/19\/2018\/11\/consultar-o-andamento-da-solicitacao.pdf\">Consultar o andamento da solicita\u00e7\u00e3o<\/a><\/p>\n<p><a href=\"https:\/\/jundiai.sp.gov.br\/mobilidade\/wp-content\/uploads\/sites\/19\/2018\/11\/fazer-uma-solicitacao-pelo-balcao-do-empreendedor.pdf\">Fazer uma solicita\u00e7\u00e3o pelo balc\u00e3o<\/a><\/p>\n<p><a href=\"https:\/\/jundiai.sp.gov.br\/mobilidade\/wp-content\/uploads\/sites\/19\/2018\/11\/ficha-de-requerimento-ugmt.pdf\">Ficha de Requerimento UGMT<\/a><\/p>\n<p><a href=\"https:\/\/jundiai.sp.gov.br\/mobilidade\/wp-content\/uploads\/sites\/19\/2018\/11\/solicitar-o-cancelamento-de-cadastro.pdf\">Solicitar o cancelamento de cadastro<\/a><\/p>\n<p><a href=\"https:\/\/jundiai.sp.gov.br\/mobilidade\/wp-content\/uploads\/sites\/19\/2018\/11\/solicitar-cadastro-de-um-condutor-1.pdf\">Solicitar cadastro de um condutor<\/a><\/p>\n","protected":false},"excerpt":{"rendered":"<p>Balc\u00e3o do Empreendedor Manual Como atender informativos Consultar o andamento da solicita\u00e7\u00e3o Fazer uma solicita\u00e7\u00e3o pelo balc\u00e3o Ficha de Requerimento UGMT Solicitar o cancelamento de cadastro Solicitar cadastro de um condutor<\/p>\n","protected":false},"author":37,"featured_media":0,"parent":609,"menu_order":0,"comment_status":"closed","ping_status":"closed","template":"","meta":{"footnotes":""},"class_list":["post-543","page","type-page","status-publish","hentry"],"_links":{"self":[{"href":"https:\/\/jundiai.sp.gov.br\/mobilidade\/wp-json\/wp\/v2\/pages\/543","targetHints":{"allow":["GET"]}}],"collection":[{"href":"https:\/\/jundiai.sp.gov.br\/mobilidade\/wp-json\/wp\/v2\/pages"}],"about":[{"href":"https:\/\/jundiai.sp.gov.br\/mobilidade\/wp-json\/wp\/v2\/types\/page"}],"author":[{"embeddable":true,"href":"https:\/\/jundiai.sp.gov.br\/mobilidade\/wp-json\/wp\/v2\/users\/37"}],"replies":[{"embeddable":true,"href":"https:\/\/jundiai.sp.gov.br\/mobilidade\/wp-json\/wp\/v2\/comments?post=543"}],"version-history":[{"count":8,"href":"https:\/\/jundiai.sp.gov.br\/mobilidade\/wp-json\/wp\/v2\/pages\/543\/revisions"}],"predecessor-version":[{"id":841,"href":"https:\/\/jundiai.sp.gov.br\/mobilidade\/wp-json\/wp\/v2\/pages\/543\/revisions\/841"}],"up":[{"embeddable":true,"href":"https:\/\/jundiai.sp.gov.br\/mobilidade\/wp-json\/wp\/v2\/pages\/609"}],"wp:attachment":[{"href":"https:\/\/jundiai.sp.gov.br\/mobilidade\/wp-json\/wp\/v2\/media?parent=543"}],"curies":[{"name":"wp","href":"https:\/\/api.w.org\/{rel}","templated":true}]}}