{"id":583,"date":"2018-12-12T12:04:10","date_gmt":"2018-12-12T14:04:10","guid":{"rendered":"https:\/\/jundiai.sp.gov.br\/mobilidade\/?page_id=583"},"modified":"2023-05-03T17:02:21","modified_gmt":"2023-05-03T20:02:21","slug":"informacao-do-seu-onibus-pelo-gps","status":"publish","type":"page","link":"https:\/\/jundiai.sp.gov.br\/mobilidade\/informacao-do-seu-onibus-pelo-gps\/","title":{"rendered":"Informa\u00e7\u00e3o do seu \u00f4nibus pelo GPS"},"content":{"rendered":"<p><a href=\"https:\/\/jundiai.sp.gov.br\/comunicacao\/aplicativo-prefeitura-de-jundiai\/\" target=\"_blank\" rel=\"noopener\">Fa\u00e7a o download do Aplicativo<\/a> e tenha a informa\u00e7\u00e3o do seu \u00f4nibus na palma da sua m\u00e3o.<\/p>\n","protected":false},"excerpt":{"rendered":"<p>Fa\u00e7a o download do Aplicativo e tenha a informa\u00e7\u00e3o do seu \u00f4nibus na palma da sua m\u00e3o.<\/p>\n","protected":false},"author":37,"featured_media":0,"parent":0,"menu_order":0,"comment_status":"closed","ping_status":"closed","template":"","meta":{"footnotes":""},"class_list":["post-583","page","type-page","status-publish","hentry"],"_links":{"self":[{"href":"https:\/\/jundiai.sp.gov.br\/mobilidade\/wp-json\/wp\/v2\/pages\/583","targetHints":{"allow":["GET"]}}],"collection":[{"href":"https:\/\/jundiai.sp.gov.br\/mobilidade\/wp-json\/wp\/v2\/pages"}],"about":[{"href":"https:\/\/jundiai.sp.gov.br\/mobilidade\/wp-json\/wp\/v2\/types\/page"}],"author":[{"embeddable":true,"href":"https:\/\/jundiai.sp.gov.br\/mobilidade\/wp-json\/wp\/v2\/users\/37"}],"replies":[{"embeddable":true,"href":"https:\/\/jundiai.sp.gov.br\/mobilidade\/wp-json\/wp\/v2\/comments?post=583"}],"version-history":[{"count":5,"href":"https:\/\/jundiai.sp.gov.br\/mobilidade\/wp-json\/wp\/v2\/pages\/583\/revisions"}],"predecessor-version":[{"id":1094,"href":"https:\/\/jundiai.sp.gov.br\/mobilidade\/wp-json\/wp\/v2\/pages\/583\/revisions\/1094"}],"wp:attachment":[{"href":"https:\/\/jundiai.sp.gov.br\/mobilidade\/wp-json\/wp\/v2\/media?parent=583"}],"curies":[{"name":"wp","href":"https:\/\/api.w.org\/{rel}","templated":true}]}}