{"id":616,"date":"2020-01-28T12:14:23","date_gmt":"2020-01-28T14:14:23","guid":{"rendered":"https:\/\/jundiai.sp.gov.br\/mobilidade\/?page_id=616"},"modified":"2020-01-31T18:13:51","modified_gmt":"2020-01-31T20:13:51","slug":"volta-as-aulas-readequacao-dos-horarios-no-transporte-coletivo","status":"publish","type":"page","link":"https:\/\/jundiai.sp.gov.br\/mobilidade\/volta-as-aulas-readequacao-dos-horarios-no-transporte-coletivo\/","title":{"rendered":"Volta \u00e0s aulas &#8211; Readequa\u00e7\u00e3o dos hor\u00e1rios no transporte coletivo"},"content":{"rendered":"<p><strong>ATEN\u00c7\u00c3O!<\/strong> Devido a volta \u00e0s aulas, ser\u00e1 feita a readequa\u00e7\u00e3o dos hor\u00e1rios no transporte coletivo de segunda a sexta-feira a partir do dia 03\/02\/2020.<\/p>\n<p><strong>Confira as linhas:<\/strong><\/p>\n<p>440 &#8211; <a href=\"https:\/\/jundiai.sp.gov.br\/mobilidade\/wp-content\/uploads\/sites\/19\/2020\/01\/l440-2020-02-03-eds226-internet.pdf\">Novo Horizonte &#8211; E.E. Dom Joaquim Justino Carreira<\/a><\/p>\n<p>446 &#8211; <a href=\"https:\/\/jundiai.sp.gov.br\/mobilidade\/wp-content\/uploads\/sites\/19\/2020\/01\/l446-2020-02-03-eds227-internet.pdf\">Novo Horizonte &#8211; E.E. Jurandyr de Souza Lima<\/a><\/p>\n<p>460 &#8211; <a href=\"https:\/\/jundiai.sp.gov.br\/mobilidade\/wp-content\/uploads\/sites\/19\/2020\/01\/l460-2020-02-03-eds228-internet.pdf\">Bom Jardim &#8211; E.E. Jurandyr de Souza Lima<\/a><\/p>\n<p>504 &#8211; <a href=\"https:\/\/jundiai.sp.gov.br\/mobilidade\/wp-content\/uploads\/sites\/19\/2020\/01\/l504-2020-02-03-eds237-internet.pdf\">Terminal Vila Arens &#8211; Santa Gertrudes<\/a><\/p>\n<p>505 &#8211; <a href=\"https:\/\/jundiai.sp.gov.br\/mobilidade\/wp-content\/uploads\/sites\/19\/2020\/01\/l505-2020-02-03-eds238-internet-3.pdf\">Terminal Vila Arens &#8211; Tijuco Preto<\/a><\/p>\n<p>542 &#8211;\u00a0<a href=\"https:\/\/jundiai.sp.gov.br\/mobilidade\/wp-content\/uploads\/sites\/19\/2020\/01\/l542-2020-02-03-eds231-internet.pdf\">Terminal Eloy Chaves &#8211; Novo Horizonte<\/a><\/p>\n<p>547 &#8211; <a href=\"https:\/\/jundiai.sp.gov.br\/mobilidade\/wp-content\/uploads\/sites\/19\/2020\/01\/l547-2020-02-03-eds241-internet.pdf\">Terminal Eloy Chaves &#8211; Jardim Ermida<\/a><\/p>\n<p>555-\u00a0 <a href=\"https:\/\/jundiai.sp.gov.br\/mobilidade\/wp-content\/uploads\/sites\/19\/2020\/01\/l555-2020-02-03-eds230-internet.pdf\">Terminal Col\u00f4nia &#8211; Roseira<\/a><\/p>\n<p>559 &#8211; <a href=\"https:\/\/jundiai.sp.gov.br\/mobilidade\/wp-content\/uploads\/sites\/19\/2020\/01\/l559-2020-02-03-eds225-internet.pdf\">Terminal Col\u00f4nia &#8211; Jardim Molinari<\/a><\/p>\n<p>563 &#8211; <a href=\"https:\/\/jundiai.sp.gov.br\/mobilidade\/wp-content\/uploads\/sites\/19\/2020\/01\/l563-2020-02-03-eds242-internet.pdf\">Terminal Cecap &#8211; Fernandes<\/a><\/p>\n<p>565 &#8211; <a href=\"https:\/\/jundiai.sp.gov.br\/mobilidade\/wp-content\/uploads\/sites\/19\/2020\/01\/l565-2020-02-03-eds243-internet.pdf\">Terminal Cecap &#8211; Vista Alegre<\/a><\/p>\n<p>572 &#8211; <a href=\"https:\/\/jundiai.sp.gov.br\/mobilidade\/wp-content\/uploads\/sites\/19\/2020\/01\/l572-2020-02-03-eds234-internet.pdf\">Terminal Hortol\u00e2ndia &#8211; Vila Hortol\u00e2ndia<\/a><\/p>\n<p>705 &#8211; <a href=\"https:\/\/jundiai.sp.gov.br\/mobilidade\/wp-content\/uploads\/sites\/19\/2020\/01\/l705-2020-02-03-eds235-internet.pdf\">Terminal Vila Arens &#8211; Jundia\u00ed Mirim<\/a><\/p>\n","protected":false},"excerpt":{"rendered":"<p>ATEN\u00c7\u00c3O! Devido a volta \u00e0s aulas, ser\u00e1 feita a readequa\u00e7\u00e3o dos hor\u00e1rios no transporte coletivo de segunda a sexta-feira a partir do dia 03\/02\/2020. Confira as linhas: 440 &#8211; Novo Horizonte &#8211; E.E. Dom Joaquim Justino Carreira 446 &#8211; Novo Horizonte &#8211; E.E. Jurandyr de Souza Lima 460 &#8211; Bom Jardim &#8211; E.E. Jurandyr de [&hellip;]<\/p>\n","protected":false},"author":37,"featured_media":0,"parent":0,"menu_order":0,"comment_status":"closed","ping_status":"closed","template":"","meta":{"footnotes":""},"class_list":["post-616","page","type-page","status-publish","hentry"],"_links":{"self":[{"href":"https:\/\/jundiai.sp.gov.br\/mobilidade\/wp-json\/wp\/v2\/pages\/616","targetHints":{"allow":["GET"]}}],"collection":[{"href":"https:\/\/jundiai.sp.gov.br\/mobilidade\/wp-json\/wp\/v2\/pages"}],"about":[{"href":"https:\/\/jundiai.sp.gov.br\/mobilidade\/wp-json\/wp\/v2\/types\/page"}],"author":[{"embeddable":true,"href":"https:\/\/jundiai.sp.gov.br\/mobilidade\/wp-json\/wp\/v2\/users\/37"}],"replies":[{"embeddable":true,"href":"https:\/\/jundiai.sp.gov.br\/mobilidade\/wp-json\/wp\/v2\/comments?post=616"}],"version-history":[{"count":6,"href":"https:\/\/jundiai.sp.gov.br\/mobilidade\/wp-json\/wp\/v2\/pages\/616\/revisions"}],"predecessor-version":[{"id":638,"href":"https:\/\/jundiai.sp.gov.br\/mobilidade\/wp-json\/wp\/v2\/pages\/616\/revisions\/638"}],"wp:attachment":[{"href":"https:\/\/jundiai.sp.gov.br\/mobilidade\/wp-json\/wp\/v2\/media?parent=616"}],"curies":[{"name":"wp","href":"https:\/\/api.w.org\/{rel}","templated":true}]}}