{"id":678,"date":"2020-10-08T16:53:54","date_gmt":"2020-10-08T19:53:54","guid":{"rendered":"https:\/\/jundiai.sp.gov.br\/mobilidade\/?page_id=678"},"modified":"2026-01-07T12:32:24","modified_gmt":"2026-01-07T15:32:24","slug":"relatorio-de-impacto-de-transito","status":"publish","type":"page","link":"https:\/\/jundiai.sp.gov.br\/mobilidade\/engenharia-de-mobilidade\/relatorio-de-impacto-de-transito\/","title":{"rendered":"Relat\u00f3rio de Impacto de Tr\u00e2nsito"},"content":{"rendered":"\n<p>Documento que tem o objetivo de oferecer um referencial sobre os poss\u00edveis impactos a serem gerados por empreendimentos, permitindo aos t\u00e9cnicos envolvidos, conhecer, avaliar, quantificar e delimitar seu alcance quando da implanta\u00e7\u00e3o do empreendimento, no sistema vi\u00e1rio, e a partir dessa avalia\u00e7\u00e3o, determinar as medidas mitigadoras dos impactos negativos, necess\u00e1rias para garantir a qualidade da circula\u00e7\u00e3o urbana no local, e\/ou se for o caso, as medidas compensat\u00f3rias e de condi\u00e7\u00e3o de viabilidade de tr\u00e1fego.<\/p>\n\n\n\n<p><strong>&#8211; Medidas mitigadoras:<\/strong> s\u00e3o aquelas que de algum modo tentam prevenir, reduzir ou eliminar os efeitos negativos do empreendimento.<\/p>\n\n\n\n<p><strong>&#8211; Medidas compensat\u00f3rias:<\/strong> utilizadas quando, mesmo com a aplica\u00e7\u00e3o de medidas mitigadoras e compatibilizadoras, os efeitos negativos do empreendimento ou atividade permane\u00e7am.<\/p>\n\n\n\n<p><strong>&#8211; Condi\u00e7\u00e3o de viabilidade de implanta\u00e7\u00e3o de um P\u00f3lo Gerador de Tr\u00e1fego: <\/strong>Entende-se por condi\u00e7\u00e3o de viabilidade, o estudo que mensura os impactos diretos e indiretos de um empreendimento na \u00e1rea de influ\u00eancia de sua implanta\u00e7\u00e3o, objetivando-se no \u00e2mbito da mobilidade urbana a manuten\u00e7\u00e3o da qualidade de vida, conforto e seguran\u00e7a aos usu\u00e1rios<br>do sistema, assim como dos moradores da \u00e1rea diretamente abrangida.<\/p>\n\n\n\n<p><strong>Anexos I<\/strong><\/p>\n\n\n\n<div class=\"wp-block-file\"><a id=\"wp-block-file--media-cdc62609-039d-4b63-824a-555bbcb40766\" href=\"https:\/\/jundiai.sp.gov.br\/mobilidade\/wp-content\/uploads\/sites\/19\/2020\/10\/requerimento.pdf\" target=\"_blank\" rel=\"noreferrer noopener\">Requerimento<\/a><\/div>\n\n\n\n<div class=\"wp-block-file\"><a id=\"wp-block-file--media-48637bcb-35b7-4271-a0df-b9797181f7ff\" href=\"https:\/\/jundiai.sp.gov.br\/mobilidade\/wp-content\/uploads\/sites\/19\/2020\/10\/memorial_descritivo.pdf\" target=\"_blank\" rel=\"noreferrer noopener\">Memorial Descritivo<\/a><\/div>\n\n\n\n<p><strong>Anexos II<\/strong><\/p>\n\n\n\n<p><a href=\"https:\/\/jundiai.sp.gov.br\/mobilidade\/wp-content\/uploads\/sites\/19\/2022\/08\/rit_decreto_2022-31-344_regulamentacao_termo_referencia.pdf\" target=\"_blank\" rel=\"noreferrer noopener\">Decreto n\u00ba 31.344\/2022 &#8211; Par\u00e2metros b\u00e1sicos para a elabora\u00e7\u00e3o do Relat\u00f3rio de Impacto de Tr\u00e2nsito<\/a><\/p>\n","protected":false},"excerpt":{"rendered":"<p>Documento que tem o objetivo de oferecer um referencial sobre os poss\u00edveis impactos a serem gerados por empreendimentos, permitindo aos t\u00e9cnicos envolvidos, conhecer, avaliar, quantificar e delimitar seu alcance quando da implanta\u00e7\u00e3o do empreendimento, no sistema vi\u00e1rio, e a partir dessa avalia\u00e7\u00e3o, determinar as medidas mitigadoras dos impactos negativos, necess\u00e1rias para garantir a qualidade da [&hellip;]<\/p>\n","protected":false},"author":8,"featured_media":0,"parent":817,"menu_order":0,"comment_status":"closed","ping_status":"closed","template":"","meta":{"footnotes":""},"class_list":["post-678","page","type-page","status-publish","hentry"],"_links":{"self":[{"href":"https:\/\/jundiai.sp.gov.br\/mobilidade\/wp-json\/wp\/v2\/pages\/678","targetHints":{"allow":["GET"]}}],"collection":[{"href":"https:\/\/jundiai.sp.gov.br\/mobilidade\/wp-json\/wp\/v2\/pages"}],"about":[{"href":"https:\/\/jundiai.sp.gov.br\/mobilidade\/wp-json\/wp\/v2\/types\/page"}],"author":[{"embeddable":true,"href":"https:\/\/jundiai.sp.gov.br\/mobilidade\/wp-json\/wp\/v2\/users\/8"}],"replies":[{"embeddable":true,"href":"https:\/\/jundiai.sp.gov.br\/mobilidade\/wp-json\/wp\/v2\/comments?post=678"}],"version-history":[{"count":6,"href":"https:\/\/jundiai.sp.gov.br\/mobilidade\/wp-json\/wp\/v2\/pages\/678\/revisions"}],"predecessor-version":[{"id":1287,"href":"https:\/\/jundiai.sp.gov.br\/mobilidade\/wp-json\/wp\/v2\/pages\/678\/revisions\/1287"}],"up":[{"embeddable":true,"href":"https:\/\/jundiai.sp.gov.br\/mobilidade\/wp-json\/wp\/v2\/pages\/817"}],"wp:attachment":[{"href":"https:\/\/jundiai.sp.gov.br\/mobilidade\/wp-json\/wp\/v2\/media?parent=678"}],"curies":[{"name":"wp","href":"https:\/\/api.w.org\/{rel}","templated":true}]}}