{"id":722,"date":"2021-04-13T14:58:29","date_gmt":"2021-04-13T17:58:29","guid":{"rendered":"https:\/\/jundiai.sp.gov.br\/mobilidade\/?page_id=722"},"modified":"2022-12-29T11:21:12","modified_gmt":"2022-12-29T14:21:12","slug":"plano-de-mobilidade-urbana-de-jundiai","status":"publish","type":"page","link":"https:\/\/jundiai.sp.gov.br\/mobilidade\/plano-de-mobilidade-urbana-de-jundiai\/","title":{"rendered":"Plano de Mobilidade Urbana de Jundia\u00ed"},"content":{"rendered":"\n<p><a href=\"https:\/\/jundiai.sp.gov.br\/mobilidade\/wp-content\/uploads\/sites\/19\/2021\/04\/pmuj-audiencia-diagnostico-20210413.pdf\">Apresenta\u00e7\u00e3o do Plano de Mobilidade Urbana de Jundia\u00ed <\/a><br><\/p>\n\n\n\n<p><a href=\"https:\/\/jundiai.sp.gov.br\/mobilidade\/wp-content\/uploads\/sites\/19\/2021\/04\/plano-de-mobilidade-urbana_ap.pdf\">Apresenta\u00e7\u00e3o do Plano de Mobilidade Urbana de Jundia\u00ed &#8211; 1\u00aa Audi\u00eancia P\u00fablica <\/a><br><a href=\"https:\/\/www.youtube.com\/watch?v=DcN6h1oldzI\">V\u00eddeo &#8211; \u00cdntegra da 1\u00aa Audi\u00eancia P\u00fablica&nbsp;<\/a><br><\/p>\n\n\n\n<p><a href=\"https:\/\/jundiai.sp.gov.br\/mobilidade\/wp-content\/uploads\/sites\/19\/2021\/07\/pmuj-propostas-20210727.pdf\">Apresenta\u00e7\u00e3o do Plano de Mobilidade Urbana de Jundia\u00ed \u2013 2\u00aa Audi\u00eancia P\u00fablica<\/a><br><a href=\"https:\/\/www.youtube.com\/watch?v=qw0uVRj37fU\">V\u00eddeo &#8211; \u00cdntegra da 2\u00aa Audi\u00eancia P\u00fablica<\/a><br><\/p>\n\n\n\n<p><a href=\"https:\/\/jundiai.sp.gov.br\/mobilidade\/wp-content\/uploads\/sites\/19\/2022\/12\/lei-municipal-9752-2022-institui-o-plano-de-mobilidade-urbana-de-jundiai.pdf\">Lei Municipal n\u00ba 9.752<\/a> de 26 de abril de 2022 &#8211; Institui o <a href=\"https:\/\/drive.google.com\/file\/d\/1ImNh8Kfg5i2bpUoRRSH6bP-T0ANnTWwR\/view\">Plano de Mobilidade Urbana de Jundia\u00ed<\/a><\/p>\n\n\n\n<p><\/p>\n\n\n\n<p><\/p>\n\n\n\n<p><\/p>\n","protected":false},"excerpt":{"rendered":"<p>Apresenta\u00e7\u00e3o do Plano de Mobilidade Urbana de Jundia\u00ed Apresenta\u00e7\u00e3o do Plano de Mobilidade Urbana de Jundia\u00ed &#8211; 1\u00aa Audi\u00eancia P\u00fablica V\u00eddeo &#8211; \u00cdntegra da 1\u00aa Audi\u00eancia P\u00fablica&nbsp; Apresenta\u00e7\u00e3o do Plano de Mobilidade Urbana de Jundia\u00ed \u2013 2\u00aa Audi\u00eancia P\u00fablicaV\u00eddeo &#8211; \u00cdntegra da 2\u00aa Audi\u00eancia P\u00fablica Lei Municipal n\u00ba 9.752 de 26 de abril de 2022 [&hellip;]<\/p>\n","protected":false},"author":69,"featured_media":0,"parent":0,"menu_order":0,"comment_status":"closed","ping_status":"closed","template":"","meta":{"footnotes":""},"class_list":["post-722","page","type-page","status-publish","hentry"],"_links":{"self":[{"href":"https:\/\/jundiai.sp.gov.br\/mobilidade\/wp-json\/wp\/v2\/pages\/722","targetHints":{"allow":["GET"]}}],"collection":[{"href":"https:\/\/jundiai.sp.gov.br\/mobilidade\/wp-json\/wp\/v2\/pages"}],"about":[{"href":"https:\/\/jundiai.sp.gov.br\/mobilidade\/wp-json\/wp\/v2\/types\/page"}],"author":[{"embeddable":true,"href":"https:\/\/jundiai.sp.gov.br\/mobilidade\/wp-json\/wp\/v2\/users\/69"}],"replies":[{"embeddable":true,"href":"https:\/\/jundiai.sp.gov.br\/mobilidade\/wp-json\/wp\/v2\/comments?post=722"}],"version-history":[{"count":21,"href":"https:\/\/jundiai.sp.gov.br\/mobilidade\/wp-json\/wp\/v2\/pages\/722\/revisions"}],"predecessor-version":[{"id":1022,"href":"https:\/\/jundiai.sp.gov.br\/mobilidade\/wp-json\/wp\/v2\/pages\/722\/revisions\/1022"}],"wp:attachment":[{"href":"https:\/\/jundiai.sp.gov.br\/mobilidade\/wp-json\/wp\/v2\/media?parent=722"}],"curies":[{"name":"wp","href":"https:\/\/api.w.org\/{rel}","templated":true}]}}