{"id":735,"date":"2021-04-30T09:45:26","date_gmt":"2021-04-30T12:45:26","guid":{"rendered":"https:\/\/jundiai.sp.gov.br\/mobilidade\/?page_id=735"},"modified":"2022-05-03T14:07:35","modified_gmt":"2022-05-03T17:07:35","slug":"maio-amarelo","status":"publish","type":"page","link":"https:\/\/jundiai.sp.gov.br\/mobilidade\/maio-amarelo\/","title":{"rendered":"Maio Amarelo"},"content":{"rendered":"\n<p>A Prefeitura de Jundia\u00ed, por meio da Unidade de Gest\u00e3o de Mobilidade e Transporte, traz uma programa\u00e7\u00e3o dedicada ao Movimento Maio Amarelo, com a inten\u00e7\u00e3o de ampliar a conscientiza\u00e7\u00e3o do motorista e a discuss\u00e3o sobre o assunto. <\/p>\n\n\n\n<figure class=\"wp-block-embed is-type-video is-provider-youtube wp-block-embed-youtube wp-embed-aspect-16-9 wp-has-aspect-ratio\"><div class=\"wp-block-embed__wrapper\">\n<iframe loading=\"lazy\" title=\"Maio Amarelo 2022\" width=\"500\" height=\"281\" src=\"https:\/\/www.youtube.com\/embed\/EKmEZonppLQ?feature=oembed\" frameborder=\"0\" allow=\"accelerometer; autoplay; clipboard-write; encrypted-media; gyroscope; picture-in-picture; web-share\" referrerpolicy=\"strict-origin-when-cross-origin\" allowfullscreen><\/iframe>\n<\/div><\/figure>\n\n\n\n<p><strong>Segue abaixo o material da campanha dispon\u00edvel para download: <\/strong><\/p>\n\n\n\n<p><a href=\"https:\/\/youtu.be\/EKmEZonppLQ\">Download do v\u00eddeo<\/a><\/p>\n\n\n\n<p><a href=\"https:\/\/jundiai.sp.gov.br\/mobilidade\/posts-para-publicacao-maio-amarelo\/\"> Posts publicados <\/a><\/p>\n\n\n\n<p><strong>Confira a programa\u00e7\u00e3o:<\/strong> <\/p>\n\n\n\n<ul class=\"wp-block-list\"><li><strong>Data: 02\/05&nbsp;<\/strong><br>A\u00e7\u00e3o: Lan\u00e7amento Movimento Maio Amarelo 2022<br>Local: Pa\u00e7o Municipal<br>Hor\u00e1rio: 9h<br><br>A\u00e7\u00e3o: Palestra com alunos da EMEB Fl\u00e1vio D&#8217;angieri<br>Local: Mundo das Crian\u00e7as<br>Hor\u00e1rio: 10h<\/li><\/ul>\n\n\n\n<ul class=\"wp-block-list\"><li><strong>Data: 04\/05<\/strong>&nbsp;<br>A\u00e7\u00e3o: Palestra para Funcion\u00e1rios&nbsp;<br>Local: Empresa Atmosfera<br>Hor\u00e1rio: 8h<\/li><\/ul>\n\n\n\n<ul class=\"wp-block-list\"><li><strong>Data: 05\/05&nbsp;<\/strong><br>A\u00e7\u00e3o: Palestra para Motociclista e Motoristas da PMJ<br>Local: Pa\u00e7o Municipal<br>Hor\u00e1rio: 8h e 15h<\/li><\/ul>\n\n\n\n<ul class=\"wp-block-list\"><li><strong>Data: 07\/05&nbsp;<\/strong><br>A\u00e7\u00e3o: A\u00e7\u00e3o Maio Amarelo<br>Local: Maxi Shopping<br>Hor\u00e1rio: das 13h \u00e0s 17h<br><br>A\u00e7\u00e3o: Opera\u00e7\u00e3o Maio Amarelo<br>Local: \u00c1rea 11\u00ba BPMI<br>Hor\u00e1rio: 19h<\/li><\/ul>\n\n\n\n<ul class=\"wp-block-list\"><li><strong>Data: 08\/05<\/strong>&nbsp;<br>A\u00e7\u00e3o: A\u00e7\u00e3o Maio Amarelo<br>Local: Maxi Shopping<br>Hor\u00e1rio: das 13h \u00e0s 17h<\/li><\/ul>\n\n\n\n<ul class=\"wp-block-list\"><li><strong>Data: 09\/05<\/strong>&nbsp;<br>A\u00e7\u00e3o: Palestra com alunos&nbsp;<br>Local: EMEB Luzia Fca. Souza Martins<br>Hor\u00e1rio: \u00e0s 8h e \u00e0s 14h<\/li><\/ul>\n\n\n\n<ul class=\"wp-block-list\"><li><strong>Data: 11\/05<\/strong>&nbsp;<br>A\u00e7\u00e3o: Opera\u00e7\u00e3o Maio Amarelo em conjunto com CCR e PMR<br>Local: Travessia da Rod Dom Gabriel <br>Hor\u00e1rio: \u00e0s 8h e \u00e0s 14h<\/li><\/ul>\n\n\n\n<ul class=\"wp-block-list\"><li><strong>Data: 12\/05<\/strong><br>A\u00e7\u00e3o: Palestra em empresa<br>Local: AAK do Brasil<br>Hor\u00e1rio: \u00e0s 9h e \u00e0s 14h<br><br>A\u00e7\u00e3o: Palestra em empresa<br>Local: Thera Park<br>Hor\u00e1rio: \u00e0s 9h<br><br>A\u00e7\u00e3o: Opera\u00e7\u00e3o Maio Amarelo em conjunto com Ab Colinas e PMR<br>Local:&nbsp;\u00e0 definir <br>Hor\u00e1rio: \u00e0s 16h<\/li><\/ul>\n\n\n\n<ul class=\"wp-block-list\"><li><strong>Data: 13\/05<\/strong>&nbsp;<br>A\u00e7\u00e3o: Palestra em empresa<br>Local: Transcataratas<br>Hor\u00e1rio: \u00e0s 10h30<\/li><\/ul>\n\n\n\n<ul class=\"wp-block-list\"><li><strong>Data: 14\/05<\/strong>&nbsp;<br>A\u00e7\u00e3o: A\u00e7\u00e3o Maio Amarelo<br>Local: Jundia\u00ed Shopping<br>Hor\u00e1rio: das 13h \u00e0s 17h<br><br>A\u00e7\u00e3o: Opera\u00e7\u00e3o Maio Amarelo<br>Local:&nbsp;\u00e0 definir <br>Hor\u00e1rio: \u00e0s 19h<\/li><\/ul>\n\n\n\n<ul class=\"wp-block-list\"><li><strong>Data: 15\/05<\/strong>&nbsp;<br>A\u00e7\u00e3o: A\u00e7\u00e3o Maio Amarelo<br>Local: Jundia\u00ed Shopping<br>Hor\u00e1rio: das 13h \u00e0s 17h<\/li><\/ul>\n\n\n\n<ul class=\"wp-block-list\"><li><strong>Data: 16\/05<\/strong>&nbsp;<br>A\u00e7\u00e3o: Palestra com alunos&nbsp;<br>Local: EMEB Fl\u00e1vio Dangieri<br>Hor\u00e1rio: \u00e0s 8h e \u00e0s 15h<\/li><\/ul>\n\n\n\n<ul class=\"wp-block-list\"><li><strong>Data: 17\/05<\/strong>&nbsp;<br>A\u00e7\u00e3o: Palestra em empresa<br>Local: Bulk Log<br>Hor\u00e1rio: \u00e0s 15h<\/li><\/ul>\n\n\n\n<ul class=\"wp-block-list\"><li><strong>Data: 18\/05<\/strong><br>A\u00e7\u00e3o: Palestra em empresa<br>Local: Eco Ambiental<br>Hor\u00e1rio: \u00e0s 9h<br><br>A\u00e7\u00e3o: Opera\u00e7\u00e3o Maio Amarelo em conjunto com Ab Colinas e PMR<br>Local:&nbsp;\u00e0 definir <br>Hor\u00e1rio: das 7h \u00e0s 9h<\/li><\/ul>\n\n\n\n<ul class=\"wp-block-list\"><li><strong>Data: 19\/05<\/strong>&nbsp;<br>A\u00e7\u00e3o: Palestra com alunos&nbsp;<br>Local: EMEB Marina Almeida Rinaldi<br>Hor\u00e1rio: \u00e0s 8h<br><br>A\u00e7\u00e3o: Opera\u00e7\u00e3o Maio Amarelo em conjunto com CRB e PMR<br>Local:&nbsp;\u00e0 definir <br>Hor\u00e1rio: das 8h \u00e0s 10h<\/li><\/ul>\n\n\n\n<ul class=\"wp-block-list\"><li><strong>Data: 20\/05<\/strong><br>A\u00e7\u00e3o: Palestra em empresa<br>Local: Thera Park<br>Hor\u00e1rio: das 7h \u00e0s 9h<\/li><\/ul>\n\n\n\n<ul class=\"wp-block-list\"><li><strong>Data: 21\/05<\/strong>&nbsp;<br>A\u00e7\u00e3o: A\u00e7\u00e3o Maio Amarelo<br>Local: Maxi Shopping<br>Hor\u00e1rio: das 13h \u00e0s 17h<br><br>A\u00e7\u00e3o: Opera\u00e7\u00e3o Maio Amarelo<br>Local:&nbsp;\u00e0 definir <br>Hor\u00e1rio: \u00e0s 19h<\/li><\/ul>\n\n\n\n<ul class=\"wp-block-list\"><li><strong>Data: 22\/05<\/strong>&nbsp;<br>A\u00e7\u00e3o: A\u00e7\u00e3o Maio Amarelo<br>Local: Maxi Shopping<br>Hor\u00e1rio: das 13h \u00e0s 17h<\/li><\/ul>\n\n\n\n<ul class=\"wp-block-list\"><li><strong>Data: 23\/05<\/strong>&nbsp;<br>A\u00e7\u00e3o: Palestra com alunos&nbsp;<br>Local: EMEB Carlos Foot Guimar\u00e3es<br>Hor\u00e1rio: \u00e0s 8h e \u00e0s 14h<\/li><\/ul>\n\n\n\n<ul class=\"wp-block-list\"><li><strong>Data: 24\/05<\/strong><br>A\u00e7\u00e3o: Palestra em empresa<br>Local: DAE<br>Hor\u00e1rio: \u00e0s 8h e \u00e0s 14h30<\/li><\/ul>\n\n\n\n<ul class=\"wp-block-list\"><li><strong>Data: 25\/05<\/strong><br>A\u00e7\u00e3o: Palestra em empresa<br>Local: Sol\u00edstica<br>Hor\u00e1rio: \u00e0s 9h<br><br>A\u00e7\u00e3o: Opera\u00e7\u00e3o Maio Amarelo em conjunto com CRB e PMR<br>Local:&nbsp;\u00e0 definir <br>Hor\u00e1rio: das 8h \u00e0s 10h<\/li><\/ul>\n\n\n\n<ul class=\"wp-block-list\"><li><strong>Data: 26\/05<\/strong><br>A\u00e7\u00e3o: Palestra em empresa<br>Local: Demarchi<br>Hor\u00e1rio: \u00e0s 9h e \u00e0s 10h<br><br>A\u00e7\u00e3o: Opera\u00e7\u00e3o Maio Amarelo em conjunto com Ab Colinas e PMR<br>Local:&nbsp;\u00e0 definir <br>Hor\u00e1rio: \u00e0s 16h<\/li><\/ul>\n\n\n\n<ul class=\"wp-block-list\"><li><strong>Data: 27\/05<\/strong><br>A\u00e7\u00e3o: Palestra em empresa<br>Local: Atmosfera<br>Hor\u00e1rio: \u00e0s 6h<\/li><\/ul>\n\n\n\n<ul class=\"wp-block-list\"><li><strong>Data: 28\/05<\/strong>&nbsp;<br>A\u00e7\u00e3o: A\u00e7\u00e3o Maio Amarelo<br>Local: Jundia\u00ed Shopping<br>Hor\u00e1rio: das 13h \u00e0s 17h<br><br>A\u00e7\u00e3o: Opera\u00e7\u00e3o Maio Amarelo<br>Local:&nbsp;\u00e0 definir <br>Hor\u00e1rio: \u00e0s 19h<\/li><\/ul>\n\n\n\n<ul class=\"wp-block-list\"><li><strong>Data: 29\/05<\/strong>&nbsp;<br>A\u00e7\u00e3o: A\u00e7\u00e3o Maio Amarelo<br>Local: Jundia\u00ed Shopping<br>Hor\u00e1rio: das 13h \u00e0s 17h<\/li><\/ul>\n\n\n\n<ul class=\"wp-block-list\"><li><strong>Data: 30\/05<\/strong>&nbsp;<br>A\u00e7\u00e3o: Palestra com alunos&nbsp;<br>Local: EMEB Anna Rita Alves<br>Hor\u00e1rio: \u00e0s 8h e \u00e0s 13h30<\/li><\/ul>\n\n\n\n<ul class=\"wp-block-list\"><li><strong>Data: 31\/05<\/strong>&nbsp;<br>A\u00e7\u00e3o: Opera\u00e7\u00e3o Maio Amarelo em conjunto com DER e PMR<br>Local:&nbsp;\u00e0 definir <br>Hor\u00e1rio: \u00e0s 16h <\/li><\/ul>\n\n\n\n<p><\/p>\n\n\n\n<p><\/p>\n","protected":false},"excerpt":{"rendered":"<p>A Prefeitura de Jundia\u00ed, por meio da Unidade de Gest\u00e3o de Mobilidade e Transporte, traz uma programa\u00e7\u00e3o dedicada ao Movimento Maio Amarelo, com a inten\u00e7\u00e3o de ampliar a conscientiza\u00e7\u00e3o do motorista e a discuss\u00e3o sobre o assunto. Segue abaixo o material da campanha dispon\u00edvel para download: Download do v\u00eddeo Posts publicados Confira a programa\u00e7\u00e3o: Data: [&hellip;]<\/p>\n","protected":false},"author":69,"featured_media":0,"parent":0,"menu_order":0,"comment_status":"closed","ping_status":"closed","template":"","meta":{"footnotes":""},"class_list":["post-735","page","type-page","status-publish","hentry"],"_links":{"self":[{"href":"https:\/\/jundiai.sp.gov.br\/mobilidade\/wp-json\/wp\/v2\/pages\/735","targetHints":{"allow":["GET"]}}],"collection":[{"href":"https:\/\/jundiai.sp.gov.br\/mobilidade\/wp-json\/wp\/v2\/pages"}],"about":[{"href":"https:\/\/jundiai.sp.gov.br\/mobilidade\/wp-json\/wp\/v2\/types\/page"}],"author":[{"embeddable":true,"href":"https:\/\/jundiai.sp.gov.br\/mobilidade\/wp-json\/wp\/v2\/users\/69"}],"replies":[{"embeddable":true,"href":"https:\/\/jundiai.sp.gov.br\/mobilidade\/wp-json\/wp\/v2\/comments?post=735"}],"version-history":[{"count":19,"href":"https:\/\/jundiai.sp.gov.br\/mobilidade\/wp-json\/wp\/v2\/pages\/735\/revisions"}],"predecessor-version":[{"id":982,"href":"https:\/\/jundiai.sp.gov.br\/mobilidade\/wp-json\/wp\/v2\/pages\/735\/revisions\/982"}],"wp:attachment":[{"href":"https:\/\/jundiai.sp.gov.br\/mobilidade\/wp-json\/wp\/v2\/media?parent=735"}],"curies":[{"name":"wp","href":"https:\/\/api.w.org\/{rel}","templated":true}]}}