{"id":806,"date":"2021-07-12T15:06:29","date_gmt":"2021-07-12T18:06:29","guid":{"rendered":"https:\/\/jundiai.sp.gov.br\/mobilidade\/?page_id=806"},"modified":"2026-04-16T10:54:07","modified_gmt":"2026-04-16T13:54:07","slug":"contatos","status":"publish","type":"page","link":"https:\/\/jundiai.sp.gov.br\/mobilidade\/contatos\/","title":{"rendered":"Contatos"},"content":{"rendered":"\n<p><strong>Gabinete do Secret\u00e1rio de Mobilidade e Transporte<\/strong><br>Pa\u00e7o Municipal \u2013 2\u00ba andar \u2013 Ala Sul<br>Telefone: (11) 4589-8764<br>E-mail:&nbsp;<a href=\"mailto:setransp@jundiai.sp.gov.br\">setransp@jundiai.sp.gov.br<\/a><\/p>\n\n\n\n<p><strong>Departamento de Planejamento, Gest\u00e3o e Finan\u00e7as<\/strong><br>Pa\u00e7o Municipal \u2013 2\u00ba andar \u2013 Ala Sul<br>Telefone: (11) 4589-8709<\/p>\n\n\n\n<p><strong>Se\u00e7\u00e3o de Atendimento \u2013 DPGF \/ Divis\u00e3o Apoio Administrativo:<\/strong><br>Pa\u00e7o Municipal \u2013 2\u00ba andar \u2013 Ala Sul<br>Telefone: (11) 4589-8710<\/p>\n\n\n\n<p><strong>Departamento de Engenharia de Mobilidade<\/strong><br>Pa\u00e7o Municipal \u2013 2\u00ba andar \u2013 Ala Sul<br>Telefone: (11) 4589-8773 \u2013 4589-8790<\/p>\n\n\n\n<p><strong>Departamento de Tr\u00e2nsito<\/strong><br>Pa\u00e7o Municipal \u2013 2\u00ba andar \u2013 Ala Sul<br>Telefone: (11) 4589-4993\/4589-6999<\/p>\n\n\n\n<p><strong>DT \/ Divis\u00e3o de Educa\u00e7\u00e3o de Tr\u00e2nsito e Mobilidade<\/strong><br>Pa\u00e7o Municipal \u2013 2\u00ba andar \u2013 Ala Sul<br>Telefone: (11) 4589-8775<\/p>\n\n\n\n<p><strong>JARI &#8211; Junta Administrativa de Recursos e Infra\u00e7\u00f5es<\/strong><br>Avenida Uni\u00e3o dos Ferrovi\u00e1rios, 1600, Vila Ponte de Campinas<br>Telefone: (11) 4589-6973\/6976<\/p>\n\n\n\n<p><strong>DT \/ Se\u00e7\u00e3o de An\u00e1lise de Obras e Eventos<\/strong><br>Avenida Uni\u00e3o dos Ferrovi\u00e1rios, 1600, Vila Ponte de Campinas<br>Telefone: (11) 4589-6982<\/p>\n\n\n\n<p><strong>DT \/ Se\u00e7\u00e3o do Centro de Controle Operacional<\/strong><br>Avenida Uni\u00e3o dos Ferrovi\u00e1rios, 1600, Vila Ponte de Campinas<br>Telefone: (11) 4589-2594<\/p>\n\n\n\n<p><strong>DT \/ Divis\u00e3o de Sinaliza\u00e7\u00e3o Semaf\u00f3rica<\/strong><br>Avenida Uni\u00e3o dos Ferrovi\u00e1rios, 1600, Vila Ponte de Campinas<br>Telefone: (11) 4589-6975\/4589-6980<\/p>\n\n\n\n<p><strong>Departamento de Transporte P\u00fablico<\/strong><br>Pa\u00e7o Municipal \u2013 2\u00ba andar \u2013 Ala Sul<br>Telefone: (11) 4589-8763<br>E-mail:&nbsp;<a href=\"mailto:dtp@jundiai.sp.gov.br\">dtp@jundiai.sp.gov.br<\/a><\/p>\n\n\n\n<p><strong>DTP \/ Divis\u00e3o de Planejamento do Servi\u00e7o de Transporte<\/strong><br>Rodovia Vereador Geraldo Dias, 2901, Cecap<br>Telefone: (11) 4589-8759<\/p>\n\n\n\n<p><strong>DTP \/ Terminal Cecap<\/strong><br>Rodovia Vereador Geraldo Dias, 2901, Cecap <br>Telefone: (11) 4589-9459<\/p>\n\n\n\n<p><strong>DTP \/ Terminal Centra<\/strong>l<br>Rua Baronesa do Japi, s\/n\u00ba, Centro<br>Telefone: (11) 4589-9476<\/p>\n\n\n\n<p><strong>DTP \/ Terminal Col\u00f4nia<\/strong><br>Avenida dos Imigrantes Italianos, 2400, Col\u00f4nia<br>Telefone: (11) 4589-9474<\/p>\n\n\n\n<p><strong>DTP \/ Terminal Eloy Chaves<\/strong><br>Avenida Jos\u00e9 Lu\u00eds Sereno, 201, Eloy Chaves<br>Telefone: (11) 4589-9458<\/p>\n\n\n\n<p><strong>DTP \/ Terminal Hortol\u00e2ndia<\/strong><br>Rodovia Vereador Geraldo Dias, 1001, Vila Hortol\u00e2ndia<br>Telefone: (11) 4589-9475<\/p>\n\n\n\n<p><strong>DTP \/ Terminal Rami<\/strong><br>Avenida S\u00e3o Francisco de Sales, 290, Vila Rami<br>Telefone: (11)4589-9457<\/p>\n\n\n\n<p><strong>DTP \/ Terminal Vila Arens<\/strong><br>Avenida Uni\u00e3o dos Ferrovi\u00e1rios, 333, Vila Arens<br>Telefone: (11) 4589-9445<\/p>\n\n\n\n<p><strong>Transurb<\/strong><br>Rua Coronel Leme da Fonseca, s\/n\u00ba, Centro (adjacente ao Terminal central)<br>Telefone: (11)&nbsp;4521-0404<\/p>\n\n\n\n<p><strong>Terminal Rodovi\u00e1rio Jos\u00e9 Alves (Rodovi\u00e1ria Municipal)<\/strong><br>Avenida Nove de Julho, 4000, Jardim Paulista<br>Telefone: (11) <strong>&nbsp;<\/strong>4523-4242<\/p>\n","protected":false},"excerpt":{"rendered":"<p>Gabinete do Secret\u00e1rio de Mobilidade e TransportePa\u00e7o Municipal \u2013 2\u00ba andar \u2013 Ala SulTelefone: (11) 4589-8764E-mail:&nbsp;setransp@jundiai.sp.gov.br Departamento de Planejamento, Gest\u00e3o e Finan\u00e7asPa\u00e7o Municipal \u2013 2\u00ba andar \u2013 Ala SulTelefone: (11) 4589-8709 Se\u00e7\u00e3o de Atendimento \u2013 DPGF \/ Divis\u00e3o Apoio Administrativo:Pa\u00e7o Municipal \u2013 2\u00ba andar \u2013 Ala SulTelefone: (11) 4589-8710 Departamento de Engenharia de MobilidadePa\u00e7o Municipal [&hellip;]<\/p>\n","protected":false},"author":8,"featured_media":0,"parent":0,"menu_order":0,"comment_status":"closed","ping_status":"closed","template":"","meta":{"footnotes":""},"class_list":["post-806","page","type-page","status-publish","hentry"],"_links":{"self":[{"href":"https:\/\/jundiai.sp.gov.br\/mobilidade\/wp-json\/wp\/v2\/pages\/806","targetHints":{"allow":["GET"]}}],"collection":[{"href":"https:\/\/jundiai.sp.gov.br\/mobilidade\/wp-json\/wp\/v2\/pages"}],"about":[{"href":"https:\/\/jundiai.sp.gov.br\/mobilidade\/wp-json\/wp\/v2\/types\/page"}],"author":[{"embeddable":true,"href":"https:\/\/jundiai.sp.gov.br\/mobilidade\/wp-json\/wp\/v2\/users\/8"}],"replies":[{"embeddable":true,"href":"https:\/\/jundiai.sp.gov.br\/mobilidade\/wp-json\/wp\/v2\/comments?post=806"}],"version-history":[{"count":14,"href":"https:\/\/jundiai.sp.gov.br\/mobilidade\/wp-json\/wp\/v2\/pages\/806\/revisions"}],"predecessor-version":[{"id":1341,"href":"https:\/\/jundiai.sp.gov.br\/mobilidade\/wp-json\/wp\/v2\/pages\/806\/revisions\/1341"}],"wp:attachment":[{"href":"https:\/\/jundiai.sp.gov.br\/mobilidade\/wp-json\/wp\/v2\/media?parent=806"}],"curies":[{"name":"wp","href":"https:\/\/api.w.org\/{rel}","templated":true}]}}