{"id":10,"date":"2023-11-27T10:51:47","date_gmt":"2023-11-27T13:51:47","guid":{"rendered":"https:\/\/jundiai.sp.gov.br\/circuitonatalluz\/?page_id=10"},"modified":"2025-12-18T12:09:14","modified_gmt":"2025-12-18T15:09:14","slug":"programacao-completa","status":"publish","type":"page","link":"https:\/\/jundiai.sp.gov.br\/natalluz\/programacao-completa\/","title":{"rendered":"Programa\u00e7\u00e3o Completa do Natal Luz 2025"},"content":{"rendered":"\n<div class=\"wp-block-group is-vertical is-layout-flex wp-container-core-group-is-layout-8cf370e7 wp-block-group-is-layout-flex\">\n<h3 class=\"wp-block-heading\"><strong>Casa do Papai Noel<\/strong><\/h3>\n\n\n\n<ul class=\"wp-block-list\">\n<li><strong>Per\u00edodo:<\/strong> De 1 a 23\/12<\/li>\n\n\n\n<li><strong>Hor\u00e1rios (Segunda a Sexta-feira):<\/strong> Das 14h30 \u00e0s 17h | 18h \u00e0s 21h30<\/li>\n\n\n\n<li><strong>Hor\u00e1rios (S\u00e1bados e Domingos):<\/strong> Das 10h \u00e0s 13h30 | 14h30 \u00e0s 16h<\/li>\n<\/ul>\n\n\n\n<h3 class=\"wp-block-heading\"><strong>Proje\u00e7\u00e3o Mapeada na Fachada da Catedral<\/strong><\/h3>\n\n\n\n<ul class=\"wp-block-list\">\n<li><strong>Per\u00edodo:<\/strong> De 1 a 23\/12<\/li>\n\n\n\n<li><strong>Hor\u00e1rios:<\/strong> \u00c0s 19h20, 20h10 e 21h<\/li>\n\n\n\n<li><strong>Dias:<\/strong> Segunda a sexta-feira<\/li>\n<\/ul>\n<\/div>\n\n\n\n<h3 class=\"wp-block-heading\"><strong>01\/12 &#8211; Abertura do Natal Luz <\/strong><\/h3>\n\n\n\n<ul class=\"wp-block-list\">\n<li><strong>18h30:<\/strong>&nbsp;Cerim\u00f4nia de Abertura <\/li>\n\n\n\n<li><strong>19h20 \u00e0s 19h26:<\/strong>&nbsp;Proje\u00e7\u00e3o na Igreja&nbsp;<\/li>\n\n\n\n<li><strong>19h30-20h05:<\/strong>&nbsp;Associa\u00e7\u00e3o Comercial &#8211; Musical de Natal&nbsp;| Coral Municipal <\/li>\n\n\n\n<li><strong>20h10 \u00e0s 20h16:<\/strong>&nbsp;Proje\u00e7\u00e3o na Igreja&nbsp;<\/li>\n\n\n\n<li><strong>20h15 \u00e0s 21h00:<\/strong>&nbsp;Corais nas Janelas&nbsp;do Museu<\/li>\n\n\n\n<li><strong>21h00 \u00e0s 21h06:<\/strong>&nbsp;Proje\u00e7\u00e3o na Igreja&nbsp;<\/li>\n<\/ul>\n\n\n\n<hr class=\"wp-block-separator has-alpha-channel-opacity\" \/>\n\n\n\n<h3 class=\"wp-block-heading\">Corais na Janela do Solar do Bar\u00e3o &#8211; R. Bar\u00e3o de Jundia\u00ed, 762 &#8211; Centro<\/h3>\n\n\n\n<p><strong>01\/12 (Seg.)<\/strong><\/p>\n\n\n\n<ul class=\"wp-block-list\">\n<li>Coral Municipal de Jundia\u00ed (CMJ) \u2013 19h30<\/li>\n\n\n\n<li>Coral Infantojuvenil Cidade das Crian\u00e7as \u2013 19h30<\/li>\n<\/ul>\n\n\n\n<p><strong>02\/12 (Ter.)<\/strong><\/p>\n\n\n\n<ul class=\"wp-block-list\">\n<li>Coral de A Igreja de Jesus Cristo \u2013 Estaca Pq. Represa \u2013 Confirmado<\/li>\n\n\n\n<li>Coral Casa de Deus \u2013 Confirmado<\/li>\n<\/ul>\n\n\n\n<p><strong>03\/12 (Qua.)<\/strong><\/p>\n\n\n\n<ul class=\"wp-block-list\">\n<li>Coral Angeliquinhos \u2013 Confirmado<\/li>\n\n\n\n<li>Coral AME \u2013 Confirmado<\/li>\n<\/ul>\n\n\n\n<p><strong>04\/12 (Qui.)<\/strong><\/p>\n\n\n\n<ul class=\"wp-block-list\">\n<li>Coral Canarinhos da Terra \u2013 N\u00facleo Jundia\u00ed \u2013 Confirmado<\/li>\n\n\n\n<li>Oficina Coral Municipal de Jundia\u00ed \u2013 Confirmado<\/li>\n\n\n\n<li>Coral Enok \u2013 Confirmado<\/li>\n<\/ul>\n\n\n\n<p><strong>05\/12 (Sex.)<\/strong><\/p>\n\n\n\n<ul class=\"wp-block-list\">\n<li>Coral CS Itupeva \u2013 Confirmado<\/li>\n\n\n\n<li>Coral Adulto e Infantojuvenil C\u00e9u das Artes \u2013 Vista Alegre (Jundia\u00ed\/SP) \u2013 Confirmado<\/li>\n<\/ul>\n\n\n\n<hr class=\"wp-block-separator has-alpha-channel-opacity\" \/>\n\n\n\n<h3 class=\"wp-block-heading\">Programa\u00e7\u00e3o Shows &#8211; Centro da Cidade (19h30 \u00e0s 21h30)<\/h3>\n\n\n\n<ul class=\"wp-block-list\">\n<li><strong>08\/12 (Seg.):<\/strong> Renata Cruz &#8211; Sertanejo <\/li>\n\n\n\n<li><strong>09\/12 (Ter.):<\/strong> Helena Martins Rock Band &#8211; Pop Rock <\/li>\n\n\n\n<li><strong>10\/12 (Qua.):<\/strong> Velharama &#8211; Pop Rock Nacional <\/li>\n\n\n\n<li><strong>11\/12 (Qui.):<\/strong> Trio Pitomba &#8211; Forr\u00f3 <\/li>\n\n\n\n<li><strong>12\/12 (Sex.):<\/strong> Funk&#8217;s Natra &#8211; Soul e Black Music <\/li>\n\n\n\n<li><strong>15\/12 (Seg.):<\/strong> Z\u00e9 Pallermo &#8211; Country <\/li>\n\n\n\n<li><strong>16\/12 (Ter.):<\/strong> Hellcat&#8217;s &#8211; Pop Rock <\/li>\n\n\n\n<li><strong>17\/12 (Qua.):<\/strong> Elder Lopes Quarteto &#8211; Pop Rock Nacional <\/li>\n\n\n\n<li><strong>18\/12 (Qui.):<\/strong> Batuque Raiz &#8211; Samba <\/li>\n\n\n\n<li><strong>19\/12 (Sex.):<\/strong> Banda Lan\u00e7a Perfume &#8211; Pop <\/li>\n\n\n\n<li><strong>23\/12 (Ter):<\/strong> Musical de Natal (Associa\u00e7\u00e3o Comercial) &#8211; 19h30-20h05 <\/li>\n<\/ul>\n\n\n\n<hr class=\"wp-block-separator has-alpha-channel-opacity\" \/>\n\n\n\n<h3 class=\"wp-block-heading\">Programa\u00e7\u00e3o Cortejos &#8211; Pelo Centro <\/h3>\n\n\n\n<ul class=\"wp-block-list\">\n<li><strong>05\/12 (sex)<\/strong> &#8211; 19h30 &#8211; 20h00 &#8211; Trupe Pling de Circo (Associa\u00e7\u00e3o Comercial)<\/li>\n\n\n\n<li><strong>08\/12 (seg.) <\/strong>\u2013 18h \u00e0s 20h \u2013 Rick e Kelly \u2013 Banda dos Palha\u00e7os Rick e Kelly<\/li>\n\n\n\n<li><strong>08\/12 (seg.) <\/strong>\u2013 20h \u00e0s 22h \u2013 Cia Gatos Gordos \u2013 Sua Sorte nas Cartas<\/li>\n\n\n\n<li><strong>09\/12 (ter.)<\/strong> \u2013 18h \u00e0s 20h \u2013 N\u00facleo H\u00edbrido de Pesquisa C\u00eanica \u2013 Um Minuto de Poesia<\/li>\n\n\n\n<li><strong>09\/12 (ter.) <\/strong>\u2013 20h \u00e0s 22h \u2013 Trupe Fans \u2013 Correio Elegante<\/li>\n\n\n\n<li><strong>10\/12 (qua.)<\/strong> \u2013 18h \u00e0s 20h \u2013 Trupe Pling de Circo \u2013 Cortejo de Natal<\/li>\n\n\n\n<li><strong>10\/12 (qua.) <\/strong>\u2013 20h \u00e0s 22h \u2013 Cia Um do Outro \u2013 Os Fantasmas do Natal<\/li>\n\n\n\n<li><strong>11\/12 (qui.) <\/strong>\u2013 18h \u00e0s 20h \u2013 Vict\u00f3ria Pequeno \u2013 Opera\u00e7\u00e3o Risada Embalada<\/li>\n\n\n\n<li><strong>11\/12 (qui.) <\/strong>\u2013 20h \u00e0s 22h \u2013 CIA Inspirarte \u2013 Contos de Natal<\/li>\n\n\n\n<li><strong>12\/12 (sex.)<\/strong> \u2013 18h \u00e0s 20h \u2013 CIA Alya \u2013 A Magia do Natal Ganha Vida!<\/li>\n\n\n\n<li><strong>12\/12 (sex.)<\/strong> \u2013 20h \u00e0s 22h \u2013 Paula Miurim \u2013 Bate o Sino<\/li>\n\n\n\n<li><strong>13\/12 (sab.)<\/strong> &#8211; 11h00 &#8211; 11h30 &#8211; Trupe Pling de Circo (Associa\u00e7\u00e3o Comercial)<\/li>\n\n\n\n<li><strong>13\/12 (sab.)<\/strong> &#8211; 19h00 \u00e0s 20h30 &#8211; Parada de Natal<\/li>\n\n\n\n<li><strong>15\/12 (seg.)<\/strong> \u2013 18h \u00e0s 20h \u2013 Rafael Ambrosin \u2013 Improvisamba<\/li>\n\n\n\n<li><strong>15\/12 (seg.)<\/strong> \u2013 20h \u00e0s 22h \u2013 Raquel Medeia \u2013 A Bandinha da Cotonete Maria<\/li>\n\n\n\n<li><strong>16\/12 (ter.) <\/strong>\u2013 18h \u00e0s 20h \u2013 Fabiana Chinaque \u2013 Natal Tropical, o Cortejo<\/li>\n\n\n\n<li><strong>16\/12 (ter.) <\/strong>\u2013 20h \u00e0s 22h \u2013 Claquete Cia Teatral \u2013 Cortejo das Princesas<\/li>\n\n\n\n<li><strong>17\/12 (qua.)<\/strong> \u2013 18h \u00e0s 20h \u2013 CIA TD Artes \u2013 Palavras Doces<\/li>\n\n\n\n<li><strong>17\/12 (qua.)<\/strong> \u2013 20h \u00e0s 22h \u2013 CIA Casulo &#8211; A Fuga dos Bonecos<\/li>\n\n\n\n<li><strong>18\/12 (qui.)<\/strong> &#8211; 19h00 \u00e0s 20h00- Parada Natal CDL<\/li>\n\n\n\n<li><strong>18\/12 (qui.)<\/strong> \u2013 18h \u00e0s 20h \u2013 Cia Tramp \u2013 Olha o Palha\u00e7o no Meio da Rua<\/li>\n\n\n\n<li><strong>18\/12 (qui.)<\/strong> \u2013 20h \u00e0s 22h \u2013 Celso J\u00fanior &#8211; Palha\u00e7o Estopim<\/li>\n\n\n\n<li><strong>19\/12 (sex.)<\/strong> \u2013 18h \u00e0s 20h \u2013 Duda Ohoe \u2013 Senhor Catura num Passeio de Natal<\/li>\n\n\n\n<li><strong>19\/12 (sex.)<\/strong> \u2013 20h \u00e0s 22h \u2013 Magia e Sonhar \u2013 Superman e Personagens<\/li>\n\n\n\n<li><strong>20\/12 (sab)<\/strong> &#8211; 11h00 &#8211; 11h30 &#8211; Trupe Pling de Circo (Associa\u00e7\u00e3o Comercial)<\/li>\n<\/ul>\n\n\n\n<hr class=\"wp-block-separator has-alpha-channel-opacity\" \/>\n\n\n\n<h3 class=\"wp-block-heading\"><strong>Parada de Natal <\/strong><\/h3>\n\n\n\n<ul class=\"wp-block-list\">\n<li><strong>Centro<\/strong>&nbsp;\u2013 13\/12, das 19h \u00e0s 20h30<\/li>\n\n\n\n<li><strong>Novo Horizonte<\/strong>&nbsp;\u2013 14\/12, das 18h \u00e0s 19h30<\/li>\n<\/ul>\n\n\n\n<h3 class=\"wp-block-heading\"><strong>Caminhadas Mediadas:<\/strong><\/h3>\n\n\n\n<ul class=\"wp-block-list\">\n<li><strong>13\/12 (9h):<\/strong> Mesquita Omar Ben Abed Al Aziz &#8211; Vila Arens<\/li>\n<\/ul>\n\n\n\n<h3 class=\"wp-block-heading\"><strong>Teatro Polytheama &#8211; R. Bar\u00e3o de Jundia\u00ed, 176 &#8211; Centro<\/strong><\/h3>\n\n\n\n<ul class=\"wp-block-list\">\n<li><strong>12\/12 (20h):<\/strong> Coral Municipal de Jundia\u00ed <\/li>\n\n\n\n<li><strong>13\/12 (20h):<\/strong> Orquestra Municipal de Jundia\u00ed <\/li>\n\n\n\n<li><strong>14\/12 (16h):<\/strong> R.I.P. Cia de Teatro <\/li>\n\n\n\n<li><strong>19\/12 (14h):<\/strong> Ensaio aberto Orquestra Municipal de Jundia\u00ed <\/li>\n<\/ul>\n\n\n\n<h3 class=\"wp-block-heading\"><strong>Centro das Artes &#8211; R. Bar\u00e3o de Jundia\u00ed, 1093 &#8211; Centro<\/strong><\/h3>\n\n\n\n<ul class=\"wp-block-list\">\n<li><strong>12\/12 (18h30):<\/strong> Projeto Tem Dan\u00e7a na Escola &#8211; &#8220;A Terra do Nunca \u00e9 logo ali&#8221; <\/li>\n\n\n\n<li><strong>14\/12 (14h00):<\/strong> Projeto Tem Dan\u00e7a na Escola <\/li>\n\n\n\n<li><strong>14\/12 (15h00):<\/strong> Cia Jovem de Dan\u00e7a <\/li>\n\n\n\n<li><strong>Exposi\u00e7\u00e3o &#8220;Cidadela &#8211; Arte e Natureza&#8221;:<\/strong> 14\/12\/2025 a 30\/01\/2026 <\/li>\n<\/ul>\n\n\n\n<h3 class=\"wp-block-heading\"><strong>Museu Solar do Bar\u00e3o<\/strong> &#8211;<strong>&nbsp;<\/strong>R. Bar\u00e3o de Jundia\u00ed, 762 &#8211; Centro<\/h3>\n\n\n\n<ul class=\"wp-block-list\">\n<li><strong>Abertura da Exposi\u00e7\u00e3o de Pres\u00e9pios:<\/strong> 1\u00ba de dezembro de 2025 a 6 de janeiro de 2026<\/li>\n\n\n\n<li><strong>Corais nas janelas do Museu:<\/strong> 01 a 05 Dezembro <\/li>\n\n\n\n<li><strong>Pres\u00e9pio Vivo &#8211; Jardim do Museu:<\/strong> 15 a 23 Dezembro (19h30 \u00e0s 20h30) <\/li>\n\n\n\n<li><strong>Hor\u00e1rios de visita\u00e7\u00e3o (Exposi\u00e7\u00e3o):<\/strong> 02 a 23 dez: 10h00 \u00e0s 21h00 &#8211; S\u00e1bados: 10h00 \u00e0s 17h00 &#8211; Domingos: 9h00 \u00e0s 14h00 <\/li>\n<\/ul>\n\n\n\n<h3 class=\"wp-block-heading\"><strong>Pinacoteca Di\u00f3genes Duarte Paes &#8211; R. Bar\u00e3o de Jundia\u00ed, 109 &#8211; Centro<\/strong><\/h3>\n\n\n\n<p><strong>Exposi\u00e7\u00f5es e Salas Tem\u00e1ticas<\/strong> &#8211; Ser\u00e3o duas salas dedicadas \u00e0 tem\u00e1tica natalina, focadas em Papais No\u00e9is , e uma sala de exposi\u00e7\u00e3o em celebra\u00e7\u00e3o ao anivers\u00e1rio da cidade de Jundia\u00ed. Al\u00e9m disso, haver\u00e1 uma sala permanente dedicada ao pintor Inos Corradin, que exibir\u00e1 um painel de fotos e quadros (\u00f3leo sobre tela) com tem\u00e1tica sacra , e outra sala permanente dedicada a Di\u00f3genes Duarte Paes. <\/p>\n\n\n\n<p>A programa\u00e7\u00e3o tamb\u00e9m inclui <strong>Apresenta\u00e7\u00f5es Musicais do Projeto Guri<\/strong>, sempre \u00e0s 19h00 : a Apresenta\u00e7\u00e3o infantil com instrumentos ocorre no dia 03\/12 , o Coral de adolescentes no dia 10\/12 , e a Camerata de Viol\u00f5es no dia 11\/12.<\/p>\n","protected":false},"excerpt":{"rendered":"<p>Casa do Papai Noel Proje\u00e7\u00e3o Mapeada na Fachada da Catedral 01\/12 &#8211; Abertura do Natal Luz Corais na Janela do Solar do Bar\u00e3o &#8211; R. Bar\u00e3o de Jundia\u00ed, 762 &#8211; Centro 01\/12 (Seg.) 02\/12 (Ter.) 03\/12 (Qua.) 04\/12 (Qui.) 05\/12 (Sex.) Programa\u00e7\u00e3o Shows &#8211; Centro da Cidade (19h30 \u00e0s 21h30) Programa\u00e7\u00e3o Cortejos &#8211; Pelo Centro [&hellip;]<\/p>\n","protected":false},"author":8,"featured_media":0,"parent":0,"menu_order":0,"comment_status":"closed","ping_status":"closed","template":"","meta":{"footnotes":""},"class_list":["post-10","page","type-page","status-publish","hentry"],"_links":{"self":[{"href":"https:\/\/jundiai.sp.gov.br\/natalluz\/wp-json\/wp\/v2\/pages\/10","targetHints":{"allow":["GET"]}}],"collection":[{"href":"https:\/\/jundiai.sp.gov.br\/natalluz\/wp-json\/wp\/v2\/pages"}],"about":[{"href":"https:\/\/jundiai.sp.gov.br\/natalluz\/wp-json\/wp\/v2\/types\/page"}],"author":[{"embeddable":true,"href":"https:\/\/jundiai.sp.gov.br\/natalluz\/wp-json\/wp\/v2\/users\/8"}],"replies":[{"embeddable":true,"href":"https:\/\/jundiai.sp.gov.br\/natalluz\/wp-json\/wp\/v2\/comments?post=10"}],"version-history":[{"count":201,"href":"https:\/\/jundiai.sp.gov.br\/natalluz\/wp-json\/wp\/v2\/pages\/10\/revisions"}],"predecessor-version":[{"id":575,"href":"https:\/\/jundiai.sp.gov.br\/natalluz\/wp-json\/wp\/v2\/pages\/10\/revisions\/575"}],"wp:attachment":[{"href":"https:\/\/jundiai.sp.gov.br\/natalluz\/wp-json\/wp\/v2\/media?parent=10"}],"curies":[{"name":"wp","href":"https:\/\/api.w.org\/{rel}","templated":true}]}}