{"id":2,"date":"2017-02-14T14:15:09","date_gmt":"2017-02-14T16:15:09","guid":{"rendered":"https:\/\/jundiai.sp.gov.br\/pat\/?page_id=2"},"modified":"2021-02-26T11:43:25","modified_gmt":"2021-02-26T14:43:25","slug":"posto-de-atendimento-ao-trabalhador-pat","status":"publish","type":"page","link":"https:\/\/jundiai.sp.gov.br\/pat\/","title":{"rendered":"Posto de Atendimento ao Trabalhador (PAT)"},"content":{"rendered":"\n<p>\u201cO Posto de Atendimento ao Trabalhador PAT\/SINE, est\u00e1 operando com a nova ferramenta implementada pela Prefeitura de Jundia\u00ed, Portal da Empregabilidade, visando aproximar empresas, empreendedores e candidatos a uma vaga de emprego, al\u00e9m de oferecer cursos e capacita\u00e7\u00f5es relacionadas ao mercado de trabalho. Interessados j\u00e1 podem cadastrar cursos, vagas, curr\u00edculos e consultar vagas dispon\u00edveis. \u201d<\/p>\n\n\n\n<p><a href=\"https:\/\/web.jundiai.sp.gov.br\/PMJ\/emprega\/Vaga\" target=\"_blank\" rel=\"noreferrer noopener\"><strong>Veja as vagas oferecidas ou Agende para Seguro Desemprego<\/strong><\/a><\/p>\n\n\n\n<p><\/p>\n","protected":false},"excerpt":{"rendered":"<p>\u201cO Posto de Atendimento ao Trabalhador PAT\/SINE, est\u00e1 operando com a nova ferramenta implementada pela Prefeitura de Jundia\u00ed, Portal da Empregabilidade, visando aproximar empresas, empreendedores e candidatos a uma vaga de emprego, al\u00e9m de oferecer cursos e capacita\u00e7\u00f5es relacionadas ao mercado de trabalho. Interessados j\u00e1 podem cadastrar cursos, vagas, curr\u00edculos e consultar vagas dispon\u00edveis. \u201d [&hellip;]<\/p>\n","protected":false},"author":5,"featured_media":0,"parent":0,"menu_order":0,"comment_status":"closed","ping_status":"closed","template":"","meta":{"footnotes":""},"class_list":["post-2","page","type-page","status-publish","hentry"],"_links":{"self":[{"href":"https:\/\/jundiai.sp.gov.br\/pat\/wp-json\/wp\/v2\/pages\/2","targetHints":{"allow":["GET"]}}],"collection":[{"href":"https:\/\/jundiai.sp.gov.br\/pat\/wp-json\/wp\/v2\/pages"}],"about":[{"href":"https:\/\/jundiai.sp.gov.br\/pat\/wp-json\/wp\/v2\/types\/page"}],"author":[{"embeddable":true,"href":"https:\/\/jundiai.sp.gov.br\/pat\/wp-json\/wp\/v2\/users\/5"}],"replies":[{"embeddable":true,"href":"https:\/\/jundiai.sp.gov.br\/pat\/wp-json\/wp\/v2\/comments?post=2"}],"version-history":[{"count":13,"href":"https:\/\/jundiai.sp.gov.br\/pat\/wp-json\/wp\/v2\/pages\/2\/revisions"}],"predecessor-version":[{"id":71,"href":"https:\/\/jundiai.sp.gov.br\/pat\/wp-json\/wp\/v2\/pages\/2\/revisions\/71"}],"wp:attachment":[{"href":"https:\/\/jundiai.sp.gov.br\/pat\/wp-json\/wp\/v2\/media?parent=2"}],"curies":[{"name":"wp","href":"https:\/\/api.w.org\/{rel}","templated":true}]}}