{"id":34,"date":"2018-07-16T14:48:35","date_gmt":"2018-07-16T17:48:35","guid":{"rendered":"https:\/\/jundiai.sp.gov.br\/pat\/?page_id=34"},"modified":"2018-07-18T16:00:30","modified_gmt":"2018-07-18T19:00:30","slug":"vagas","status":"publish","type":"page","link":"https:\/\/jundiai.sp.gov.br\/pat\/vagas\/","title":{"rendered":"Vagas"},"content":{"rendered":"<p><b>Vagas dispon\u00edveis dia 18\/07\/2018<\/b><\/p>\n<ol>\n<li><strong>Auxiliar administrativo \u2013\u00a0<\/strong>6 meses de experi\u00eancia em CTPS; ensino m\u00e9dio completo; necess\u00e1rio CNH; somente candidatos de Jundia\u00ed.<\/li>\n<li><strong>Auxiliar de Enfermagem \u2013\u00a0<\/strong>6 meses de experi\u00eancia n\u00e3o em CTPS; ensino m\u00e9dio completo; curso conclu\u00eddo; atendimento Home Care.<\/li>\n<li><strong>Auxiliar de Limpeza \u2013\u00a0<\/strong>6 meses de experi\u00eancia em CTPS; ensino fundamental completo; conhecimento em WAP, enceradeira industrial e lavadora de piso somente candidatos de Jundia\u00ed.<\/li>\n<li><strong>Auxiliar de Limpeza \u2013\u00a0<\/strong>6 meses de experi\u00eancia em CTPS; ensino fundamental completo; somente candidatos de Jundia\u00ed.<\/li>\n<li><strong>Auxiliar de Limpeza \u2013\u00a0<\/strong>6 meses de experi\u00eancia em CTPS; ensino fundamental completo; somente candidatos de Jundia\u00ed.<\/li>\n<li><strong>Auxiliar de Lubrificador de Ve\u00edculos \u2013\u00a0<\/strong>6 meses de experi\u00eancia em CTPS; ensino fundamental completo; somente candidatos de Jundia\u00ed e Itupeva.<\/li>\n<li><strong>Auxiliar mec\u00e2nico de ve\u00edculos pesados<\/strong>\u00a0\u2013 6 meses de experi\u00eancia em CTPS; ensino m\u00e9dio completo; somente candidatos de Jundia\u00ed.<\/li>\n<li><strong>Arte- Finalista<\/strong>\u00a0\u2013 6 meses de experi\u00eancia em CTPS; ensino m\u00e9dio completo; necess\u00e1rio conhecimento em Corel Draw e Photoshop; somente candidatos de Jundia\u00ed.<\/li>\n<li><strong>Borracheiro \u2013\u00a0<\/strong>6 meses de experi\u00eancia em CTPS; ensino fundamental completo; somente candidatos de Jundia\u00ed e Itupeva.<\/li>\n<li><strong>Carreteiro<\/strong> &#8211; 6 meses de experi\u00eancia em CTPS; ensino m\u00e9dio completo; somente candidatos de Jundia\u00ed.<\/li>\n<li><strong>Chefe de Servi\u00e7o de Limpeza \u2013\u00a0<\/strong>6 meses de experi\u00eancia em CTPS; ensino m\u00e9dio incompleto; somente candidatos de Jundia\u00ed.<\/li>\n<li><strong>Cozinheiro Geral\u00a0<\/strong>\u2013 6 meses de experi\u00eancia em CTPS; ensino fundamental completo; somente candidatos de Jundia\u00ed.<\/li>\n<li><strong>Enfermeiro \u2013\u00a0<\/strong>6 meses de experi\u00eancia n\u00e3o em CTPS; ensino superior completo; curso enfermagem; atendimento Home Care.<\/li>\n<li><strong>Fonoaudi\u00f3logo \u2013\u00a0<\/strong>6 meses de experi\u00eancia n\u00e3o em CTPS; ensino superior completo; curso Fonoaudi\u00f3logo; atendimento Home Care.<\/li>\n<li><strong>Mec\u00e2nico de Ve\u00edculos Pesados<\/strong>\u00a0\u2013 6 meses de experi\u00eancia em CTPS; ensino fundamental completo; somente candidatos de Jundia\u00ed e Itupeva.<\/li>\n<li><strong>Porteiro<\/strong> &#8211; 6 meses de experi\u00eancia em CTPS; ensino m\u00e9dio completo; conhecimento em inform\u00e1tica; somente candidatos de Jundia\u00ed.<\/li>\n<li><strong>T\u00e9cnico mec\u00e2nico<\/strong> &#8211; 6 meses de experi\u00eancia em CTPS; ensino m\u00e9dio completo; curso t\u00e9cnico mec\u00e2nico, conhecimento em interpreta\u00e7\u00e3o de desenho, registro no CREA; conhecimento em inform\u00e1tica; somente candidatos de Jundia\u00ed.<\/li>\n<li><strong>Vendedor Pracista\u00a0<\/strong>\u2013 ensino m\u00e9dio completo; necess\u00e1rio CNH \u201cA\u201d.<\/li>\n<\/ol>\n<p><strong>Vagas exclusivas PCD (Pessoas com Defici\u00eancia)<\/strong><\/p>\n<ol>\n<li><strong>Atendente de Lanchonete \u2013\u00a0<\/strong>ensino m\u00e9dio completo; necess\u00e1rio laudo m\u00e9dico.<\/li>\n<\/ol>\n","protected":false},"excerpt":{"rendered":"<p>Vagas dispon\u00edveis dia 18\/07\/2018 Auxiliar administrativo \u2013\u00a06 meses de experi\u00eancia em CTPS; ensino m\u00e9dio completo; necess\u00e1rio CNH; somente candidatos de Jundia\u00ed. Auxiliar de Enfermagem \u2013\u00a06 meses de experi\u00eancia n\u00e3o em CTPS; ensino m\u00e9dio completo; curso conclu\u00eddo; atendimento Home Care. Auxiliar de Limpeza \u2013\u00a06 meses de experi\u00eancia em CTPS; ensino fundamental completo; conhecimento em WAP, enceradeira [&hellip;]<\/p>\n","protected":false},"author":37,"featured_media":0,"parent":0,"menu_order":0,"comment_status":"closed","ping_status":"closed","template":"","meta":{"footnotes":""},"class_list":["post-34","page","type-page","status-publish","hentry"],"_links":{"self":[{"href":"https:\/\/jundiai.sp.gov.br\/pat\/wp-json\/wp\/v2\/pages\/34","targetHints":{"allow":["GET"]}}],"collection":[{"href":"https:\/\/jundiai.sp.gov.br\/pat\/wp-json\/wp\/v2\/pages"}],"about":[{"href":"https:\/\/jundiai.sp.gov.br\/pat\/wp-json\/wp\/v2\/types\/page"}],"author":[{"embeddable":true,"href":"https:\/\/jundiai.sp.gov.br\/pat\/wp-json\/wp\/v2\/users\/37"}],"replies":[{"embeddable":true,"href":"https:\/\/jundiai.sp.gov.br\/pat\/wp-json\/wp\/v2\/comments?post=34"}],"version-history":[{"count":5,"href":"https:\/\/jundiai.sp.gov.br\/pat\/wp-json\/wp\/v2\/pages\/34\/revisions"}],"predecessor-version":[{"id":43,"href":"https:\/\/jundiai.sp.gov.br\/pat\/wp-json\/wp\/v2\/pages\/34\/revisions\/43"}],"wp:attachment":[{"href":"https:\/\/jundiai.sp.gov.br\/pat\/wp-json\/wp\/v2\/media?parent=34"}],"curies":[{"name":"wp","href":"https:\/\/api.w.org\/{rel}","templated":true}]}}