{"id":52,"date":"2019-06-13T14:48:46","date_gmt":"2019-06-13T17:48:46","guid":{"rendered":"https:\/\/jundiai.sp.gov.br\/pat\/?page_id=52"},"modified":"2020-06-30T17:20:25","modified_gmt":"2020-06-30T20:20:25","slug":"servicos-oferecidos","status":"publish","type":"page","link":"https:\/\/jundiai.sp.gov.br\/pat\/servicos-oferecidos\/","title":{"rendered":"Servi\u00e7os"},"content":{"rendered":"<p><strong>&#8211; PARA O TRABALHADOR<\/strong><\/p>\n<p>&#8211; Cadastro do trabalhador no Posto de Atendimento ao Trabalhador (PAT)<br \/>\nSolicitar inclus\u00e3o dos dados do trabalhador no Cadastro do PAT (Sistema SINE &#8211; Sistema Nacional de Emprego).<br \/>\nAtendimento exclusivamente presencial \/ Hor\u00e1rio de atendimento: de segunda a sexta feira das 08:00hs \u00e0s 16:30hs \/ Servi\u00e7o deve ser solicitado quando cidad\u00e3o desejar que seus dados cadastrais\/curriculares constem do cadastro do PAT, visando obten\u00e7\u00e3o de emprego.<\/p>\n<p>&#8211; Consulta a vagas de emprego no Posto de Atendimento ao Trabalhador (PAT)<br \/>\nConsultar vagas de emprego constantes do cadastro do PAT Posto de Atendimento ao Trabalhador.<\/p>\n<p><strong>Servi\u00e7o pode ser acessado:<\/strong><\/p>\n<p>1) presencialmente; ou<br \/>\n2) via internet no endere\u00e7o https:\/\/jundiai.sp.gov.br\/pat\/; ou<br \/>\n3) via aplicativo smartphone PMJ. Consulta presencial: Hor\u00e1rio de atendimento: de segunda a sexta feira das 08:00hs \u00e0s 16:30hs. Consulta on line: Hor\u00e1rio de atendimento: ininterrupto.<\/p>\n<p>&#8211; Habilita\u00e7\u00e3o em entrevista para vaga de emprego divulgada pelo Posto de Atendimento ao Trabalhador (PAT)<br \/>\nHabilitar-se para entrevista de emprego em vaga espec\u00edfica divulgada pelo PAT Posto de Atendimento ao Trabalhador.<br \/>\nAtendimento exclusivamente presencial \/ Hor\u00e1rio de atendimento: de segunda a sexta feira das 08:00hs \u00e0s 16:30hs \/ Servi\u00e7o deve ser solicitado quando cidad\u00e3o desejar habilitar-se para entrevista de emprego em vaga espec\u00edfica divulgada pelo PAT Posto de Atendimento ao Trabalhador.<\/p>\n<p><strong>&#8211; PARA A EMPRESA<\/strong><\/p>\n<p>&#8211; Utiliza\u00e7\u00e3o da Sala do Empregador no Posto de Atendimento ao Trabalhador (PAT)<br \/>\nSolicitar e agendar a utiliza\u00e7\u00e3o da Sala do Empregador nas depend\u00eancias do PAT, visando conduzir processos de entrevistas de emprego \/ sele\u00e7\u00e3o de pessoal.<\/p>\n<p>&#8211; Cadastramento e Habilita\u00e7\u00e3o (Valida\u00e7\u00e3o), por parte das empresas, de vagas de emprego no Posto de Atendimento ao Trabalhador (PAT)<br \/>\nSolicitar a divulga\u00e7\u00e3o de vagas de emprego abertas pela empresa no cadastro do PAT Posto de Atendimento ao Trabalhador (Sistema SINE &#8211; Sistema Nacional de Emprego).<\/p>\n","protected":false},"excerpt":{"rendered":"<p>&#8211; PARA O TRABALHADOR &#8211; Cadastro do trabalhador no Posto de Atendimento ao Trabalhador (PAT) Solicitar inclus\u00e3o dos dados do trabalhador no Cadastro do PAT (Sistema SINE &#8211; Sistema Nacional de Emprego). Atendimento exclusivamente presencial \/ Hor\u00e1rio de atendimento: de segunda a sexta feira das 08:00hs \u00e0s 16:30hs \/ Servi\u00e7o deve ser solicitado quando cidad\u00e3o [&hellip;]<\/p>\n","protected":false},"author":37,"featured_media":0,"parent":0,"menu_order":0,"comment_status":"closed","ping_status":"closed","template":"","meta":{"footnotes":""},"class_list":["post-52","page","type-page","status-publish","hentry"],"_links":{"self":[{"href":"https:\/\/jundiai.sp.gov.br\/pat\/wp-json\/wp\/v2\/pages\/52","targetHints":{"allow":["GET"]}}],"collection":[{"href":"https:\/\/jundiai.sp.gov.br\/pat\/wp-json\/wp\/v2\/pages"}],"about":[{"href":"https:\/\/jundiai.sp.gov.br\/pat\/wp-json\/wp\/v2\/types\/page"}],"author":[{"embeddable":true,"href":"https:\/\/jundiai.sp.gov.br\/pat\/wp-json\/wp\/v2\/users\/37"}],"replies":[{"embeddable":true,"href":"https:\/\/jundiai.sp.gov.br\/pat\/wp-json\/wp\/v2\/comments?post=52"}],"version-history":[{"count":7,"href":"https:\/\/jundiai.sp.gov.br\/pat\/wp-json\/wp\/v2\/pages\/52\/revisions"}],"predecessor-version":[{"id":66,"href":"https:\/\/jundiai.sp.gov.br\/pat\/wp-json\/wp\/v2\/pages\/52\/revisions\/66"}],"wp:attachment":[{"href":"https:\/\/jundiai.sp.gov.br\/pat\/wp-json\/wp\/v2\/media?parent=52"}],"curies":[{"name":"wp","href":"https:\/\/api.w.org\/{rel}","templated":true}]}}