{"id":7,"date":"2017-02-14T14:20:23","date_gmt":"2017-02-14T16:20:23","guid":{"rendered":"https:\/\/jundiai.sp.gov.br\/pat\/?page_id=7"},"modified":"2026-02-19T09:34:17","modified_gmt":"2026-02-19T12:34:17","slug":"dicas","status":"publish","type":"page","link":"https:\/\/jundiai.sp.gov.br\/pat\/dicas\/","title":{"rendered":"Dicas"},"content":{"rendered":"\n<p><a href=\"http:\/\/maisemprego.mte.gov.br\/portal\/pages\/home.xhtml\" target=\"_blank\" rel=\"noopener noreferrer\">Portal MTE &#8211; Mais Emprego<\/a><\/p>\n\n\n\n<p><strong>\u00c9 um importante passo para integrar a\u00e7\u00f5es de emprego ao encaminhar trabalhadores requerentes do Seguro Desemprego para novas oportunidades de emprego.<\/strong><\/p>\n\n\n\n<p>Ao longo de mais de duas d\u00e9cadas, o Programa de Seguro-Desemprego se consolidou no mercado de trabalho brasileiro como importante instrumento social no combate aos efeitos do desemprego.<\/p>\n\n\n\n<p>Trabalhadores que requeiram o Seguro-Desemprego, ainda que nas ag\u00eancias do MTE (SRTE), PATs ou Poupatempo, est\u00e3o, obrigatoriamente, inscritos nos processos de Intermedia\u00e7\u00e3o de M\u00e3o de Obra das unidades do SINE. Com isso, trabalhadores requerentes ou benefici\u00e1rios do Seguro-Desemprego ser\u00e3o convocados a participar de processo de sele\u00e7\u00e3o de emprego e encaminhados a vagas ofertadas pelos empregadores ao SINE.<\/p>\n\n\n\n<p>Com esse objetivo, o Portal Mais Emprego \u00e9, por si, uma oportunidade para o trabalhador ampliar as possibilidades de obter novo emprego e de ser reconduzido mais rapidamente ao mercado de trabalho. Mas a principal regra \u00e9 estar pronto, apto e disposto a se reempregar.<\/p>\n","protected":false},"excerpt":{"rendered":"<p>Portal MTE &#8211; Mais Emprego \u00c9 um importante passo para integrar a\u00e7\u00f5es de emprego ao encaminhar trabalhadores requerentes do Seguro Desemprego para novas oportunidades de emprego. Ao longo de mais de duas d\u00e9cadas, o Programa de Seguro-Desemprego se consolidou no mercado de trabalho brasileiro como importante instrumento social no combate aos efeitos do desemprego. Trabalhadores [&hellip;]<\/p>\n","protected":false},"author":8,"featured_media":0,"parent":0,"menu_order":0,"comment_status":"closed","ping_status":"closed","template":"","meta":{"footnotes":""},"class_list":["post-7","page","type-page","status-publish","hentry"],"_links":{"self":[{"href":"https:\/\/jundiai.sp.gov.br\/pat\/wp-json\/wp\/v2\/pages\/7","targetHints":{"allow":["GET"]}}],"collection":[{"href":"https:\/\/jundiai.sp.gov.br\/pat\/wp-json\/wp\/v2\/pages"}],"about":[{"href":"https:\/\/jundiai.sp.gov.br\/pat\/wp-json\/wp\/v2\/types\/page"}],"author":[{"embeddable":true,"href":"https:\/\/jundiai.sp.gov.br\/pat\/wp-json\/wp\/v2\/users\/8"}],"replies":[{"embeddable":true,"href":"https:\/\/jundiai.sp.gov.br\/pat\/wp-json\/wp\/v2\/comments?post=7"}],"version-history":[{"count":3,"href":"https:\/\/jundiai.sp.gov.br\/pat\/wp-json\/wp\/v2\/pages\/7\/revisions"}],"predecessor-version":[{"id":74,"href":"https:\/\/jundiai.sp.gov.br\/pat\/wp-json\/wp\/v2\/pages\/7\/revisions\/74"}],"wp:attachment":[{"href":"https:\/\/jundiai.sp.gov.br\/pat\/wp-json\/wp\/v2\/media?parent=7"}],"curies":[{"name":"wp","href":"https:\/\/api.w.org\/{rel}","templated":true}]}}