{"id":2,"date":"2023-11-29T12:58:05","date_gmt":"2023-11-29T15:58:05","guid":{"rendered":"http:\/\/jundiai.sp.gov.br\/pdeii\/?page_id=2"},"modified":"2023-12-13T13:17:26","modified_gmt":"2023-12-13T16:17:26","slug":"plano-de-desenvolvimento-economico-do-municipio","status":"publish","type":"page","link":"https:\/\/jundiai.sp.gov.br\/pdeii\/","title":{"rendered":"Plano Municipal de Desenvolvimento Econ\u00f4mico, Inova\u00e7\u00e3o e Internacionaliza\u00e7\u00e3o"},"content":{"rendered":"","protected":false},"excerpt":{"rendered":"","protected":false},"author":5,"featured_media":48,"parent":0,"menu_order":1,"comment_status":"closed","ping_status":"closed","template":"","meta":{"footnotes":""},"class_list":["post-2","page","type-page","status-publish","has-post-thumbnail","hentry"],"_links":{"self":[{"href":"https:\/\/jundiai.sp.gov.br\/pdeii\/wp-json\/wp\/v2\/pages\/2","targetHints":{"allow":["GET"]}}],"collection":[{"href":"https:\/\/jundiai.sp.gov.br\/pdeii\/wp-json\/wp\/v2\/pages"}],"about":[{"href":"https:\/\/jundiai.sp.gov.br\/pdeii\/wp-json\/wp\/v2\/types\/page"}],"author":[{"embeddable":true,"href":"https:\/\/jundiai.sp.gov.br\/pdeii\/wp-json\/wp\/v2\/users\/5"}],"replies":[{"embeddable":true,"href":"https:\/\/jundiai.sp.gov.br\/pdeii\/wp-json\/wp\/v2\/comments?post=2"}],"version-history":[{"count":4,"href":"https:\/\/jundiai.sp.gov.br\/pdeii\/wp-json\/wp\/v2\/pages\/2\/revisions"}],"predecessor-version":[{"id":49,"href":"https:\/\/jundiai.sp.gov.br\/pdeii\/wp-json\/wp\/v2\/pages\/2\/revisions\/49"}],"wp:featuredmedia":[{"embeddable":true,"href":"https:\/\/jundiai.sp.gov.br\/pdeii\/wp-json\/wp\/v2\/media\/48"}],"wp:attachment":[{"href":"https:\/\/jundiai.sp.gov.br\/pdeii\/wp-json\/wp\/v2\/media?parent=2"}],"curies":[{"name":"wp","href":"https:\/\/api.w.org\/{rel}","templated":true}]}}