{"id":1081,"date":"2014-09-19T10:08:11","date_gmt":"2014-09-19T13:08:11","guid":{"rendered":"https:\/\/jundiai.sp.gov.br\/planejamento-e-meio-ambiente\/?page_id=1081"},"modified":"2014-09-19T10:08:11","modified_gmt":"2014-09-19T13:08:11","slug":"nove-de-julho","status":"publish","type":"page","link":"https:\/\/jundiai.sp.gov.br\/planejamento-e-meio-ambiente\/nove-de-julho\/","title":{"rendered":"Nove de Julho"},"content":{"rendered":"<p><a href=\"https:\/\/jundiai.sp.gov.br\/planejamento-e-meio-ambiente\/wp-content\/uploads\/sites\/15\/2014\/09\/Decreto-17.5861.pdf\">Decreto 17.586<\/a>, de 30 de novembro de 1999<br \/>\n<a href=\"https:\/\/jundiai.sp.gov.br\/planejamento-e-meio-ambiente\/wp-content\/uploads\/sites\/15\/2014\/09\/\u00c1reas-abrangidas1.pdf\">\u00c1reas abrangidas<\/a> pelo decreto (anexo I)<br \/>\n<a href=\"https:\/\/jundiai.sp.gov.br\/planejamento-e-meio-ambiente\/wp-content\/uploads\/sites\/15\/2014\/09\/modelo-padr\u00e3o-I.pdf\">modelo padr\u00e3o I<\/a> de estacionamento (anexo II)<br \/>\n<a href=\"https:\/\/jundiai.sp.gov.br\/planejamento-e-meio-ambiente\/wp-content\/uploads\/sites\/15\/2014\/09\/modelo-padr\u00e3o-II.pdf\">modelo padr\u00e3o II<\/a> para rebaixamento de guia (anexo III)<br \/>\n<a href=\"https:\/\/jundiai.sp.gov.br\/planejamento-e-meio-ambiente\/wp-content\/uploads\/sites\/15\/2014\/09\/modelo-padr\u00e3o-III.pdf\">modelo padr\u00e3o III<\/a> de estacionamento \u00e0 45\u00b0 (anexo IV)<br \/>\n<a href=\"https:\/\/jundiai.sp.gov.br\/planejamento-e-meio-ambiente\/wp-content\/uploads\/sites\/15\/2014\/09\/Normas1.pdf\">Normas<\/a> para a utiliza\u00e7\u00e3o (anexo V)<br \/>\n<a href=\"https:\/\/jundiai.sp.gov.br\/planejamento-e-meio-ambiente\/wp-content\/uploads\/sites\/15\/2014\/09\/modelo-padr\u00e3o-IV.pdf\">modelo padr\u00e3o IV<\/a> de rampas de passeio para deficientes (anexo VI-A)<br \/>\n<a href=\"https:\/\/jundiai.sp.gov.br\/planejamento-e-meio-ambiente\/wp-content\/uploads\/sites\/15\/2014\/09\/modelo-padr\u00e3o-V.pdf\">modelo padr\u00e3o V<\/a> de vagas para pessoas portadoras de defici\u00eancia (anexo VI-B)<br \/>\n<a href=\"https:\/\/jundiai.sp.gov.br\/planejamento-e-meio-ambiente\/wp-content\/uploads\/sites\/15\/2014\/09\/modelo-padr\u00e3o-VI.pdf\">modelo padr\u00e3o VI<\/a> de faixa de desacelera\u00e7\u00e3o (anexo VII)<br \/>\n<a href=\"https:\/\/jundiai.sp.gov.br\/planejamento-e-meio-ambiente\/wp-content\/uploads\/sites\/15\/2014\/09\/modelo-padr\u00e3o-VII.pdf\">modelo padr\u00e3o VII<\/a> de localiza\u00e7\u00e3o do rebaixamento de guias em esquinas (anexo VIII)<\/p>\n","protected":false},"excerpt":{"rendered":"<p>Decreto 17.586, de 30 de novembro de 1999 \u00c1reas abrangidas pelo decreto (anexo I) modelo padr\u00e3o I de estacionamento (anexo II) modelo padr\u00e3o II para rebaixamento de guia (anexo III) modelo padr\u00e3o III de estacionamento \u00e0 45\u00b0 (anexo IV) Normas para a utiliza\u00e7\u00e3o (anexo V) modelo padr\u00e3o IV de rampas de passeio para deficientes (anexo [&hellip;]<\/p>\n","protected":false},"author":5,"featured_media":0,"parent":0,"menu_order":0,"comment_status":"closed","ping_status":"closed","template":"","meta":{"footnotes":""},"class_list":["post-1081","page","type-page","status-publish","hentry"],"_links":{"self":[{"href":"https:\/\/jundiai.sp.gov.br\/planejamento-e-meio-ambiente\/wp-json\/wp\/v2\/pages\/1081","targetHints":{"allow":["GET"]}}],"collection":[{"href":"https:\/\/jundiai.sp.gov.br\/planejamento-e-meio-ambiente\/wp-json\/wp\/v2\/pages"}],"about":[{"href":"https:\/\/jundiai.sp.gov.br\/planejamento-e-meio-ambiente\/wp-json\/wp\/v2\/types\/page"}],"author":[{"embeddable":true,"href":"https:\/\/jundiai.sp.gov.br\/planejamento-e-meio-ambiente\/wp-json\/wp\/v2\/users\/5"}],"replies":[{"embeddable":true,"href":"https:\/\/jundiai.sp.gov.br\/planejamento-e-meio-ambiente\/wp-json\/wp\/v2\/comments?post=1081"}],"version-history":[{"count":1,"href":"https:\/\/jundiai.sp.gov.br\/planejamento-e-meio-ambiente\/wp-json\/wp\/v2\/pages\/1081\/revisions"}],"predecessor-version":[{"id":1102,"href":"https:\/\/jundiai.sp.gov.br\/planejamento-e-meio-ambiente\/wp-json\/wp\/v2\/pages\/1081\/revisions\/1102"}],"wp:attachment":[{"href":"https:\/\/jundiai.sp.gov.br\/planejamento-e-meio-ambiente\/wp-json\/wp\/v2\/media?parent=1081"}],"curies":[{"name":"wp","href":"https:\/\/api.w.org\/{rel}","templated":true}]}}