{"id":1112,"date":"2014-09-19T10:16:26","date_gmt":"2014-09-19T13:16:26","guid":{"rendered":"https:\/\/jundiai.sp.gov.br\/planejamento-e-meio-ambiente\/?page_id=1112"},"modified":"2025-02-13T11:03:08","modified_gmt":"2025-02-13T14:03:08","slug":"diretrizes-viarias","status":"publish","type":"page","link":"https:\/\/jundiai.sp.gov.br\/planejamento-e-meio-ambiente\/servicos-online\/diretrizes-viarias\/","title":{"rendered":"Diretrizes Vi\u00e1rias"},"content":{"rendered":"\n<p>As Diretrizes Vi\u00e1rias podem ser dos seguintes tipos:<\/p>\n\n\n\n<ul class=\"wp-block-list\">\n<li><strong>Novas Vias<\/strong><\/li>\n<\/ul>\n\n\n\n<p>S\u00e3o conex\u00f5es do Sistema Vi\u00e1rio Municipal previstas no Plano Diretor, e tamb\u00e9m emitidas nos protocolos de Diretrizes Urban\u00edsticas.<\/p>\n\n\n\n<ul class=\"wp-block-list\">\n<li><strong>Alargamento Vi\u00e1rio<\/strong><\/li>\n<\/ul>\n\n\n\n<p>S\u00e3o propostas para novas larguras das vias existentes. As medidas s\u00e3o dadas a partir de estudos que levam em considera\u00e7\u00e3o o fluxo de pessoas, fluxo e tipo de ve\u00edculos, considerando ainda o tipo de uso e ocupa\u00e7\u00e3o do solo de uma regi\u00e3o.<br><br>A Lei Federal n\u00ba 12.587 de 2012 \u2013 que instituiu as diretrizes da Pol\u00edtica Nacional de Mobilidade Urbana, objetiva a integra\u00e7\u00e3o dos diferentes modos de transporte e a melhoria da acessibilidade e mobilidade de pessoas e cargas. Em alinhamento com essa pol\u00edtica nacional, as diretrizes visam dar prioridade aos modos de transportes n\u00e3o motorizados sobre os motorizados e dos servi\u00e7os de transporte p\u00fablico coletivo sobre o transporte individual motorizado.<\/p>\n\n\n\n<h3 class=\"wp-block-heading\"><strong>Consulta de Diretrizes Vi\u00e1rias pelo GEOJundia\u00ed<\/strong><\/h3>\n\n\n\n<p><a href=\"https:\/\/jundiai.sp.gov.br\/planejamento-e-meio-ambiente\/geoinformacao\/\" target=\"_blank\" rel=\"noreferrer noopener\">Clique aqui<\/a> para ser direcionado ao servi\u00e7o de consulta. <br><a href=\"https:\/\/jundiai.sp.gov.br\/planejamento-e-meio-ambiente\/wp-content\/uploads\/sites\/15\/2023\/03\/instrucao-diretriz-viaria.pdf\" target=\"_blank\" rel=\"noreferrer noopener\">Clique aqui<\/a> para baixar o manual de como realizar a consulta de exist\u00eancia de Diretrizes Vi\u00e1rias em um logradouro p\u00fablico.<br><a href=\"https:\/\/docs.google.com\/spreadsheets\/d\/1nqFOOdK5iM-l-yGwgTKLGqTwlwKSM6t6ONYFCDiAif8\/edit?gid=0#gid=0\" target=\"_blank\" rel=\"noreferrer noopener\">Clique&nbsp;aqui<\/a>&nbsp;para abrir a planilha com as larguras dos trechos com incid\u00eancia de diretrizes vi\u00e1rias.<\/p>\n\n\n\n<h3 class=\"wp-block-heading\"><strong>Solicita\u00e7\u00e3o de Certid\u00e3o de Diretrizes Vi\u00e1rias<\/strong><\/h3>\n\n\n\n<p>A partir de julho de 2023 as solicita\u00e7\u00f5es s\u00e3o feitas pelo sistema SAEPRO.<\/p>\n\n\n\n<p><a href=\"https:\/\/web.cijun.sp.gov.br\/PMJ\/APROVE\/CadastroTelasCustom\/NavegarTelaCustom?idTela=26\"><strong>Clique aqui<\/strong><\/a>&nbsp; para acessar o sistema.<br><a rel=\"noreferrer noopener\" href=\"https:\/\/jundiai.sp.gov.br\/planejamento-e-meio-ambiente\/wp-content\/uploads\/sites\/15\/2023\/06\/roteiro-para-protocolo-de-solicitacao-de-diretriz-viaria_v01-1.pdf\" target=\"_blank\"><strong>Clique aqui<\/strong><\/a> para baixar o manual de utiliza\u00e7\u00e3o do SAEPRO para este pedido.<br><strong>O prazo para emiss\u00e3o do documento \u00e9 de at\u00e9 30 dias \u00fateis&nbsp;<\/strong>\u2013 dependendo da complexidade de edi\u00e7\u00e3o e a&nbsp;<strong>Certid\u00e3o tem validade de 120 dias.<\/strong><\/p>\n\n\n\n<h3 class=\"wp-block-heading\"><strong>Atendimento T\u00e9cnico sobre Diretrizes Vi\u00e1rias<\/strong><\/h3>\n\n\n\n<p>Os atendimentos t\u00e9cnicos s\u00e3o realizados na&nbsp;<strong>Se\u00e7\u00e3o de Atendimento T\u00e9cnico<\/strong>&nbsp;da UGPUMA, no Pa\u00e7o Municipal \u2013 5\u00ba andar \u2013 ala sul.<br>Dever\u00e1 ser agendado atendimento pelo telefone:&nbsp;<strong>(11) 4589-8561<\/strong><\/p>\n\n\n\n<h3 class=\"wp-block-heading\"><\/h3>\n\n\n\n<p><\/p>\n","protected":false},"excerpt":{"rendered":"<p>As Diretrizes Vi\u00e1rias podem ser dos seguintes tipos: S\u00e3o conex\u00f5es do Sistema Vi\u00e1rio Municipal previstas no Plano Diretor, e tamb\u00e9m emitidas nos protocolos de Diretrizes Urban\u00edsticas. S\u00e3o propostas para novas larguras das vias existentes. As medidas s\u00e3o dadas a partir de estudos que levam em considera\u00e7\u00e3o o fluxo de pessoas, fluxo e tipo de ve\u00edculos, [&hellip;]<\/p>\n","protected":false},"author":5,"featured_media":0,"parent":243,"menu_order":0,"comment_status":"closed","ping_status":"closed","template":"","meta":{"footnotes":""},"class_list":["post-1112","page","type-page","status-publish","hentry"],"_links":{"self":[{"href":"https:\/\/jundiai.sp.gov.br\/planejamento-e-meio-ambiente\/wp-json\/wp\/v2\/pages\/1112","targetHints":{"allow":["GET"]}}],"collection":[{"href":"https:\/\/jundiai.sp.gov.br\/planejamento-e-meio-ambiente\/wp-json\/wp\/v2\/pages"}],"about":[{"href":"https:\/\/jundiai.sp.gov.br\/planejamento-e-meio-ambiente\/wp-json\/wp\/v2\/types\/page"}],"author":[{"embeddable":true,"href":"https:\/\/jundiai.sp.gov.br\/planejamento-e-meio-ambiente\/wp-json\/wp\/v2\/users\/5"}],"replies":[{"embeddable":true,"href":"https:\/\/jundiai.sp.gov.br\/planejamento-e-meio-ambiente\/wp-json\/wp\/v2\/comments?post=1112"}],"version-history":[{"count":33,"href":"https:\/\/jundiai.sp.gov.br\/planejamento-e-meio-ambiente\/wp-json\/wp\/v2\/pages\/1112\/revisions"}],"predecessor-version":[{"id":7572,"href":"https:\/\/jundiai.sp.gov.br\/planejamento-e-meio-ambiente\/wp-json\/wp\/v2\/pages\/1112\/revisions\/7572"}],"up":[{"embeddable":true,"href":"https:\/\/jundiai.sp.gov.br\/planejamento-e-meio-ambiente\/wp-json\/wp\/v2\/pages\/243"}],"wp:attachment":[{"href":"https:\/\/jundiai.sp.gov.br\/planejamento-e-meio-ambiente\/wp-json\/wp\/v2\/media?parent=1112"}],"curies":[{"name":"wp","href":"https:\/\/api.w.org\/{rel}","templated":true}]}}