{"id":1345,"date":"2015-01-30T15:56:29","date_gmt":"2015-01-30T17:56:29","guid":{"rendered":"https:\/\/jundiai.sp.gov.br\/planejamento-e-meio-ambiente\/?page_id=1345"},"modified":"2015-01-30T15:56:29","modified_gmt":"2015-01-30T17:56:29","slug":"zoneamento-revogado","status":"publish","type":"page","link":"https:\/\/jundiai.sp.gov.br\/planejamento-e-meio-ambiente\/zoneamento-revogado\/","title":{"rendered":"Zoneamento &#8211; Revogado"},"content":{"rendered":"<ul>\n<li>LC 416\/04 &#8211; Revogada<\/li>\n<\/ul>\n<p>Lei original. Define crit\u00e9rios para Uso e Ocupa\u00e7\u00e3o do Solo.<\/p>\n<ul>\n<li>Decreto 20.025\/05 &#8211; Revogado<\/li>\n<\/ul>\n<p>Regulamenta alguns artigos da LC 416\/04. Define recuos, estacionamento de ve\u00edculos e enquadramento de atividades.<\/p>\n<ul>\n<li>Decreto 20.306\/06 &#8211; Revogado<\/li>\n<\/ul>\n<p>Regulamenta artigos da LC 416\/04 referentes a Vilas Rurais.<\/p>\n<ul>\n<li>Decreto 20.345\/06 &#8211; Revogado<\/li>\n<\/ul>\n<p>Define procedimentos para emiss\u00e3o de Diretrizes para Glebas.<\/p>\n<ul>\n<li>LC 444\/07 &#8211; Revogada<\/li>\n<\/ul>\n<p>Altera artigos da LC 416\/04 e substitui todos seus anexos (tabela, quadros e mapa).<\/p>\n<ul>\n<li>LC 448\/07 &#8211; Revogada<\/li>\n<\/ul>\n<p>Altera o artigo referente ao Corredor de Com\u00e9rcio e Servi\u00e7os da LC 444\/07 e substitui os quadros da LC 416\/04 (anteriormente j\u00e1 substitu\u00eddos pela LC 444\/07).<\/p>\n<ul>\n<li>LC 456\/08 &#8211; Revogada<\/li>\n<\/ul>\n<p>Suspensa, por inconstitucional (Decreto Legislativo n\u00ba 1.283 de 01\/12\/2009).<\/p>\n<ul>\n<li>Lei n\u00b0 7.503\/10 &#8211; Revogada<\/li>\n<\/ul>\n<p>Substitui a LC 416\/04 e todas as suas altera\u00e7\u00f5es.<\/p>\n<ul>\n<li>Lei n\u00b0 7.741\/11 (zoneamento vigente at\u00e9 17\/07\/12) &#8211; Revogada<\/li>\n<\/ul>\n<p>Altera artigos da Lei n\u00ba 7.503\/10 e substitui todos seus anexos (tabela, quadros e mapa).<\/p>\n","protected":false},"excerpt":{"rendered":"<p>LC 416\/04 &#8211; Revogada Lei original. Define crit\u00e9rios para Uso e Ocupa\u00e7\u00e3o do Solo. Decreto 20.025\/05 &#8211; Revogado Regulamenta alguns artigos da LC 416\/04. Define recuos, estacionamento de ve\u00edculos e enquadramento de atividades. Decreto 20.306\/06 &#8211; Revogado Regulamenta artigos da LC 416\/04 referentes a Vilas Rurais. Decreto 20.345\/06 &#8211; Revogado Define procedimentos para emiss\u00e3o de [&hellip;]<\/p>\n","protected":false},"author":5,"featured_media":0,"parent":0,"menu_order":0,"comment_status":"closed","ping_status":"closed","template":"","meta":{"footnotes":""},"class_list":["post-1345","page","type-page","status-publish","hentry"],"_links":{"self":[{"href":"https:\/\/jundiai.sp.gov.br\/planejamento-e-meio-ambiente\/wp-json\/wp\/v2\/pages\/1345","targetHints":{"allow":["GET"]}}],"collection":[{"href":"https:\/\/jundiai.sp.gov.br\/planejamento-e-meio-ambiente\/wp-json\/wp\/v2\/pages"}],"about":[{"href":"https:\/\/jundiai.sp.gov.br\/planejamento-e-meio-ambiente\/wp-json\/wp\/v2\/types\/page"}],"author":[{"embeddable":true,"href":"https:\/\/jundiai.sp.gov.br\/planejamento-e-meio-ambiente\/wp-json\/wp\/v2\/users\/5"}],"replies":[{"embeddable":true,"href":"https:\/\/jundiai.sp.gov.br\/planejamento-e-meio-ambiente\/wp-json\/wp\/v2\/comments?post=1345"}],"version-history":[{"count":1,"href":"https:\/\/jundiai.sp.gov.br\/planejamento-e-meio-ambiente\/wp-json\/wp\/v2\/pages\/1345\/revisions"}],"predecessor-version":[{"id":1349,"href":"https:\/\/jundiai.sp.gov.br\/planejamento-e-meio-ambiente\/wp-json\/wp\/v2\/pages\/1345\/revisions\/1349"}],"wp:attachment":[{"href":"https:\/\/jundiai.sp.gov.br\/planejamento-e-meio-ambiente\/wp-json\/wp\/v2\/media?parent=1345"}],"curies":[{"name":"wp","href":"https:\/\/api.w.org\/{rel}","templated":true}]}}