{"id":141,"date":"2014-08-20T18:04:54","date_gmt":"2014-08-20T21:04:54","guid":{"rendered":"https:\/\/jundiai.sp.gov.br\/planejamento-e-meio-ambiente\/?page_id=141"},"modified":"2014-12-23T10:17:07","modified_gmt":"2014-12-23T12:17:07","slug":"conferencia-municipal-das-cidades","status":"publish","type":"page","link":"https:\/\/jundiai.sp.gov.br\/planejamento-e-meio-ambiente\/eventos\/conferencia-municipal-das-cidades\/","title":{"rendered":"Confer\u00eancia Municipal das Cidades 2013"},"content":{"rendered":"<h2>Pauta da Confer\u00eancia<\/h2>\n<p><strong>DIA 25 DE MAIO (S\u00c1BADO)<\/strong><\/p>\n<p>8h \u00e0s 9h &#8211; Credenciamento e Caf\u00e9<br \/>\n9h \u2013 Abertura Oficial<br \/>\n9h30 \u2013 Palestra com o Prof\u00ba, Arquiteto Araken Martinho sobre \u201cReforma Urbana e Cidade\u201d<br \/>\n10h \u2013 Palestra com Secret\u00e1rio da Habita\u00e7\u00e3o de Osasco, Sr. S\u00e9rgio Gon\u00e7alves sobre \u201cFundos Municipais e Experi\u00eancia da Habita\u00e7\u00e3o em Osasco\u201d<br \/>\n11h \u2013 Inicio das Oficinas<\/p>\n<p><em>12h30 \u00e0s 14h \u2013 Almo\u00e7o<\/em><\/p>\n<p>14h \u2013 Elei\u00e7\u00e3o dos Delegados<br \/>\n16h \u2013 Vota\u00e7\u00e3o das Propostas<br \/>\n18h30 \u2013 Encerramento<\/p>\n<p>SUGEST\u00d5ES<br \/>\nEnvie seu e-mail para <a href=\"mailto:pcampos@jundiai.sp.gov.br\">pcampos@jundiai.sp.gov.br<\/a><\/p>\n<p><a href=\"https:\/\/jundiai.sp.gov.br\/planejamento-e-meio-ambiente\/wp-content\/uploads\/sites\/15\/2014\/08\/Confer\u00eancia-Municipal-das-Cidades-2013-Regimento-Completo.pdf\">Conhe\u00e7a o REGIMENTO completo<\/a><\/p>\n<p><a href=\"https:\/\/jundiai.sp.gov.br\/planejamento-e-meio-ambiente\/wp-content\/uploads\/sites\/15\/2014\/08\/Confer\u00eancia-Municipal-das-Cidades-2013-Texto-Base.pdf\">Conhe\u00e7a o TEXTO BASE<\/a><\/p>\n<p><a href=\"https:\/\/jundiai.sp.gov.br\/planejamento-e-meio-ambiente\/wp-content\/uploads\/sites\/15\/2014\/08\/Confer\u00eancia-Municipal-das-Cidades-2013-Ata-da-4a-Confer\u00eancia-da-Cidade-de-Jundia\u00ed.pdf\">Ata da 4\u00aa Confer\u00eancia da Cidade de Jundia\u00ed<\/a><\/p>\n<p><a href=\"https:\/\/jundiai.sp.gov.br\/planejamento-e-meio-ambiente\/wp-content\/uploads\/sites\/15\/2014\/08\/Confer\u00eancia-Municipal-das-Cidades-2013-Relat\u00f3rio-Final.pdf\">Relat\u00f3rio Final<\/a><\/p>\n","protected":false},"excerpt":{"rendered":"<p>Pauta da Confer\u00eancia DIA 25 DE MAIO (S\u00c1BADO) 8h \u00e0s 9h &#8211; Credenciamento e Caf\u00e9 9h \u2013 Abertura Oficial 9h30 \u2013 Palestra com o Prof\u00ba, Arquiteto Araken Martinho sobre \u201cReforma Urbana e Cidade\u201d 10h \u2013 Palestra com Secret\u00e1rio da Habita\u00e7\u00e3o de Osasco, Sr. S\u00e9rgio Gon\u00e7alves sobre \u201cFundos Municipais e Experi\u00eancia da Habita\u00e7\u00e3o em Osasco\u201d 11h [&hellip;]<\/p>\n","protected":false},"author":11,"featured_media":0,"parent":137,"menu_order":0,"comment_status":"closed","ping_status":"closed","template":"","meta":{"footnotes":""},"class_list":["post-141","page","type-page","status-publish","hentry"],"_links":{"self":[{"href":"https:\/\/jundiai.sp.gov.br\/planejamento-e-meio-ambiente\/wp-json\/wp\/v2\/pages\/141","targetHints":{"allow":["GET"]}}],"collection":[{"href":"https:\/\/jundiai.sp.gov.br\/planejamento-e-meio-ambiente\/wp-json\/wp\/v2\/pages"}],"about":[{"href":"https:\/\/jundiai.sp.gov.br\/planejamento-e-meio-ambiente\/wp-json\/wp\/v2\/types\/page"}],"author":[{"embeddable":true,"href":"https:\/\/jundiai.sp.gov.br\/planejamento-e-meio-ambiente\/wp-json\/wp\/v2\/users\/11"}],"replies":[{"embeddable":true,"href":"https:\/\/jundiai.sp.gov.br\/planejamento-e-meio-ambiente\/wp-json\/wp\/v2\/comments?post=141"}],"version-history":[{"count":3,"href":"https:\/\/jundiai.sp.gov.br\/planejamento-e-meio-ambiente\/wp-json\/wp\/v2\/pages\/141\/revisions"}],"predecessor-version":[{"id":1334,"href":"https:\/\/jundiai.sp.gov.br\/planejamento-e-meio-ambiente\/wp-json\/wp\/v2\/pages\/141\/revisions\/1334"}],"up":[{"embeddable":true,"href":"https:\/\/jundiai.sp.gov.br\/planejamento-e-meio-ambiente\/wp-json\/wp\/v2\/pages\/137"}],"wp:attachment":[{"href":"https:\/\/jundiai.sp.gov.br\/planejamento-e-meio-ambiente\/wp-json\/wp\/v2\/media?parent=141"}],"curies":[{"name":"wp","href":"https:\/\/api.w.org\/{rel}","templated":true}]}}