{"id":1497,"date":"2015-07-29T14:26:26","date_gmt":"2015-07-29T17:26:26","guid":{"rendered":"https:\/\/jundiai.sp.gov.br\/planejamento-e-meio-ambiente\/?page_id=1497"},"modified":"2019-09-30T11:01:03","modified_gmt":"2019-09-30T14:01:03","slug":"orientacoes-e-requerimento","status":"publish","type":"page","link":"https:\/\/jundiai.sp.gov.br\/planejamento-e-meio-ambiente\/servicos-online\/supressao-de-arvores-ou-vegetacao\/orientacoes-e-requerimento\/","title":{"rendered":"Supress\u00e3o de \u00c1rvores &#8211; Orienta\u00e7\u00f5es e Requerimento"},"content":{"rendered":"<p>O requerimento a seguir dever\u00e1 ser preenchido e protocolado juntamente com os documentos necess\u00e1rios conforme descrito nas orienta\u00e7\u00f5es abaixo:<\/p>\n<p><a href=\"https:\/\/drive.google.com\/open?id=19TJ7ZieauErJKpDEd7cGyFJUTSgknwZd\" target=\"_blank\" rel=\"noopener noreferrer\">Requerimento para autoriza\u00e7\u00e3o de supress\u00e3o<\/a><\/p>\n<p><a href=\"https:\/\/drive.google.com\/open?id=14KsYkO8kjrhsNTqk4eayfWxQeVMSbTUc\" target=\"\u201d_blank\u201d\" rel=\"noopener noreferrer\">Orienta\u00e7\u00e3o para remo\u00e7\u00e3o de \u00e1rvores<\/a><\/p>\n<p>O <strong>Setor de Protocolo<\/strong> fica localizado no piso t\u00e9rreo do Pa\u00e7o Municipal Nova Jundia\u00ed que fica na Avenida da Liberdade s\/n\u00ba no Jardim Bot\u00e2nico.<\/p>\n<p>Estas orienta\u00e7\u00f5es para Solicita\u00e7\u00e3o de Permiss\u00e3o de Supress\u00e3o foram descritas conforme o previsto em:<\/p>\n<p><a href=\"https:\/\/drive.google.com\/open?id=1_NfWIrcuedpYSRfjMjkv74EXQqPO-rM-\" target=\"\u201d_blank\u201d\" rel=\"noopener noreferrer\">Decreto Municipal 21.112\/2008 \u2013 Supress\u00e3o de \u00c1rvores<\/a><\/p>\n<p><a href=\"https:\/\/jundiai.sp.gov.br\/planejamento-e-meio-ambiente\/supressao-de-arvores-ou-vegetacao\/\">Voltar para Orienta\u00e7\u00f5es Gerais<\/a><\/p>\n","protected":false},"excerpt":{"rendered":"<p>O requerimento a seguir dever\u00e1 ser preenchido e protocolado juntamente com os documentos necess\u00e1rios conforme descrito nas orienta\u00e7\u00f5es abaixo: Requerimento para autoriza\u00e7\u00e3o de supress\u00e3o Orienta\u00e7\u00e3o para remo\u00e7\u00e3o de \u00e1rvores O Setor de Protocolo fica localizado no piso t\u00e9rreo do Pa\u00e7o Municipal Nova Jundia\u00ed que fica na Avenida da Liberdade s\/n\u00ba no Jardim Bot\u00e2nico. Estas orienta\u00e7\u00f5es [&hellip;]<\/p>\n","protected":false},"author":5,"featured_media":0,"parent":1490,"menu_order":0,"comment_status":"closed","ping_status":"closed","template":"","meta":{"footnotes":""},"class_list":["post-1497","page","type-page","status-publish","hentry"],"_links":{"self":[{"href":"https:\/\/jundiai.sp.gov.br\/planejamento-e-meio-ambiente\/wp-json\/wp\/v2\/pages\/1497","targetHints":{"allow":["GET"]}}],"collection":[{"href":"https:\/\/jundiai.sp.gov.br\/planejamento-e-meio-ambiente\/wp-json\/wp\/v2\/pages"}],"about":[{"href":"https:\/\/jundiai.sp.gov.br\/planejamento-e-meio-ambiente\/wp-json\/wp\/v2\/types\/page"}],"author":[{"embeddable":true,"href":"https:\/\/jundiai.sp.gov.br\/planejamento-e-meio-ambiente\/wp-json\/wp\/v2\/users\/5"}],"replies":[{"embeddable":true,"href":"https:\/\/jundiai.sp.gov.br\/planejamento-e-meio-ambiente\/wp-json\/wp\/v2\/comments?post=1497"}],"version-history":[{"count":20,"href":"https:\/\/jundiai.sp.gov.br\/planejamento-e-meio-ambiente\/wp-json\/wp\/v2\/pages\/1497\/revisions"}],"predecessor-version":[{"id":3920,"href":"https:\/\/jundiai.sp.gov.br\/planejamento-e-meio-ambiente\/wp-json\/wp\/v2\/pages\/1497\/revisions\/3920"}],"up":[{"embeddable":true,"href":"https:\/\/jundiai.sp.gov.br\/planejamento-e-meio-ambiente\/wp-json\/wp\/v2\/pages\/1490"}],"wp:attachment":[{"href":"https:\/\/jundiai.sp.gov.br\/planejamento-e-meio-ambiente\/wp-json\/wp\/v2\/media?parent=1497"}],"curies":[{"name":"wp","href":"https:\/\/api.w.org\/{rel}","templated":true}]}}