{"id":154,"date":"2014-08-20T18:14:17","date_gmt":"2014-08-20T21:14:17","guid":{"rendered":"https:\/\/jundiai.sp.gov.br\/planejamento-e-meio-ambiente\/?page_id=154"},"modified":"2021-05-06T15:27:53","modified_gmt":"2021-05-06T18:27:53","slug":"informacoes-geograficas","status":"publish","type":"page","link":"https:\/\/jundiai.sp.gov.br\/planejamento-e-meio-ambiente\/geoinformacao\/informacoes-geograficas\/","title":{"rendered":"Aspectos Geogr\u00e1ficos e em N\u00fameros"},"content":{"rendered":"<h2>\u00c1rea Territorial<\/h2>\n<p>\u00c1rea total: 432 km\u00b2<br \/>\n\u00c1rea urbana: 112 km\u00b2<br \/>\n\u00c1rea rural: 320 km\u00b2, sendo 228,6 km\u00b2 \u00e1rea de cultivo e 91,4 km\u00b2 \u00e1rea de tombamento da Serra do Japi<\/p>\n<h2>Coordenadas Geogr\u00e1ficas<\/h2>\n<p>Latitudes: 23o 04&#8242; 35&#8243; S e 23o 19&#8242; 34&#8243; S Longitudes: 46o 47&#8217;14&#8221; W e 47o 01&#8242; 43&#8243; W<br \/>\nCoordenadas Centrais (junto \u00e0 Catedral N. S. do Desterro): 23o 11&#8242; 20&#8243; S e 46o 53&#8242; 01&#8243;W<\/p>\n<h2>Altitudes<\/h2>\n<p>Altitude m\u00e9dia: 762,0 metros<br \/>\nAltitude m\u00e1xima: 1.290,6 metros (Serra do Japi)<br \/>\nAltitude m\u00ednima: 673,6 metros (Rio Jundia\u00ed, na divisa com o munic\u00edpio de Itupeva)<\/p>\n<h2>Clima<\/h2>\n<p>Clima mesot\u00e9rmico seco ou tropical<br \/>\nVentos predominantes: sudeste<br \/>\nPrecipita\u00e7\u00e3o m\u00e9dia anual: 1.385,2 mm (1941 a 1995 \u2013 Esta\u00e7\u00e3o experimental Jundia\u00ed\/IAC)<br \/>\nTemperaturas: M\u00e1xima absoluta: 38,9o C (em 04\/02\/1971)<br \/>\nM\u00ednima absoluta: -3,1o C (em 18\/05\/1968)<br \/>\nM\u00ednima m\u00e9dia: 14,3o C<br \/>\nM\u00e1xima m\u00e9dia: 27,5o C<br \/>\nM\u00e9dia anual: 20,9o C<br \/>\nUmidade relativa do ar\/m\u00e9dia anual: 70,7 %<br \/>\nInsola\u00e7\u00e3o m\u00e9dia anual: 2.480 horas<br \/>\n<em>Fonte: Instituto Agron\u00f4mico de Campinas, 1996<\/em><\/p>\n<h2>Relevo<\/h2>\n<p>O Munic\u00edpio de Jundia\u00ed encontra-se na compartimenta\u00e7\u00e3o geomorfol\u00f3gica Planalto Atl\u00e2ntico, compreendendo as subdivis\u00f5es Planalto de Jundia\u00ed e Serranias de S\u00e3o Roque, caracterizadas predominantemente por relevo de morros e morrotes. A regi\u00e3o \u00e9 pr\u00f3xima \u00e0 zona de transi\u00e7\u00e3o para a Depress\u00e3o Perif\u00e9rica. Este conjunto de diferen\u00e7as de n\u00edvel \u00e9 que d\u00e1 ao relevo da cidade um aspecto irregular, repleto de &#8220;altos&#8221; e &#8220;baixos&#8221;.<\/p>\n<p><em>Fonte: ROSS, J.L.S. Departamento de Geografia, Universidade de S\u00e3o Paulo, 1996<\/em><\/p>\n<h2>Geologia<\/h2>\n<p>Jundia\u00ed apresenta em seu substrato litol\u00f3gico rochas das seguintes unidades geol\u00f3gicas: &#8211; Complexo Amparo; &#8211; Grupo S\u00e3o Roque; &#8211; Forma\u00e7\u00e3o Itarar\u00e9. As principais rochas s\u00e3o: granitos, gnaisses, quartzitos e \u00e1reas isoladas contendo arenitos finos, argilas e siltes.<\/p>\n<p><em>Fonte: Instituto de Pesquisas Tecnol\u00f3gicas, Mapa Geol\u00f3gico do Estado de S\u00e3o Paulo, 1985)<\/em><\/p>\n<h2>Tipos de Solos<\/h2>\n<p>Latossolos (vermelho-amarelo): 81,8%<br \/>\nLitossolos: 7,3%<br \/>\nPodzolizados com cascalho: 5,0%<br \/>\nHidrom\u00f3rficos: 2,8%<br \/>\nPodz\u00f3licos (vermelho-amarelo, escuro): 2,1%<br \/>\nMediterr\u00e2nicos: 1,0%<br \/>\n<em>Fonte: Instituto Agron\u00f4mico de Campinas, 1995<\/em><\/p>\n<h2>Vegeta\u00e7\u00e3o<\/h2>\n<p>Cobertura vegetal original: floresta mes\u00f3fila semidec\u00eddua e mancha de cerrado;<br \/>\nCobertura vegetal atual: floresta mes\u00f3fila semidec\u00eddua de altitude, mancha de cerrado, reflorestamento com os g\u00eaneros Pinus e Eucalyptus, pastagens com tipos diversos de gram\u00edneas, \u00e1reas de cultivo (particularmente frutas e hortali\u00e7as);<br \/>\nCobertura vegetal original da Serra do Japi: floresta mes\u00f3fila semidec\u00eddua, floresta mes\u00f3fila semidec\u00eddua de altitude (acima dos 1.100 m) e lajedos rochosos;<br \/>\nCobertura vegetal atual da Serra do Japi: floresta mes\u00f3fila semidec\u00eddua, floresta mes\u00f3fila semidec\u00eddua de altitude (acima dos 1.100 m) e lajedos rochosos.<br \/>\n<em>Fonte: ROSS, J.L.S. Departamento de Geografia, Universidade de S\u00e3o Paulo, 1996<\/em><\/p>\n<h2>Hidrografia<\/h2>\n<p>O Munic\u00edpio est\u00e1 localizado na bacia do Rio Jundia\u00ed, o qual nasce na cidade de Mairipor\u00e3 e segue em dire\u00e7\u00e3o leste, atravessando os munic\u00edpios de Campo Limpo Paulista, V\u00e1rzea Paulista, Itupeva, Indaiatuba, chegando na cidade de Salto, onde des\u00e1gua no Rio Tiet\u00ea. Dentre as v\u00e1rias sub-bacias presentes, destaca-se a do rio Jundia\u00ed- Mirim, que nasce no Munic\u00edpio de Jarinu e constitui-se no principal manancial de \u00e1gua para o abastecimento p\u00fablico. Ocorrem ainda as micro bacias do C\u00f3rrego do Ribeir\u00e3o Caxambu, do C\u00f3rrego do Mois\u00e9s e do Ribeir\u00e3o Cagua\u00e7u. Encontra-se tamb\u00e9m presente no munic\u00edpio de Jundia\u00ed a nascente do rio Capivari, pertencente \u00e0 bacia do rio Piracicaba.<\/p>\n","protected":false},"excerpt":{"rendered":"<p>\u00c1rea Territorial \u00c1rea total: 432 km\u00b2 \u00c1rea urbana: 112 km\u00b2 \u00c1rea rural: 320 km\u00b2, sendo 228,6 km\u00b2 \u00e1rea de cultivo e 91,4 km\u00b2 \u00e1rea de tombamento da Serra do Japi Coordenadas Geogr\u00e1ficas Latitudes: 23o 04&#8242; 35&#8243; S e 23o 19&#8242; 34&#8243; S Longitudes: 46o 47&#8217;14&#8221; W e 47o 01&#8242; 43&#8243; W Coordenadas Centrais (junto \u00e0 [&hellip;]<\/p>\n","protected":false},"author":11,"featured_media":0,"parent":4890,"menu_order":0,"comment_status":"closed","ping_status":"closed","template":"","meta":{"footnotes":""},"class_list":["post-154","page","type-page","status-publish","hentry"],"_links":{"self":[{"href":"https:\/\/jundiai.sp.gov.br\/planejamento-e-meio-ambiente\/wp-json\/wp\/v2\/pages\/154","targetHints":{"allow":["GET"]}}],"collection":[{"href":"https:\/\/jundiai.sp.gov.br\/planejamento-e-meio-ambiente\/wp-json\/wp\/v2\/pages"}],"about":[{"href":"https:\/\/jundiai.sp.gov.br\/planejamento-e-meio-ambiente\/wp-json\/wp\/v2\/types\/page"}],"author":[{"embeddable":true,"href":"https:\/\/jundiai.sp.gov.br\/planejamento-e-meio-ambiente\/wp-json\/wp\/v2\/users\/11"}],"replies":[{"embeddable":true,"href":"https:\/\/jundiai.sp.gov.br\/planejamento-e-meio-ambiente\/wp-json\/wp\/v2\/comments?post=154"}],"version-history":[{"count":4,"href":"https:\/\/jundiai.sp.gov.br\/planejamento-e-meio-ambiente\/wp-json\/wp\/v2\/pages\/154\/revisions"}],"predecessor-version":[{"id":4889,"href":"https:\/\/jundiai.sp.gov.br\/planejamento-e-meio-ambiente\/wp-json\/wp\/v2\/pages\/154\/revisions\/4889"}],"up":[{"embeddable":true,"href":"https:\/\/jundiai.sp.gov.br\/planejamento-e-meio-ambiente\/wp-json\/wp\/v2\/pages\/4890"}],"wp:attachment":[{"href":"https:\/\/jundiai.sp.gov.br\/planejamento-e-meio-ambiente\/wp-json\/wp\/v2\/media?parent=154"}],"curies":[{"name":"wp","href":"https:\/\/api.w.org\/{rel}","templated":true}]}}