{"id":162,"date":"2014-08-20T18:18:56","date_gmt":"2014-08-20T21:18:56","guid":{"rendered":"https:\/\/jundiai.sp.gov.br\/planejamento-e-meio-ambiente\/?page_id=162"},"modified":"2021-11-26T09:53:34","modified_gmt":"2021-11-26T12:53:34","slug":"legislacao","status":"publish","type":"page","link":"https:\/\/jundiai.sp.gov.br\/planejamento-e-meio-ambiente\/eiv-riv\/legislacao\/","title":{"rendered":"Legisla\u00e7\u00e3o"},"content":{"rendered":"<p><strong>Legisla\u00e7\u00e3o Vigente:<\/strong><\/p>\n<ul>\n<li style=\"font-weight: 400;\" aria-level=\"1\"><a href=\"https:\/\/jundiai.sp.gov.br\/planejamento-e-meio-ambiente\/wp-content\/uploads\/sites\/15\/2019\/11\/lei-9-321_2019-plano-diretor-texto-1.pdf\"><span style=\"font-weight: 400;\">Lei n\u00ba 9.321\/2019 \u2013 Art. 123 a 134<\/span><\/a><\/li>\n<li style=\"font-weight: 400;\" aria-level=\"1\">Aten\u00e7\u00e3o: Todos os empreendimentos e\/ou atividades enquadrados no EIV\/RIV dever\u00e3o tamb\u00e9m apresentar o Relat\u00f3rio de Impacto de Tr\u00e2nsito (RIT), conforme Art. 135 a 146;<\/li>\n<\/ul>\n\n\n<p><strong>Revogadas<\/strong><\/p>\n\n\n\n<p>Consultar estas legisla\u00e7\u00f5es para verificar o enquadramento de processos de aprova\u00e7\u00e3o protocolados antes da Lei n\u00ba 9.321\/2019, seguidas as suas disposi\u00e7\u00f5es finais e transit\u00f3rias:<\/p>\n\n\n\n<ul class=\"wp-block-list\"><li><a href=\"https:\/\/jundiai.sp.gov.br\/planejamento-e-meio-ambiente\/wp-content\/uploads\/sites\/15\/2014\/08\/Legisla%C3%A7%C3%A3o-Secretaria-de-Planejamento-e-Meio-Ambiente.pdf\">Lei n\u00ba 7.763\/2011\u00a0<\/a><\/li><li><a href=\"https:\/\/planodiretor.jundiai.sp.gov.br\/lei-8683-2016\/\">Lei n\u00ba 8.683\/2016\u00a0<\/a><\/li><\/ul>\n\n\n\n<p><\/p>\n","protected":false},"excerpt":{"rendered":"<p>Legisla\u00e7\u00e3o Vigente: Lei n\u00ba 9.321\/2019 \u2013 Art. 123 a 134 Aten\u00e7\u00e3o: Todos os empreendimentos e\/ou atividades enquadrados no EIV\/RIV dever\u00e3o tamb\u00e9m apresentar o Relat\u00f3rio de Impacto de Tr\u00e2nsito (RIT), conforme Art. 135 a 146; Revogadas Consultar estas legisla\u00e7\u00f5es para verificar o enquadramento de processos de aprova\u00e7\u00e3o protocolados antes da Lei n\u00ba 9.321\/2019, seguidas as suas [&hellip;]<\/p>\n","protected":false},"author":5,"featured_media":0,"parent":77,"menu_order":0,"comment_status":"closed","ping_status":"closed","template":"page-subpaginas.php","meta":{"footnotes":""},"class_list":["post-162","page","type-page","status-publish","hentry"],"_links":{"self":[{"href":"https:\/\/jundiai.sp.gov.br\/planejamento-e-meio-ambiente\/wp-json\/wp\/v2\/pages\/162","targetHints":{"allow":["GET"]}}],"collection":[{"href":"https:\/\/jundiai.sp.gov.br\/planejamento-e-meio-ambiente\/wp-json\/wp\/v2\/pages"}],"about":[{"href":"https:\/\/jundiai.sp.gov.br\/planejamento-e-meio-ambiente\/wp-json\/wp\/v2\/types\/page"}],"author":[{"embeddable":true,"href":"https:\/\/jundiai.sp.gov.br\/planejamento-e-meio-ambiente\/wp-json\/wp\/v2\/users\/5"}],"replies":[{"embeddable":true,"href":"https:\/\/jundiai.sp.gov.br\/planejamento-e-meio-ambiente\/wp-json\/wp\/v2\/comments?post=162"}],"version-history":[{"count":16,"href":"https:\/\/jundiai.sp.gov.br\/planejamento-e-meio-ambiente\/wp-json\/wp\/v2\/pages\/162\/revisions"}],"predecessor-version":[{"id":5314,"href":"https:\/\/jundiai.sp.gov.br\/planejamento-e-meio-ambiente\/wp-json\/wp\/v2\/pages\/162\/revisions\/5314"}],"up":[{"embeddable":true,"href":"https:\/\/jundiai.sp.gov.br\/planejamento-e-meio-ambiente\/wp-json\/wp\/v2\/pages\/77"}],"wp:attachment":[{"href":"https:\/\/jundiai.sp.gov.br\/planejamento-e-meio-ambiente\/wp-json\/wp\/v2\/media?parent=162"}],"curies":[{"name":"wp","href":"https:\/\/api.w.org\/{rel}","templated":true}]}}