{"id":164,"date":"2014-08-20T18:21:26","date_gmt":"2014-08-20T21:21:26","guid":{"rendered":"https:\/\/jundiai.sp.gov.br\/planejamento-e-meio-ambiente\/?page_id=164"},"modified":"2026-03-16T11:51:28","modified_gmt":"2026-03-16T14:51:28","slug":"leis-ambientais","status":"publish","type":"page","link":"https:\/\/jundiai.sp.gov.br\/planejamento-e-meio-ambiente\/legislacao\/leis-ambientais\/","title":{"rendered":"Leis Ambientais"},"content":{"rendered":"\n<p><strong>Atos Normativos<\/strong><\/p>\n\n\n\n<p><a href=\"https:\/\/jundiai.sp.gov.br\/planejamento-e-meio-ambiente\/wp-content\/uploads\/sites\/15\/2021\/01\/8858-17-lei-de-queimadas.pdf\">Lei 8.858\/17<\/a><\/p>\n\n\n\n<p>Pro\u00edbe queimadas, regula repara\u00e7\u00e3o do dano ambiental.<\/p>\n\n\n\n<p><a href=\"https:\/\/jundiai.sp.gov.br\/planejamento-e-meio-ambiente\/wp-content\/uploads\/sites\/15\/2018\/04\/decreto-nascentes-27-353-2018-1.pdf\">Decreto 27.353\/18<\/a><\/p>\n\n\n\n<p>Regulamenta a Lei Municipal n&#8217; 8.607, de 16 de mar\u00e7o de 2016, que criou o Programa &#8220;Nascentes Jundia\u00ed&#8221;<\/p>\n\n\n\n<p><a href=\"https:\/\/jundiai.sp.gov.br\/planejamento-e-meio-ambiente\/wp-content\/uploads\/sites\/15\/2014\/08\/Decreto-20.876-07.pdf\">Decreto 20.876\/07<\/a><\/p>\n\n\n\n<p>Estabelece normas relativas \u00e0 expedi\u00e7\u00e3o de autoriza\u00e7\u00f5es ambientais para a realiza\u00e7\u00e3o de eventos no Territ\u00f3rio da Serra do Japi.<\/p>\n\n\n\n<p><a href=\"https:\/\/jundiai.sp.gov.br\/planejamento-e-meio-ambiente\/wp-content\/uploads\/sites\/15\/2014\/08\/Decreto-18.148-01.pdf\">Decreto 18.148\/01<\/a><\/p>\n\n\n\n<p>Disp\u00f5e sobre a cria\u00e7\u00e3o de faixas de preserva\u00e7\u00e3o ao longo de cursos d&#8217;\u00e1gua, lagoas, lagos e assemelhados.<\/p>\n\n\n\n<p><a href=\"https:\/\/jundiai.sp.gov.br\/planejamento-e-meio-ambiente\/wp-content\/uploads\/sites\/15\/2026\/03\/decreto_43284_03_07_1998_apa_alesp.pdf\" target=\"_blank\" rel=\"noreferrer noopener\">Decreto Estadual 43.284\/98<\/a><\/p>\n\n\n\n<p>Regulamenta as \u00c1reas de Prote\u00e7\u00e3o Ambiental dos Munic\u00edpios de Jundia\u00ed e Cabre\u00fava<\/p>\n\n\n\n<p><a href=\"https:\/\/jundiai.sp.gov.br\/planejamento-e-meio-ambiente\/tombamento-das-serras\/\" target=\"_blank\" rel=\"noopener\">Resolu\u00e7\u00e3o 11 do Condephaat<\/a><\/p>\n\n\n\n<p>Tombamento das Serras do Japi Guaxinduva e Jaguacoara<\/p>\n\n\n\n<p><a href=\"https:\/\/jundiai.sp.gov.br\/planejamento-e-meio-ambiente\/wp-content\/uploads\/sites\/15\/2014\/08\/Lei-3672-91.pdf\">Lei 3672\/91<\/a><\/p>\n\n\n\n<p>Institui\u00e7\u00e3o da Reserva Biol\u00f3gica na Serra do Japi<\/p>\n\n\n\n<p><a href=\"https:\/\/jundiai.sp.gov.br\/planejamento-e-meio-ambiente\/wp-content\/uploads\/sites\/15\/2014\/08\/Prefeitura-de-Jundia%C3%AD-Serra-do-Japi-Lei-complementar-417-04.zip\" target=\"_blank\" rel=\"noopener\">Lei Complementar 417\/04<\/a><\/p>\n\n\n\n<p>Mapas, Lei e anexos referente \u00e0 prote\u00e7\u00e3o da Serra do Japi<\/p>\n\n\n\n<p><a href=\"https:\/\/jundiai.sp.gov.br\/planejamento-e-meio-ambiente\/wp-content\/uploads\/sites\/15\/2014\/08\/Lei-Complementar-518-12.pdf\">Lei Complementar 518\/12<\/a><\/p>\n\n\n\n<p>Veda, no Territ\u00f3rio de Gest\u00e3o da Serra do Japi, pelo prazo que especifica, procedimentos administrativos para fins imobili\u00e1rios e correlatos.<\/p>\n\n\n\n<p><a href=\"https:\/\/jundiai.sp.gov.br\/planejamento-e-meio-ambiente\/wp-content\/uploads\/sites\/15\/2016\/04\/Lei-Organica-de-Jundiai-atualizada-ate-Emenda-67-de-22-de-dezembro-de-2015.pdf\" target=\"_blank\" rel=\"noopener\">Lei Org\u00e2nica do Munic\u00edpio de Jundia\u00ed<\/a><\/p>\n\n\n\n<p><a href=\"https:\/\/jundiai.sp.gov.br\/planejamento-e-meio-ambiente\/wp-content\/uploads\/sites\/15\/2014\/08\/Lei-2405-80Atualizada.pdf\">Lei 2405\/80 (Atualizada)<\/a><\/p>\n\n\n\n<p>Lei de prote\u00e7\u00e3o aos mananciais \u2013 atualizada e comentada at\u00e9 a Lei 7.503\/10<\/p>\n\n\n\n<p><a href=\"https:\/\/jundiai.sp.gov.br\/planejamento-e-meio-ambiente\/wp-content\/uploads\/sites\/15\/2014\/08\/Lei-Federal-n\u00ba-11.428-06.pdf\">Lei Federal n\u00ba 11.428\/06<\/a><\/p>\n\n\n\n<p>Disp\u00f5e sobre a utiliza\u00e7\u00e3o e prote\u00e7\u00e3o da vegeta\u00e7\u00e3o nativa do Bioma Mata Atl\u00e2ntica<\/p>\n\n\n\n<p><a href=\"https:\/\/jundiai.sp.gov.br\/planejamento-e-meio-ambiente\/wp-content\/uploads\/sites\/15\/2014\/08\/Resolu\u00e7\u00e3o-Conama-10-93.pdf\">Resolu\u00e7\u00e3o Conama 10\/93<\/a><\/p>\n\n\n\n<p>Estabelece par\u00e2metros b\u00e1sicos para an\u00e1lise dos est\u00e1gios de sucess\u00e3o da Mata Atl\u00e2ntica<\/p>\n\n\n\n<p><a href=\"https:\/\/jundiai.sp.gov.br\/planejamento-e-meio-ambiente\/wp-content\/uploads\/sites\/15\/2014\/08\/Resolu\u00e7\u00e3o-Conama-01-94.pdf\">Resolu\u00e7\u00e3o Conama 01\/94<\/a><\/p>\n\n\n\n<p>Regulamenta o art. 6\u00ba do Decreto n.\u00ba 750, de 10 de fevereiro de 1993 para o Estado de S\u00e3o Paulo)<\/p>\n\n\n\n<p><a href=\"https:\/\/jundiai.sp.gov.br\/planejamento-e-meio-ambiente\/wp-content\/uploads\/sites\/15\/2014\/08\/Resolu\u00e7\u00e3o-Conama-n\u00ba-388-07.pdf\">Resolu\u00e7\u00e3o Conama n\u00ba 388\/07<\/a><\/p>\n\n\n\n<p>Convalida as Resolu\u00e7\u00f5es CONAMA 10\/93 e 01\/94 para classificar a vegeta\u00e7\u00e3o prim\u00e1ria e secund\u00e1ria nos est\u00e1gios inicial, m\u00e9dio e avan\u00e7ado de regenera\u00e7\u00e3o da Mata Atl\u00e2ntica, para a aplica\u00e7\u00e3o da Lei Federal n\u00ba 11.428\/06.<\/p>\n\n\n\n<p><a href=\"https:\/\/jundiai.sp.gov.br\/planejamento-e-meio-ambiente\/wp-content\/uploads\/sites\/15\/2014\/08\/Resolu\u00e7\u00e3o-Conjunta-02-94.pdf\">Resolu\u00e7\u00e3o Conjunta 02\/94<\/a><\/p>\n\n\n\n<p>Regulamenta o art. 4\u00ba do Decreto Federal n.\u00ba 750, de 10 de fevereiro de 1993, que disp\u00f5e sobre o corte, a explora\u00e7\u00e3o e a supress\u00e3o de vegeta\u00e7\u00e3o secund\u00e1ria no est\u00e1gio inicial de regenera\u00e7\u00e3o da Mata Atl\u00e2ntica no Estado de S\u00e3o Paulo.<\/p>\n\n\n\n<p><a href=\"https:\/\/jundiai.sp.gov.br\/planejamento-e-meio-ambiente\/wp-content\/uploads\/sites\/15\/2014\/08\/Lei-Federal-9605-98.pdf\">Lei Federal 9605\/98<\/a><\/p>\n\n\n\n<p>Disp\u00f5e sobre as san\u00e7\u00f5es penais e administrativas derivadas de condutas e atividades lesivas ao meio ambiente, e d\u00e1 outras provid\u00eancias.<\/p>\n\n\n\n<p><a href=\"https:\/\/jundiai.sp.gov.br\/planejamento-e-meio-ambiente\/wp-content\/uploads\/sites\/15\/2014\/08\/Decreto-Federal-3179-99.pdf\">Decreto Federal 3179\/99<\/a><\/p>\n\n\n\n<p>Disp\u00f5e sobre a especifica\u00e7\u00e3o das san\u00e7\u00f5es aplic\u00e1veis \u00e0s condutas e atividades lesivas ao meio ambiente, e d\u00e1 outras provid\u00eancias.<\/p>\n\n\n\n<p><\/p>\n","protected":false},"excerpt":{"rendered":"<p>Atos Normativos Lei 8.858\/17 Pro\u00edbe queimadas, regula repara\u00e7\u00e3o do dano ambiental. Decreto 27.353\/18 Regulamenta a Lei Municipal n&#8217; 8.607, de 16 de mar\u00e7o de 2016, que criou o Programa &#8220;Nascentes Jundia\u00ed&#8221; Decreto 20.876\/07 Estabelece normas relativas \u00e0 expedi\u00e7\u00e3o de autoriza\u00e7\u00f5es ambientais para a realiza\u00e7\u00e3o de eventos no Territ\u00f3rio da Serra do Japi. Decreto 18.148\/01 Disp\u00f5e [&hellip;]<\/p>\n","protected":false},"author":5,"featured_media":0,"parent":82,"menu_order":0,"comment_status":"closed","ping_status":"closed","template":"","meta":{"footnotes":""},"class_list":["post-164","page","type-page","status-publish","hentry"],"_links":{"self":[{"href":"https:\/\/jundiai.sp.gov.br\/planejamento-e-meio-ambiente\/wp-json\/wp\/v2\/pages\/164","targetHints":{"allow":["GET"]}}],"collection":[{"href":"https:\/\/jundiai.sp.gov.br\/planejamento-e-meio-ambiente\/wp-json\/wp\/v2\/pages"}],"about":[{"href":"https:\/\/jundiai.sp.gov.br\/planejamento-e-meio-ambiente\/wp-json\/wp\/v2\/types\/page"}],"author":[{"embeddable":true,"href":"https:\/\/jundiai.sp.gov.br\/planejamento-e-meio-ambiente\/wp-json\/wp\/v2\/users\/5"}],"replies":[{"embeddable":true,"href":"https:\/\/jundiai.sp.gov.br\/planejamento-e-meio-ambiente\/wp-json\/wp\/v2\/comments?post=164"}],"version-history":[{"count":58,"href":"https:\/\/jundiai.sp.gov.br\/planejamento-e-meio-ambiente\/wp-json\/wp\/v2\/pages\/164\/revisions"}],"predecessor-version":[{"id":8213,"href":"https:\/\/jundiai.sp.gov.br\/planejamento-e-meio-ambiente\/wp-json\/wp\/v2\/pages\/164\/revisions\/8213"}],"up":[{"embeddable":true,"href":"https:\/\/jundiai.sp.gov.br\/planejamento-e-meio-ambiente\/wp-json\/wp\/v2\/pages\/82"}],"wp:attachment":[{"href":"https:\/\/jundiai.sp.gov.br\/planejamento-e-meio-ambiente\/wp-json\/wp\/v2\/media?parent=164"}],"curies":[{"name":"wp","href":"https:\/\/api.w.org\/{rel}","templated":true}]}}