{"id":166,"date":"2014-08-20T18:21:37","date_gmt":"2014-08-20T21:21:37","guid":{"rendered":"https:\/\/jundiai.sp.gov.br\/planejamento-e-meio-ambiente\/?page_id=166"},"modified":"2024-07-11T11:21:59","modified_gmt":"2024-07-11T14:21:59","slug":"leis-urbanisticas","status":"publish","type":"page","link":"https:\/\/jundiai.sp.gov.br\/planejamento-e-meio-ambiente\/legislacao\/leis-urbanisticas\/","title":{"rendered":"Leis Urban\u00edsticas"},"content":{"rendered":"\n<h3 class=\"wp-block-heading\">PLANO DIRETOR <\/h3>\n\n\n\n<p><strong><a href=\"https:\/\/planodiretor.jundiai.sp.gov.br\/forum-de-avaliacao-do-plano-diretor-2021\/\">F\u00f3rum de Avalia\u00e7\u00e3o do Plano Diretor&nbsp;<\/a><\/strong><\/p>\n\n\n\n<p><a href=\"https:\/\/jundiai.sp.gov.br\/planejamento-e-meio-ambiente\/wp-content\/uploads\/sites\/15\/2024\/07\/lei-9321-2019_consolidacao-junho2024.pdf\">Lei n\u00ba 9.321\/2019<\/a> \u2013 Plano Diretor do Munic\u00edpio de Jundia\u00ed<\/p>\n\n\n\n<p><a rel=\"noreferrer noopener\" href=\"https:\/\/jundiai.sp.gov.br\/planejamento-e-meio-ambiente\/wp-content\/uploads\/sites\/15\/2022\/08\/lei-9806-2022-original.pdf\" target=\"_blank\">Lei n\u00ba 9.806\/2022<\/a> &#8211; Altera a Lei 9.321\/2019 &#8211; Pol\u00edtica de produ\u00e7\u00e3o <br>de unidades habitacionais de interesse social<\/p>\n\n\n\n<p><a href=\"https:\/\/jundiai.sp.gov.br\/planejamento-e-meio-ambiente\/wp-content\/uploads\/sites\/15\/2022\/12\/lei_9-844.pdf\">Lei n\u00ba 9844\/2022<\/a> &#8211; Altera o Plano Diretor para incluir, dentre os objetivos e as diretrizes da Pol\u00edtica da Crian\u00e7a na Cidade, a garantia de inclus\u00e3o e acessibilidade de crian\u00e7as com defici\u00eancia \u00e0s pra\u00e7as, parques e espa\u00e7os p\u00fablicos.<\/p>\n\n\n\n<p><a href=\"https:\/\/sapl.jundiai.sp.leg.br\/pysc\/download_norma_pysc?cod_norma=20056&amp;texto_original=1\">Lei n\u00b0 10.177\/2024<\/a> &#8211; Altera a Lei 9.321\/2019, que revisou o Plano Diretor, para readequar disposi\u00e7\u00f5es sobre o ordenamento territorial do Munic\u00edpio, e dar outras&nbsp;provid\u00eancias.<\/p>\n\n\n\n<p><strong>Anexos 1<\/strong><\/p>\n\n\n\n<p><a href=\"https:\/\/jundiai.sp.gov.br\/planejamento-e-meio-ambiente\/wp-content\/uploads\/sites\/15\/2024\/06\/l-10177-24-mapa-01.pdf\">Lei 9.321\/2019 &#8211; Alterada pela L 10.177\/2024 &#8211; Mapa 01 &#8211; Macrozoneamento e Sistema H\u00eddrico&nbsp;<\/a><br><a href=\"https:\/\/jundiai.sp.gov.br\/planejamento-e-meio-ambiente\/wp-content\/uploads\/sites\/15\/2024\/06\/l-10177-24-mapa-02.pdf\">Lei 9.321\/2019 &#8211; Alterada pela L 10.177\/2024 &#8211; Mapa 02 &#8211; Zoneamento e Sistema Vi\u00e1rio<\/a><br><a href=\"https:\/\/jundiai.sp.gov.br\/planejamento-e-meio-ambiente\/wp-content\/uploads\/sites\/15\/2019\/11\/lei-9-321_2019-mapa-03_cadastro-historico-e-cultural-2.pdf\">Lei 9.321\/2019 &#8211; Mapa 03 &#8211; Cadastro Hist\u00f3rico e Cultural&nbsp;<\/a><br><a href=\"https:\/\/jundiai.sp.gov.br\/planejamento-e-meio-ambiente\/wp-content\/uploads\/sites\/15\/2019\/11\/lei-9-321_2019-mapa-04_-remanescentes-de-vegetacao-nativa-2.pdf\">Lei 9.321\/2019 &#8211; Mapa 04 &#8211; Remanescentes de Vegeta\u00e7\u00e3o Nativa&nbsp;<\/a><br><a href=\"https:\/\/jundiai.sp.gov.br\/planejamento-e-meio-ambiente\/wp-content\/uploads\/sites\/15\/2024\/06\/l-10177-24-mapa-02.pdf\">Lei 9.321\/2019 &#8211; Alterada pela L 10.177\/2024 &#8211; Mapa 05 &#8211; Cadastro Fundi\u00e1rio<\/a><br><a href=\"https:\/\/jundiai.sp.gov.br\/planejamento-e-meio-ambiente\/wp-content\/uploads\/sites\/15\/2024\/06\/l-10177-24-mapa-02.pdf\">Lei 9.321\/2019 &#8211; Alterada pela L 10.177\/2024 &#8211; Mapa 06 &#8211; Cadastro de Interesse Social<\/a><br><a href=\"https:\/\/jundiai.sp.gov.br\/planejamento-e-meio-ambiente\/wp-content\/uploads\/sites\/15\/2024\/06\/l-10177-24-mapa-07.pdf\">Lei 9.321\/2019 &#8211; Alterada pela L 10.177\/2024 &#8211; Mapa 07 &#8211; Direito de Preemp\u00e7\u00e3o<\/a><br><a href=\"https:\/\/jundiai.sp.gov.br\/planejamento-e-meio-ambiente\/wp-content\/uploads\/sites\/15\/2019\/11\/lei-9-321_2019-mapa-08_rede-cicloviaria-2-1.pdf\">Lei 9.321\/2019 &#8211; Mapa 08 &#8211; Rede Ciclovi\u00e1ria&nbsp;<\/a><br><a href=\"https:\/\/jundiai.sp.gov.br\/planejamento-e-meio-ambiente\/wp-content\/uploads\/sites\/15\/2019\/11\/lei-9-321_2019-mapa-09_divisao-regional-para-representacao-no-cmpt-2.pdf\">Lei 9.321\/2019 &#8211; Mapa 09 &#8211; Divis\u00e3o Regional para Representa\u00e7\u00e3o no CMPT<\/a><br><a href=\"https:\/\/jundiai.sp.gov.br\/planejamento-e-meio-ambiente\/wp-content\/uploads\/sites\/15\/2019\/11\/lei-9-321_2019-mapa-10_cadastro-do-espaco-aereo-2.pdf\">Lei 9.321\/2019 &#8211; Mapa 10 &#8211;&nbsp; Cadastro do Espa\u00e7o A\u00e9reo<\/a><\/p>\n\n\n\n<p><strong>Anexos 2<\/strong><\/p>\n\n\n\n<p><a href=\"https:\/\/jundiai.sp.gov.br\/planejamento-e-meio-ambiente\/wp-content\/uploads\/sites\/15\/2024\/06\/l-10177-24-anexoii-quadro-i.pdf\">Lei n\u00ba 9.321\/2019 &#8211; Alterada pela L 10.177\/2024 &#8211;  anexo II &#8211; quadro 1 &#8211; Permissibilidade de Usos<\/a><br><a href=\"https:\/\/jundiai.sp.gov.br\/planejamento-e-meio-ambiente\/wp-content\/uploads\/sites\/15\/2019\/11\/lei-9-321_2019-anexo-ii-quadro-ii-economia-criativa-1.pdf\">Lei n\u00ba 9.321\/2019 &#8211; anexo II &#8211; quadro 2 &#8211; Economia Criativa<\/a><br><a href=\"https:\/\/jundiai.sp.gov.br\/planejamento-e-meio-ambiente\/wp-content\/uploads\/sites\/15\/2024\/06\/l-10177-24-anexoii-quadro-ii-b-1.pdf\">Lei n\u00ba 9.321\/2019 &#8211; Alterada pela L 10.177\/2024 &#8211; anexo II &#8211; quadro 2.B &#8211; Economia Criativa<\/a><br><a href=\"https:\/\/jundiai.sp.gov.br\/planejamento-e-meio-ambiente\/wp-content\/uploads\/sites\/15\/2019\/11\/lei-9-321_2019-anexo-ii-quadro-iii-vagas-de-estacionamento-1.pdf\">Lei n\u00ba 9.321\/2019 &#8211; anexo II &#8211; quadro 3 &#8211; Vagas de Estacionamento<\/a><\/p>\n\n\n\n<p><strong>Anexo 3<\/strong><\/p>\n\n\n\n<p><a href=\"https:\/\/jundiai.sp.gov.br\/planejamento-e-meio-ambiente\/wp-content\/uploads\/sites\/15\/2022\/07\/glossario.pdf\">Gloss\u00e1rio <\/a><\/p>\n\n\n\n<h3 class=\"wp-block-heading\">PLANO DE BAIRRO&nbsp;<\/h3>\n\n\n\n<p><a href=\"https:\/\/jundiai.sp.gov.br\/planejamento-e-meio-ambiente\/planos\/plano-de-bairro\/\">Plano de Bairro<\/a><\/p>\n\n\n\n<h3 class=\"wp-block-heading\"><br>OUTRAS LEIS\u00a0<\/h3>\n\n\n\n<p><a href=\"https:\/\/sapl.jundiai.sp.leg.br\/sapl_documentos\/norma_juridica\/18364_texto_integral.pdf\">Decreto n\u00ba 29.163\/2020<\/a><br>Procedimentos para transfer\u00eancia do Direito de Construir<\/p>\n\n\n\n<p><a href=\"https:\/\/jundiai.sp.gov.br\/planejamento-e-meio-ambiente\/wp-content\/uploads\/sites\/15\/2022\/06\/lei-8758-de-18-de-janeiro-de-2017.pdf\">Lei n\u00ba 8.758\/2017<\/a><br>Autoriza fechamento de ruas se sa\u00edda, vilas e loteamentos, nas condi\u00e7\u00f5es que especifica<\/p>\n\n\n\n<p><a href=\"https:\/\/jundiai.sp.gov.br\/planejamento-e-meio-ambiente\/wp-content\/uploads\/sites\/15\/2022\/06\/decreto-30-641.pdf\">Decreto 30.641\/21<\/a><br>Regulamenta as disposi\u00e7\u00f5es previstas na Lei Municipal n\u00ba 8.758, de 18 de janeiro de 2017<\/p>\n\n\n\n<p><a href=\"https:\/\/jundiai.sp.gov.br\/planejamento-e-meio-ambiente\/wp-content\/uploads\/sites\/15\/2014\/08\/Lei-Complementar-461-08.zip\">Lei Complementar n\u00ba 461\/08<\/a><br>Divide todo territ\u00f3rio do munic\u00edpio em bairros e regi\u00f5es de planejamento<\/p>\n\n\n\n<p><a href=\"https:\/\/jundiai.sp.gov.br\/planejamento-e-meio-ambiente\/nove-de-julho\/\" target=\"_blank\" rel=\"noopener noreferrer\">Decreto n\u00ba 17.586\/99<\/a><br>Avenida Nove de Julho, \u00e1reas abrangidas, anexos e modelos<\/p>\n\n\n\n<p><a href=\"https:\/\/jundiai.sp.gov.br\/planejamento-e-meio-ambiente\/telefonia-celular\/\" target=\"_blank\" rel=\"noopener noreferrer\">Lei n\u00ba 430\/05 e Decreto<\/a><br>Telefonia Celular, anexos e fluxograma<\/p>\n\n\n\n<p><a href=\"https:\/\/jundiai.sp.gov.br\/planejamento-e-meio-ambiente\/wp-content\/uploads\/sites\/15\/2014\/08\/Lei-Federal-10257-01.pdf\">Lei Federal n\u00ba 10.257\/01<\/a><br>Estatuto da Cidade, regulamenta os arts. 182 e 183 da Constitui\u00e7\u00e3o Federal, estabelece diretrizes gerais da pol\u00edtica urbana e d\u00e1 outras provid\u00eancias.<\/p>\n\n\n\n<p><a href=\"https:\/\/jundiai.sp.gov.br\/planejamento-e-meio-ambiente\/wp-content\/uploads\/sites\/15\/2014\/08\/Lei-6.984-07.pdf\">Lei n\u00ba 6.984\/07<\/a><br>Fixa de crit\u00e9rios para execu\u00e7\u00e3o e manuten\u00e7\u00e3o de cal\u00e7adas; e revoga dispositivos da Lei 3.705\/91.<\/p>\n\n\n\n<p><a href=\"https:\/\/jundiai.sp.gov.br\/planejamento-e-meio-ambiente\/wp-content\/uploads\/sites\/15\/2014\/08\/Lei-7.179-2008.pdf\">Lei n\u00ba 7.179\/2008<\/a><br>Altera a lei 6.984\/07 (Execu\u00e7\u00e3o e Manuten\u00e7\u00e3o de Cal\u00e7adas)<\/p>\n\n\n\n<p><a href=\"https:\/\/jundiai.sp.gov.br\/planejamento-e-meio-ambiente\/wp-content\/uploads\/sites\/15\/2014\/08\/Decreto-21.643-09.pdf\">Decreto n\u00ba 21.643\/09<\/a><br>Estabelece normas complementares para execu\u00e7\u00e3o e reforma de cal\u00e7adas<\/p>\n\n\n\n<p><a href=\"https:\/\/jundiai.sp.gov.br\/planejamento-e-meio-ambiente\/wp-content\/uploads\/sites\/15\/2014\/08\/Decreto-21.734-09.pdf\">Decreto n\u00ba 21.734\/09<\/a><br>Substitui o artigo 12 do Decreto 21.643\/09<\/p>\n\n\n\n<p><\/p>\n\n\n\n<p><\/p>\n\n\n\n<p><\/p>\n","protected":false},"excerpt":{"rendered":"<p>PLANO DIRETOR F\u00f3rum de Avalia\u00e7\u00e3o do Plano Diretor&nbsp; Lei n\u00ba 9.321\/2019 \u2013 Plano Diretor do Munic\u00edpio de Jundia\u00ed Lei n\u00ba 9.806\/2022 &#8211; Altera a Lei 9.321\/2019 &#8211; Pol\u00edtica de produ\u00e7\u00e3o de unidades habitacionais de interesse social Lei n\u00ba 9844\/2022 &#8211; Altera o Plano Diretor para incluir, dentre os objetivos e as diretrizes da Pol\u00edtica da [&hellip;]<\/p>\n","protected":false},"author":5,"featured_media":0,"parent":82,"menu_order":0,"comment_status":"closed","ping_status":"closed","template":"","meta":{"footnotes":""},"class_list":["post-166","page","type-page","status-publish","hentry"],"_links":{"self":[{"href":"https:\/\/jundiai.sp.gov.br\/planejamento-e-meio-ambiente\/wp-json\/wp\/v2\/pages\/166","targetHints":{"allow":["GET"]}}],"collection":[{"href":"https:\/\/jundiai.sp.gov.br\/planejamento-e-meio-ambiente\/wp-json\/wp\/v2\/pages"}],"about":[{"href":"https:\/\/jundiai.sp.gov.br\/planejamento-e-meio-ambiente\/wp-json\/wp\/v2\/types\/page"}],"author":[{"embeddable":true,"href":"https:\/\/jundiai.sp.gov.br\/planejamento-e-meio-ambiente\/wp-json\/wp\/v2\/users\/5"}],"replies":[{"embeddable":true,"href":"https:\/\/jundiai.sp.gov.br\/planejamento-e-meio-ambiente\/wp-json\/wp\/v2\/comments?post=166"}],"version-history":[{"count":43,"href":"https:\/\/jundiai.sp.gov.br\/planejamento-e-meio-ambiente\/wp-json\/wp\/v2\/pages\/166\/revisions"}],"predecessor-version":[{"id":7272,"href":"https:\/\/jundiai.sp.gov.br\/planejamento-e-meio-ambiente\/wp-json\/wp\/v2\/pages\/166\/revisions\/7272"}],"up":[{"embeddable":true,"href":"https:\/\/jundiai.sp.gov.br\/planejamento-e-meio-ambiente\/wp-json\/wp\/v2\/pages\/82"}],"wp:attachment":[{"href":"https:\/\/jundiai.sp.gov.br\/planejamento-e-meio-ambiente\/wp-json\/wp\/v2\/media?parent=166"}],"curies":[{"name":"wp","href":"https:\/\/api.w.org\/{rel}","templated":true}]}}