{"id":168,"date":"2014-08-20T18:21:49","date_gmt":"2014-08-20T21:21:49","guid":{"rendered":"https:\/\/jundiai.sp.gov.br\/planejamento-e-meio-ambiente\/?page_id=168"},"modified":"2014-09-19T09:49:42","modified_gmt":"2014-09-19T12:49:42","slug":"leis-de-regularizacao-fundiaria","status":"publish","type":"page","link":"https:\/\/jundiai.sp.gov.br\/planejamento-e-meio-ambiente\/legislacao\/leis-de-regularizacao-fundiaria\/","title":{"rendered":"Leis de Regulariza\u00e7\u00e3o Fundi\u00e1ria"},"content":{"rendered":"<p><strong>Atos Normativos<\/strong><\/p>\n<p><a href=\"https:\/\/jundiai.sp.gov.br\/planejamento-e-meio-ambiente\/wp-content\/uploads\/sites\/15\/2014\/08\/Lei-Federal-6.766-79.pdf\">Lei Federal 6.766\/79<\/a><br \/>\nDisp\u00f5e sobre parcelamento do solo urbano e d\u00e1 outras provid\u00eancias<\/p>\n<p><a href=\"https:\/\/jundiai.sp.gov.br\/planejamento-e-meio-ambiente\/wp-content\/uploads\/sites\/15\/2014\/08\/Lei-Complementar-144-95.pdf\">Lei Complementar 144\/95<\/a><br \/>\nAutoriza a regulariza\u00e7\u00e3o de parcelamentos do solo no Munic\u00edpio<\/p>\n<p><a href=\"https:\/\/jundiai.sp.gov.br\/planejamento-e-meio-ambiente\/wp-content\/uploads\/sites\/15\/2014\/08\/Lei-Complementar-358-02.pdf\">Lei Complementar 358\/02<\/a><br \/>\nDisciplina a regulariza\u00e7\u00e3o de parcelamentos do solo e d\u00e1 outras provid\u00eancias<\/p>\n<p><a href=\"https:\/\/jundiai.sp.gov.br\/planejamento-e-meio-ambiente\/wp-content\/uploads\/sites\/15\/2014\/08\/Lei-Federal-11.977-09.pdf\">Lei Federal 11.977\/09<\/a><br \/>\nDisp\u00f5e sobre o Programa Minha Casa, Minha Vida e a regulariza\u00e7\u00e3o fundi\u00e1ria de assentamentos em \u00e1reas urbanas<\/p>\n<p><a href=\"https:\/\/jundiai.sp.gov.br\/planejamento-e-meio-ambiente\/wp-content\/uploads\/sites\/15\/2014\/08\/Provimento-CG-21-13.pdf\">Provimento CG 21\/13<\/a><br \/>\nModifica parte das Normas de Servi\u00e7o da Corregedoria Geral da Justi\u00e7a, que versa sobre a Regulariza\u00e7\u00e3o Fundi\u00e1ria<\/p>\n","protected":false},"excerpt":{"rendered":"<p>Atos Normativos Lei Federal 6.766\/79 Disp\u00f5e sobre parcelamento do solo urbano e d\u00e1 outras provid\u00eancias Lei Complementar 144\/95 Autoriza a regulariza\u00e7\u00e3o de parcelamentos do solo no Munic\u00edpio Lei Complementar 358\/02 Disciplina a regulariza\u00e7\u00e3o de parcelamentos do solo e d\u00e1 outras provid\u00eancias Lei Federal 11.977\/09 Disp\u00f5e sobre o Programa Minha Casa, Minha Vida e a regulariza\u00e7\u00e3o [&hellip;]<\/p>\n","protected":false},"author":11,"featured_media":0,"parent":82,"menu_order":0,"comment_status":"closed","ping_status":"closed","template":"","meta":{"footnotes":""},"class_list":["post-168","page","type-page","status-publish","hentry"],"_links":{"self":[{"href":"https:\/\/jundiai.sp.gov.br\/planejamento-e-meio-ambiente\/wp-json\/wp\/v2\/pages\/168","targetHints":{"allow":["GET"]}}],"collection":[{"href":"https:\/\/jundiai.sp.gov.br\/planejamento-e-meio-ambiente\/wp-json\/wp\/v2\/pages"}],"about":[{"href":"https:\/\/jundiai.sp.gov.br\/planejamento-e-meio-ambiente\/wp-json\/wp\/v2\/types\/page"}],"author":[{"embeddable":true,"href":"https:\/\/jundiai.sp.gov.br\/planejamento-e-meio-ambiente\/wp-json\/wp\/v2\/users\/11"}],"replies":[{"embeddable":true,"href":"https:\/\/jundiai.sp.gov.br\/planejamento-e-meio-ambiente\/wp-json\/wp\/v2\/comments?post=168"}],"version-history":[{"count":2,"href":"https:\/\/jundiai.sp.gov.br\/planejamento-e-meio-ambiente\/wp-json\/wp\/v2\/pages\/168\/revisions"}],"predecessor-version":[{"id":1077,"href":"https:\/\/jundiai.sp.gov.br\/planejamento-e-meio-ambiente\/wp-json\/wp\/v2\/pages\/168\/revisions\/1077"}],"up":[{"embeddable":true,"href":"https:\/\/jundiai.sp.gov.br\/planejamento-e-meio-ambiente\/wp-json\/wp\/v2\/pages\/82"}],"wp:attachment":[{"href":"https:\/\/jundiai.sp.gov.br\/planejamento-e-meio-ambiente\/wp-json\/wp\/v2\/media?parent=168"}],"curies":[{"name":"wp","href":"https:\/\/api.w.org\/{rel}","templated":true}]}}