{"id":172,"date":"2014-08-21T10:11:59","date_gmt":"2014-08-21T13:11:59","guid":{"rendered":"https:\/\/jundiai.sp.gov.br\/planejamento-e-meio-ambiente\/?page_id=172"},"modified":"2014-12-19T17:21:36","modified_gmt":"2014-12-19T19:21:36","slug":"governo","status":"publish","type":"page","link":"https:\/\/jundiai.sp.gov.br\/planejamento-e-meio-ambiente\/links\/governo\/","title":{"rendered":"Governo"},"content":{"rendered":"<table>\n<tbody>\n<tr>\n<td>\n<ul>\n<li><a href=\"http:\/\/www.mma.gov.br\/\" target=\"_blank\">Minist\u00e9rio do Meio Ambiente<\/a><\/li>\n<li><a href=\"http:\/\/www.agricultura.gov.br\/\" target=\"_blank\">Minist\u00e9rio da Agricultura<\/a><\/li>\n<li><a href=\"http:\/\/www.mct.gov.br\/\" target=\"_blank\">Minist\u00e9rio da Ci\u00eancia e Tecnologia<\/a><\/li>\n<li><a href=\"http:\/\/www.mec.gov.br\/\" target=\"_blank\">Minist\u00e9rio da Educa\u00e7\u00e3o<\/a><\/li>\n<li><a href=\"http:\/\/www.mme.gov.br\/\" target=\"_blank\">Minist\u00e9rio das Minas e Energia<\/a><\/li>\n<li><a href=\"http:\/\/www.cprm.gov.br\/\" target=\"_blank\">Servi\u00e7o Geol\u00f3gico do Brasil<\/a><\/li>\n<li><a href=\"http:\/\/www.ana.gov.br\/\" target=\"_blank\">Ag\u00eancia N\u00e1cional de \u00c1guas<\/a><\/li>\n<\/ul>\n<\/td>\n<td>\n<ul>\n<li><a href=\"http:\/\/www.ambiente.sp.gov.br\/\" target=\"_blank\">Secretaria de Estado de Meio Ambiente<\/a><\/li>\n<li><a href=\"http:\/\/www.cetesb.sp.gov.br\/\" target=\"_blank\">CETESB<\/a><\/li>\n<li><a href=\"http:\/\/www.emplasa.sp.gov.br\/\" target=\"_blank\">EMPLASA<\/a><\/li>\n<li><a href=\"http:\/\/www.seade.sp.gov.br\/\" target=\"_blank\">SEADE<\/a><\/li>\n<li><a href=\"http:\/\/www.ibge.gov.br\/\" target=\"_blank\">Instituto Brasileiro de Geografia e Estat\u00edstica<\/a><\/li>\n<li><a href=\"http:\/\/www.ipea.gov.br\/\" target=\"_blank\">Instituto de Pesquisa Econ\u00f4mica Aplicada<\/a><\/li>\n<\/ul>\n<\/td>\n<\/tr>\n<\/tbody>\n<\/table>\n","protected":false},"excerpt":{"rendered":"<p>Minist\u00e9rio do Meio Ambiente Minist\u00e9rio da Agricultura Minist\u00e9rio da Ci\u00eancia e Tecnologia Minist\u00e9rio da Educa\u00e7\u00e3o Minist\u00e9rio das Minas e Energia Servi\u00e7o Geol\u00f3gico do Brasil Ag\u00eancia N\u00e1cional de \u00c1guas Secretaria de Estado de Meio Ambiente CETESB EMPLASA SEADE Instituto Brasileiro de Geografia e Estat\u00edstica Instituto de Pesquisa Econ\u00f4mica Aplicada<\/p>\n","protected":false},"author":11,"featured_media":0,"parent":170,"menu_order":0,"comment_status":"closed","ping_status":"closed","template":"","meta":{"footnotes":""},"class_list":["post-172","page","type-page","status-publish","hentry"],"_links":{"self":[{"href":"https:\/\/jundiai.sp.gov.br\/planejamento-e-meio-ambiente\/wp-json\/wp\/v2\/pages\/172","targetHints":{"allow":["GET"]}}],"collection":[{"href":"https:\/\/jundiai.sp.gov.br\/planejamento-e-meio-ambiente\/wp-json\/wp\/v2\/pages"}],"about":[{"href":"https:\/\/jundiai.sp.gov.br\/planejamento-e-meio-ambiente\/wp-json\/wp\/v2\/types\/page"}],"author":[{"embeddable":true,"href":"https:\/\/jundiai.sp.gov.br\/planejamento-e-meio-ambiente\/wp-json\/wp\/v2\/users\/11"}],"replies":[{"embeddable":true,"href":"https:\/\/jundiai.sp.gov.br\/planejamento-e-meio-ambiente\/wp-json\/wp\/v2\/comments?post=172"}],"version-history":[{"count":3,"href":"https:\/\/jundiai.sp.gov.br\/planejamento-e-meio-ambiente\/wp-json\/wp\/v2\/pages\/172\/revisions"}],"predecessor-version":[{"id":1325,"href":"https:\/\/jundiai.sp.gov.br\/planejamento-e-meio-ambiente\/wp-json\/wp\/v2\/pages\/172\/revisions\/1325"}],"up":[{"embeddable":true,"href":"https:\/\/jundiai.sp.gov.br\/planejamento-e-meio-ambiente\/wp-json\/wp\/v2\/pages\/170"}],"wp:attachment":[{"href":"https:\/\/jundiai.sp.gov.br\/planejamento-e-meio-ambiente\/wp-json\/wp\/v2\/media?parent=172"}],"curies":[{"name":"wp","href":"https:\/\/api.w.org\/{rel}","templated":true}]}}