{"id":174,"date":"2014-08-21T10:12:18","date_gmt":"2014-08-21T13:12:18","guid":{"rendered":"https:\/\/jundiai.sp.gov.br\/planejamento-e-meio-ambiente\/?page_id=174"},"modified":"2014-09-29T10:59:27","modified_gmt":"2014-09-29T13:59:27","slug":"ongs","status":"publish","type":"page","link":"https:\/\/jundiai.sp.gov.br\/planejamento-e-meio-ambiente\/links\/ongs\/","title":{"rendered":"ONG&#8217;s"},"content":{"rendered":"<table>\n<tbody>\n<tr>\n<td>\n<ul>\n<li><a href=\"http:\/\/www.bdt.org.br\/\" target=\"_blank\">Base de Dados Tropical<\/a><\/li>\n<li><a href=\"http:\/\/www.ecobrasil.org.br\/\" target=\"_blank\">Ecobrail<\/a><\/li>\n<li><a href=\"http:\/\/www.fbpn.org.br\/\" target=\"_blank\">Funda\u00e7\u00e3o Botic\u00e1rio de Prote\u00e7\u00e3o a Naturesa<\/a><\/li>\n<li><a href=\"http:\/\/www.greenpeace.org.br\/\" target=\"_blank\">Greenpace Brasil<\/a><\/li>\n<li><a href=\"http:\/\/www.ecoar.org.br\/\" target=\"_blank\">Instituto Ecoar para a Cidadania<\/a><\/li>\n<\/ul>\n<\/td>\n<td>\n<ul>\n<li><a href=\"http:\/\/www.agirazul.com.br\/\" target=\"_blank\">Pangea\/AgirAzul<\/a><\/li>\n<li><a href=\"http:\/\/www.patrulhaecologica.org.br\/\" target=\"_blank\">Patrulha Ecol\u00f3gica<\/a><\/li>\n<li><a href=\"http:\/\/www.redeambiente.org.br\/\" target=\"_blank\">Rede Ambiente<\/a><\/li>\n<li><a href=\"http:\/\/www.wwf.org\/\" target=\"_blank\">WWWF<\/a><\/li>\n<\/ul>\n<\/td>\n<\/tr>\n<\/tbody>\n<\/table>\n","protected":false},"excerpt":{"rendered":"<p>Base de Dados Tropical Ecobrail Funda\u00e7\u00e3o Botic\u00e1rio de Prote\u00e7\u00e3o a Naturesa Greenpace Brasil Instituto Ecoar para a Cidadania Pangea\/AgirAzul Patrulha Ecol\u00f3gica Rede Ambiente WWWF<\/p>\n","protected":false},"author":11,"featured_media":0,"parent":170,"menu_order":0,"comment_status":"closed","ping_status":"closed","template":"","meta":{"footnotes":""},"class_list":["post-174","page","type-page","status-publish","hentry"],"_links":{"self":[{"href":"https:\/\/jundiai.sp.gov.br\/planejamento-e-meio-ambiente\/wp-json\/wp\/v2\/pages\/174","targetHints":{"allow":["GET"]}}],"collection":[{"href":"https:\/\/jundiai.sp.gov.br\/planejamento-e-meio-ambiente\/wp-json\/wp\/v2\/pages"}],"about":[{"href":"https:\/\/jundiai.sp.gov.br\/planejamento-e-meio-ambiente\/wp-json\/wp\/v2\/types\/page"}],"author":[{"embeddable":true,"href":"https:\/\/jundiai.sp.gov.br\/planejamento-e-meio-ambiente\/wp-json\/wp\/v2\/users\/11"}],"replies":[{"embeddable":true,"href":"https:\/\/jundiai.sp.gov.br\/planejamento-e-meio-ambiente\/wp-json\/wp\/v2\/comments?post=174"}],"version-history":[{"count":3,"href":"https:\/\/jundiai.sp.gov.br\/planejamento-e-meio-ambiente\/wp-json\/wp\/v2\/pages\/174\/revisions"}],"predecessor-version":[{"id":1291,"href":"https:\/\/jundiai.sp.gov.br\/planejamento-e-meio-ambiente\/wp-json\/wp\/v2\/pages\/174\/revisions\/1291"}],"up":[{"embeddable":true,"href":"https:\/\/jundiai.sp.gov.br\/planejamento-e-meio-ambiente\/wp-json\/wp\/v2\/pages\/170"}],"wp:attachment":[{"href":"https:\/\/jundiai.sp.gov.br\/planejamento-e-meio-ambiente\/wp-json\/wp\/v2\/media?parent=174"}],"curies":[{"name":"wp","href":"https:\/\/api.w.org\/{rel}","templated":true}]}}