{"id":179,"date":"2014-08-21T10:28:36","date_gmt":"2014-08-21T13:28:36","guid":{"rendered":"https:\/\/jundiai.sp.gov.br\/planejamento-e-meio-ambiente\/?page_id=179"},"modified":"2025-10-22T14:13:05","modified_gmt":"2025-10-22T17:13:05","slug":"mapas","status":"publish","type":"page","link":"https:\/\/jundiai.sp.gov.br\/planejamento-e-meio-ambiente\/servicos-online\/mapas\/","title":{"rendered":"Mapas em PDF"},"content":{"rendered":"\n<p><a href=\"https:\/\/jundiai.sp.gov.br\/planejamento-e-meio-ambiente\/wp-content\/uploads\/sites\/15\/2014\/08\/Mapa-de-Abairramento-53MB.pdf\" target=\"_blank\" rel=\"noopener noreferrer\">Abairramento<\/a><\/p>\n\n\n\n<div class=\"wp-block-file\"><a id=\"wp-block-file--media-d99e0496-f0fb-453e-8a6b-1b97163c2863\" href=\"https:\/\/jundiai.sp.gov.br\/planejamento-e-meio-ambiente\/wp-content\/uploads\/sites\/15\/2025\/10\/a0-abairramentoregioes-e-arruamento.pdf\" target=\"_blank\" rel=\"noreferrer noopener\">Abairramento e Arruamento<\/a><\/div>\n\n\n\n<p><a href=\"https:\/\/jundiai.sp.gov.br\/planejamento-e-meio-ambiente\/wp-content\/uploads\/sites\/15\/2014\/08\/Acessos.pdf\" target=\"_blank\" rel=\"noopener noreferrer\">Acessos<\/a><\/p>\n\n\n\n<p><a href=\"https:\/\/jundiai.sp.gov.br\/planejamento-e-meio-ambiente\/wp-content\/uploads\/sites\/15\/2014\/08\/APA_Jdi_Final.pdf\">APA Jundia\u00ed<\/a><\/p>\n\n\n\n<p><a href=\"https:\/\/jundiai.sp.gov.br\/planejamento-e-meio-ambiente\/wp-content\/uploads\/sites\/15\/2024\/07\/a0-arruamento.pdf\">Arruamento<\/a><\/p>\n\n\n\n<p><a href=\"https:\/\/jundiai.sp.gov.br\/planejamento-e-meio-ambiente\/wp-content\/uploads\/sites\/15\/2014\/08\/Evolu\u00e7\u00e3o-Hist\u00f3rica.pdf\" target=\"_blank\" rel=\"noopener noreferrer\">Evolu\u00e7\u00e3o Hist\u00f3rica<\/a><\/p>\n\n\n\n<p><a href=\"https:\/\/jundiai.sp.gov.br\/planejamento-e-meio-ambiente\/wp-content\/uploads\/sites\/15\/2014\/08\/Inser\u00e7\u00e3o-Regional.pdf\" target=\"_blank\" rel=\"noopener noreferrer\">Inser\u00e7\u00e3o Regional<\/a><\/p>\n\n\n\n<p><a href=\"https:\/\/jundiai.sp.gov.br\/planejamento-e-meio-ambiente\/plano-diretor-e-zoneamento\/\" target=\"_blank\" rel=\"noopener noreferrer\">Plano Diretor e Zoneamento<\/a><\/p>\n\n\n\n<p><a href=\"https:\/\/jundiai.sp.gov.br\/planejamento-e-meio-ambiente\/plano-diretor-e-zoneamento\/\" target=\"_blank\" rel=\"noopener noreferrer\">Prote\u00e7\u00e3o da Serra<\/a><\/p>\n\n\n\n<p><a href=\"https:\/\/jundiai.sp.gov.br\/planejamento-e-meio-ambiente\/wp-content\/uploads\/sites\/15\/2014\/08\/Recursos-H\u00eddricos.pdf\" target=\"_blank\" rel=\"noopener noreferrer\">Recursos H\u00eddricos<\/a><\/p>\n\n\n\n<p><a href=\"https:\/\/jundiai.sp.gov.br\/planejamento-e-meio-ambiente\/wp-content\/uploads\/sites\/15\/2014\/08\/Regi\u00e3o-de-Governo.pdf\" target=\"_blank\" rel=\"noopener noreferrer\">Regi\u00e3o de Governo<\/a><\/p>\n\n\n\n<p><b>Base Cartogr\u00e1fica Jundia\u00ed 2012 (formato DWG)&nbsp;<\/b><br>\nDatum SIRGAS2000<br>\n<a href=\"https:\/\/jundiai.sp.gov.br\/planejamento-e-meio-ambiente\/wp-content\/uploads\/sites\/15\/2019\/05\/aeroporto_helipontos.zip\">&#8211; aeroporto helipontos<\/a><br>\n<a href=\"https:\/\/jundiai.sp.gov.br\/planejamento-e-meio-ambiente\/wp-content\/uploads\/sites\/15\/2019\/05\/barragens.zip\">&#8211; barragens<\/a><br>\n<a href=\"https:\/\/jundiai.sp.gov.br\/planejamento-e-meio-ambiente\/wp-content\/uploads\/sites\/15\/2019\/05\/canais_valas.zip\">&#8211; canais_valas<\/a><br>\n<a href=\"https:\/\/jundiai.sp.gov.br\/planejamento-e-meio-ambiente\/wp-content\/uploads\/sites\/15\/2019\/05\/curvas_nivel.zip\">&#8211; curvas_nivel<\/a><br>\n<a href=\"https:\/\/jundiai.sp.gov.br\/planejamento-e-meio-ambiente\/wp-content\/uploads\/sites\/15\/2019\/05\/edificacoes.zip\">&#8211; edifica\u00e7\u00f5es<\/a><br>\n<a href=\"https:\/\/jundiai.sp.gov.br\/planejamento-e-meio-ambiente\/wp-content\/uploads\/sites\/15\/2019\/05\/estradas_rodovias.zip\">&#8211; estradas rodovias<\/a><br>\n<a href=\"https:\/\/jundiai.sp.gov.br\/planejamento-e-meio-ambiente\/wp-content\/uploads\/sites\/15\/2019\/05\/ferrovia.zip\">&#8211; ferrovia<\/a><br>\n<a href=\"https:\/\/jundiai.sp.gov.br\/planejamento-e-meio-ambiente\/wp-content\/uploads\/sites\/15\/2019\/05\/lagos_lagoas.zip\">&#8211; lagos lagoas<\/a><br>\n<a href=\"https:\/\/jundiai.sp.gov.br\/planejamento-e-meio-ambiente\/wp-content\/uploads\/sites\/15\/2019\/05\/limite_municipio.zip\">&#8211; limite munic\u00edpio<\/a><br>\n<a href=\"https:\/\/jundiai.sp.gov.br\/planejamento-e-meio-ambiente\/wp-content\/uploads\/sites\/15\/2019\/05\/linhas_transmissao.zip\">&#8211; linhas transmiss\u00e3o<\/a><br>\n<a href=\"https:\/\/jundiai.sp.gov.br\/planejamento-e-meio-ambiente\/wp-content\/uploads\/sites\/15\/2019\/05\/passarelas.zip\">&#8211; passarelas<\/a><br>\n<a href=\"https:\/\/jundiai.sp.gov.br\/planejamento-e-meio-ambiente\/wp-content\/uploads\/sites\/15\/2019\/05\/pedreiras_mineracao.zip\">&#8211; pedreiras minera\u00e7\u00e3o<\/a><br>\n<a href=\"https:\/\/jundiai.sp.gov.br\/planejamento-e-meio-ambiente\/wp-content\/uploads\/sites\/15\/2019\/05\/piscinas.zip\">&#8211; piscinas<\/a><br>\n<a href=\"https:\/\/jundiai.sp.gov.br\/planejamento-e-meio-ambiente\/wp-content\/uploads\/sites\/15\/2019\/05\/pontes_viadutos.zip\">&#8211; pontes viadutos<\/a><br>\n<a href=\"https:\/\/jundiai.sp.gov.br\/planejamento-e-meio-ambiente\/wp-content\/uploads\/sites\/15\/2019\/05\/reservatorios.zip\">&#8211; reservat\u00f3rios<\/a><br>\n<a href=\"https:\/\/jundiai.sp.gov.br\/planejamento-e-meio-ambiente\/wp-content\/uploads\/sites\/15\/2019\/05\/riachos_corregos.zip\">&#8211; riachos c\u00f3rregos<\/a><br>\n<a href=\"https:\/\/jundiai.sp.gov.br\/planejamento-e-meio-ambiente\/wp-content\/uploads\/sites\/15\/2019\/05\/rio_principal.zip\">&#8211; rio principal<\/a><br>\n<a href=\"https:\/\/jundiai.sp.gov.br\/planejamento-e-meio-ambiente\/wp-content\/uploads\/sites\/15\/2019\/05\/vegetacao_arborea.zip\">&#8211; vegeta\u00e7\u00e3o arborea<\/a><br>\n<a href=\"https:\/\/jundiai.sp.gov.br\/planejamento-e-meio-ambiente\/wp-content\/uploads\/sites\/15\/2019\/05\/valas_canais.zip\">&#8211; valas canais<\/a><br>\n<a href=\"https:\/\/jundiai.sp.gov.br\/planejamento-e-meio-ambiente\/wp-content\/uploads\/sites\/15\/2019\/05\/vias_nao_pavimentada.zip\">&#8211; vias n\u00e3o pavimentada<\/a><br>\n<a href=\"https:\/\/jundiai.sp.gov.br\/planejamento-e-meio-ambiente\/wp-content\/uploads\/sites\/15\/2019\/05\/vias_pavimentadas.zip\">&#8211; vias pavimentadas<\/a><\/p>\n\n\n\n<p><b><strong>Base Cartogr\u00e1fica Jundia\u00ed 1993 (formato DWG)<br>\n<\/strong><\/b>Datum SAD 69 Cl\u00e1ssico<\/p>\n\n\n\n<p><a href=\"https:\/\/jundiai.sp.gov.br\/planejamento-e-meio-ambiente\/wp-content\/uploads\/sites\/15\/2014\/08\/001-VI-Vias_Pavimentadas_COM_Meio_Fio.zip\" target=\"_blank\" rel=\"noopener noreferrer\">001 &#8211; VI &#8211; Vias Pavimentadas Com Meio Fio<\/a><\/p>\n\n\n\n<p><a href=\"https:\/\/jundiai.sp.gov.br\/planejamento-e-meio-ambiente\/wp-content\/uploads\/sites\/15\/2014\/08\/002-VI-Vias_Pavimentadas_SEM_Meio_Fio.zip\" target=\"_blank\" rel=\"noopener noreferrer\">002 &#8211; VI Vias Pavimentadas Sem Meio Fio<\/a><\/p>\n\n\n\n<p><a href=\"https:\/\/jundiai.sp.gov.br\/planejamento-e-meio-ambiente\/wp-content\/uploads\/sites\/15\/2014\/08\/003-VI-Vias_NAO_Pavimentadas_COM_Meio_Fio.zip\" target=\"_blank\" rel=\"noopener noreferrer\">003 &#8211; VI &#8211; Vias N\u00e3o Pavimentadas Com Meio Fio<\/a><\/p>\n\n\n\n<p><a href=\"https:\/\/jundiai.sp.gov.br\/planejamento-e-meio-ambiente\/wp-content\/uploads\/sites\/15\/2014\/08\/004-VI-Vias_NAO_Pavimentadas_SEM_Meio_Fio.zip\" target=\"_blank\" rel=\"noopener noreferrer\">004 &#8211; VI &#8211; Vias N\u00e3o Pavimentadas Sem Meio Fio<\/a><\/p>\n\n\n\n<p><a href=\"https:\/\/jundiai.sp.gov.br\/planejamento-e-meio-ambiente\/wp-content\/uploads\/sites\/15\/2014\/08\/005-VI-Vias_Projetadas_Caminhos.zip\" target=\"_blank\" rel=\"noopener noreferrer\">005 &#8211; VI &#8211; Vias Projetadas &#8211; Caminhos<\/a><\/p>\n\n\n\n<p><a href=\"https:\/\/jundiai.sp.gov.br\/planejamento-e-meio-ambiente\/wp-content\/uploads\/sites\/15\/2014\/08\/006-VI-Rodovias.zip\" target=\"_blank\" rel=\"noopener noreferrer\">006 &#8211; VI &#8211; Rodovias<\/a><\/p>\n\n\n\n<p><a href=\"https:\/\/jundiai.sp.gov.br\/planejamento-e-meio-ambiente\/wp-content\/uploads\/sites\/15\/2014\/08\/007-VI-Ferrovias.zip\" target=\"_blank\" rel=\"noopener noreferrer\">007 &#8211; VI &#8211; Ferrovias<\/a><\/p>\n\n\n\n<p><a href=\"https:\/\/jundiai.sp.gov.br\/planejamento-e-meio-ambiente\/wp-content\/uploads\/sites\/15\/2014\/08\/010-VI-Ping_Pontes_Viad_Tun_Passarelas.zip\" target=\"_blank\" rel=\"noopener noreferrer\">010 &#8211; VI &#8211; Ping &#8211; Pontes, Viadutos, T\u00faneis, Passarelas<\/a><\/p>\n\n\n\n<p><a href=\"https:\/\/jundiai.sp.gov.br\/planejamento-e-meio-ambiente\/wp-content\/uploads\/sites\/15\/2014\/08\/011-VI-Bueiros_Canaletas.zip\" target=\"_blank\" rel=\"noopener noreferrer\">011 &#8211; VI &#8211; Bueiros e Canaletas<\/a><\/p>\n\n\n\n<p><a href=\"https:\/\/jundiai.sp.gov.br\/planejamento-e-meio-ambiente\/wp-content\/uploads\/sites\/15\/2014\/08\/012-VI-Escadas_Rampas_Plataformas.zip\" target=\"_blank\" rel=\"noopener noreferrer\">012 &#8211; VI &#8211; Escadas, Rampas e Plataformas<\/a><\/p>\n\n\n\n<p><a href=\"https:\/\/jundiai.sp.gov.br\/planejamento-e-meio-ambiente\/wp-content\/uploads\/sites\/15\/2014\/08\/013-VI-Cortes_Aterros_Barrancos_Taludes.zip\" target=\"_blank\" rel=\"noopener noreferrer\">013 &#8211; VI &#8211; Cortes, Aterros, Barrancos e Taludes<\/a><\/p>\n\n\n\n<p><a href=\"https:\/\/jundiai.sp.gov.br\/planejamento-e-meio-ambiente\/wp-content\/uploads\/sites\/15\/2014\/08\/014-VI-Mov_Terra_Pedr_Miner.zip\" target=\"_blank\" rel=\"noopener noreferrer\">014 &#8211; VI &#8211; Mov Terra Pedr Miner<\/a><\/p>\n\n\n\n<p><a href=\"https:\/\/jundiai.sp.gov.br\/planejamento-e-meio-ambiente\/wp-content\/uploads\/sites\/15\/2014\/08\/015-VI-Toponimia_Vias.zip\" target=\"_blank\" rel=\"noopener noreferrer\">015 &#8211; VI &#8211; Toponimia Vias<\/a><\/p>\n\n\n\n<p><a href=\"https:\/\/jundiai.sp.gov.br\/planejamento-e-meio-ambiente\/wp-content\/uploads\/sites\/15\/2014\/08\/015-VI-Toponimia_Vias_10000.zip\" target=\"_blank\" rel=\"noopener noreferrer\">015 &#8211; VI &#8211; Toponimia Vias 10000<\/a><\/p>\n\n\n\n<p><a href=\"https:\/\/jundiai.sp.gov.br\/planejamento-e-meio-ambiente\/wp-content\/uploads\/sites\/15\/2018\/04\/112-ed-postes.zip\">112 &#8211; ED &#8211; Postes<\/a><\/p>\n\n\n\n<p><a href=\"https:\/\/jundiai.sp.gov.br\/planejamento-e-meio-ambiente\/wp-content\/uploads\/sites\/15\/2014\/08\/201-HI-Rios_Riachos_Corregos.zip\" target=\"_blank\" rel=\"noopener noreferrer\">201 &#8211; HI &#8211; Rios, Riachos, C\u00f3rregos<\/a><\/p>\n\n\n\n<p><a href=\"https:\/\/jundiai.sp.gov.br\/planejamento-e-meio-ambiente\/wp-content\/uploads\/sites\/15\/2014\/08\/202-HI-Lagos_Lagoas_Alag_Brejos.zip\" target=\"_blank\" rel=\"noopener noreferrer\">202 &#8211; HI &#8211; Lagos, Lagoas, Alag, Brejos<\/a><\/p>\n\n\n\n<p><a href=\"https:\/\/jundiai.sp.gov.br\/planejamento-e-meio-ambiente\/wp-content\/uploads\/sites\/15\/2014\/08\/203-HI-Valas_Drenos_Canais.zip\" target=\"_blank\" rel=\"noopener noreferrer\">203 &#8211; HI &#8211; Valas, Drenos e Canais<\/a><\/p>\n\n\n\n<p><a href=\"https:\/\/jundiai.sp.gov.br\/planejamento-e-meio-ambiente\/wp-content\/uploads\/sites\/15\/2014\/08\/204-HI-Barragens.zip\" target=\"_blank\" rel=\"noopener noreferrer\">204 &#8211; HI &#8211; Barragens<\/a><\/p>\n\n\n\n<p><a href=\"https:\/\/jundiai.sp.gov.br\/planejamento-e-meio-ambiente\/wp-content\/uploads\/sites\/15\/2014\/08\/205-HI-Toponimia_Hidrografia.zip\" target=\"_blank\" rel=\"noopener noreferrer\">205 &#8211; HI &#8211; Toponimia Hidrografia<\/a><\/p>\n\n\n\n<p><a href=\"https:\/\/jundiai.sp.gov.br\/planejamento-e-meio-ambiente\/wp-content\/uploads\/sites\/15\/2014\/08\/206-HI-Vegetacao.zip\" target=\"_blank\" rel=\"noopener noreferrer\">206 &#8211; HI &#8211; Vegeta\u00e7\u00e3o<\/a><\/p>\n\n\n\n<p><a href=\"https:\/\/jundiai.sp.gov.br\/planejamento-e-meio-ambiente\/wp-content\/uploads\/sites\/15\/2014\/08\/207-HI-Arvores_Isoladas-Direita.zip\" target=\"_blank\" rel=\"noopener noreferrer\">207 &#8211; HI &#8211; \u00c1rvores Isoladas &#8211; Direita<\/a><\/p>\n\n\n\n<p><a href=\"https:\/\/jundiai.sp.gov.br\/planejamento-e-meio-ambiente\/wp-content\/uploads\/sites\/15\/2014\/08\/208-HI-Arvores_Isoladas-Esquerda.zip\" target=\"_blank\" rel=\"noopener noreferrer\">208 &#8211; HI &#8211; \u00c1rvores Isoladas &#8211; Esquerda<\/a><\/p>\n\n\n\n<p><a href=\"https:\/\/jundiai.sp.gov.br\/planejamento-e-meio-ambiente\/wp-content\/uploads\/sites\/15\/2014\/08\/301-RE-Curvas_Mestras.zip\" target=\"_blank\" rel=\"noopener noreferrer\">301 &#8211; RE &#8211; Curvas Mestras<\/a><\/p>\n\n\n\n<p><a href=\"https:\/\/jundiai.sp.gov.br\/planejamento-e-meio-ambiente\/wp-content\/uploads\/sites\/15\/2014\/08\/302-RE-Curvas_Intermediarias.zip\" target=\"_blank\" rel=\"noopener noreferrer\">302 &#8211; RE &#8211; Curvas Intermedi\u00e1rias<\/a><\/p>\n\n\n\n<p><a href=\"https:\/\/jundiai.sp.gov.br\/planejamento-e-meio-ambiente\/wp-content\/uploads\/sites\/15\/2014\/08\/303-RE-Pontos_Cotados_NA_Cruzamentos.zip\" target=\"_blank\" rel=\"noopener noreferrer\">303 &#8211; RE &#8211; Pontos Cotados NA Cruzamentos<\/a><\/p>\n\n\n\n<p><a href=\"https:\/\/jundiai.sp.gov.br\/planejamento-e-meio-ambiente\/wp-content\/uploads\/sites\/15\/2014\/08\/307-RE-Micro_Bacias.zip\" target=\"_blank\" rel=\"noopener noreferrer\">307 &#8211; RE &#8211; Micro Bacias<\/a><\/p>\n\n\n\n<p><a href=\"https:\/\/jundiai.sp.gov.br\/planejamento-e-meio-ambiente\/wp-content\/uploads\/sites\/15\/2014\/08\/400-GE-Apoio_Fundamental_HV_IBGE.zip\" target=\"_blank\" rel=\"noopener noreferrer\">400 &#8211; GE &#8211; Apoio Fundamental HV IBGE<\/a><\/p>\n\n\n\n<p><a href=\"https:\/\/jundiai.sp.gov.br\/planejamento-e-meio-ambiente\/wp-content\/uploads\/sites\/15\/2014\/08\/401-GE-Marcos_Divisa_Municipio.zip\" target=\"_blank\" rel=\"noopener noreferrer\">401 &#8211; GE &#8211; Marcos Divisa Munic\u00edpio<\/a><\/p>\n\n\n\n<p><a href=\"https:\/\/jundiai.sp.gov.br\/planejamento-e-meio-ambiente\/wp-content\/uploads\/sites\/15\/2014\/08\/402-GE-Limite_Municipio_IGC.zip\" target=\"_blank\" rel=\"noopener noreferrer\">402 &#8211; GE &#8211; Limite Munic\u00edpio IGC<\/a><\/p>\n\n\n\n<p><a href=\"https:\/\/jundiai.sp.gov.br\/planejamento-e-meio-ambiente\/wp-content\/uploads\/sites\/15\/2014\/08\/403-GE-Limites_Bairro_Vila.zip\" target=\"_blank\" rel=\"noopener noreferrer\">403 &#8211; GE &#8211; Limites Bairro Vila<\/a><\/p>\n\n\n\n<p><a href=\"https:\/\/jundiai.sp.gov.br\/planejamento-e-meio-ambiente\/wp-content\/uploads\/sites\/15\/2014\/08\/404-GE-Nomes_Municipios_Vizinhos.zip\" target=\"_blank\" rel=\"noopener noreferrer\">404 &#8211; GE &#8211; Nomes Munic\u00edpios Vizinhos<\/a><\/p>\n\n\n\n<p><a href=\"https:\/\/jundiai.sp.gov.br\/planejamento-e-meio-ambiente\/wp-content\/uploads\/sites\/15\/2014\/08\/405-GE-Nomes_Bairros.zip\" target=\"_blank\" rel=\"noopener noreferrer\">405 &#8211; GE &#8211; Nomes Bairros<\/a><\/p>\n\n\n\n<p><a href=\"https:\/\/jundiai.sp.gov.br\/planejamento-e-meio-ambiente\/wp-content\/uploads\/sites\/15\/2014\/08\/407-GE-Malha_Coordenadas_UTM_GEO.zip\" target=\"_blank\" rel=\"noopener noreferrer\">407 &#8211; GE &#8211; Malha Coordenadas UTM GEO<\/a><\/p>\n\n\n\n<p><a href=\"https:\/\/jundiai.sp.gov.br\/planejamento-e-meio-ambiente\/wp-content\/uploads\/sites\/15\/2014\/08\/411-GE-Limites_Bairros_Regioes.zip\" target=\"_blank\" rel=\"noopener noreferrer\">411 &#8211; GE &#8211; Limites Bairros Regi\u00f5es<\/a><\/p>\n\n\n\n<p><a href=\"https:\/\/jundiai.sp.gov.br\/planejamento-e-meio-ambiente\/wp-content\/uploads\/sites\/15\/2014\/08\/610-SE-SCensitarios-IBGE-2010.zip\" target=\"_blank\" rel=\"noopener noreferrer\">610 &#8211; SE &#8211; S Censit\u00e1rios &#8211; IBGE 2010<\/a><\/p>\n\n\n\n<p><strong><br>\n<a href=\"https:\/\/geo.jundiai.sp.gov.br\/geojundiai\/AeroHistorico.jsp\">Rede Geod\u00e9sica do Munic\u00edpio de Jundia\u00ed<\/a><\/strong><br>\nDatum SIRGAS 2000<\/p>\n","protected":false},"excerpt":{"rendered":"<p>Abairramento Acessos APA Jundia\u00ed Arruamento Evolu\u00e7\u00e3o Hist\u00f3rica Inser\u00e7\u00e3o Regional Plano Diretor e Zoneamento Prote\u00e7\u00e3o da Serra Recursos H\u00eddricos Regi\u00e3o de Governo Base Cartogr\u00e1fica Jundia\u00ed 2012 (formato DWG)&nbsp; Datum SIRGAS2000 &#8211; aeroporto helipontos &#8211; barragens &#8211; canais_valas &#8211; curvas_nivel &#8211; edifica\u00e7\u00f5es &#8211; estradas rodovias &#8211; ferrovia &#8211; lagos lagoas &#8211; limite munic\u00edpio &#8211; linhas transmiss\u00e3o &#8211; [&hellip;]<\/p>\n","protected":false},"author":5,"featured_media":0,"parent":243,"menu_order":0,"comment_status":"closed","ping_status":"closed","template":"","meta":{"footnotes":""},"class_list":["post-179","page","type-page","status-publish","hentry"],"_links":{"self":[{"href":"https:\/\/jundiai.sp.gov.br\/planejamento-e-meio-ambiente\/wp-json\/wp\/v2\/pages\/179","targetHints":{"allow":["GET"]}}],"collection":[{"href":"https:\/\/jundiai.sp.gov.br\/planejamento-e-meio-ambiente\/wp-json\/wp\/v2\/pages"}],"about":[{"href":"https:\/\/jundiai.sp.gov.br\/planejamento-e-meio-ambiente\/wp-json\/wp\/v2\/types\/page"}],"author":[{"embeddable":true,"href":"https:\/\/jundiai.sp.gov.br\/planejamento-e-meio-ambiente\/wp-json\/wp\/v2\/users\/5"}],"replies":[{"embeddable":true,"href":"https:\/\/jundiai.sp.gov.br\/planejamento-e-meio-ambiente\/wp-json\/wp\/v2\/comments?post=179"}],"version-history":[{"count":70,"href":"https:\/\/jundiai.sp.gov.br\/planejamento-e-meio-ambiente\/wp-json\/wp\/v2\/pages\/179\/revisions"}],"predecessor-version":[{"id":8010,"href":"https:\/\/jundiai.sp.gov.br\/planejamento-e-meio-ambiente\/wp-json\/wp\/v2\/pages\/179\/revisions\/8010"}],"up":[{"embeddable":true,"href":"https:\/\/jundiai.sp.gov.br\/planejamento-e-meio-ambiente\/wp-json\/wp\/v2\/pages\/243"}],"wp:attachment":[{"href":"https:\/\/jundiai.sp.gov.br\/planejamento-e-meio-ambiente\/wp-json\/wp\/v2\/media?parent=179"}],"curies":[{"name":"wp","href":"https:\/\/api.w.org\/{rel}","templated":true}]}}