{"id":194,"date":"2014-08-21T10:37:43","date_gmt":"2014-08-21T13:37:43","guid":{"rendered":"https:\/\/jundiai.sp.gov.br\/planejamento-e-meio-ambiente\/?page_id=194"},"modified":"2024-01-24T12:09:55","modified_gmt":"2024-01-24T15:09:55","slug":"calcadas","status":"publish","type":"page","link":"https:\/\/jundiai.sp.gov.br\/planejamento-e-meio-ambiente\/servicos-online\/calcadas\/","title":{"rendered":"Cal\u00e7adas"},"content":{"rendered":"\n<p>Verifique os assuntos relacionados ao tema e os setores competentes:<\/p>\n\n\n\n<p><strong>PROGRAMAS ESPECIAIS PARA CAL\u00c7ADAS<br>Respons\u00e1vel:<\/strong> Departamento de Projetos Urbanos (<strong>UGPUMA\/DPU<\/strong>)<br><strong>A\u00e7\u00f5es:<\/strong> elaborar diretrizes e projetos e dar orienta\u00e7\u00f5es quanto aos manuais (ver abaixo) e programas especiais.<br><strong>Contato:<\/strong> <a href=\"mailto:projetourbano@jundiai.sp.gov.br\"><strong>projetourbano@jundiai.sp.gov.br<\/strong><br><\/a><strong>Atendimento t\u00e9cnico:<\/strong> agendar pelo telefone (11) 4589-8561<\/p>\n\n\n\n<p><strong>CAL\u00c7ADAS EM OBRAS LICENCIADAS PELO UGPUMA\/DELOI<br>Respons\u00e1vel:<\/strong> Departamento de Licenciamento de Obras e Instala\u00e7\u00f5es (<strong>UGPUMA\/DELOI<\/strong>)<br><strong>A\u00e7\u00f5es: <\/strong>orientar interessados, analisar projetos e emitir alvar\u00e1s, e, vistoriar e emitir Habite-se mediante atendimento da legisla\u00e7\u00e3o vigente (ver abaixo as principais normas e leis sobre cal\u00e7adas vigentes).<br><strong>Contato:<\/strong> DELOI\/DAPEU (11) 4589-8488 e DELOI\/DFOSIP (11) 4589-8478<\/p>\n\n\n\n<p><strong>AN\u00c1LISE DE OBRAS E EVENTOS NO SISTEMA VI\u00c1RIO<br>Respons\u00e1vel:<\/strong> Se\u00e7\u00e3o de An\u00e1lise de Obras e Eventos da Unidade de Gest\u00e3o de Mobilidade e Transportes (<strong>UGMT\/DT<\/strong>)<br><strong>A\u00e7\u00f5es:<\/strong> analisar solicita\u00e7\u00f5es de obstru\u00e7\u00f5es na cal\u00e7ada para execu\u00e7\u00e3o de obras garantindo a devida sinaliza\u00e7\u00e3o e a seguran\u00e7a vi\u00e1ria do local.<br><strong>Contato:<\/strong> <a href=\"https:\/\/jundiai.sp.gov.br\/mobilidade\/contatos\/\">https:\/\/jundiai.sp.gov.br\/mobilidade\/contatos\/<\/a><\/p>\n\n\n\n<p><strong>REBAIXAMENTO DE GUIA PARA ENTRADA DE VE\u00cdCULO NO LOTE<\/strong><br><strong>Respons\u00e1vel:&nbsp;<\/strong>Departamento de Engenharia de Mobilidade&nbsp;da&nbsp;Unidade de Gest\u00e3o de Mobilidade e Transporte (UGMT\/DEM)<br><strong>A\u00e7\u00f5es:<\/strong>&nbsp;analisar solicita\u00e7\u00f5es de rebaixamento de guia,&nbsp;devendo ser observados o requerimento, modelo de croqui e o \u201croteiro para a solicita\u00e7\u00e3o de rebaixamento de guia\u201d disponibilizados no link abaixo.<br><strong>Contato:&nbsp;<\/strong><a href=\"https:\/\/jundiai.sp.gov.br\/mobilidade\/engenharia-de-mobilidade\/rebaixamento-de-guia\/\" target=\"_blank\" rel=\"noreferrer noopener\">https:\/\/jundiai.sp.gov.br\/mobilidade\/engenharia-de-mobilidade\/rebaixamento-de-guia\/<\/a><\/p>\n\n\n\n<p><strong>EMISS\u00c3O DE ALVAR\u00c1 DE FUNCIONAMENTO DE ATIVIDADES<br>Respons\u00e1vel:<\/strong> Unidade de Gest\u00e3o de Governo e Finan\u00e7as (<strong>UGGF<\/strong>)<br><strong>A\u00e7\u00f5es:<\/strong> verificar as condi\u00e7\u00f5es da cal\u00e7ada na emiss\u00e3o do alvar\u00e1 para funcionamento de estabelecimentos comerciais, de presta\u00e7\u00e3o de servi\u00e7os ou industriais (ver Lei n\u00ba 6984\/2007 e suas altera\u00e7\u00f5es abaixo).<br><strong>Contato:<\/strong> <a href=\"https:\/\/balcaodoempreendedor.jundiai.sp.gov.br\/\">https:\/\/balcaodoempreendedor.jundiai.sp.gov.br\/<\/a><\/p>\n\n\n\n<p><strong>INFORMA\u00c7\u00c3O DE LARGURA DE CAL\u00c7ADA E DEMARCA\u00c7\u00c3O DE ALINHAMENTO PREDIAL<br>Respons\u00e1vel:<\/strong> Divis\u00e3o de Servi\u00e7os de Agrimensura (<strong>UGPUMA\/DPU\/DSA<\/strong>)<br><strong>Informa\u00e7\u00f5es sobre largura de cal\u00e7ada:<\/strong> A consulta para os projetos aprovados dos loteamentos pode ser feita pelo <a href=\"https:\/\/geo.jundiai.sp.gov.br\/geojundiai\/AeroHistorico.jsp?gh=6gysh869-12.1\">GEOJundia\u00ed<\/a>, basta consultar o n\u00famero do contribuinte e clicar no link do projeto na janela de informa\u00e7\u00f5es.<br><strong>Demarca\u00e7\u00e3o de alinhamento predial:<\/strong> Quando n\u00e3o houver a informa\u00e7\u00e3o de largura do passeio ou projeto de loteamento no GEOJundia\u00ed, dever\u00e1 ser feita a solicita\u00e7\u00e3o da demarca\u00e7\u00e3o do alinhamento do lote \u00e0 DSA via SAEPRO.<br><strong>Contato:<\/strong> (11) 4589-8561<\/p>\n\n\n\n<p><strong>NOTIFICA\u00c7\u00d5ES PARA ADEQUA\u00c7\u00c3O DAS CAL\u00c7ADAS EXISTENTES<br>Respons\u00e1vel:<\/strong> Unidade de Gest\u00e3o de Infraestrutura e Servi\u00e7os P\u00fablicos (<strong>UGISP<\/strong>)<br><strong>A\u00e7\u00f5es:<\/strong> vistoriar e solicitar adequa\u00e7\u00e3o das cal\u00e7adas existentes defronte aos im\u00f3veis mediante notifica\u00e7\u00f5es (ver <a href=\"https:\/\/jundiai.sp.gov.br\/planejamento-e-meio-ambiente\/wp-content\/uploads\/sites\/15\/2021\/07\/codigo-de-obras.pdf\">C\u00f3digo de Obras LC n\u00ba 606\/2021<\/a>).<br><strong>Contato:<\/strong> <a href=\"https:\/\/jundiai.sp.gov.br\/infraestrutura-e-servicos-publicos\/\">https:\/\/jundiai.sp.gov.br\/infraestrutura-e-servicos-publicos\/<\/a><\/p>\n\n\n\n<div style=\"height:27px\" aria-hidden=\"true\" class=\"wp-block-spacer\"><\/div>\n\n\n\n<h1 class=\"wp-block-heading\">Guias e Manuais<\/h1>\n\n\n\n<p><\/p>\n\n\n\n<p><a rel=\"noreferrer noopener\" href=\"https:\/\/jundiai.sp.gov.br\/planejamento-e-meio-ambiente\/wp-content\/uploads\/sites\/15\/2023\/06\/orientacoes-tecnicas-para-construcao-de-calcadas-para-edificacoes-novas_r04-2-2.pdf\" target=\"_blank\">1. Orienta\u00e7\u00f5es t\u00e9cnicas para constru\u00e7\u00e3o de cal\u00e7adas para EDIFICA\u00c7\u00d5ES NOVAS<\/a><\/p>\n\n\n\n<p><a href=\"https:\/\/jundiai.sp.gov.br\/planejamento-e-meio-ambiente\/wp-content\/uploads\/sites\/15\/2023\/06\/orientacoes-tecnicas-para-construcao-ou-adequacao-de-calcadas-para-edificacoes-existentes-r04-1.pdf\" target=\"_blank\" rel=\"noreferrer noopener\">2. Orienta\u00e7\u00f5es t\u00e9cnicas para constru\u00e7\u00e3o ou adequa\u00e7\u00e3o de cal\u00e7adas para EDIFICA\u00c7\u00d5ES EXISTENTES<\/a><\/p>\n\n\n\n<p><a href=\"https:\/\/jundiai.sp.gov.br\/planejamento-e-meio-ambiente\/wp-content\/uploads\/sites\/15\/2023\/06\/orientacoes-tecnicas-para-ocupacao-de-calcadas-por-mobiliario-lei-9372-2019-1-1.pdf\" target=\"_blank\" rel=\"noreferrer noopener\">3. Orienta\u00e7\u00f5es t\u00e9cnicas para ocupa\u00e7\u00e3o de cal\u00e7adas por mobili\u00e1rio conforme Lei 9.372\/2019<\/a><\/p>\n\n\n\n<div style=\"height:27px\" aria-hidden=\"true\" class=\"wp-block-spacer\"><\/div>\n\n\n\n<h1 class=\"wp-block-heading\">Projetos Especiais e Diretrizes para execu\u00e7\u00e3o de Cal\u00e7adas<\/h1>\n\n\n\n<p><\/p>\n\n\n\n<p><strong>Avenida Jundia\u00ed<\/strong><\/p>\n\n\n\n<p><a href=\"https:\/\/jundiai.sp.gov.br\/planejamento-e-meio-ambiente\/wp-content\/uploads\/sites\/15\/2021\/06\/comunicado-ugpuma-maio_2021-av-jundiai-1-1.pdf\">Comunicado UGPUMA Maio_2021 Av Jundia\u00ed<\/a> <br><a href=\"https:\/\/jundiai.sp.gov.br\/planejamento-e-meio-ambiente\/wp-content\/uploads\/sites\/15\/2021\/06\/modelo-de-projeto-avenida-jundiai.pdf\">Modelo de Projeto Avenida Jundia\u00ed<\/a><\/p>\n\n\n\n<p><strong>Avenida Nove de Julho <\/strong><\/p>\n\n\n\n<p><a href=\"https:\/\/drive.google.com\/drive\/folders\/1LSPyDU_otJ3dp9-tDhcQEJ2ObCE2ky-j?usp=sharing\">Modelo de Projeto <\/a><\/p>\n\n\n\n<div style=\"height:27px\" aria-hidden=\"true\" class=\"wp-block-spacer\"><\/div>\n\n\n\n<h1 class=\"wp-block-heading\">Quer saber mais sobre o tema Cal\u00e7adas?<\/h1>\n\n\n\n<p><\/p>\n\n\n\n<h5 class=\"wp-block-heading\"><strong>Legisla\u00e7\u00e3o municipal referente a Cal\u00e7adas<\/strong><\/h5>\n\n\n\n<p><a href=\"http:\/\/sapl.camarajundiai.sp.gov.br\/sapl_documentos\/norma_juridica\/18132_texto_integral.pdf\">Lei n\u00ba 9.372, de 18 de Dezembro de 2019<br><\/a>Permite ocupa\u00e7\u00e3o do passeio p\u00fablico por restaurantes, lanchonetes e estabelecimentos similares, nas condi\u00e7\u00f5es que especifica.<\/p>\n\n\n\n<p><a href=\"http:\/\/sapl.camarajundiai.sp.gov.br\/sapl_documentos\/norma_juridica\/18131_texto_integral.pdf\">Lei n\u00ba 9.371, de 18 de Dezembro de 2019<br><\/a>Altera Leis 6.984\/2007, que fixa crit\u00e9rios para execu\u00e7\u00e3o e manuten\u00e7\u00e3o de cal\u00e7adas, e 2.673\/1983, que institui o Plano Comunit\u00e1rio de Obras de Pavimenta\u00e7\u00e3o, para redenomin\u00e1-lo <strong>\u2018Plano Municipal de Parcerias e Melhorias\u2019<\/strong>, alterar requisitos e dar disposi\u00e7\u00f5es correlatas.<\/p>\n\n\n\n<p><a href=\"http:\/\/sapl.camarajundiai.sp.gov.br\/sapl_documentos\/norma_juridica\/16739_texto_integral.pdf\">Lei n\u00ba 8.780, de 15 de Maio de 2017<br><\/a>Altera a Lei 6.984\/07, que fixa crit\u00e9rios para execu\u00e7\u00e3o e manuten\u00e7\u00e3o de cal\u00e7adas, para prever, nestas, casos de \u00e1reas perme\u00e1veis.<\/p>\n\n\n\n<p><a href=\"http:\/\/sapl.camarajundiai.sp.gov.br\/sapl_documentos\/norma_juridica\/18690_texto_integral.pdf\">Decreto n\u00ba 21.734, de 15 de Junho de 2009<\/a><br>Altera parcialmente o Decreto Municipal n\u00ba&nbsp;21.643\/2009.<\/p>\n\n\n\n<p><a href=\"http:\/\/sapl.camarajundiai.sp.gov.br\/sapl_documentos\/norma_juridica\/8849_texto_integral.pdf\">Decreto n\u00ba 21.643, de 1\u00ba de Abril de 2009<br><\/a>Regulamenta a execu\u00e7\u00e3o e manuten\u00e7\u00e3o das cal\u00e7adas.<\/p>\n\n\n\n<p><a href=\"http:\/\/sapl.camarajundiai.sp.gov.br\/sapl_documentos\/norma_juridica\/7153_texto_integral.pdf\">Lei n\u00ba 7.179, de 17 de Outubro de 2008<br><\/a>Altera a Lei n\u00ba 6.984\/07, para modificar disposi\u00e7\u00f5es relativas a reforma e constru\u00e7\u00e3o de cal\u00e7adas.<\/p>\n\n\n\n<p><a href=\"http:\/\/sapl.camarajundiai.sp.gov.br\/sapl_documentos\/norma_juridica\/6958_texto_integral.pdf\">Lei n\u00ba 6.984, de 17 de Dezembro de 2007<br><\/a>Fixa crit\u00e9rios para execu\u00e7\u00e3o e manuten\u00e7\u00e3o de cal\u00e7adas; e revoga dispositivos da Lei 3.705\/91, correlata. (<a href=\"http:\/\/sapl.camarajundiai.sp.gov.br\/sapl_documentos\/norma_juridica\/6958_texto_consolidado.pdf\">clique aqui para texto compilado<\/a>)<\/p>\n\n\n\n<p><\/p>\n\n\n\n<h5 class=\"wp-block-heading\"><strong>Normas Federais pertinentes<\/strong><\/h5>\n\n\n\n<p><a href=\"http:\/\/www.planalto.gov.br\/ccivil_03\/_ato2015-2018\/2015\/lei\/l13146.htm\">Lei Federal n\u00ba 13.146\/2015<br><\/a>Institui a Lei Brasileira de Inclus\u00e3o da Pessoa com Defici\u00eancia (Estatuto da Pessoa com Defici\u00eancia).<\/p>\n\n\n\n<p><a href=\"http:\/\/www.planalto.gov.br\/ccivil_03\/_ato2011-2014\/2012\/lei\/l12587.htm\">Lei Federal n\u00ba 12.587\/2012<br><\/a>Institui as diretrizes da Pol\u00edtica Nacional de Mobilidade Urbana; (&#8230;); e d\u00e1 outras provid\u00eancias.<\/p>\n\n\n\n<p><a href=\"http:\/\/www.planalto.gov.br\/ccivil_03\/leis\/l10098.htm\">Lei Federal n\u00ba 10.098\/2000<br><\/a>Estabelece normas gerais e crit\u00e9rios b\u00e1sicos para a promo\u00e7\u00e3o da acessibilidade das pessoas portadoras de defici\u00eancia ou com mobilidade reduzida, e d\u00e1 outras provid\u00eancias.<\/p>\n\n\n\n<p><a href=\"https:\/\/www.abntcatalogo.com.br\/norma.aspx?ID=461490\">ABNT NBR 9050:2020 Vers\u00e3o Corrigida:2021<br><\/a>Acessibilidade a edifica\u00e7\u00f5es, mobili\u00e1rio, espa\u00e7os e equipamentos urbanos.<\/p>\n\n\n\n<p>&nbsp;<a href=\"https:\/\/www.abntcatalogo.com.br\/pnm.aspx?Q=b2tvSDRJbWhPeFIrbVJzQ3grK1E3Z3VpbkF4NmJNdUF1UUkwL0tvcWttbz0=\">ABNT NBR 16537:2024<\/a><br>Acessibilidade &#8211; Sinaliza\u00e7\u00e3o t\u00e1til no piso &#8211; Diretrizes para elabora\u00e7\u00e3o de projetos e instala\u00e7\u00e3o.<\/p>\n\n\n\n<div style=\"height:27px\" aria-hidden=\"true\" class=\"wp-block-spacer\"><\/div>\n\n\n\n<h1 class=\"wp-block-heading\">Defini\u00e7\u00f5es<\/h1>\n\n\n\n<p><\/p>\n\n\n\n<p><strong>Faixa livre ou passeio<\/strong><\/p>\n\n\n\n<p>Destina-se exclusivamente \u00e0 circula\u00e7\u00e3o de pedestres, deve ser livre de qualquer obst\u00e1culo, ter inclina\u00e7\u00e3o transversal at\u00e9 2% em dire\u00e7\u00e3o \u00e0 faixa de servi\u00e7o, ser cont\u00ednua entre lotes e ter no m\u00ednimo 2,10 m de altura livre; a largura da faixa livre varia de acordo com a largura total da cal\u00e7ada:<\/p>\n\n\n\n<ul class=\"wp-block-list\">\n<li>cal\u00e7adas &lt; 2,40m: recomend\u00e1vel 1,50m, sendo o m\u00ednimo 1,20m de largura,<\/li>\n\n\n\n<li>cal\u00e7adas entre 2,41m e 3,00m: recomend\u00e1vel 1,50m, sendo no m\u00ednimo 50% da largura da cal\u00e7ada,<\/li>\n\n\n\n<li>cal\u00e7adas &gt; 3,01m: no m\u00ednimo 50% da largura da cal\u00e7ada.<br><\/li>\n<\/ul>\n\n\n\n<p><strong>Material obrigat\u00f3rio para execu\u00e7\u00e3o da faixa livre:<\/strong><\/p>\n\n\n\n<ul class=\"wp-block-list\">\n<li>concreto camur\u00e7ado moldado \u201cin loco\u201d com armadura met\u00e1lica e juntas de dilata\u00e7\u00e3o que n\u00e3o provoquem vibra\u00e7\u00f5es; ou<\/li>\n\n\n\n<li>pe\u00e7as e placas de concreto pr\u00e9-fabricadas de alto desempenho com juntas que n\u00e3o provoquem vibra\u00e7\u00f5es.<\/li>\n<\/ul>\n\n\n\n<p><strong>Faixa de servi\u00e7o<\/strong><\/p>\n\n\n\n<p>Serve para acomodar o mobili\u00e1rio, os canteiros, as \u00e1rvores e os postes de ilumina\u00e7\u00e3o ou sinaliza\u00e7\u00e3o. Segue o n\u00edvel da guia e acompanha a inclina\u00e7\u00e3o longitudinal da via. A inclina\u00e7\u00e3o transversal deve ter at\u00e9 2% em dire\u00e7\u00e3o a ralos, grelhas, canaletas, sarjetas ou jardins garantindo assim o escoamento da \u00e1gua. As rampas de acesso para ve\u00edculo que estiverem nesta faixa n\u00e3o devem interferir na faixa livre.<\/p>\n\n\n\n<p><strong>Faixa de acesso<\/strong><\/p>\n\n\n\n<p>Consiste no espa\u00e7o de passagem da \u00e1rea p\u00fablica para o lote. Esta faixa \u00e9 constitu\u00edda pelo espa\u00e7o sobressalente da cal\u00e7ada ap\u00f3s a demarca\u00e7\u00e3o da faixa de servi\u00e7o e da faixa livre. Serve para acomodar a rampa de acesso aos lotes lindeiros sob autoriza\u00e7\u00e3o do munic\u00edpio para edifica\u00e7\u00f5es j\u00e1 constru\u00eddas.<\/p>\n\n\n<h2>&nbsp;<\/h2>\n<\/p>","protected":false},"excerpt":{"rendered":"<p>Verifique os assuntos relacionados ao tema e os setores competentes: PROGRAMAS ESPECIAIS PARA CAL\u00c7ADASRespons\u00e1vel: Departamento de Projetos Urbanos (UGPUMA\/DPU)A\u00e7\u00f5es: elaborar diretrizes e projetos e dar orienta\u00e7\u00f5es quanto aos manuais (ver abaixo) e programas especiais.Contato: projetourbano@jundiai.sp.gov.brAtendimento t\u00e9cnico: agendar pelo telefone (11) 4589-8561 CAL\u00c7ADAS EM OBRAS LICENCIADAS PELO UGPUMA\/DELOIRespons\u00e1vel: Departamento de Licenciamento de Obras e Instala\u00e7\u00f5es (UGPUMA\/DELOI)A\u00e7\u00f5es: [&hellip;]<\/p>\n","protected":false},"author":5,"featured_media":0,"parent":243,"menu_order":0,"comment_status":"closed","ping_status":"closed","template":"","meta":{"footnotes":""},"class_list":["post-194","page","type-page","status-publish","hentry"],"_links":{"self":[{"href":"https:\/\/jundiai.sp.gov.br\/planejamento-e-meio-ambiente\/wp-json\/wp\/v2\/pages\/194","targetHints":{"allow":["GET"]}}],"collection":[{"href":"https:\/\/jundiai.sp.gov.br\/planejamento-e-meio-ambiente\/wp-json\/wp\/v2\/pages"}],"about":[{"href":"https:\/\/jundiai.sp.gov.br\/planejamento-e-meio-ambiente\/wp-json\/wp\/v2\/types\/page"}],"author":[{"embeddable":true,"href":"https:\/\/jundiai.sp.gov.br\/planejamento-e-meio-ambiente\/wp-json\/wp\/v2\/users\/5"}],"replies":[{"embeddable":true,"href":"https:\/\/jundiai.sp.gov.br\/planejamento-e-meio-ambiente\/wp-json\/wp\/v2\/comments?post=194"}],"version-history":[{"count":28,"href":"https:\/\/jundiai.sp.gov.br\/planejamento-e-meio-ambiente\/wp-json\/wp\/v2\/pages\/194\/revisions"}],"predecessor-version":[{"id":6977,"href":"https:\/\/jundiai.sp.gov.br\/planejamento-e-meio-ambiente\/wp-json\/wp\/v2\/pages\/194\/revisions\/6977"}],"up":[{"embeddable":true,"href":"https:\/\/jundiai.sp.gov.br\/planejamento-e-meio-ambiente\/wp-json\/wp\/v2\/pages\/243"}],"wp:attachment":[{"href":"https:\/\/jundiai.sp.gov.br\/planejamento-e-meio-ambiente\/wp-json\/wp\/v2\/media?parent=194"}],"curies":[{"name":"wp","href":"https:\/\/api.w.org\/{rel}","templated":true}]}}