{"id":2019,"date":"2016-06-22T14:46:20","date_gmt":"2016-06-22T17:46:20","guid":{"rendered":"https:\/\/jundiai.sp.gov.br\/planejamento-e-meio-ambiente\/?page_id=2019"},"modified":"2026-01-06T10:11:34","modified_gmt":"2026-01-06T13:11:34","slug":"publicidade-panfletos","status":"publish","type":"page","link":"https:\/\/jundiai.sp.gov.br\/planejamento-e-meio-ambiente\/servicos-online\/paisagem-urbana\/publicidade-panfletos\/","title":{"rendered":"Panfletos, Cartazes e An\u00fancio Promocional Especial"},"content":{"rendered":"\n<h3 class=\"wp-block-heading\"><strong>Licenciamento de Distribui\u00e7\u00e3o de Panfletos, Afixa\u00e7\u00e3o de Cartazes e Coloca\u00e7\u00e3o de An\u00fancio Promocional-Especial<\/strong><\/h3>\n\n\n\n<p>Toda forma de publicidade ao ar livre no Munic\u00edpio de Jundia\u00ed \u00e9 regida por legisla\u00e7\u00e3o pr\u00f3pria e dever\u00e1 ser licenciada ou autorizada antes de ser instalada ou exposta.<\/p>\n\n\n\n<h5 class=\"wp-block-heading\"><strong>Legisla\u00e7\u00e3o pertinente<\/strong><\/h5>\n\n\n\n<p><a href=\"https:\/\/jundiai.sp.gov.br\/planejamento-e-meio-ambiente\/wp-content\/uploads\/sites\/15\/2025\/05\/l_8584_2016.pdf\" target=\"_blank\" rel=\"noreferrer noopener\">Lei n\u00b0 8.584, de 14 de janeiro de 2016<strong><br><\/strong><\/a>Regulamenta a Publicidade em todo o munic\u00edpio<\/p>\n\n\n\n<p><a href=\"https:\/\/jundiai.sp.gov.br\/planejamento-e-meio-ambiente\/wp-content\/uploads\/sites\/15\/2025\/05\/lc_460_2008.pdf\" target=\"_blank\" rel=\"noreferrer noopener\">Lei Complementar n\u00b0 460, de 22 de outubro de 2008<strong><br><\/strong><\/a>C\u00f3digo Tribut\u00e1rio do Munic\u00edpio<\/p>\n\n\n\n<h5 class=\"wp-block-heading\"><strong>Defini\u00e7\u00f5es<\/strong><\/h5>\n\n\n\n<ul class=\"wp-block-list\">\n<li><strong>Publicidade<\/strong> \u00e9 todo an\u00fancio na forma de mensagem de comunica\u00e7\u00e3o visual, presente na paisagem e vis\u00edvel a partir de logradouro p\u00fablico, e \u00e9 composta da \u00e1rea de exposi\u00e7\u00e3o (an\u00fancio), seu suporte ou estrutura e dispositivos de ilumina\u00e7\u00e3o.<\/li>\n\n\n\n<li><strong>An\u00fancio <\/strong>\u00e9 a indica\u00e7\u00e3o de refer\u00eancia a produto, servi\u00e7o, atividade ou evento; de promo\u00e7\u00e3o e divulga\u00e7\u00e3o comercial e institucional, de pessoas ou de ideias, realizada por quaisquer meios e formas de comunica\u00e7\u00e3o, incluindo o uso de texto, imagem, desenho e grafismo.<\/li>\n\n\n\n<li><strong>Ve\u00edculo de divulga\u00e7\u00e3o ou de propaganda<\/strong> \u00e9 qualquer meio de divulga\u00e7\u00e3o visual, pain\u00e9is, placas, cartazes, panfletos, banners, faixas; as pinturas, proje\u00e7\u00f5es visuais, fotografias, apliques adesivados, etc.<\/li>\n<\/ul>\n\n\n\n<h5 class=\"wp-block-heading\"><strong>Distribui\u00e7\u00e3o (panfletagem)<\/strong><\/h5>\n\n\n\n<p>A distribui\u00e7\u00e3o de panfletos, cartazes e similares no munic\u00edpio de Jundia\u00ed est\u00e1 regrada no art. 31 da Lei n\u00ba 8.584, de 2016, e sua distribui\u00e7\u00e3o \u00e9 permitida nas caixas de correios, em port\u00f5es ou grades frontais das resid\u00eancias, nas cancelas de entrada de centro de compras (shoppings, hipermercados, etc.), condom\u00ednios e loteamentos fechados, com a devida autoriza\u00e7\u00e3o do respons\u00e1vel pelo local e no interior de \u00e1reas particulares como com\u00e9rcios e similares.<\/p>\n\n\n\n<p>\u00c9 proibido a distribui\u00e7\u00e3o de panfletos em vias e logradouros p\u00fablicos (cal\u00e7adas, ruas, pra\u00e7as, cemit\u00e9rios, paradas de sem\u00e1foros, em ve\u00edculos estacionados, etc.) e a abordagem de pessoas para entrega.<\/p>\n\n\n\n<p>N\u00e3o \u00e9 permitida a distribui\u00e7\u00e3o de panfletos, cartazes e similares na \u00c1rea Central do munic\u00edpio.<\/p>\n\n\n\n<h5 class=\"wp-block-heading\"><strong>Proibi\u00e7\u00f5es<\/strong><\/h5>\n\n\n\n<p>Est\u00e3o previstas no art. 29, da Lei n\u00ba 8.584, de 2016:<\/p>\n\n\n\n<ul class=\"wp-block-list\">\n<li>N\u00e3o \u00e9 permitida a distribui\u00e7\u00e3o de panfletos, afixa\u00e7\u00e3o de cartazes e a coloca\u00e7\u00e3o de an\u00fancio promocional-especial na \u00c1rea Central, no Territ\u00f3rio de Gest\u00e3o da Serra do Japi e na Macrozona Rural.<\/li>\n<\/ul>\n\n\n\n<p>Est\u00e3o previstas no art. 31, da Lei n\u00ba 8.584, de 2016:<\/p>\n\n\n\n<ul class=\"wp-block-list\">\n<li>A distribui\u00e7\u00e3o de folhetos e similares nas ruas e demais logradouros p\u00fablicos (pra\u00e7as, cemit\u00e9rios, feiras livres, parques p\u00fablicos, escolas e creches p\u00fablicas, postos de sa\u00fade e hospitais p\u00fablicos, Pa\u00e7o Municipal e demais \u00f3rg\u00e3os p\u00fablicos, etc.);<\/li>\n\n\n\n<li>A entrega aos motoristas (incluindo em sem\u00e1foros), bem como a coloca\u00e7\u00e3o nos ve\u00edculos estacionados em \u00e1rea p\u00fablica;<\/li>\n\n\n\n<li>O lan\u00e7amento em garagens, jardins e quintais;<\/li>\n\n\n\n<li>O abandono ou descarte em \u00e1reas p\u00fablicas ou particulares (incluindo bocas de lobo, condutores de \u00e1guas pluviais e corpos d\u2019\u00e1gua).<\/li>\n<\/ul>\n\n\n\n<h5 class=\"wp-block-heading\"><strong>Onde e como \u00e9 permitida a distribui\u00e7\u00e3o de panfletos<\/strong><\/h5>\n\n\n\n<ul class=\"wp-block-list\">\n<li>Coloca\u00e7\u00e3o nas caixas de correios das resid\u00eancias ou, na sua aus\u00eancia, nos port\u00f5es e grades frontais, onde for poss\u00edvel prender o material;<\/li>\n\n\n\n<li>Nas cancelas de entrada de centro de compras, condom\u00ednios e loteamentos fechados, com a devida autoriza\u00e7\u00e3o do respons\u00e1vel pelo local;<\/li>\n\n\n\n<li>No interior de \u00e1reas particulares como com\u00e9rcios e similares, deixado para retirada espont\u00e2nea.<\/li>\n<\/ul>\n\n\n\n<h5 class=\"wp-block-heading\"><strong>Onde \u00e9 permitida a afixa\u00e7\u00e3o de cartazes<\/strong><\/h5>\n\n\n\n<ul class=\"wp-block-list\">\n<li>Somente em im\u00f3veis particulares residenciais ou comerciais e com anu\u00eancia de seu propriet\u00e1rio ou respons\u00e1vel, que dever\u00e1 ser celebrada em comum acordo, n\u00e3o sendo necess\u00e1ria a apresenta\u00e7\u00e3o de autoriza\u00e7\u00e3o.<\/li>\n<\/ul>\n\n\n\n<h5 class=\"wp-block-heading\"><strong>Onde \u00e9 permitida a coloca\u00e7\u00e3o de an\u00fancio promocional-especial<\/strong><\/h5>\n\n\n\n<ul class=\"wp-block-list\">\n<li>Somente em im\u00f3veis privados e sob a responsabilidade de empresa inscrita no munic\u00edpio.<\/li>\n<\/ul>\n\n\n\n<h5 class=\"wp-block-heading\"><strong>Os bairros de Jundia\u00ed<\/strong><\/h5>\n\n\n\n<div class=\"wp-block-file\"><a id=\"wp-block-file--media-5b5e6000-0f83-434b-93d6-9c371e21c189\" href=\"https:\/\/jundiai.sp.gov.br\/planejamento-e-meio-ambiente\/wp-content\/uploads\/sites\/15\/2025\/05\/bairros_para_distribuicao_de_panfletos.pdf\" target=\"_blank\" rel=\"noreferrer noopener\">Clique aqui para conhecer os bairros dispon\u00edveis para distribui\u00e7\u00e3o de panfletos<\/a><\/div>\n\n\n\n<h5 class=\"wp-block-heading\"><strong>Isen\u00e7\u00f5es e n\u00e3o incid\u00eancias<\/strong><\/h5>\n\n\n\n<p>Est\u00e3o previstas nos arts. 242, 242-A e 242-B da Lei Complementar n\u00ba 460, de 2008.<\/p>\n\n\n\n<h5 class=\"wp-block-heading\"><strong>Responsabilidade<\/strong><\/h5>\n\n\n\n<p>S\u00e3o solidariamente respons\u00e1veis pela publicidade exposta e por eventuais danos dela decorrentes o propriet\u00e1rio do ve\u00edculo de divulga\u00e7\u00e3o, o propriet\u00e1rio do im\u00f3vel onde se encontra instalada, o anunciante, o profissional t\u00e9cnico respons\u00e1vel e a empresa instaladora.<\/p>\n\n\n\n<h5 class=\"wp-block-heading\"><strong>Infra\u00e7\u00f5es e penalidades<\/strong><\/h5>\n\n\n\n<p>As publicidades irregulares, sem licenciamento ou em desacordo com a legisla\u00e7\u00e3o vigente, sujeitar\u00e3o os infratores as penalidades previstas nos arts. 37 ao 39, da Lei n\u00ba 8.584, de 2016, no art. 7\u00ba, da Lei n\u00ba 9.722 de 2022 e no C\u00f3digo Tribut\u00e1rio do Munic\u00edpio de Jundia\u00ed.<\/p>\n\n\n\n<h5 class=\"wp-block-heading\"><strong>Taxa de Publicidade<\/strong><\/h5>\n\n\n\n<p>A Taxa de Fiscaliza\u00e7\u00e3o de Licen\u00e7a de Publicidade \u00e9 devida de acordo com a tabela constante no Anexo VI, da Lei Complementar n\u00ba 460, de 2008, e \u00e9 calculada conforme esta tabela de valores e considerando as caracter\u00edsticas e quantidades dos an\u00fancios licenciados.<\/p>\n\n\n\n<div class=\"wp-block-file\"><a id=\"wp-block-file--media-cb78fc88-9c58-42af-b30e-f14c31af36cb\" href=\"https:\/\/jundiai.sp.gov.br\/planejamento-e-meio-ambiente\/wp-content\/uploads\/sites\/15\/2026\/01\/tabela-de-valores-de-publicidade-_-2026.pdf\" target=\"_blank\" rel=\"noreferrer noopener\">Tabela de Valores de Publicidade em REAIS<\/a><\/div>\n\n\n\n<h5 class=\"wp-block-heading\"><strong>Licenciamento<\/strong><\/h5>\n\n\n\n<p>As solicita\u00e7\u00f5es de licenciamento de publicidade s\u00e3o efetuadas exclusivamente de forma eletr\u00f4nica, atrav\u00e9s do portal do Balc\u00e3o do Empreendedor, sendo necess\u00e1rio efetuar um cadastro para acessar o sistema.<\/p>\n\n\n\n<h5 class=\"wp-block-heading\"><strong>Cadastro<\/strong><\/h5>\n\n\n\n<p>Para atividades estabelecidas no munic\u00edpio<\/p>\n\n\n\n<p><a href=\"https:\/\/web21.cijun.sp.gov.br\/pmj\/be\/CadastrarSenha.aspx\" target=\"_blank\" rel=\"noreferrer noopener\">https:\/\/web21.cijun.sp.gov.br\/pmj\/be\/CadastrarSenha.aspx<\/a><\/p>\n\n\n\n<p>Para atividades n\u00e3o estabelecidas no munic\u00edpio (empresas de fora)<\/p>\n\n\n\n<p><a href=\"https:\/\/web21.cijun.sp.gov.br\/pmj\/be\/CadastrarPrestador.aspx\" target=\"_blank\" rel=\"noreferrer noopener\">https:\/\/web21.cijun.sp.gov.br\/pmj\/be\/CadastrarPrestador.aspx<\/a><\/p>\n\n\n\n<p><strong>Obs.:<\/strong> Ap\u00f3s efetuar o cadastro de empresa n\u00e3o estabelecida no munic\u00edpio, ser\u00e1 necess\u00e1rio enviar o n\u00famero do protocolo gerado para o e-mail <a href=\"mailto:publicidade@jundiai.sp.gov.br\">publicidade@jundiai.sp.gov.br<\/a><\/p>\n\n\n\n<h5 class=\"wp-block-heading\"><strong>Solicita\u00e7\u00e3o de licenciamento<\/strong><\/h5>\n\n\n\n<p>Ap\u00f3s o cadastro, as solicita\u00e7\u00f5es de licenciamento de publicidade dever\u00e3o ser efetivadas no link<\/p>\n\n\n\n<p><a href=\"https:\/\/balcaodoempreendedor.jundiai.sp.gov.br\" target=\"_blank\" rel=\"noreferrer noopener\">https:\/\/balcaodoempreendedor.jundiai.sp.gov.br<\/a><\/p>\n\n\n\n<p>Orienta\u00e7\u00f5es para licenciamento:<\/p>\n\n\n\n<div class=\"wp-block-file\"><a id=\"wp-block-file--media-621ba4bb-08ff-4e7a-9543-a2e5db58bf00\" href=\"https:\/\/jundiai.sp.gov.br\/planejamento-e-meio-ambiente\/wp-content\/uploads\/sites\/15\/2025\/05\/orientacoes_be_panfletos.pdf\" target=\"_blank\" rel=\"noreferrer noopener\">Orienta\u00e7\u00f5es para licenciamento de panfletos, cartazes e promocional-especial (PASSO A PASSO)<\/a><\/div>\n\n\n\n<p>Contato Balc\u00e3o do Empreendedor: <a href=\"mailto:balcaodoempreendedor@jundiai.sp.gov.br\">balcaodoempreendedor@jundiai.sp.gov.br<\/a> | (11) 4589-8714.<\/p>\n\n\n\n<h5 class=\"wp-block-heading\"><strong>Documenta\u00e7\u00e3o<\/strong><\/h5>\n\n\n\n<p>Todas as documenta\u00e7\u00f5es apresentadas dever\u00e3o estar em formato digital e nas extens\u00f5es aceitas pelo sistema, conforme prevista no art. 31 da Lei n\u00ba 8.584, de 2016.<\/p>\n\n\n\n<ul class=\"wp-block-list\">\n<li>Quando a distribui\u00e7\u00e3o for realizada nas cancelas de entrada de centros de compras (shoppings, hipermercados, etc.), condom\u00ednios ou loteamentos fechados, ser\u00e1 necess\u00e1ria autoriza\u00e7\u00e3o expressa do respons\u00e1vel pelo local com as respectivas datas e hor\u00e1rios autorizados para a distribui\u00e7\u00e3o;<\/li>\n<\/ul>\n\n\n\n<div class=\"wp-block-file\"><a id=\"wp-block-file--media-01b7124f-bf83-4df4-b132-05369db6b310\" href=\"https:\/\/jundiai.sp.gov.br\/planejamento-e-meio-ambiente\/wp-content\/uploads\/sites\/15\/2025\/05\/autorizacao_distribuicao_panfletos.pdf\" target=\"_blank\" rel=\"noreferrer noopener\">Sugest\u00e3o de modelo de autoriza\u00e7\u00e3o para distribui\u00e7\u00e3o de panfletos<\/a><\/div>\n\n\n\n<ul class=\"wp-block-list\">\n<li>Quando tratar-se de campanha com car\u00e1ter patri\u00f3tico, religioso, beneficente ou filantr\u00f3pico ser\u00e1 necess\u00e1rio apresentar documento que comprove tal condi\u00e7\u00e3o, para solicitar isen\u00e7\u00e3o do pagamento da taxa.<\/li>\n<\/ul>\n\n\n\n<h5 class=\"wp-block-heading\"><strong>Fiscaliza\u00e7\u00e3o<\/strong><\/h5>\n\n\n\n<p>A fiscaliza\u00e7\u00e3o da publicidade \u00e9 exercida pelos fiscais da Se\u00e7\u00e3o de Fiscaliza\u00e7\u00e3o e Licenciamento de Instala\u00e7\u00f5es de Publicidade \u2013 SFLIP, da Unidade de Gest\u00e3o de Planejamento Urbano e Meio Ambiente \u2013 UGPUMA.<\/p>\n\n\n\n<h5 class=\"wp-block-heading\"><strong>Atendimento<\/strong><\/h5>\n\n\n\n<ul class=\"wp-block-list\">\n<li><strong>Correio Eletr\u00f4nico<\/strong>: <a href=\"mailto:publicidade@jundiai.sp.gov.br\">publicidade@jundiai.sp.gov.br<\/a>;<\/li>\n\n\n\n<li><strong>Telef\u00f4nico<\/strong>: (11) 4589-8437;<\/li>\n\n\n\n<li><strong>Presencial<\/strong>: as quintas feiras, das 9 \u00e0s 12 e das 13 \u00e0s 16 horas, no Pa\u00e7o Municipal, 5\u00ba andar, ala sul, mediante agendamento pr\u00e9vio atrav\u00e9s dos telefones (11) 4589-8437 ou (11) 4589-8561.<\/li>\n<\/ul>\n","protected":false},"excerpt":{"rendered":"<p>Licenciamento de Distribui\u00e7\u00e3o de Panfletos, Afixa\u00e7\u00e3o de Cartazes e Coloca\u00e7\u00e3o de An\u00fancio Promocional-Especial Toda forma de publicidade ao ar livre no Munic\u00edpio de Jundia\u00ed \u00e9 regida por legisla\u00e7\u00e3o pr\u00f3pria e dever\u00e1 ser licenciada ou autorizada antes de ser instalada ou exposta. Legisla\u00e7\u00e3o pertinente Lei n\u00b0 8.584, de 14 de janeiro de 2016Regulamenta a Publicidade em [&hellip;]<\/p>\n","protected":false},"author":5,"featured_media":0,"parent":189,"menu_order":0,"comment_status":"closed","ping_status":"closed","template":"","meta":{"footnotes":""},"class_list":["post-2019","page","type-page","status-publish","hentry"],"_links":{"self":[{"href":"https:\/\/jundiai.sp.gov.br\/planejamento-e-meio-ambiente\/wp-json\/wp\/v2\/pages\/2019","targetHints":{"allow":["GET"]}}],"collection":[{"href":"https:\/\/jundiai.sp.gov.br\/planejamento-e-meio-ambiente\/wp-json\/wp\/v2\/pages"}],"about":[{"href":"https:\/\/jundiai.sp.gov.br\/planejamento-e-meio-ambiente\/wp-json\/wp\/v2\/types\/page"}],"author":[{"embeddable":true,"href":"https:\/\/jundiai.sp.gov.br\/planejamento-e-meio-ambiente\/wp-json\/wp\/v2\/users\/5"}],"replies":[{"embeddable":true,"href":"https:\/\/jundiai.sp.gov.br\/planejamento-e-meio-ambiente\/wp-json\/wp\/v2\/comments?post=2019"}],"version-history":[{"count":32,"href":"https:\/\/jundiai.sp.gov.br\/planejamento-e-meio-ambiente\/wp-json\/wp\/v2\/pages\/2019\/revisions"}],"predecessor-version":[{"id":8057,"href":"https:\/\/jundiai.sp.gov.br\/planejamento-e-meio-ambiente\/wp-json\/wp\/v2\/pages\/2019\/revisions\/8057"}],"up":[{"embeddable":true,"href":"https:\/\/jundiai.sp.gov.br\/planejamento-e-meio-ambiente\/wp-json\/wp\/v2\/pages\/189"}],"wp:attachment":[{"href":"https:\/\/jundiai.sp.gov.br\/planejamento-e-meio-ambiente\/wp-json\/wp\/v2\/media?parent=2019"}],"curies":[{"name":"wp","href":"https:\/\/api.w.org\/{rel}","templated":true}]}}