{"id":2373,"date":"2017-01-09T15:44:59","date_gmt":"2017-01-09T17:44:59","guid":{"rendered":"https:\/\/jundiai.sp.gov.br\/planejamento-e-meio-ambiente\/?page_id=2373"},"modified":"2017-12-20T15:48:32","modified_gmt":"2017-12-20T17:48:32","slug":"supressao-de-arvores-autorizacoes-2017","status":"publish","type":"page","link":"https:\/\/jundiai.sp.gov.br\/planejamento-e-meio-ambiente\/servicos-online\/supressao-de-arvores-ou-vegetacao\/supressao-de-arvores-autorizacoes-2017\/","title":{"rendered":"Supress\u00e3o de \u00c1rvores \u2013 Autoriza\u00e7\u00f5es (2017)"},"content":{"rendered":"<p><a href=\"https:\/\/jundiai.sp.gov.br\/planejamento-e-meio-ambiente\/wp-content\/uploads\/sites\/15\/2017\/01\/Autoriz_Corte_Arvore_001-2017.pdf\">Autoriza\u00e7\u00e3o Supress\u00e3o de \u00c1rvore 001\/2017;<\/a><\/p>\n<p><a href=\"https:\/\/jundiai.sp.gov.br\/planejamento-e-meio-ambiente\/wp-content\/uploads\/sites\/15\/2017\/02\/Autoriz_Corte_Arvore_004-2017.pdf\" target=\"_blank\" rel=\"noopener noreferrer\">Autoriza\u00e7\u00e3o Supress\u00e3o de \u00c1rvore 004\/2017<\/a>;<\/p>\n<p><a href=\"https:\/\/jundiai.sp.gov.br\/planejamento-e-meio-ambiente\/wp-content\/uploads\/sites\/15\/2017\/02\/Autoriz_Corte_Arvore_005-2017.pdf\" target=\"_blank\" rel=\"noopener noreferrer\">Autoriza\u00e7\u00e3o Supress\u00e3o de \u00c1rvore 005\/2017<\/a>;<\/p>\n<p><a href=\"https:\/\/jundiai.sp.gov.br\/planejamento-e-meio-ambiente\/wp-content\/uploads\/sites\/15\/2017\/03\/Autoriz_Corte_Arvore_009-2017.pdf\" target=\"_blank\" rel=\"noopener noreferrer\">Autoriza\u00e7\u00e3o Supress\u00e3o de \u00c1rvore 009\/2017<\/a>;<\/p>\n<p><a href=\"https:\/\/jundiai.sp.gov.br\/planejamento-e-meio-ambiente\/wp-content\/uploads\/sites\/15\/2017\/03\/Autoriz_Corte_Arvore_010-2017.pdf\" target=\"_blank\" rel=\"noopener noreferrer\">Autoriza\u00e7\u00e3o Supress\u00e3o de \u00c1rvore 010\/2017<\/a>;<\/p>\n<p><a href=\"https:\/\/jundiai.sp.gov.br\/planejamento-e-meio-ambiente\/wp-content\/uploads\/sites\/15\/2017\/04\/Autoriz_Corte_Arvore_011-2017.pdf\" target=\"_blank\" rel=\"noopener noreferrer\">Autoriza\u00e7\u00e3o Supress\u00e3o de \u00c1rvore 011\/2017<\/a>;<\/p>\n<p><a href=\"https:\/\/jundiai.sp.gov.br\/planejamento-e-meio-ambiente\/wp-content\/uploads\/sites\/15\/2017\/06\/Autoriz_Corte_Arvore_014-2017.pdf\">Autoriza\u00e7\u00e3o Supress\u00e3o de \u00c1rvore 014\/2017;<\/a><\/p>\n<p><a href=\"https:\/\/jundiai.sp.gov.br\/planejamento-e-meio-ambiente\/wp-content\/uploads\/sites\/15\/2017\/06\/Autoriz_Corte_Arvore_015-2017.pdf\">Autoriza\u00e7\u00e3o Supress\u00e3o de \u00c1rvore 015\/2017;<\/a><\/p>\n<p><a href=\"https:\/\/jundiai.sp.gov.br\/planejamento-e-meio-ambiente\/wp-content\/uploads\/sites\/15\/2017\/06\/Autoriz_Corte_Arvore_019-2017.pdf\">Autoriza\u00e7\u00e3o Supress\u00e3o de \u00c1rvore 019\/2017;<\/a><\/p>\n<p><a href=\"https:\/\/jundiai.sp.gov.br\/planejamento-e-meio-ambiente\/wp-content\/uploads\/sites\/15\/2017\/10\/autoriz_corte_arvore_023-2017.pdf\">Autoriza\u00e7\u00e3o Supress\u00e3o de \u00c1rvore 023\/2017<\/a><\/p>\n<p><a href=\"https:\/\/jundiai.sp.gov.br\/planejamento-e-meio-ambiente\/wp-content\/uploads\/sites\/15\/2017\/10\/autoriz_corte_arvore_039-2017.pdf\">Autoriza\u00e7\u00e3o Supress\u00e3o de \u00c1rvore 039\/2017<\/a><\/p>\n<p><a href=\"https:\/\/jundiai.sp.gov.br\/planejamento-e-meio-ambiente\/wp-content\/uploads\/sites\/15\/2017\/11\/autoriz_corte_arvore_041-2017.pdf\">Autoriza\u00e7\u00e3o Supress\u00e3o de \u00c1rvore 041\/2017<\/a><\/p>\n<p><a href=\"https:\/\/jundiai.sp.gov.br\/planejamento-e-meio-ambiente\/wp-content\/uploads\/sites\/15\/2017\/11\/autoriz_corte_arvore_042-2017.pdf\">Autoriza\u00e7\u00e3o Supress\u00e3o de \u00c1rvore 042\/2017<\/a><\/p>\n<p><a href=\"https:\/\/jundiai.sp.gov.br\/planejamento-e-meio-ambiente\/wp-content\/uploads\/sites\/15\/2017\/12\/autoriz_corte_arvore_043-2017.pdf\">Autoriza\u00e7\u00e3o Supress\u00e3o de \u00c1rvore 043\/2017\u00a0<\/a><\/p>\n<p><a href=\"https:\/\/jundiai.sp.gov.br\/planejamento-e-meio-ambiente\/wp-content\/uploads\/sites\/15\/2017\/01\/autoriz_corte_arvore_044-2017.pdf\">Autoriza\u00e7\u00e3o Supress\u00e3o de \u00c1rvore 044\/2017<\/a><\/p>\n<p><strong>Observa\u00e7\u00e3o: Somente ser\u00e3o publicadas as autoriza\u00e7\u00f5es previstas na Lei 8.392\/2015.<\/strong><\/p>\n","protected":false},"excerpt":{"rendered":"<p>Autoriza\u00e7\u00e3o Supress\u00e3o de \u00c1rvore 001\/2017; Autoriza\u00e7\u00e3o Supress\u00e3o de \u00c1rvore 004\/2017; Autoriza\u00e7\u00e3o Supress\u00e3o de \u00c1rvore 005\/2017; Autoriza\u00e7\u00e3o Supress\u00e3o de \u00c1rvore 009\/2017; Autoriza\u00e7\u00e3o Supress\u00e3o de \u00c1rvore 010\/2017; Autoriza\u00e7\u00e3o Supress\u00e3o de \u00c1rvore 011\/2017; Autoriza\u00e7\u00e3o Supress\u00e3o de \u00c1rvore 014\/2017; Autoriza\u00e7\u00e3o Supress\u00e3o de \u00c1rvore 015\/2017; Autoriza\u00e7\u00e3o Supress\u00e3o de \u00c1rvore 019\/2017; Autoriza\u00e7\u00e3o Supress\u00e3o de \u00c1rvore 023\/2017 Autoriza\u00e7\u00e3o Supress\u00e3o de \u00c1rvore 039\/2017 [&hellip;]<\/p>\n","protected":false},"author":5,"featured_media":0,"parent":1490,"menu_order":0,"comment_status":"closed","ping_status":"closed","template":"","meta":{"footnotes":""},"class_list":["post-2373","page","type-page","status-publish","hentry"],"_links":{"self":[{"href":"https:\/\/jundiai.sp.gov.br\/planejamento-e-meio-ambiente\/wp-json\/wp\/v2\/pages\/2373","targetHints":{"allow":["GET"]}}],"collection":[{"href":"https:\/\/jundiai.sp.gov.br\/planejamento-e-meio-ambiente\/wp-json\/wp\/v2\/pages"}],"about":[{"href":"https:\/\/jundiai.sp.gov.br\/planejamento-e-meio-ambiente\/wp-json\/wp\/v2\/types\/page"}],"author":[{"embeddable":true,"href":"https:\/\/jundiai.sp.gov.br\/planejamento-e-meio-ambiente\/wp-json\/wp\/v2\/users\/5"}],"replies":[{"embeddable":true,"href":"https:\/\/jundiai.sp.gov.br\/planejamento-e-meio-ambiente\/wp-json\/wp\/v2\/comments?post=2373"}],"version-history":[{"count":22,"href":"https:\/\/jundiai.sp.gov.br\/planejamento-e-meio-ambiente\/wp-json\/wp\/v2\/pages\/2373\/revisions"}],"predecessor-version":[{"id":3257,"href":"https:\/\/jundiai.sp.gov.br\/planejamento-e-meio-ambiente\/wp-json\/wp\/v2\/pages\/2373\/revisions\/3257"}],"up":[{"embeddable":true,"href":"https:\/\/jundiai.sp.gov.br\/planejamento-e-meio-ambiente\/wp-json\/wp\/v2\/pages\/1490"}],"wp:attachment":[{"href":"https:\/\/jundiai.sp.gov.br\/planejamento-e-meio-ambiente\/wp-json\/wp\/v2\/media?parent=2373"}],"curies":[{"name":"wp","href":"https:\/\/api.w.org\/{rel}","templated":true}]}}