{"id":243,"date":"2014-08-21T16:47:15","date_gmt":"2014-08-21T19:47:15","guid":{"rendered":"https:\/\/jundiai.sp.gov.br\/planejamento-e-meio-ambiente\/?page_id=243"},"modified":"2026-02-05T16:29:00","modified_gmt":"2026-02-05T19:29:00","slug":"servicos-online","status":"publish","type":"page","link":"https:\/\/jundiai.sp.gov.br\/planejamento-e-meio-ambiente\/servicos-online\/","title":{"rendered":"Servi\u00e7os"},"content":{"rendered":"\n<ul class=\"wp-block-list\">\n<li><a href=\"https:\/\/jundiai.sp.gov.br\/planejamento-e-meio-ambiente\/duos\/\">Uso do Solo<\/a><\/li>\n\n\n\n<li><a href=\"https:\/\/jundiai.sp.gov.br\/planejamento-e-meio-ambiente\/servicos-online\/calcadas\/\">Cal\u00e7adas <\/a><\/li>\n\n\n\n<li><a rel=\"noreferrer noopener\" href=\"http:\/\/saepro.jundiai.sp.gov.br\/\" target=\"_blank\">Aprova\u00e7\u00e3o de Projetos de Obras<\/a><\/li>\n\n\n\n<li><a href=\"https:\/\/jundiai.sp.gov.br\/servicos-online\/\">Emiss\u00e3o de Certid\u00f5es e Autenticidade<\/a><\/li>\n\n\n\n<li><a href=\"https:\/\/jundiai.sp.gov.br\/planejamento-e-meio-ambiente\/duos\/diretriz-urbanistica\/\">Diretriz Urban\u00edstica<\/a><\/li>\n\n\n\n<li><a href=\"https:\/\/jundiai.sp.gov.br\/planejamento-e-meio-ambiente\/servicos-online\/diretrizes-viarias\/\" data-type=\"page\" data-id=\"1112\">Diretriz Vi\u00e1ria<\/a><\/li>\n\n\n\n<li><a href=\"https:\/\/jundiai.sp.gov.br\/planejamento-e-meio-ambiente\/mapas\/\">Download de Mapas<\/a><\/li>\n\n\n\n<li><a href=\"https:\/\/jundiai.sp.gov.br\/planejamento-e-meio-ambiente\/eiv-riv\/\">Estudo de Impacto de Vizinhan\u00e7a \u2013 EIV<\/a><\/li>\n\n\n\n<li><a href=\"https:\/\/jundiai.sp.gov.br\/planejamento-e-meio-ambiente\/potencial-construtivo\/\">Pontencial Construtivo<\/a><\/li>\n\n\n\n<li><a href=\"https:\/\/jundiai.sp.gov.br\/planejamento-e-meio-ambiente\/assuntos-fundiarios\/\">Regulariza\u00e7\u00e3o Fundi\u00e1ria<\/a><\/li>\n\n\n\n<li><a href=\"https:\/\/jundiai.sp.gov.br\/planejamento-e-meio-ambiente\/servicos-online\/paisagem-urbana\/\" data-type=\"page\" data-id=\"189\">Publicidade<\/a><\/li>\n\n\n\n<li><a href=\"https:\/\/jundiai.sp.gov.br\/planejamento-e-meio-ambiente\/supressao-de-arvores-ou-vegetacao\/\">Supress\u00e3o de \u00c1rvores<\/a><\/li>\n\n\n\n<li><a href=\"https:\/\/jundiai.sp.gov.br\/planejamento-e-meio-ambiente\/visitacao-monitorada\/\">Visita Monitorada \u00e0 Serra do Japi<\/a><\/li>\n\n\n\n<li><a href=\"https:\/\/jundiai.sp.gov.br\/adocaodeanimais\/\">Ado\u00e7\u00e3o de Animais<\/a><\/li>\n\n\n\n<li><a href=\"https:\/\/jundiai.sp.gov.br\/planejamento-e-meio-ambiente\/departamento-do-bem-estar-animal\/castracao\/cadastro-de-animais-para-castracao\/\">Cadastro de Animais para Castra\u00e7\u00e3o<\/a><\/li>\n\n\n\n<li><a href=\"https:\/\/jundiai.sp.gov.br\/planejamento-e-meio-ambiente\/departamento-do-bem-estar-animal\/castracao-de-gatos-de-vida-livre\/\">Castra\u00e7\u00e3o de gatos de vida livre<\/a><\/li>\n\n\n\n<li><a href=\"https:\/\/jundiai.sp.gov.br\/planejamento-e-meio-ambiente\/departamento-do-bem-estar-animal\/microchipagem\/\">Microchipagem de animais<\/a><\/li>\n\n\n\n<li><a href=\"https:\/\/jundiai.sp.gov.br\/planejamento-e-meio-ambiente\/departamento-do-bem-estar-animal\/vistorias-de-maus-tratos\/\">Vistorias de maus tratos<\/a><\/li>\n\n\n\n<li><a href=\"https:\/\/jundiai.sp.gov.br\/planejamento-e-meio-ambiente\/regularizacao-das-bancas-de-jornal\/\">Regulariza\u00e7\u00e3o de Bancas de Jornal<\/a><\/li>\n\n\n\n<li><a rel=\"noreferrer noopener\" href=\"https:\/\/jundiai.sp.gov.br\/planejamento-e-meio-ambiente\/servicos-online\/licenciamento-de-transmissores-de-radiacao-nao-ionizantes\/\" target=\"_blank\">Licenciamento de Transmissores de Radia\u00e7\u00e3o N\u00e3o Ionizantes<\/a><\/li>\n\n\n\n<li><a href=\"https:\/\/jundiai.sp.gov.br\/planejamento-e-meio-ambiente\/parklet\/\" target=\"_blank\" rel=\"noreferrer noopener\">Parklets<\/a><\/li>\n\n\n\n<li><a href=\"https:\/\/jundiai.sp.gov.br\/planejamento-e-meio-ambiente\/aprovacao-de-plano-de-gerenciamento-de-residuos-da-construcao-civil-pgrs-cc\/\">Aprova\u00e7\u00e3o de Plano de Gerenciamento de Res\u00edduos da Constru\u00e7\u00e3o Civil (PGRS-CC)<\/a><\/li>\n<\/ul>\n","protected":false},"excerpt":{"rendered":"","protected":false},"author":5,"featured_media":0,"parent":0,"menu_order":0,"comment_status":"closed","ping_status":"closed","template":"","meta":{"footnotes":""},"class_list":["post-243","page","type-page","status-publish","hentry"],"_links":{"self":[{"href":"https:\/\/jundiai.sp.gov.br\/planejamento-e-meio-ambiente\/wp-json\/wp\/v2\/pages\/243","targetHints":{"allow":["GET"]}}],"collection":[{"href":"https:\/\/jundiai.sp.gov.br\/planejamento-e-meio-ambiente\/wp-json\/wp\/v2\/pages"}],"about":[{"href":"https:\/\/jundiai.sp.gov.br\/planejamento-e-meio-ambiente\/wp-json\/wp\/v2\/types\/page"}],"author":[{"embeddable":true,"href":"https:\/\/jundiai.sp.gov.br\/planejamento-e-meio-ambiente\/wp-json\/wp\/v2\/users\/5"}],"replies":[{"embeddable":true,"href":"https:\/\/jundiai.sp.gov.br\/planejamento-e-meio-ambiente\/wp-json\/wp\/v2\/comments?post=243"}],"version-history":[{"count":31,"href":"https:\/\/jundiai.sp.gov.br\/planejamento-e-meio-ambiente\/wp-json\/wp\/v2\/pages\/243\/revisions"}],"predecessor-version":[{"id":8146,"href":"https:\/\/jundiai.sp.gov.br\/planejamento-e-meio-ambiente\/wp-json\/wp\/v2\/pages\/243\/revisions\/8146"}],"wp:attachment":[{"href":"https:\/\/jundiai.sp.gov.br\/planejamento-e-meio-ambiente\/wp-json\/wp\/v2\/media?parent=243"}],"curies":[{"name":"wp","href":"https:\/\/api.w.org\/{rel}","templated":true}]}}