{"id":2434,"date":"2017-03-17T10:38:03","date_gmt":"2017-03-17T13:38:03","guid":{"rendered":"https:\/\/jundiai.sp.gov.br\/planejamento-e-meio-ambiente\/?page_id=2434"},"modified":"2021-05-07T09:19:35","modified_gmt":"2021-05-07T12:19:35","slug":"obras-particulares","status":"publish","type":"page","link":"https:\/\/jundiai.sp.gov.br\/planejamento-e-meio-ambiente\/obras-particulares\/","title":{"rendered":"Licenciamento de Obras e Instala\u00e7\u00f5es"},"content":{"rendered":"<p>O Departamento de Licenciamento de Obras e Instala\u00e7\u00f5es (DELOI) \u00e9 o \u00f3rg\u00e3o da Unidade de Planejamento Urbano e Meio Ambiente&nbsp;respons\u00e1vel pelo controle do uso e ocupa\u00e7\u00e3o do solo no munic\u00edpio a partir da avalia\u00e7\u00e3o, licenciamento e fiscaliza\u00e7\u00e3o das obras de particulares de forma a assegurar o atendimento \u00e0 legisla\u00e7\u00e3o pertinente, em especial o <a href=\"https:\/\/jundiai.sp.gov.br\/planejamento-e-meio-ambiente\/plano-diretor-e-zoneamento\/\">Plano Diretor<\/a>, a Lei de Uso do Solo e o C\u00f3digo de Obras e Edifica\u00e7\u00f5es.<\/p>\n<p>O Departamento \u00e9 constitu\u00edda pela Divis\u00e3o de Aprova\u00e7\u00e3o de Projetos (DAP), que analisa e aprova os projetos de obras de edifica\u00e7\u00f5es e de urbaniza\u00e7\u00f5es, inclusive loteamentos, realizados no munic\u00edpio, e pela Divis\u00e3o de Fiscaliza\u00e7\u00e3o de Obras Particulares (DFO), que fiscaliza as obras, emite os certificados de conclus\u00e3o e controla a numera\u00e7\u00e3o dos logradouros p\u00fablicos.<\/p>\n<h2>Contato<\/h2>\n<p>O Departamento de Licenciamento de Obras e Instala\u00e7\u00f5es (DELOI) fica no Pa\u00e7o Municipal, 6\u00ba andar &#8211; ala Norte<br \/>\nTelefone 4589-8488<\/p>\n<p>Divis\u00e3o de Fiscaliza\u00e7\u00e3o de Obras, Servi\u00e7os e Instala\u00e7\u00f5es de Publicidade (DFOSIP)<br \/>\nPa\u00e7o Municipal, 5\u00ba andar &#8211; ala Norte<br \/>\nTelefone 4589-8478<\/p>\n","protected":false},"excerpt":{"rendered":"<p>O Departamento de Licenciamento de Obras e Instala\u00e7\u00f5es (DELOI) \u00e9 o \u00f3rg\u00e3o da Unidade de Planejamento Urbano e Meio Ambiente&nbsp;respons\u00e1vel pelo controle do uso e ocupa\u00e7\u00e3o do solo no munic\u00edpio a partir da avalia\u00e7\u00e3o, licenciamento e fiscaliza\u00e7\u00e3o das obras de particulares de forma a assegurar o atendimento \u00e0 legisla\u00e7\u00e3o pertinente, em especial o Plano Diretor, [&hellip;]<\/p>\n","protected":false},"author":14,"featured_media":0,"parent":0,"menu_order":0,"comment_status":"closed","ping_status":"closed","template":"page-subpaginas.php","meta":{"footnotes":""},"class_list":["post-2434","page","type-page","status-publish","hentry"],"_links":{"self":[{"href":"https:\/\/jundiai.sp.gov.br\/planejamento-e-meio-ambiente\/wp-json\/wp\/v2\/pages\/2434","targetHints":{"allow":["GET"]}}],"collection":[{"href":"https:\/\/jundiai.sp.gov.br\/planejamento-e-meio-ambiente\/wp-json\/wp\/v2\/pages"}],"about":[{"href":"https:\/\/jundiai.sp.gov.br\/planejamento-e-meio-ambiente\/wp-json\/wp\/v2\/types\/page"}],"author":[{"embeddable":true,"href":"https:\/\/jundiai.sp.gov.br\/planejamento-e-meio-ambiente\/wp-json\/wp\/v2\/users\/14"}],"replies":[{"embeddable":true,"href":"https:\/\/jundiai.sp.gov.br\/planejamento-e-meio-ambiente\/wp-json\/wp\/v2\/comments?post=2434"}],"version-history":[{"count":6,"href":"https:\/\/jundiai.sp.gov.br\/planejamento-e-meio-ambiente\/wp-json\/wp\/v2\/pages\/2434\/revisions"}],"predecessor-version":[{"id":4901,"href":"https:\/\/jundiai.sp.gov.br\/planejamento-e-meio-ambiente\/wp-json\/wp\/v2\/pages\/2434\/revisions\/4901"}],"wp:attachment":[{"href":"https:\/\/jundiai.sp.gov.br\/planejamento-e-meio-ambiente\/wp-json\/wp\/v2\/media?parent=2434"}],"curies":[{"name":"wp","href":"https:\/\/api.w.org\/{rel}","templated":true}]}}