{"id":2437,"date":"2017-03-17T10:55:46","date_gmt":"2017-03-17T13:55:46","guid":{"rendered":"https:\/\/jundiai.sp.gov.br\/planejamento-e-meio-ambiente\/?page_id=2437"},"modified":"2017-03-17T10:55:46","modified_gmt":"2017-03-17T13:55:46","slug":"certidoes","status":"publish","type":"page","link":"https:\/\/jundiai.sp.gov.br\/planejamento-e-meio-ambiente\/obras-particulares\/certidoes\/","title":{"rendered":"Certid\u00f5es"},"content":{"rendered":"<p><b>Transforma\u00e7\u00e3o de uso<\/b><br \/>\nProtocolar pedido informando o n\u00famero do processo que deu origem \u00e0 transforma\u00e7\u00e3o de uso.<br \/>\n<b>Constru\u00e7\u00e3o<\/b><br \/>\nProtocolar pedido instru\u00eddo com os documentos abaixo, informando o n\u00famero do processo que deu origem \u00e0 constru\u00e7\u00e3o:<\/p>\n<ul>\n<li>C\u00f3pia da capa do IPTU<\/li>\n<li>C\u00f3pia da escritura registrada<\/li>\n<\/ul>\n<p><b>Demoli\u00e7\u00e3o<\/b><br \/>\nProtocolar pedido informando o n\u00famero do processo que deu origem \u00e0 demoli\u00e7\u00e3o, ou juntar ao processo que aprovou a demoli\u00e7\u00e3o, instru\u00eddo com a guia de ISSQN recolhida, referente \u00e0 \u00e1rea de demoli\u00e7\u00e3o a ser certificada.<\/p>\n<p><b>Numera\u00e7\u00e3o de Im\u00f3veis<\/b><br \/>\nDever\u00e1 ser protocolada a solicita\u00e7\u00e3o com c\u00f3pias dos seguintes documentos:<\/p>\n<ul>\n<ul>\n<li>T\u00edtulo de propriedade<\/li>\n<li>Capa do IPTU<\/li>\n<li>Croqui da localiza\u00e7\u00e3o do im\u00f3vel, se necess\u00e1rio com indica\u00e7\u00e3o de ponto de refer\u00eancia<\/li>\n<\/ul>\n<\/ul>\n<p><b>Nomenclatura de vias p\u00fablicas<\/b><br \/>\nO interessado dever\u00e1 comparecer no atendimento do expediente de obras particulares, munido do t\u00edtulo de propriedade e capa do carn\u00ea de IPTU e solicita verbalmente.<\/p>\n","protected":false},"excerpt":{"rendered":"<p>Transforma\u00e7\u00e3o de uso Protocolar pedido informando o n\u00famero do processo que deu origem \u00e0 transforma\u00e7\u00e3o de uso. Constru\u00e7\u00e3o Protocolar pedido instru\u00eddo com os documentos abaixo, informando o n\u00famero do processo que deu origem \u00e0 constru\u00e7\u00e3o: C\u00f3pia da capa do IPTU C\u00f3pia da escritura registrada Demoli\u00e7\u00e3o Protocolar pedido informando o n\u00famero do processo que deu origem [&hellip;]<\/p>\n","protected":false},"author":14,"featured_media":0,"parent":2434,"menu_order":0,"comment_status":"closed","ping_status":"closed","template":"","meta":{"footnotes":""},"class_list":["post-2437","page","type-page","status-publish","hentry"],"_links":{"self":[{"href":"https:\/\/jundiai.sp.gov.br\/planejamento-e-meio-ambiente\/wp-json\/wp\/v2\/pages\/2437","targetHints":{"allow":["GET"]}}],"collection":[{"href":"https:\/\/jundiai.sp.gov.br\/planejamento-e-meio-ambiente\/wp-json\/wp\/v2\/pages"}],"about":[{"href":"https:\/\/jundiai.sp.gov.br\/planejamento-e-meio-ambiente\/wp-json\/wp\/v2\/types\/page"}],"author":[{"embeddable":true,"href":"https:\/\/jundiai.sp.gov.br\/planejamento-e-meio-ambiente\/wp-json\/wp\/v2\/users\/14"}],"replies":[{"embeddable":true,"href":"https:\/\/jundiai.sp.gov.br\/planejamento-e-meio-ambiente\/wp-json\/wp\/v2\/comments?post=2437"}],"version-history":[{"count":1,"href":"https:\/\/jundiai.sp.gov.br\/planejamento-e-meio-ambiente\/wp-json\/wp\/v2\/pages\/2437\/revisions"}],"predecessor-version":[{"id":2438,"href":"https:\/\/jundiai.sp.gov.br\/planejamento-e-meio-ambiente\/wp-json\/wp\/v2\/pages\/2437\/revisions\/2438"}],"up":[{"embeddable":true,"href":"https:\/\/jundiai.sp.gov.br\/planejamento-e-meio-ambiente\/wp-json\/wp\/v2\/pages\/2434"}],"wp:attachment":[{"href":"https:\/\/jundiai.sp.gov.br\/planejamento-e-meio-ambiente\/wp-json\/wp\/v2\/media?parent=2437"}],"curies":[{"name":"wp","href":"https:\/\/api.w.org\/{rel}","templated":true}]}}