{"id":2443,"date":"2017-03-17T10:59:06","date_gmt":"2017-03-17T13:59:06","guid":{"rendered":"https:\/\/jundiai.sp.gov.br\/planejamento-e-meio-ambiente\/?page_id=2443"},"modified":"2025-11-13T14:27:45","modified_gmt":"2025-11-13T17:27:45","slug":"recursos","status":"publish","type":"page","link":"https:\/\/jundiai.sp.gov.br\/planejamento-e-meio-ambiente\/obras-particulares\/fiscalizacao-de-obras\/recursos\/","title":{"rendered":"Prazos e Defesas Administrativas"},"content":{"rendered":"\n<p><strong>Notifica\u00e7\u00e3o\/Embargo\/Multa<\/strong><br>O interessado dever\u00e1 anexar no processo, c\u00f3pia do t\u00edtulo de propriedade, Formul\u00e1rio de Defesa e Recurso Administrativo (link abaixo) com as justificativas t\u00e9cnicas, procura\u00e7\u00e3o se o caso e, se pessoa jur\u00eddica, dever\u00e1 ser juntado tamb\u00e9m o contrato social. Os documentos supra mencionados dever\u00e3o ser anexados no processo referente \u00e0 notifica\u00e7\u00e3o \/ embargo atrav\u00e9s do e-mail: defesa_dfo-ugpuma@jundiai.sp.gov.br<\/p>\n\n\n\n<p>Observa\u00e7\u00e3o importante: S\u00f3 ser\u00e3o aceitos as solicita\u00e7\u00f5es de defesas administrativas ou de prorroga\u00e7\u00e3o de prazos, apresentados at\u00e9 a data do vencimento do auto (a contar do seu recebimento) e com a documenta\u00e7\u00e3o m\u00ednima exigida.<\/p>\n\n\n\n<p>Em todos os casos acima, poder\u00e3o tamb\u00e9m ser juntados documentos que o requerente julgar necess\u00e1rios \u00e0 comprova\u00e7\u00e3o do pedido.<\/p>\n\n\n\n<p><strong>* A decis\u00e3o da Municipalidade das an\u00e1lises das solicita\u00e7\u00f5es de defesas administrativas e de prorroga\u00e7\u00e3o de prazo, ser\u00e1 publicado na Imprensa Oficial do Munic\u00edpio, que dever\u00e1 ser consultada pelo requerente\/interessado ou respons\u00e1vel t\u00e9cnico, no endere\u00e7o:&nbsp;<\/strong><a href=\"https:\/\/imprensaoficial.jundiai.sp.gov.br\/\" target=\"_blank\" rel=\"noreferrer noopener\"><strong>imprensaoficial.jundiai.sp.gov.br<\/strong><\/a><\/p>\n\n\n\n<p><span style=\"text-decoration: underline;\">** Em caso de OBRA EMBARGADA, (salvo as quest\u00f5es comprovadamente emergenciais nos termos da Lei) a mesma dever\u00e1 permanecer paralisada at\u00e9 o atendimento \u00e0 Notifica\u00e7\u00e3o.<\/span><\/p>\n\n\n\n<div style=\"height:100px\" aria-hidden=\"true\" class=\"wp-block-spacer\"><\/div>\n\n\n\n<div class=\"wp-block-file\"><a id=\"wp-block-file--media-82f8bbcf-f270-4ba9-b7b0-53f16c148488\" href=\"https:\/\/jundiai.sp.gov.br\/planejamento-e-meio-ambiente\/wp-content\/uploads\/sites\/15\/2025\/03\/formulario_defesa.doc\" target=\"_blank\" rel=\"noreferrer noopener\">Formul\u00e1rio de Defesa e Recurso Administrativo<\/a><a href=\"https:\/\/jundiai.sp.gov.br\/planejamento-e-meio-ambiente\/wp-content\/uploads\/sites\/15\/2025\/03\/formulario_defesa.doc\" class=\"wp-block-file__button wp-element-button\" download aria-describedby=\"wp-block-file--media-82f8bbcf-f270-4ba9-b7b0-53f16c148488\">Baixar<\/a><\/div>\n","protected":false},"excerpt":{"rendered":"<p>Notifica\u00e7\u00e3o\/Embargo\/MultaO interessado dever\u00e1 anexar no processo, c\u00f3pia do t\u00edtulo de propriedade, Formul\u00e1rio de Defesa e Recurso Administrativo (link abaixo) com as justificativas t\u00e9cnicas, procura\u00e7\u00e3o se o caso e, se pessoa jur\u00eddica, dever\u00e1 ser juntado tamb\u00e9m o contrato social. Os documentos supra mencionados dever\u00e3o ser anexados no processo referente \u00e0 notifica\u00e7\u00e3o \/ embargo atrav\u00e9s do e-mail: [&hellip;]<\/p>\n","protected":false},"author":14,"featured_media":0,"parent":6593,"menu_order":0,"comment_status":"closed","ping_status":"closed","template":"","meta":{"footnotes":""},"class_list":["post-2443","page","type-page","status-publish","hentry"],"_links":{"self":[{"href":"https:\/\/jundiai.sp.gov.br\/planejamento-e-meio-ambiente\/wp-json\/wp\/v2\/pages\/2443","targetHints":{"allow":["GET"]}}],"collection":[{"href":"https:\/\/jundiai.sp.gov.br\/planejamento-e-meio-ambiente\/wp-json\/wp\/v2\/pages"}],"about":[{"href":"https:\/\/jundiai.sp.gov.br\/planejamento-e-meio-ambiente\/wp-json\/wp\/v2\/types\/page"}],"author":[{"embeddable":true,"href":"https:\/\/jundiai.sp.gov.br\/planejamento-e-meio-ambiente\/wp-json\/wp\/v2\/users\/14"}],"replies":[{"embeddable":true,"href":"https:\/\/jundiai.sp.gov.br\/planejamento-e-meio-ambiente\/wp-json\/wp\/v2\/comments?post=2443"}],"version-history":[{"count":16,"href":"https:\/\/jundiai.sp.gov.br\/planejamento-e-meio-ambiente\/wp-json\/wp\/v2\/pages\/2443\/revisions"}],"predecessor-version":[{"id":8014,"href":"https:\/\/jundiai.sp.gov.br\/planejamento-e-meio-ambiente\/wp-json\/wp\/v2\/pages\/2443\/revisions\/8014"}],"up":[{"embeddable":true,"href":"https:\/\/jundiai.sp.gov.br\/planejamento-e-meio-ambiente\/wp-json\/wp\/v2\/pages\/6593"}],"wp:attachment":[{"href":"https:\/\/jundiai.sp.gov.br\/planejamento-e-meio-ambiente\/wp-json\/wp\/v2\/media?parent=2443"}],"curies":[{"name":"wp","href":"https:\/\/api.w.org\/{rel}","templated":true}]}}