{"id":2448,"date":"2017-03-17T11:34:39","date_gmt":"2017-03-17T14:34:39","guid":{"rendered":"https:\/\/jundiai.sp.gov.br\/planejamento-e-meio-ambiente\/?page_id=2448"},"modified":"2017-03-17T11:49:23","modified_gmt":"2017-03-17T14:49:23","slug":"procedimentos","status":"publish","type":"page","link":"https:\/\/jundiai.sp.gov.br\/planejamento-e-meio-ambiente\/obras-particulares\/procedimentos\/","title":{"rendered":"Procedimentos"},"content":{"rendered":"<ul>\n<li><a href=\"https:\/\/jundiai.sp.gov.br\/planejamento-e-meio-ambiente\/obras-particulares\/procedimentos\/instrucoes-internas\/\">Instru\u00e7\u00f5es Internas<\/a>;<\/li>\n<li><a href=\"https:\/\/jundiai.sp.gov.br\/planejamento-e-meio-ambiente\/obras-particulares\/procedimentos\/manual-de-procedimentos\/\">Manual de Procedimentos<\/a>;<\/li>\n<li><a href=\"https:\/\/jundiai.sp.gov.br\/planejamento-e-meio-ambiente\/obras-particulares\/procedimentos\/ministerio-da-defesa\/\">Minist\u00e9rio da Defesa<\/a>;<\/li>\n<li><a href=\"https:\/\/web.cijun.sp.gov.br\/pmj\/cm\/PlantaoProfissional.aspx\" target=\"_blank\">Plant\u00e3o de Atendimento<\/a>.<\/li>\n<\/ul>\n","protected":false},"excerpt":{"rendered":"<p>Instru\u00e7\u00f5es Internas; Manual de Procedimentos; Minist\u00e9rio da Defesa; Plant\u00e3o de Atendimento.<\/p>\n","protected":false},"author":14,"featured_media":0,"parent":2434,"menu_order":0,"comment_status":"closed","ping_status":"closed","template":"","meta":{"footnotes":""},"class_list":["post-2448","page","type-page","status-publish","hentry"],"_links":{"self":[{"href":"https:\/\/jundiai.sp.gov.br\/planejamento-e-meio-ambiente\/wp-json\/wp\/v2\/pages\/2448","targetHints":{"allow":["GET"]}}],"collection":[{"href":"https:\/\/jundiai.sp.gov.br\/planejamento-e-meio-ambiente\/wp-json\/wp\/v2\/pages"}],"about":[{"href":"https:\/\/jundiai.sp.gov.br\/planejamento-e-meio-ambiente\/wp-json\/wp\/v2\/types\/page"}],"author":[{"embeddable":true,"href":"https:\/\/jundiai.sp.gov.br\/planejamento-e-meio-ambiente\/wp-json\/wp\/v2\/users\/14"}],"replies":[{"embeddable":true,"href":"https:\/\/jundiai.sp.gov.br\/planejamento-e-meio-ambiente\/wp-json\/wp\/v2\/comments?post=2448"}],"version-history":[{"count":5,"href":"https:\/\/jundiai.sp.gov.br\/planejamento-e-meio-ambiente\/wp-json\/wp\/v2\/pages\/2448\/revisions"}],"predecessor-version":[{"id":2472,"href":"https:\/\/jundiai.sp.gov.br\/planejamento-e-meio-ambiente\/wp-json\/wp\/v2\/pages\/2448\/revisions\/2472"}],"up":[{"embeddable":true,"href":"https:\/\/jundiai.sp.gov.br\/planejamento-e-meio-ambiente\/wp-json\/wp\/v2\/pages\/2434"}],"wp:attachment":[{"href":"https:\/\/jundiai.sp.gov.br\/planejamento-e-meio-ambiente\/wp-json\/wp\/v2\/media?parent=2448"}],"curies":[{"name":"wp","href":"https:\/\/api.w.org\/{rel}","templated":true}]}}