{"id":2451,"date":"2017-03-17T11:35:40","date_gmt":"2017-03-17T14:35:40","guid":{"rendered":"https:\/\/jundiai.sp.gov.br\/planejamento-e-meio-ambiente\/?page_id=2451"},"modified":"2017-03-17T11:41:01","modified_gmt":"2017-03-17T14:41:01","slug":"instrucoes-internas","status":"publish","type":"page","link":"https:\/\/jundiai.sp.gov.br\/planejamento-e-meio-ambiente\/obras-particulares\/procedimentos\/instrucoes-internas\/","title":{"rendered":"Instru\u00e7\u00f5es Internas"},"content":{"rendered":"<p><a href=\"https:\/\/jundiai.sp.gov.br\/planejamento-e-meio-ambiente\/wp-content\/uploads\/sites\/15\/2017\/03\/Instru\u00e7\u00e3o-Interna-SMO-001-2012.pdf\" target=\"_blank\">Instru\u00e7\u00e3o Interna SMO 001\/2012<\/a><br \/>\nAdota procedimento para orientar vistorias de recebimento das obras de implanta\u00e7\u00e3o, pavimenta\u00e7\u00e3o e galerias de \u00e1guas pluviais dos novos loteamentos.<\/p>\n<p><a href=\"https:\/\/jundiai.sp.gov.br\/planejamento-e-meio-ambiente\/wp-content\/uploads\/sites\/15\/2017\/03\/Instru\u00e7\u00e3o-Interna-Comiss\u00e3o-Encarregada-de-Recebimento-de-Loteamentos.pdf\" target=\"_blank\">Instru\u00e7\u00e3o Interna Comiss\u00e3o Encarregada de Recebimento de Loteamentos 001\/2012<\/a><br \/>\nProcedimento para vistorias de recebimento das obras de implanta\u00e7\u00e3o, pavimenta\u00e7\u00e3o e galerias de \u00e1guas pluviais dos novos loteamentos e modelo de declara\u00e7\u00e3o.<\/p>\n<p><a href=\"https:\/\/jundiai.sp.gov.br\/planejamento-e-meio-ambiente\/wp-content\/uploads\/sites\/15\/2017\/03\/Instru\u00e7\u00e3o-Interna-SMO-00107.pdf\" target=\"_blank\">Instru\u00e7\u00e3o Interna SMO 001\/07<\/a><br \/>\nPossibilita a discrimina\u00e7\u00e3o de \u00e1reas e respectivas utiliza\u00e7\u00f5es, no quadro de \u00e1reas em planta.<\/p>\n<p><a href=\"https:\/\/jundiai.sp.gov.br\/planejamento-e-meio-ambiente\/wp-content\/uploads\/sites\/15\/2017\/03\/Instru\u00e7\u00e3o-Interna-SMO-002-07.pdf\" target=\"_blank\">Instru\u00e7\u00e3o Interna SMO 002\/07<\/a><br \/>\nDetermina a regulariza\u00e7\u00e3o ou a amplia\u00e7\u00e3o de qualquer unidade aut\u00f4noma em condom\u00ednios de edifica\u00e7\u00f5es horizontais poder\u00e1 se dar individualmente.<\/p>\n<p><a href=\"https:\/\/jundiai.sp.gov.br\/planejamento-e-meio-ambiente\/wp-content\/uploads\/sites\/15\/2017\/03\/Instru\u00e7\u00e3o-Interna-SMO-003-07.pdf\" target=\"_blank\">Instru\u00e7\u00e3o Interna SMO 003\/07<\/a><br \/>\nAlvar\u00e1 de Demoli\u00e7\u00e3o.<\/p>\n","protected":false},"excerpt":{"rendered":"<p>Instru\u00e7\u00e3o Interna SMO 001\/2012 Adota procedimento para orientar vistorias de recebimento das obras de implanta\u00e7\u00e3o, pavimenta\u00e7\u00e3o e galerias de \u00e1guas pluviais dos novos loteamentos. Instru\u00e7\u00e3o Interna Comiss\u00e3o Encarregada de Recebimento de Loteamentos 001\/2012 Procedimento para vistorias de recebimento das obras de implanta\u00e7\u00e3o, pavimenta\u00e7\u00e3o e galerias de \u00e1guas pluviais dos novos loteamentos e modelo de declara\u00e7\u00e3o. [&hellip;]<\/p>\n","protected":false},"author":14,"featured_media":0,"parent":2448,"menu_order":0,"comment_status":"closed","ping_status":"closed","template":"","meta":{"footnotes":""},"class_list":["post-2451","page","type-page","status-publish","hentry"],"_links":{"self":[{"href":"https:\/\/jundiai.sp.gov.br\/planejamento-e-meio-ambiente\/wp-json\/wp\/v2\/pages\/2451","targetHints":{"allow":["GET"]}}],"collection":[{"href":"https:\/\/jundiai.sp.gov.br\/planejamento-e-meio-ambiente\/wp-json\/wp\/v2\/pages"}],"about":[{"href":"https:\/\/jundiai.sp.gov.br\/planejamento-e-meio-ambiente\/wp-json\/wp\/v2\/types\/page"}],"author":[{"embeddable":true,"href":"https:\/\/jundiai.sp.gov.br\/planejamento-e-meio-ambiente\/wp-json\/wp\/v2\/users\/14"}],"replies":[{"embeddable":true,"href":"https:\/\/jundiai.sp.gov.br\/planejamento-e-meio-ambiente\/wp-json\/wp\/v2\/comments?post=2451"}],"version-history":[{"count":3,"href":"https:\/\/jundiai.sp.gov.br\/planejamento-e-meio-ambiente\/wp-json\/wp\/v2\/pages\/2451\/revisions"}],"predecessor-version":[{"id":2460,"href":"https:\/\/jundiai.sp.gov.br\/planejamento-e-meio-ambiente\/wp-json\/wp\/v2\/pages\/2451\/revisions\/2460"}],"up":[{"embeddable":true,"href":"https:\/\/jundiai.sp.gov.br\/planejamento-e-meio-ambiente\/wp-json\/wp\/v2\/pages\/2448"}],"wp:attachment":[{"href":"https:\/\/jundiai.sp.gov.br\/planejamento-e-meio-ambiente\/wp-json\/wp\/v2\/media?parent=2451"}],"curies":[{"name":"wp","href":"https:\/\/api.w.org\/{rel}","templated":true}]}}