{"id":2463,"date":"2017-03-17T11:43:58","date_gmt":"2017-03-17T14:43:58","guid":{"rendered":"https:\/\/jundiai.sp.gov.br\/planejamento-e-meio-ambiente\/?page_id=2463"},"modified":"2026-03-20T10:35:17","modified_gmt":"2026-03-20T13:35:17","slug":"manual-de-procedimentos","status":"publish","type":"page","link":"https:\/\/jundiai.sp.gov.br\/planejamento-e-meio-ambiente\/obras-particulares\/procedimentos\/manual-de-procedimentos\/","title":{"rendered":"Procedimentos e Roteiros"},"content":{"rendered":"\n<h2 class=\"wp-block-heading\">Procedimentos e Anexos<\/h2>\n\n\n\n<p><strong>Manual de procedimentos<\/strong><br><strong>Divis\u00f5es de Aprova\u00e7\u00e3o de Projeto e de Fiscaliza\u00e7\u00e3o&nbsp;<\/strong><\/p>\n\n\n\n<p>A DAP \u2013 Divis\u00e3o de Aprova\u00e7\u00e3o de Projetos e a DFO \u2013 Divis\u00e3o de Fiscaliza\u00e7\u00e3o de Obras, tem por objetivo fornecer o maior n\u00famero de informa\u00e7\u00f5es para que os profissionais de engenharia e arquitetura, bem como propriet\u00e1rios, possam elaborar seus projetos e instru\u00ed-los com documentos referentes \u00e0s edifica\u00e7\u00f5es ou urbaniza\u00e7\u00f5es. Para tanto, publica por este meio o Manual de Procedimentos de Projetos e Obras Particulares, com o prop\u00f3sito de orientar e informar a documenta\u00e7\u00e3o necess\u00e1ria para aprimorar e facilitar os procedimentos praticados para an\u00e1lise dos processos.<\/p>\n\n\n\n<div style=\"height:50px\" aria-hidden=\"true\" class=\"wp-block-spacer\"><\/div>\n\n\n\n<p><strong>Anexos<\/strong><\/p>\n\n\n\n<p><a href=\"https:\/\/jundiai.sp.gov.br\/planejamento-e-meio-ambiente\/wp-content\/uploads\/sites\/15\/2017\/03\/Manual-de-Procedimentos-Arquivo-em-PDF.pdf\" target=\"_blank\" rel=\"noopener noreferrer\">Manual de Procedimentos (Arquivo em PDF)<\/a><\/p>\n\n\n\n<p><a href=\"https:\/\/jundiai.sp.gov.br\/planejamento-e-meio-ambiente\/wp-content\/uploads\/sites\/15\/2026\/02\/tabela-de-taxas-2026.xlsx\" target=\"_blank\" rel=\"noreferrer noopener\">Manual para C\u00e1lculo de Taxas<br><\/a>No Manual para c\u00e1lculo de taxas se encontram todos os valores cobrados pela municipalidade para protocolo, an\u00e1lise e aprova\u00e7\u00e3o de projetos analisados pelo SAEPRO, com os valores atualizados para o exerc\u00edcio de 2026.<\/p>\n\n\n\n<div style=\"height:50px\" aria-hidden=\"true\" class=\"wp-block-spacer\"><\/div>\n\n\n\n<p><strong>Anexos em .docx<\/strong><\/p>\n\n\n\n<div class=\"wp-block-file\"><a id=\"wp-block-file--media-f767094d-0dbf-49e6-91dc-6a16153aa405\" href=\"https:\/\/jundiai.sp.gov.br\/planejamento-e-meio-ambiente\/wp-content\/uploads\/sites\/15\/2025\/06\/modelo_1_requerimento.docx\" target=\"_blank\" rel=\"noreferrer noopener\">Modelo 1 \u2013 Requerimento<\/a><\/div>\n\n\n\n<div class=\"wp-block-file\"><a id=\"wp-block-file--media-2583b676-0163-4b0d-a6e3-f0526ade16b8\" href=\"https:\/\/jundiai.sp.gov.br\/planejamento-e-meio-ambiente\/wp-content\/uploads\/sites\/15\/2025\/10\/modelo_1_requerimento_sem-declaracao_.docx\" target=\"_blank\" rel=\"noreferrer noopener\">Modelo 1 &#8211; Requerimento (sem declara\u00e7\u00e3o)<\/a><\/div>\n\n\n\n<div class=\"wp-block-file\"><a id=\"wp-block-file--media-a584aa4c-f732-4081-b956-64d94b30245b\" href=\"https:\/\/jundiai.sp.gov.br\/planejamento-e-meio-ambiente\/wp-content\/uploads\/sites\/15\/2026\/03\/modelo_1_requerimento_regularizacao.docx\" target=\"_blank\" rel=\"noreferrer noopener\">Modelo 1 &#8211; Requerimento Regulariza\u00e7\u00e3o<\/a><\/div>\n\n\n\n<div class=\"wp-block-file\"><a id=\"wp-block-file--media-5bc065fb-bb2b-4d28-a6e5-beb2f0f2011f\" href=\"https:\/\/jundiai.sp.gov.br\/planejamento-e-meio-ambiente\/wp-content\/uploads\/sites\/15\/2025\/06\/modelo_2_cancelamento_baixa.docx\" target=\"_blank\" rel=\"noreferrer noopener\">Modelo 2 \u2013 Cancelamento, Baixa de Responsabilidade e Desarquivamento de processo<\/a><\/div>\n\n\n\n<div class=\"wp-block-file\"><a id=\"wp-block-file--media-30ba3916-5ae0-4c72-b6b5-84aff98f5443\" href=\"https:\/\/jundiai.sp.gov.br\/planejamento-e-meio-ambiente\/wp-content\/uploads\/sites\/15\/2025\/06\/modelo_3_transferencia_de_responsabilidade_tecnica.docx\" target=\"_blank\" rel=\"noreferrer noopener\">Modelo 3 \u2013 Transfer\u00eancia de Responsabilidade T\u00e9cnica<\/a><\/div>\n\n\n\n<div class=\"wp-block-file\"><a id=\"wp-block-file--media-32f8ad06-1f67-425b-8995-f94337ce0038\" href=\"https:\/\/jundiai.sp.gov.br\/planejamento-e-meio-ambiente\/wp-content\/uploads\/sites\/15\/2025\/06\/modelo_4_demolicao_e_reg_demolicao.docx\" target=\"_blank\" rel=\"noreferrer noopener\">Modelo 4 \u2013 Demoli\u00e7\u00e3o e Regulariza\u00e7\u00e3o de Demoli\u00e7\u00e3o<\/a><\/div>\n\n\n\n<div class=\"wp-block-file\"><a id=\"wp-block-file--media-e3f75f99-ea55-4a35-85f3-54bb161120a2\" href=\"https:\/\/jundiai.sp.gov.br\/planejamento-e-meio-ambiente\/wp-content\/uploads\/sites\/15\/2025\/08\/modelo_5_reparos_no_predio.docx\" target=\"_blank\" rel=\"noreferrer noopener\">Modelo 5 \u2013 Reparos no Pr\u00e9dio<\/a><\/div>\n\n\n\n<div class=\"wp-block-file\"><a id=\"wp-block-file--media-1b53cf3a-3d1b-4788-b08c-97eeb14953de\" href=\"https:\/\/jundiai.sp.gov.br\/planejamento-e-meio-ambiente\/wp-content\/uploads\/sites\/15\/2025\/06\/modelo_6_regularizacao_1839_71_interessado.docx\" target=\"_blank\" rel=\"noreferrer noopener\">Modelo 6 \u2013 Regulariza\u00e7\u00e3o pela Lei 1839\/71 \u2013 Interessado<\/a><\/div>\n\n\n\n<div class=\"wp-block-file\"><a id=\"wp-block-file--media-d61063f8-7e2d-48a2-8291-ab12f8f89f48\" href=\"https:\/\/jundiai.sp.gov.br\/planejamento-e-meio-ambiente\/wp-content\/uploads\/sites\/15\/2025\/06\/modelo_6_regularizacao_1839_71_profissional.docx\" target=\"_blank\" rel=\"noreferrer noopener\">Modelo 6 \u2013 Regulariza\u00e7\u00e3o pela Lei 1839\/71 \u2013 Profissional<\/a><\/div>\n\n\n\n<div class=\"wp-block-file\"><a id=\"wp-block-file--media-bcb7b7ad-6469-4086-8da1-320eed02e8fe\" href=\"https:\/\/jundiai.sp.gov.br\/planejamento-e-meio-ambiente\/wp-content\/uploads\/sites\/15\/2025\/06\/modelo_7_muro_de_arrimo.docx\" target=\"_blank\" rel=\"noreferrer noopener\">Modelo 7 \u2013 Muro de arrimo<\/a><\/div>\n\n\n\n<div class=\"wp-block-file\"><a id=\"wp-block-file--media-bb103237-3e3c-4ab6-aaf3-d9413a62dca3\" href=\"https:\/\/jundiai.sp.gov.br\/planejamento-e-meio-ambiente\/wp-content\/uploads\/sites\/15\/2025\/06\/modelo_8_comodo_de_despejo.docx\" target=\"_blank\" rel=\"noreferrer noopener\">Modelo 8 \u2013 C\u00f4modo de despejo<\/a><\/div>\n\n\n\n<div class=\"wp-block-file\"><a id=\"wp-block-file--media-fb6851c0-dc59-4205-828b-0c3292fcc213\" href=\"https:\/\/jundiai.sp.gov.br\/planejamento-e-meio-ambiente\/wp-content\/uploads\/sites\/15\/2025\/06\/modelo_9_memorial_descritivo_.docx\" target=\"_blank\" rel=\"noreferrer noopener\">Modelo 9 \u2013 Memorial Descritivo<\/a><\/div>\n\n\n\n<div class=\"wp-block-file\"><a id=\"wp-block-file--media-11392f4b-afe0-405d-b636-666785c63784\" href=\"https:\/\/jundiai.sp.gov.br\/planejamento-e-meio-ambiente\/wp-content\/uploads\/sites\/15\/2024\/06\/modelo_10_declaracao_lc_606_21.doc\" target=\"_blank\" rel=\"noreferrer noopener\">Modelo 10 &#8211; Declara\u00e7\u00e3o (LC 606\/21)<\/a><\/div>\n\n\n\n<div class=\"wp-block-file\"><a id=\"wp-block-file--media-05f51c19-610c-4a88-a69a-069f277635be\" href=\"https:\/\/jundiai.sp.gov.br\/planejamento-e-meio-ambiente\/wp-content\/uploads\/sites\/15\/2025\/06\/modelo_11_tapume.docx\" target=\"_blank\" rel=\"noreferrer noopener\">Modelo 11 \u2013 Instala\u00e7\u00e3o de Tapume<\/a><\/div>\n\n\n\n<div class=\"wp-block-file\"><a id=\"wp-block-file--media-33abc89d-f3d6-4119-81be-aa62d5b267b5\" href=\"https:\/\/jundiai.sp.gov.br\/planejamento-e-meio-ambiente\/wp-content\/uploads\/sites\/15\/2025\/06\/modelo_12_cronograma_de_terraplenagem.docx\" target=\"_blank\" rel=\"noreferrer noopener\">Modelo 12 \u2013 Cronograma de terraplenagem<\/a><\/div>\n\n\n\n<div class=\"wp-block-file\"><a id=\"wp-block-file--media-936b68f8-a7f9-4991-ba56-be7eac1bc05a\" href=\"https:\/\/jundiai.sp.gov.br\/planejamento-e-meio-ambiente\/wp-content\/uploads\/sites\/15\/2025\/06\/modelo_14_solic_cert_conclusao.docx\" target=\"_blank\" rel=\"noreferrer noopener\">Modelo 14 &#8211; Certid\u00e3o de Conclus\u00e3o &#8211; Habite-se<\/a><\/div>\n\n\n\n<div class=\"wp-block-file\"><a id=\"wp-block-file--media-c828a03d-9f0a-4938-a904-dce3c0017068\" href=\"https:\/\/jundiai.sp.gov.br\/planejamento-e-meio-ambiente\/wp-content\/uploads\/sites\/15\/2025\/06\/modelo_15_laudo_tecnico-1.docx\" target=\"_blank\" rel=\"noreferrer noopener\">Modelo 15 \u2013 Laudo T\u00e9cnico<\/a><\/div>\n\n\n\n<div class=\"wp-block-file\"><a id=\"wp-block-file--media-9c359038-5e24-4a54-a0c7-bc42731fdd45\" href=\"https:\/\/jundiai.sp.gov.br\/planejamento-e-meio-ambiente\/wp-content\/uploads\/sites\/15\/2025\/06\/modelo_17_declaracao_de_terraplenagem.docx\" target=\"_blank\" rel=\"noreferrer noopener\">Modelo 17 \u2013 Declara\u00e7\u00e3o de Terraplenagem<\/a><\/div>\n\n\n\n<div class=\"wp-block-file\"><a id=\"wp-block-file--media-6774dabf-c926-4fa2-bf1c-7c571520e740\" href=\"https:\/\/jundiai.sp.gov.br\/planejamento-e-meio-ambiente\/wp-content\/uploads\/sites\/15\/2025\/06\/modelo_18_laudo_fotografico_art_285.docx\" target=\"_blank\" rel=\"noreferrer noopener\">Modelo 18 \u2013 Laudo Fotogr\u00e1fico \u2013 conf. Artigo 285 &#8211; \u00a72\u00ba e 3\u00ba da Lei 9.321\/2.019<\/a><\/div>\n\n\n\n<div class=\"wp-block-file\"><a id=\"wp-block-file--media-5f6c661a-8408-46dc-8f25-c3773261f536\" href=\"https:\/\/jundiai.sp.gov.br\/planejamento-e-meio-ambiente\/wp-content\/uploads\/sites\/15\/2025\/06\/modelo_19_relatorio_fotografico_dfosip.docx\" target=\"_blank\" rel=\"noreferrer noopener\">Modelo 19 \u2013 Relat\u00f3rio Fotogr\u00e1fico DFOSIP<\/a><\/div>\n\n\n\n<div class=\"wp-block-file\"><a id=\"wp-block-file--media-0db875f1-90fc-4d54-a1bf-721c6831b9ca\" href=\"https:\/\/jundiai.sp.gov.br\/planejamento-e-meio-ambiente\/wp-content\/uploads\/sites\/15\/2025\/06\/modelo_20_descricao_perimetrica.docx\" target=\"_blank\" rel=\"noreferrer noopener\">Modelo 20 \u2013 Descri\u00e7\u00e3o Perim\u00e9trica<\/a><\/div>\n\n\n\n<div style=\"height:20px\" aria-hidden=\"true\" class=\"wp-block-spacer\"><\/div>\n\n\n\n<p><a href=\"https:\/\/jundiai.sp.gov.br\/planejamento-e-meio-ambiente\/obras-particulares\/modelos-de-projeto-dapeu\/\">Modelos de Projeto &#8211; DAPEU<\/a><\/p>\n\n\n\n<p><a href=\"https:\/\/jundiai.sp.gov.br\/planejamento-e-meio-ambiente\/servicos-online\/calcadas\/\" data-type=\"URL\" data-id=\"https:\/\/jundiai.sp.gov.br\/planejamento-e-meio-ambiente\/servicos-online\/calcadas\/\">Cal\u00e7adas<\/a><\/p>\n\n\n\n<div class=\"wp-block-file\"><a id=\"wp-block-file--media-c0208380-a2ea-4210-a23e-503074340360\" href=\"https:\/\/jundiai.sp.gov.br\/planejamento-e-meio-ambiente\/wp-content\/uploads\/sites\/15\/2025\/10\/resolucoes-comunicados-e-instrucoes-ugpuma.zip\" target=\"_blank\" rel=\"noreferrer noopener\">Resolu\u00e7\u00f5es, Comunicados e Instru\u00e7\u00f5es UGPUMA<\/a><\/div>\n\n\n\n<p><a href=\"https:\/\/jundiai.sp.gov.br\/planejamento-e-meio-ambiente\/wp-content\/uploads\/sites\/15\/2017\/03\/modelo-de-placa-de-identificacao-de-obra.pdf\">Modelo de Placa de Identifica\u00e7\u00e3o de Obra<\/a><\/p>\n\n\n\n<p><a href=\"https:\/\/jundiai.sp.gov.br\/planejamento-e-meio-ambiente\/wp-content\/uploads\/sites\/15\/2018\/11\/modelo-de-apresentacao-de-assinatura-pessoa-juridica.pdf\">Modelo de apresenta\u00e7\u00e3o de assinatura &#8211; Pessoa Jur\u00eddica<\/a><\/p>\n\n\n\n<p><a href=\"https:\/\/jundiai.sp.gov.br\/planejamento-e-meio-ambiente\/wp-content\/uploads\/sites\/15\/2021\/11\/sistema-equivalente-para-_rea-perme_vel.zip\">Sistema equivalente para \u00e1rea perme\u00e1vel (Arquivo DWG Zipados)<\/a><\/p>\n\n\n\n<div style=\"height:50px\" aria-hidden=\"true\" class=\"wp-block-spacer\"><\/div>\n\n\n\n<p><strong>SAEPRO &#8211; Sistema de Aprova\u00e7\u00e3o Eletr\u00f4nica de Projetos de Obras<\/strong><\/p>\n\n\n\n<p><a href=\"https:\/\/jundiai.sp.gov.br\/planejamento-e-meio-ambiente\/wp-content\/uploads\/sites\/15\/2024\/05\/manual-de-utiliza__o-do-saepro-_-maio_24.pdf\" data-type=\"link\" data-id=\"https:\/\/jundiai.sp.gov.br\/planejamento-e-meio-ambiente\/wp-content\/uploads\/sites\/15\/2024\/05\/manual-de-utiliza__o-do-saepro-_-maio_24.pdf\" target=\"_blank\" rel=\"noreferrer noopener\">Manual de Utiliza\u00e7\u00e3o do SAEPRO<\/a><\/p>\n\n\n\n<p><a href=\"https:\/\/jundiai.sp.gov.br\/planejamento-e-meio-ambiente\/wp-content\/uploads\/sites\/15\/2017\/03\/itens-de-analise-processos-ugpuma-dap.pdf\">Rela\u00e7\u00e3o de Itens analisados pela UGPUMA\/DELOI\/DAP em processo de Obras<\/a><\/p>\n\n\n\n<p><a href=\"https:\/\/web.cijun.sp.gov.br\/PMJ\/CM\/OQueE.aspx\" target=\"_blank\" rel=\"noopener noreferrer\">Acesso ao Antigo SAEPRO<\/a><\/p>\n\n\n\n<p><a href=\"https:\/\/web.cijun.sp.gov.br\/PMJ\/APROVE\/CadastroTelasCustom\/NavegarTelaCustom?idTela=26\" target=\"_blank\" rel=\"noopener noreferrer\">Acesso ao Novo SAEPRO<\/a><\/p>\n\n\n\n<p><a href=\"https:\/\/jundiai.sp.gov.br\/planejamento-e-meio-ambiente\/wp-content\/uploads\/sites\/15\/2020\/10\/apresentacao-saepro.pdf\" target=\"_blank\" rel=\"noopener noreferrer\">Palestra Projeto Legal e Aprova\u00e7\u00e3o de Projeto no Sistema SAEPRO (UniAnchieta &#8211; Jundia\u00ed)<\/a><\/p>\n\n\n\n<p><a href=\"https:\/\/jundiai.sp.gov.br\/planejamento-e-meio-ambiente\/wp-content\/uploads\/sites\/15\/2021\/04\/relacao-de-documentos-complementares.xlsx\">Rela\u00e7\u00e3o de documentos complementares &#8211; SAEPRO<\/a><\/p>\n\n\n\n<div class=\"wp-block-file\"><a id=\"wp-block-file--media-b1af8ee1-7375-45c7-99a7-5a286996cd13\" href=\"https:\/\/jundiai.sp.gov.br\/planejamento-e-meio-ambiente\/wp-content\/uploads\/sites\/15\/2025\/03\/roteiro-para-segunda-via-de-habite.pdf\" target=\"_blank\" rel=\"noreferrer noopener\">Roteiro para solicita\u00e7\u00e3o de segunda via de habite-se<\/a><\/div>\n\n\n\n<p><a rel=\"noreferrer noopener\" href=\"https:\/\/jundiai.sp.gov.br\/planejamento-e-meio-ambiente\/wp-content\/uploads\/sites\/15\/2023\/04\/roteiro-para-solicitacoes-de-certidao-emitida-pela-fiscalizacao-de-obras.pdf\" data-type=\"URL\" data-id=\"https:\/\/jundiai.sp.gov.br\/planejamento-e-meio-ambiente\/wp-content\/uploads\/sites\/15\/2023\/04\/roteiro-para-solicitacoes-de-certidao-emitida-pela-fiscalizacao-de-obras.pdf\" target=\"_blank\">Roteiro para Solicita\u00e7\u00f5es de Certid\u00e3o Emitida pela Fiscaliza\u00e7\u00e3o de Obras<\/a><\/p>\n\n\n\n<div class=\"wp-block-file\"><a id=\"wp-block-file--media-78c25940-fe27-4711-8a06-586c74085b49\" href=\"https:\/\/jundiai.sp.gov.br\/planejamento-e-meio-ambiente\/wp-content\/uploads\/sites\/15\/2025\/03\/desarquivamento-de-processos-e-c_pia-de-documentos.pdf\" target=\"_blank\" rel=\"noreferrer noopener\">Roteiro para solicita\u00e7\u00e3o de desarquivamento de processos e c\u00f3pia de documentos<\/a><\/div>\n\n\n\n<p><a href=\"https:\/\/jundiai.sp.gov.br\/planejamento-e-meio-ambiente\/wp-content\/uploads\/sites\/15\/2021\/09\/anexo-ii-lc-606_21-_-cal_adas.pdf\">Anexo II LC 606\/21 &#8211; Cal\u00e7adas<\/a><\/p>\n\n\n\n<div class=\"wp-block-file\"><a id=\"wp-block-file--media-05bed47a-7c24-406c-8ab5-6828d6d2d4e2\" href=\"https:\/\/jundiai.sp.gov.br\/planejamento-e-meio-ambiente\/wp-content\/uploads\/sites\/15\/2023\/08\/outorga-_-8_683_16.xlsx\" target=\"_blank\" rel=\"noreferrer noopener\">OUTORGA 8.683-16 (DECLARA\u00c7\u00c3O)<\/a><\/div>\n\n\n\n<div class=\"wp-block-file\"><a id=\"wp-block-file--media-957aa18f-55e4-4878-b954-c1df9f5f853f\" href=\"https:\/\/jundiai.sp.gov.br\/planejamento-e-meio-ambiente\/wp-content\/uploads\/sites\/15\/2023\/08\/outorga-_-9_321_19.xlsx\" target=\"_blank\" rel=\"noreferrer noopener\">OUTORGA 9.321-19 (DECLARA\u00c7\u00c3O)<\/a><\/div>\n\n\n\n<div class=\"wp-block-file\"><a id=\"wp-block-file--media-b6024a65-4eb7-435f-883f-3eba820ca86e\" href=\"https:\/\/jundiai.sp.gov.br\/planejamento-e-meio-ambiente\/wp-content\/uploads\/sites\/15\/2022\/05\/procedimentos.pdf\" target=\"_blank\" rel=\"noreferrer noopener\">Procedimentos sobre a regularidade fiscal de profissionais da Constru\u00e7\u00e3o Civil<\/a><\/div>\n","protected":false},"excerpt":{"rendered":"<p>Procedimentos e Anexos Manual de procedimentosDivis\u00f5es de Aprova\u00e7\u00e3o de Projeto e de Fiscaliza\u00e7\u00e3o&nbsp; A DAP \u2013 Divis\u00e3o de Aprova\u00e7\u00e3o de Projetos e a DFO \u2013 Divis\u00e3o de Fiscaliza\u00e7\u00e3o de Obras, tem por objetivo fornecer o maior n\u00famero de informa\u00e7\u00f5es para que os profissionais de engenharia e arquitetura, bem como propriet\u00e1rios, possam elaborar seus projetos e [&hellip;]<\/p>\n","protected":false},"author":14,"featured_media":0,"parent":2448,"menu_order":0,"comment_status":"closed","ping_status":"closed","template":"","meta":{"footnotes":""},"class_list":["post-2463","page","type-page","status-publish","hentry"],"_links":{"self":[{"href":"https:\/\/jundiai.sp.gov.br\/planejamento-e-meio-ambiente\/wp-json\/wp\/v2\/pages\/2463","targetHints":{"allow":["GET"]}}],"collection":[{"href":"https:\/\/jundiai.sp.gov.br\/planejamento-e-meio-ambiente\/wp-json\/wp\/v2\/pages"}],"about":[{"href":"https:\/\/jundiai.sp.gov.br\/planejamento-e-meio-ambiente\/wp-json\/wp\/v2\/types\/page"}],"author":[{"embeddable":true,"href":"https:\/\/jundiai.sp.gov.br\/planejamento-e-meio-ambiente\/wp-json\/wp\/v2\/users\/14"}],"replies":[{"embeddable":true,"href":"https:\/\/jundiai.sp.gov.br\/planejamento-e-meio-ambiente\/wp-json\/wp\/v2\/comments?post=2463"}],"version-history":[{"count":169,"href":"https:\/\/jundiai.sp.gov.br\/planejamento-e-meio-ambiente\/wp-json\/wp\/v2\/pages\/2463\/revisions"}],"predecessor-version":[{"id":8221,"href":"https:\/\/jundiai.sp.gov.br\/planejamento-e-meio-ambiente\/wp-json\/wp\/v2\/pages\/2463\/revisions\/8221"}],"up":[{"embeddable":true,"href":"https:\/\/jundiai.sp.gov.br\/planejamento-e-meio-ambiente\/wp-json\/wp\/v2\/pages\/2448"}],"wp:attachment":[{"href":"https:\/\/jundiai.sp.gov.br\/planejamento-e-meio-ambiente\/wp-json\/wp\/v2\/media?parent=2463"}],"curies":[{"name":"wp","href":"https:\/\/api.w.org\/{rel}","templated":true}]}}