{"id":2515,"date":"2017-03-21T15:26:11","date_gmt":"2017-03-21T18:26:11","guid":{"rendered":"https:\/\/jundiai.sp.gov.br\/planejamento-e-meio-ambiente\/?page_id=2515"},"modified":"2025-03-05T10:25:24","modified_gmt":"2025-03-05T13:25:24","slug":"legislacao","status":"publish","type":"page","link":"https:\/\/jundiai.sp.gov.br\/planejamento-e-meio-ambiente\/obras-particulares\/legislacao\/","title":{"rendered":"Legisla\u00e7\u00e3o"},"content":{"rendered":"\n<p><a href=\"https:\/\/jundiai.sp.gov.br\/planejamento-e-meio-ambiente\/legislacao\/leis-urbanisticas\/\">Plano Diretor do Munic\u00edpio de Jundia\u00ed<\/a><\/p>\n\n\n\n<p><a href=\"https:\/\/jundiai.sp.gov.br\/planejamento-e-meio-ambiente\/wp-content\/uploads\/sites\/15\/2024\/02\/lei_complementar_606_2021_consolidacao.pdf\" target=\"_blank\" rel=\"noreferrer noopener\">C\u00f3digo de Obras do Munic\u00edpio de Jundia\u00ed &#8211; LC 606\/2021<br><\/a>C\u00f3digo de Obras e Edifica\u00e7\u00f5es<\/p>\n\n\n\n<p><a href=\"https:\/\/jundiai.sp.gov.br\/planejamento-e-meio-ambiente\/wp-content\/uploads\/sites\/15\/2021\/07\/anexos-codigo-de-obras.pdf\">Anexos C\u00f3digo de Obras<\/a><\/p>\n\n\n\n<p><a href=\"https:\/\/jundiai.sp.gov.br\/planejamento-e-meio-ambiente\/wp-content\/uploads\/sites\/15\/2025\/03\/lei_complementar_636_2024_original.pdf\" target=\"_blank\" rel=\"noreferrer noopener\">Lei Complementar n\u00ba 636\/2024<\/a> &#8211; Lei de Anistia<\/p>\n\n\n\n<p><a href=\"https:\/\/jundiai.sp.gov.br\/planejamento-e-meio-ambiente\/wp-content\/uploads\/sites\/15\/2017\/03\/Lei-7179-08.pdf\" target=\"_blank\" rel=\"noopener noreferrer\">Lei n\u00ba 7.179\/2008<\/a><\/p>\n\n\n\n<p><a href=\"https:\/\/jundiai.sp.gov.br\/planejamento-e-meio-ambiente\/wp-content\/uploads\/sites\/15\/2017\/03\/Decreto-21643-09.pdf\" target=\"_blank\" rel=\"noopener noreferrer\">Decreto n\u00ba 21.643\/2009<\/a> &#8211; Execu\u00e7\u00e3o e Manuten\u00e7\u00e3o de Cal\u00e7adas<\/p>\n\n\n\n<p><a href=\"https:\/\/jundiai.sp.gov.br\/planejamento-e-meio-ambiente\/wp-content\/uploads\/sites\/15\/2017\/03\/Decreto-n\u00ba-22.896-2011.pdf\" target=\"_blank\" rel=\"noopener noreferrer\">Decreto n\u00ba 22.896\/2011<\/a><\/p>\n\n\n\n<p><a href=\"https:\/\/jundiai.sp.gov.br\/planejamento-e-meio-ambiente\/wp-content\/uploads\/sites\/15\/2019\/12\/lei-no-3-549-1990.pdf\">Lei n\u00ba 3.549\/1990<\/a> &#8211; Adota o C\u00f3digo Sanit\u00e1rio Estadual<\/p>\n\n\n\n<p><a href=\"https:\/\/jundiai.sp.gov.br\/planejamento-e-meio-ambiente\/wp-content\/uploads\/sites\/15\/2017\/03\/Lei-Complementar-463-08-Placas-Alvar\u00e1.pdf\" target=\"_blank\" rel=\"noopener noreferrer\">Lei Complementar n\u00ba 463\/2008<\/a><\/p>\n\n\n\n<p><a href=\"https:\/\/jundiai.sp.gov.br\/planejamento-e-meio-ambiente\/wp-content\/uploads\/sites\/15\/2017\/03\/Modelo-Placa.zip\" target=\"_blank\" rel=\"noopener noreferrer\">Modelo Placa &#8211;&nbsp;<\/a>Placa de Obras<\/p>\n\n\n\n<p><a href=\"https:\/\/jundiai.sp.gov.br\/planejamento-e-meio-ambiente\/paisagem-urbana\/telefonia-celular\/\">Lei Complementar n\u00ba 430\/2005&nbsp;<\/a> &#8211; Telefonia Celular, anexos e fluxograma<\/p>\n\n\n\n<p><a href=\"https:\/\/jundiai.sp.gov.br\/planejamento-e-meio-ambiente\/wp-content\/uploads\/sites\/15\/2017\/03\/Manual-de-Procedimentos-Arquivo-em-PDF.pdf\" target=\"_blank\" rel=\"noopener noreferrer\">Decreto n\u00ba 21.887\/2009 &#8211;<\/a> Manual de Procedimento de An\u00e1lise<\/p>\n\n\n\n<p><a href=\"https:\/\/jundiai.sp.gov.br\/planejamento-e-meio-ambiente\/wp-content\/uploads\/sites\/15\/2017\/03\/Lei-10083-98.pdf\" target=\"_blank\" rel=\"noopener noreferrer\">Lei Estadual n\u00ba 10.083\/1998<\/a><\/p>\n\n\n\n<p><a href=\"https:\/\/jundiai.sp.gov.br\/planejamento-e-meio-ambiente\/wp-content\/uploads\/sites\/15\/2017\/03\/LeiEstadual_1998_10083-C\u00f3digo-Sanit\u00e1rio-Estadual..pdf\" target=\"_blank\" rel=\"noopener noreferrer\">Decreto Estadual n\u00ba 12.342\/1978&nbsp;<\/a> C\u00f3digo Sanit\u00e1rio Estadual<\/p>\n\n\n\n<p><a href=\"https:\/\/jundiai.sp.gov.br\/planejamento-e-meio-ambiente\/wp-content\/uploads\/sites\/15\/2019\/12\/decreto-no-22896-11.pdf\">Decreto n\u00ba 22.896\/2011&nbsp;<\/a>&#8211; Adota a utiliza\u00e7\u00e3o do Gr\u00e1fico de Insola\u00e7\u00e3o<\/p>\n\n\n\n<p><a href=\"https:\/\/jundiai.sp.gov.br\/planejamento-e-meio-ambiente\/wp-content\/uploads\/sites\/15\/2024\/02\/lei_7882_2012_original.pdf\" target=\"_blank\" rel=\"noreferrer noopener\">Lei n\u00ba 7.882\/2012<\/a> &#8211; Utiliza\u00e7\u00e3o de madeira de origem nativa<\/p>\n\n\n\n<div style=\"height:30px\" aria-hidden=\"true\" class=\"wp-block-spacer\"><\/div>\n\n\n\n<p><strong>Leis Revogadas<\/strong><\/p>\n\n\n\n<p><a href=\"https:\/\/jundiai.sp.gov.br\/planejamento-e-meio-ambiente\/wp-content\/uploads\/sites\/15\/2021\/07\/lc-174-96-revogado.pdf\">LC 174\/96 &#8211; Revogada<\/a><\/p>\n","protected":false},"excerpt":{"rendered":"<p>Plano Diretor do Munic\u00edpio de Jundia\u00ed C\u00f3digo de Obras do Munic\u00edpio de Jundia\u00ed &#8211; LC 606\/2021C\u00f3digo de Obras e Edifica\u00e7\u00f5es Anexos C\u00f3digo de Obras Lei Complementar n\u00ba 636\/2024 &#8211; Lei de Anistia Lei n\u00ba 7.179\/2008 Decreto n\u00ba 21.643\/2009 &#8211; Execu\u00e7\u00e3o e Manuten\u00e7\u00e3o de Cal\u00e7adas Decreto n\u00ba 22.896\/2011 Lei n\u00ba 3.549\/1990 &#8211; Adota o C\u00f3digo Sanit\u00e1rio [&hellip;]<\/p>\n","protected":false},"author":14,"featured_media":0,"parent":2434,"menu_order":0,"comment_status":"closed","ping_status":"closed","template":"","meta":{"footnotes":""},"class_list":["post-2515","page","type-page","status-publish","hentry"],"_links":{"self":[{"href":"https:\/\/jundiai.sp.gov.br\/planejamento-e-meio-ambiente\/wp-json\/wp\/v2\/pages\/2515","targetHints":{"allow":["GET"]}}],"collection":[{"href":"https:\/\/jundiai.sp.gov.br\/planejamento-e-meio-ambiente\/wp-json\/wp\/v2\/pages"}],"about":[{"href":"https:\/\/jundiai.sp.gov.br\/planejamento-e-meio-ambiente\/wp-json\/wp\/v2\/types\/page"}],"author":[{"embeddable":true,"href":"https:\/\/jundiai.sp.gov.br\/planejamento-e-meio-ambiente\/wp-json\/wp\/v2\/users\/14"}],"replies":[{"embeddable":true,"href":"https:\/\/jundiai.sp.gov.br\/planejamento-e-meio-ambiente\/wp-json\/wp\/v2\/comments?post=2515"}],"version-history":[{"count":30,"href":"https:\/\/jundiai.sp.gov.br\/planejamento-e-meio-ambiente\/wp-json\/wp\/v2\/pages\/2515\/revisions"}],"predecessor-version":[{"id":7588,"href":"https:\/\/jundiai.sp.gov.br\/planejamento-e-meio-ambiente\/wp-json\/wp\/v2\/pages\/2515\/revisions\/7588"}],"up":[{"embeddable":true,"href":"https:\/\/jundiai.sp.gov.br\/planejamento-e-meio-ambiente\/wp-json\/wp\/v2\/pages\/2434"}],"wp:attachment":[{"href":"https:\/\/jundiai.sp.gov.br\/planejamento-e-meio-ambiente\/wp-json\/wp\/v2\/media?parent=2515"}],"curies":[{"name":"wp","href":"https:\/\/api.w.org\/{rel}","templated":true}]}}