{"id":2608,"date":"2017-04-04T11:43:37","date_gmt":"2017-04-04T14:43:37","guid":{"rendered":"https:\/\/jundiai.sp.gov.br\/planejamento-e-meio-ambiente\/?page_id=2608"},"modified":"2026-03-03T10:43:52","modified_gmt":"2026-03-03T13:43:52","slug":"conselho-de-gestao-da-serra-do-japi","status":"publish","type":"page","link":"https:\/\/jundiai.sp.gov.br\/planejamento-e-meio-ambiente\/conselhos\/conselho-de-gestao-da-serra-do-japi\/","title":{"rendered":"Conselho de Gest\u00e3o da Serra do Japi"},"content":{"rendered":"\n<p><strong>CGSJ&nbsp;<\/strong><\/p>\n\n\n\n<p>Presidente: Marcela Pavan<br>Vice-presidente:&nbsp;Wagner de Paiva<br>1\u00aa Secret\u00e1rio: Jos\u00e9 Roberto Kassai<br>2\u00ba Secret\u00e1rio: Luiz Gustavo Bento de Freitas<br>Telefone (11) 4589-8566<\/p>\n\n\n\n<h3 class=\"wp-block-heading\">Agenda de reuni\u00f5es ordin\u00e1rias 2026<\/h3>\n\n\n\n<ul class=\"wp-block-list\">\n<li>Hor\u00e1rios: 13h30 \u00e0s 17h<\/li>\n\n\n\n<li>Local: Reuni\u00e3o no formato remoto\/online<\/li>\n<\/ul>\n\n\n\n<figure class=\"wp-block-table\"><table class=\"has-fixed-layout\"><tbody><tr><td>Janeiro<\/td><td>22<\/td><\/tr><tr><td>Fevereiro<\/td><td>05<\/td><\/tr><tr><td>Mar\u00e7o<\/td><td>05<\/td><\/tr><tr><td>Abril<\/td><td>09<\/td><\/tr><tr><td>Maio<\/td><td>07<\/td><\/tr><tr><td>Junho<\/td><td>11<\/td><\/tr><tr><td>Julho<\/td><td>02<\/td><\/tr><tr><td>Agosto<\/td><td>06<\/td><\/tr><tr><td>Setembro<\/td><td>03<\/td><\/tr><tr><td>Outubro<\/td><td>01<\/td><\/tr><tr><td>Novembro<\/td><td>05<\/td><\/tr><tr><td>Dezembro<\/td><td>03<\/td><\/tr><\/tbody><\/table><\/figure>\n\n\n\n<div style=\"height:30px\" aria-hidden=\"true\" class=\"wp-block-spacer\"><\/div>\n\n\n\n<p><a href=\"https:\/\/jundiai.sp.gov.br\/planejamento-e-meio-ambiente\/wp-content\/uploads\/sites\/15\/2026\/03\/convocacao-4a-reuniao-ord-2025-2027.pdf\">Convoca\u00e7\u00e3o<\/a><br>Reuni\u00e3o on-line: <a href=\"https:\/\/meet.google.com\/ibz-vhdr-onw\">Clique aqui<\/a><\/p>\n\n\n\n<h3 class=\"wp-block-heading\">Atas das reuni\u00f5es&nbsp;<\/h3>\n\n\n\n<p><a href=\"https:\/\/jundiai.sp.gov.br\/planejamento-e-meio-ambiente\/2026-2\/\"><strong>2026<br><\/strong><\/a><a href=\"https:\/\/jundiai.sp.gov.br\/planejamento-e-meio-ambiente\/2025-2\/\"><strong>2025<\/strong><\/a><br><strong><a href=\"https:\/\/jundiai.sp.gov.br\/planejamento-e-meio-ambiente\/2024-2\/\">2024<\/a><br><a href=\"https:\/\/jundiai.sp.gov.br\/planejamento-e-meio-ambiente\/2023-2\/\" target=\"_blank\" rel=\"noreferrer noopener\">2023<\/a><\/strong><br><a href=\"https:\/\/jundiai.sp.gov.br\/planejamento-e-meio-ambiente\/2022-3\/\"><strong>2022<\/strong><\/a><br><a href=\"https:\/\/jundiai.sp.gov.br\/planejamento-e-meio-ambiente\/2021-3\/\"><strong>2021<\/strong><\/a><br><a href=\"https:\/\/jundiai.sp.gov.br\/planejamento-e-meio-ambiente\/2020-3\/\" target=\"_blank\" rel=\"noopener noreferrer\"><strong>2020<\/strong><\/a><br><strong><a href=\"https:\/\/jundiai.sp.gov.br\/planejamento-e-meio-ambiente\/2019-3\/\" target=\"_blank\" rel=\"noopener noreferrer\">2019<\/a><\/strong><br><strong><a href=\"https:\/\/jundiai.sp.gov.br\/planejamento-e-meio-ambiente\/2018-3\/\" target=\"_blank\" rel=\"noopener noreferrer\">2018<\/a><\/strong><br><strong><a href=\"https:\/\/jundiai.sp.gov.br\/planejamento-e-meio-ambiente\/2017-3\/\" target=\"_blank\" rel=\"noopener noreferrer\">2017<\/a><\/strong><br><strong><a href=\"https:\/\/jundiai.sp.gov.br\/planejamento-e-meio-ambiente\/2016-3\/\" target=\"_blank\" rel=\"noopener noreferrer\">2016<\/a><\/strong><br><strong><a href=\"https:\/\/jundiai.sp.gov.br\/planejamento-e-meio-ambiente\/2015-3\/\" target=\"_blank\" rel=\"noopener noreferrer\">2015<\/a><\/strong><br><strong><a href=\"https:\/\/jundiai.sp.gov.br\/planejamento-e-meio-ambiente\/2014-3\/\" target=\"_blank\" rel=\"noopener noreferrer\">2014<\/a><\/strong><br><strong><a href=\"https:\/\/jundiai.sp.gov.br\/planejamento-e-meio-ambiente\/2013-3\/\" target=\"_blank\" rel=\"noopener noreferrer\">2013<\/a><\/strong><\/p>\n\n\n\n<p><strong>COMPOSI\u00c7\u00c3O CGSJ&nbsp;<\/strong><\/p>\n\n\n\n<p><a href=\"https:\/\/jundiai.sp.gov.br\/planejamento-e-meio-ambiente\/wp-content\/uploads\/sites\/15\/2025\/12\/lc-417-2004_compilada.pdf\">&#8211; Lei Complementar 417\/2004 compilada<br><\/a><a href=\"https:\/\/jundiai.sp.gov.br\/planejamento-e-meio-ambiente\/wp-content\/uploads\/sites\/15\/2025\/12\/portaria_320_cgsj_25-27_iom_edicao-5739-12-12-2025.pdf\">&#8211; Portaria 320\/2025 CGSJ<\/a><\/p>\n\n\n\n<p><strong>REGIMENTO INTERNO CGSJ&nbsp;<\/strong><\/p>\n\n\n\n<p><a href=\"https:\/\/jundiai.sp.gov.br\/planejamento-e-meio-ambiente\/wp-content\/uploads\/sites\/15\/2025\/12\/decreto-27-874-22-11-18-regimento-interno-vigente.pdf\">&#8211; Decreto 27.874<\/a><\/p>\n","protected":false},"excerpt":{"rendered":"<p>CGSJ&nbsp; Presidente: Marcela PavanVice-presidente:&nbsp;Wagner de Paiva1\u00aa Secret\u00e1rio: Jos\u00e9 Roberto Kassai2\u00ba Secret\u00e1rio: Luiz Gustavo Bento de FreitasTelefone (11) 4589-8566 Agenda de reuni\u00f5es ordin\u00e1rias 2026 Janeiro 22 Fevereiro 05 Mar\u00e7o 05 Abril 09 Maio 07 Junho 11 Julho 02 Agosto 06 Setembro 03 Outubro 01 Novembro 05 Dezembro 03 Convoca\u00e7\u00e3oReuni\u00e3o on-line: Clique aqui Atas das reuni\u00f5es&nbsp; 20262025202420232022202120202019201820172016201520142013 [&hellip;]<\/p>\n","protected":false},"author":14,"featured_media":0,"parent":598,"menu_order":1,"comment_status":"closed","ping_status":"closed","template":"","meta":{"footnotes":""},"class_list":["post-2608","page","type-page","status-publish","hentry"],"_links":{"self":[{"href":"https:\/\/jundiai.sp.gov.br\/planejamento-e-meio-ambiente\/wp-json\/wp\/v2\/pages\/2608","targetHints":{"allow":["GET"]}}],"collection":[{"href":"https:\/\/jundiai.sp.gov.br\/planejamento-e-meio-ambiente\/wp-json\/wp\/v2\/pages"}],"about":[{"href":"https:\/\/jundiai.sp.gov.br\/planejamento-e-meio-ambiente\/wp-json\/wp\/v2\/types\/page"}],"author":[{"embeddable":true,"href":"https:\/\/jundiai.sp.gov.br\/planejamento-e-meio-ambiente\/wp-json\/wp\/v2\/users\/14"}],"replies":[{"embeddable":true,"href":"https:\/\/jundiai.sp.gov.br\/planejamento-e-meio-ambiente\/wp-json\/wp\/v2\/comments?post=2608"}],"version-history":[{"count":175,"href":"https:\/\/jundiai.sp.gov.br\/planejamento-e-meio-ambiente\/wp-json\/wp\/v2\/pages\/2608\/revisions"}],"predecessor-version":[{"id":8193,"href":"https:\/\/jundiai.sp.gov.br\/planejamento-e-meio-ambiente\/wp-json\/wp\/v2\/pages\/2608\/revisions\/8193"}],"up":[{"embeddable":true,"href":"https:\/\/jundiai.sp.gov.br\/planejamento-e-meio-ambiente\/wp-json\/wp\/v2\/pages\/598"}],"wp:attachment":[{"href":"https:\/\/jundiai.sp.gov.br\/planejamento-e-meio-ambiente\/wp-json\/wp\/v2\/media?parent=2608"}],"curies":[{"name":"wp","href":"https:\/\/api.w.org\/{rel}","templated":true}]}}