{"id":2612,"date":"2017-04-04T11:45:00","date_gmt":"2017-04-04T14:45:00","guid":{"rendered":"https:\/\/jundiai.sp.gov.br\/planejamento-e-meio-ambiente\/?page_id=2612"},"modified":"2021-05-05T17:10:32","modified_gmt":"2021-05-05T20:10:32","slug":"conselho-plano-diretor","status":"publish","type":"page","link":"https:\/\/jundiai.sp.gov.br\/planejamento-e-meio-ambiente\/conselhos\/conselho-plano-diretor\/","title":{"rendered":"Plano Diretor (substitu\u00eddo pelo CMTP)"},"content":{"rendered":"<p><strong>Extinto em 08\/07\/2016 pela <a href=\"https:\/\/jundiai.sp.gov.br\/planejamento-e-meio-ambiente\/plano-diretor-e-zoneamento\/\">Lei n\u00ba 8.683\/2016<\/a> e substitu\u00eddo pelo <a href=\"https:\/\/jundiai.sp.gov.br\/planejamento-e-meio-ambiente\/conselhos\/conselho-municipal-de-politica-territorial-cmpt\/\">Conselho Municipal de Pol\u00edtica Territorial (CMPT)<\/a><\/strong><\/p>\n<p><strong>CMPD &#8211; Processo Sucess\u00f3rio 2016-2017<\/strong><\/p>\n<p><a href=\"https:\/\/jundiai.sp.gov.br\/planejamento-e-meio-ambiente\/wp-content\/uploads\/sites\/15\/2014\/09\/CMPD_Edital_05_2016.pdf\">Edital n\u00ba 05\/2016<\/a><br \/>\n<a href=\"https:\/\/jundiai.sp.gov.br\/planejamento-e-meio-ambiente\/wp-content\/uploads\/sites\/15\/2014\/09\/CMPD_Ficha_Cadastro_2016-2017.pdf\">Ficha de Cadastro \u2013 Gest\u00e3o 2016-2017<\/a><\/p>\n<p><strong>Atas das reuni\u00f5es<\/strong><\/p>\n<p><a href=\"https:\/\/jundiai.sp.gov.br\/planejamento-e-meio-ambiente\/wp-content\/uploads\/sites\/15\/2014\/09\/CMPD_Ata_Reun_Ord_2016-08-26.pdf\">Reuni\u00e3o Ordin\u00e1ria &#8211; 26\/08\/2016<\/a><br \/>\n<a href=\"https:\/\/jundiai.sp.gov.br\/planejamento-e-meio-ambiente\/wp-content\/uploads\/sites\/15\/2014\/09\/CMPD_Ata_Reun_Extraord_2016-05-25.pdf\" rel=\"\">Reuni\u00e3o Extraordin\u00e1ria \u2013 25\/05\/2016<\/a><br \/>\n<a href=\"https:\/\/jundiai.sp.gov.br\/planejamento-e-meio-ambiente\/wp-content\/uploads\/sites\/15\/2014\/09\/CMPD_Ata_Reun_Ord_2016-05-10.pdf\" rel=\"\">Reuni\u00e3o Ordin\u00e1ria \u2013 10\/05\/2016<\/a><br \/>\n<a href=\"https:\/\/jundiai.sp.gov.br\/planejamento-e-meio-ambiente\/wp-content\/uploads\/sites\/15\/2014\/09\/CMPD_Ata_Reun_Ord_2016-01-12.pdf\" rel=\"\">Reuni\u00e3o Ordin\u00e1ria \u2013 12\/01\/2016<\/a><br \/>\n<a href=\"https:\/\/jundiai.sp.gov.br\/planejamento-e-meio-ambiente\/wp-content\/uploads\/sites\/15\/2014\/09\/CMPD_Ata_Reun_Ord_2015-12-08.pdf\" rel=\"\">Reuni\u00e3o Ordin\u00e1ria \u2013 08\/12\/2015<\/a><br \/>\n<a href=\"https:\/\/jundiai.sp.gov.br\/planejamento-e-meio-ambiente\/wp-content\/uploads\/sites\/15\/2014\/09\/CMPD_Ata_Reun_Ord_2015-11-10.pdf\" rel=\"\">Reuni\u00e3o Ordin\u00e1ria \u2013 10\/11\/2015<\/a><br \/>\n<a href=\"https:\/\/jundiai.sp.gov.br\/planejamento-e-meio-ambiente\/wp-content\/uploads\/sites\/15\/2014\/09\/CMPD_Ata_Reun_Ord_2015-10-20.pdf\">Reuni\u00e3o Ordin\u00e1ria \u2013 20\/10\/2015<\/a><br \/>\n<a href=\"https:\/\/jundiai.sp.gov.br\/planejamento-e-meio-ambiente\/wp-content\/uploads\/sites\/15\/2014\/09\/CMPD_Ata_Reun_Ord_2015-09-15.pdf\">Reuni\u00e3o Ordin\u00e1ria \u2013 15\/09\/2015<\/a><br \/>\n<a href=\"https:\/\/jundiai.sp.gov.br\/planejamento-e-meio-ambiente\/wp-content\/uploads\/sites\/15\/2014\/09\/CMPD_Ata_Reun_Ord_2015-08-11.pdf\">Reuni\u00e3o Ordin\u00e1ria \u2013 11\/08\/2015<\/a><br \/>\n<a href=\"https:\/\/jundiai.sp.gov.br\/planejamento-e-meio-ambiente\/wp-content\/uploads\/sites\/15\/2014\/09\/CMPD_Ata_Reun_Ord_2015-07-14.pdf\">Reuni\u00e3o Ordin\u00e1ria \u2013 14\/07\/2015<\/a><br \/>\n<a href=\"https:\/\/jundiai.sp.gov.br\/planejamento-e-meio-ambiente\/wp-content\/uploads\/sites\/15\/2014\/09\/CMPD_Ata_Reun_Ord_2015-05-12.pdf\">Reuni\u00e3o Ordin\u00e1ria &#8211; 12\/05\/2015<\/a><br \/>\n<a href=\"https:\/\/jundiai.sp.gov.br\/planejamento-e-meio-ambiente\/wp-content\/uploads\/sites\/15\/2014\/09\/CMPD_Ata_Reun_Ord_2015-03-17.pdf\">Reuni\u00e3o Ordin\u00e1ria \u2013 17\/03\/2015<\/a><br \/>\n<a href=\"https:\/\/jundiai.sp.gov.br\/planejamento-e-meio-ambiente\/wp-content\/uploads\/sites\/15\/2014\/09\/CMPD_Ata_Reun_Ord_2015-02-24.pdf\">Reuni\u00e3o Ordin\u00e1ria \u2013 24\/02\/2015<\/a><br \/>\n<a href=\"https:\/\/jundiai.sp.gov.br\/planejamento-e-meio-ambiente\/wp-content\/uploads\/sites\/15\/2014\/09\/CMPD_Ata_Reun_Ord_2015-02-03.pdf\">Reuni\u00e3o Ordin\u00e1ria \u2013 03\/02\/2015<\/a><br \/>\n<a href=\"https:\/\/jundiai.sp.gov.br\/planejamento-e-meio-ambiente\/wp-content\/uploads\/sites\/15\/2014\/09\/CMPD_Ata_Reun_Ord_2014-12-09.pdf\">Reuni\u00e3o Ordin\u00e1ria \u2013 09\/12\/2014<\/a><br \/>\n<a href=\"https:\/\/jundiai.sp.gov.br\/planejamento-e-meio-ambiente\/wp-content\/uploads\/sites\/15\/2014\/09\/CMPD_Ata_Reun_Ord_2014-10-14.pdf\">Reuni\u00e3o Ordin\u00e1ria \u2013 14\/10\/2014<\/a><br \/>\n<a href=\"https:\/\/jundiai.sp.gov.br\/planejamento-e-meio-ambiente\/wp-content\/uploads\/sites\/15\/2014\/09\/CMPD_Ata_Reun_Ord_2014-09-09.pdf\">Reuni\u00e3o Ordin\u00e1ria \u2013 09\/09\/2014<\/a><a href=\"https:\/\/jundiai.sp.gov.br\/planejamento-e-meio-ambiente\/wp-content\/uploads\/sites\/15\/2014\/09\/CMPD_Ata_Reun_Ord_2014-07-15.pdf\"><br \/>\n<\/a><a href=\"https:\/\/jundiai.sp.gov.br\/planejamento-e-meio-ambiente\/wp-content\/uploads\/sites\/15\/2014\/09\/CMPD_Ata_Reun_Ord_2014-08-12.pdf\">Reuni\u00e3o Ordin\u00e1ria \u2013 12\/08\/2014<\/a><br \/>\n<a href=\"https:\/\/jundiai.sp.gov.br\/planejamento-e-meio-ambiente\/wp-content\/uploads\/sites\/15\/2014\/09\/CMPD_Ata_Reun_Ord_2014-07-15.pdf\">Reuni\u00e3o Ordin\u00e1ria \u2013 15\/07\/2014<\/a><br \/>\n<a href=\"https:\/\/jundiai.sp.gov.br\/planejamento-e-meio-ambiente\/wp-content\/uploads\/sites\/15\/2014\/09\/CMPD_Ata_Reun_Ord_2014-06-10.pdf\">Reuni\u00e3o Ordin\u00e1ria \u2013 10\/06\/2014<\/a><br \/>\n<a href=\"https:\/\/jundiai.sp.gov.br\/planejamento-e-meio-ambiente\/wp-content\/uploads\/sites\/15\/2014\/09\/CMPD_Ata_Reun_Ord_2014-05-13.pdf\">Reuni\u00e3o Ordin\u00e1ria \u2013 13\/05\/2014<\/a><br \/>\n<a href=\"https:\/\/jundiai.sp.gov.br\/planejamento-e-meio-ambiente\/wp-content\/uploads\/sites\/15\/2014\/09\/CMPD_Ata_Reun_Extraord_2014-04-28.pdf\">Reuni\u00e3o Extraordin\u00e1ria \u2013 28\/04\/2014<\/a><br \/>\n<a href=\"https:\/\/jundiai.sp.gov.br\/planejamento-e-meio-ambiente\/wp-content\/uploads\/sites\/15\/2014\/09\/CMPD_Ata_Reun_Ord_2014-03-11.pdf\">Reuni\u00e3o Ordin\u00e1ria \u2013 11\/03\/2014<\/a><br \/>\n<a href=\"https:\/\/jundiai.sp.gov.br\/planejamento-e-meio-ambiente\/wp-content\/uploads\/sites\/15\/2014\/09\/CMPD_Ata_Reun_Ord_2013-10-08.pdf\">Reuni\u00e3o Ordin\u00e1ria \u2013 08\/10\/2013 (Regimento Interno)<\/a><\/p>\n","protected":false},"excerpt":{"rendered":"<p>Extinto em 08\/07\/2016 pela Lei n\u00ba 8.683\/2016 e substitu\u00eddo pelo Conselho Municipal de Pol\u00edtica Territorial (CMPT) CMPD &#8211; Processo Sucess\u00f3rio 2016-2017 Edital n\u00ba 05\/2016 Ficha de Cadastro \u2013 Gest\u00e3o 2016-2017 Atas das reuni\u00f5es Reuni\u00e3o Ordin\u00e1ria &#8211; 26\/08\/2016 Reuni\u00e3o Extraordin\u00e1ria \u2013 25\/05\/2016 Reuni\u00e3o Ordin\u00e1ria \u2013 10\/05\/2016 Reuni\u00e3o Ordin\u00e1ria \u2013 12\/01\/2016 Reuni\u00e3o Ordin\u00e1ria \u2013 08\/12\/2015 Reuni\u00e3o Ordin\u00e1ria [&hellip;]<\/p>\n","protected":false},"author":14,"featured_media":0,"parent":598,"menu_order":4,"comment_status":"closed","ping_status":"closed","template":"","meta":{"footnotes":""},"class_list":["post-2612","page","type-page","status-publish","hentry"],"_links":{"self":[{"href":"https:\/\/jundiai.sp.gov.br\/planejamento-e-meio-ambiente\/wp-json\/wp\/v2\/pages\/2612","targetHints":{"allow":["GET"]}}],"collection":[{"href":"https:\/\/jundiai.sp.gov.br\/planejamento-e-meio-ambiente\/wp-json\/wp\/v2\/pages"}],"about":[{"href":"https:\/\/jundiai.sp.gov.br\/planejamento-e-meio-ambiente\/wp-json\/wp\/v2\/types\/page"}],"author":[{"embeddable":true,"href":"https:\/\/jundiai.sp.gov.br\/planejamento-e-meio-ambiente\/wp-json\/wp\/v2\/users\/14"}],"replies":[{"embeddable":true,"href":"https:\/\/jundiai.sp.gov.br\/planejamento-e-meio-ambiente\/wp-json\/wp\/v2\/comments?post=2612"}],"version-history":[{"count":7,"href":"https:\/\/jundiai.sp.gov.br\/planejamento-e-meio-ambiente\/wp-json\/wp\/v2\/pages\/2612\/revisions"}],"predecessor-version":[{"id":4864,"href":"https:\/\/jundiai.sp.gov.br\/planejamento-e-meio-ambiente\/wp-json\/wp\/v2\/pages\/2612\/revisions\/4864"}],"up":[{"embeddable":true,"href":"https:\/\/jundiai.sp.gov.br\/planejamento-e-meio-ambiente\/wp-json\/wp\/v2\/pages\/598"}],"wp:attachment":[{"href":"https:\/\/jundiai.sp.gov.br\/planejamento-e-meio-ambiente\/wp-json\/wp\/v2\/media?parent=2612"}],"curies":[{"name":"wp","href":"https:\/\/api.w.org\/{rel}","templated":true}]}}