{"id":2614,"date":"2017-04-04T11:46:10","date_gmt":"2017-04-04T14:46:10","guid":{"rendered":"https:\/\/jundiai.sp.gov.br\/planejamento-e-meio-ambiente\/?page_id=2614"},"modified":"2026-04-06T10:04:40","modified_gmt":"2026-04-06T13:04:40","slug":"conselho-municipal-de-defesa-do-meio-ambiente-comdema","status":"publish","type":"page","link":"https:\/\/jundiai.sp.gov.br\/planejamento-e-meio-ambiente\/conselhos\/conselho-municipal-de-defesa-do-meio-ambiente-comdema\/","title":{"rendered":"Conselho Municipal de Defesa do Meio Ambiente (COMDEMA)"},"content":{"rendered":"\n<p><strong>Presidente:<\/strong> Nivaldo Jos\u00e9 Calegari<br><strong>Vice-presidente:<\/strong> Bruna Mantovani de Resende<br><strong>1\u00ba Secret\u00e1ria: <\/strong>Maria L\u00facia Gagliardo<br><strong>2\u00aa Secret\u00e1rio: <\/strong>Vitor Angelo Arantes<br>Telefone (11) 4589-8566<\/p>\n\n\n\n<h3 class=\"wp-block-heading\">Agenda de reuni\u00f5es ordin\u00e1rias 2026<\/h3>\n\n\n\n<ul class=\"wp-block-list\">\n<li>Hor\u00e1rios: 14h \u00e0s 17h<\/li>\n\n\n\n<li>Local: Reuni\u00e3o no formato online<\/li>\n<\/ul>\n\n\n\n<div class=\"wp-block-columns is-layout-flex wp-container-core-columns-is-layout-9d6595d7 wp-block-columns-is-layout-flex\">\n<div class=\"wp-block-column is-layout-flow wp-block-column-is-layout-flow\">\n<figure class=\"wp-block-table\"><table class=\"has-fixed-layout\"><tbody><tr><td class=\"has-text-align-center\" data-align=\"center\">Janeiro <\/td><td class=\"has-text-align-center\" data-align=\"center\">21<\/td><\/tr><tr><td class=\"has-text-align-center\" data-align=\"center\">Fevereiro<\/td><td class=\"has-text-align-center\" data-align=\"center\">11<\/td><\/tr><tr><td class=\"has-text-align-center\" data-align=\"center\">Mar\u00e7o<\/td><td class=\"has-text-align-center\" data-align=\"center\">11<\/td><\/tr><tr><td class=\"has-text-align-center\" data-align=\"center\">Abril<\/td><td class=\"has-text-align-center\" data-align=\"center\">8<\/td><\/tr><tr><td class=\"has-text-align-center\" data-align=\"center\">Maio<\/td><td class=\"has-text-align-center\" data-align=\"center\">13<\/td><\/tr><tr><td class=\"has-text-align-center\" data-align=\"center\">Junho<\/td><td class=\"has-text-align-center\" data-align=\"center\">10<\/td><\/tr><tr><td class=\"has-text-align-center\" data-align=\"center\">Julho<\/td><td class=\"has-text-align-center\" data-align=\"center\">8<\/td><\/tr><tr><td class=\"has-text-align-center\" data-align=\"center\">Agosto<\/td><td class=\"has-text-align-center\" data-align=\"center\">12<\/td><\/tr><tr><td class=\"has-text-align-center\" data-align=\"center\">Setembro<\/td><td class=\"has-text-align-center\" data-align=\"center\">9<\/td><\/tr><tr><td class=\"has-text-align-center\" data-align=\"center\">Outubro<\/td><td class=\"has-text-align-center\" data-align=\"center\">14<\/td><\/tr><tr><td class=\"has-text-align-center\" data-align=\"center\">Novembro<\/td><td class=\"has-text-align-center\" data-align=\"center\">11<\/td><\/tr><tr><td class=\"has-text-align-center\" data-align=\"center\">Dezembro<\/td><td class=\"has-text-align-center\" data-align=\"center\">9<\/td><\/tr><\/tbody><\/table><\/figure>\n<\/div>\n\n\n\n<div class=\"wp-block-column is-layout-flow wp-block-column-is-layout-flow\"><\/div>\n<\/div>\n\n\n\n<h3 class=\"wp-block-heading\">Convoca\u00e7\u00e3o e Link da Reuni\u00e3o<\/h3>\n\n\n\n<ul class=\"wp-block-list\">\n<li>Convoca\u00e7\u00e3o: <a href=\"https:\/\/jundiai.sp.gov.br\/planejamento-e-meio-ambiente\/wp-content\/uploads\/sites\/15\/2026\/04\/convocacao-4a-reuniao-ordinaria-comdema-25_27.pdf\">Clique aqui<\/a><\/li>\n\n\n\n<li>Link da\u00a0reuni\u00e3o: <a href=\"https:\/\/meet.google.com\/ibz-vhdr-onw\">Clique aqui<\/a><\/li>\n<\/ul>\n\n\n\n<h3 class=\"wp-block-heading\">Atas das reuni\u00f5es<\/h3>\n\n\n\n<p><strong><a href=\"https:\/\/jundiai.sp.gov.br\/planejamento-e-meio-ambiente\/2026-3\/\">2026<br><\/a><a href=\"https:\/\/jundiai.sp.gov.br\/planejamento-e-meio-ambiente\/2025-3\/\">2025<\/a><\/strong><br><strong><a href=\"https:\/\/jundiai.sp.gov.br\/planejamento-e-meio-ambiente\/2024-3\/\" data-type=\"link\" data-id=\"https:\/\/jundiai.sp.gov.br\/planejamento-e-meio-ambiente\/2024-3\/\">2024<\/a><\/strong><br><a href=\"https:\/\/jundiai.sp.gov.br\/planejamento-e-meio-ambiente\/2023-3\/\" target=\"_blank\" rel=\"noopener\"><strong>2023<\/strong><\/a><br><strong><a href=\"https:\/\/jundiai.sp.gov.br\/planejamento-e-meio-ambiente\/2022-2\/\">2022<\/a><\/strong><br><strong><a href=\"https:\/\/jundiai.sp.gov.br\/planejamento-e-meio-ambiente\/conselhos\/2021-2\/\">2021<\/a><a href=\"https:\/\/jundiai.sp.gov.br\/planejamento-e-meio-ambiente\/2020-2\/\" target=\"_blank\" rel=\"noopener noreferrer\"><br>2020<\/a><br><a href=\"https:\/\/jundiai.sp.gov.br\/planejamento-e-meio-ambiente\/2019-2\/\" target=\"_blank\" rel=\"noopener noreferrer\">2019<\/a><br><a href=\"https:\/\/jundiai.sp.gov.br\/planejamento-e-meio-ambiente\/2018-2\/\" target=\"_blank\" rel=\"noopener noreferrer\">2018<\/a><br><a href=\"https:\/\/jundiai.sp.gov.br\/planejamento-e-meio-ambiente\/2017-2\/\" target=\"_blank\" rel=\"noopener noreferrer\">2017<\/a><br><a href=\"https:\/\/jundiai.sp.gov.br\/planejamento-e-meio-ambiente\/2016-2\/\" target=\"_blank\" rel=\"noopener noreferrer\">2016<\/a><br><a href=\"https:\/\/jundiai.sp.gov.br\/planejamento-e-meio-ambiente\/2015-2\/\" target=\"_blank\" rel=\"noopener noreferrer\">2015<\/a><br><a href=\"https:\/\/jundiai.sp.gov.br\/planejamento-e-meio-ambiente\/2014-2\/\" target=\"_blank\" rel=\"noopener noreferrer\">2014<\/a><br><a href=\"https:\/\/jundiai.sp.gov.br\/planejamento-e-meio-ambiente\/2013-2\/\" target=\"_blank\" rel=\"noopener noreferrer\">2013<\/a><\/strong><\/p>\n\n\n\n<h3 class=\"wp-block-heading\">Composi\u00e7\u00e3o COMDEMA<\/h3>\n\n\n\n<p><a href=\"https:\/\/jundiai.sp.gov.br\/planejamento-e-meio-ambiente\/wp-content\/uploads\/sites\/15\/2024\/06\/lei-10003_23-comdema-1.pdf\">LEI DE COMPOSI\u00c7\u00c3O DO COMDEMA<\/a><\/p>\n\n\n\n<p><a href=\"https:\/\/jundiai.sp.gov.br\/planejamento-e-meio-ambiente\/wp-content\/uploads\/sites\/15\/2026\/01\/iom_port-327-comdema.pdf\">327\/2025 &#8211; COMDEMA<\/a><\/p>\n\n\n\n<h3 class=\"wp-block-heading\">Regimento Interno COMDEMA<\/h3>\n\n\n\n<p><a href=\"https:\/\/jundiai.sp.gov.br\/planejamento-e-meio-ambiente\/wp-content\/uploads\/sites\/15\/2021\/06\/regimento-interno-comdema-imprensa-oficial-de-jundiai-edicao-3932.pdf\">Imprensa Oficial de Jundia\u00ed &#8211; Edi\u00e7\u00e3o 3932<\/a><\/p>\n\n\n\n<p><a href=\"https:\/\/jundiai.sp.gov.br\/planejamento-e-meio-ambiente\/wp-content\/uploads\/sites\/15\/2021\/06\/decreto-municipal-25001_2014-reginterno-comdema.pdf\">Decreto N\u00b0 25.001,&nbsp; de 12 de maio de 2014<\/a><\/p>\n\n\n\n<p><\/p>\n","protected":false},"excerpt":{"rendered":"<p>Presidente: Nivaldo Jos\u00e9 CalegariVice-presidente: Bruna Mantovani de Resende1\u00ba Secret\u00e1ria: Maria L\u00facia Gagliardo2\u00aa Secret\u00e1rio: Vitor Angelo ArantesTelefone (11) 4589-8566 Agenda de reuni\u00f5es ordin\u00e1rias 2026 Janeiro 21 Fevereiro 11 Mar\u00e7o 11 Abril 8 Maio 13 Junho 10 Julho 8 Agosto 12 Setembro 9 Outubro 14 Novembro 11 Dezembro 9 Convoca\u00e7\u00e3o e Link da Reuni\u00e3o Atas das reuni\u00f5es [&hellip;]<\/p>\n","protected":false},"author":14,"featured_media":0,"parent":598,"menu_order":3,"comment_status":"closed","ping_status":"closed","template":"","meta":{"footnotes":""},"class_list":["post-2614","page","type-page","status-publish","hentry"],"_links":{"self":[{"href":"https:\/\/jundiai.sp.gov.br\/planejamento-e-meio-ambiente\/wp-json\/wp\/v2\/pages\/2614","targetHints":{"allow":["GET"]}}],"collection":[{"href":"https:\/\/jundiai.sp.gov.br\/planejamento-e-meio-ambiente\/wp-json\/wp\/v2\/pages"}],"about":[{"href":"https:\/\/jundiai.sp.gov.br\/planejamento-e-meio-ambiente\/wp-json\/wp\/v2\/types\/page"}],"author":[{"embeddable":true,"href":"https:\/\/jundiai.sp.gov.br\/planejamento-e-meio-ambiente\/wp-json\/wp\/v2\/users\/14"}],"replies":[{"embeddable":true,"href":"https:\/\/jundiai.sp.gov.br\/planejamento-e-meio-ambiente\/wp-json\/wp\/v2\/comments?post=2614"}],"version-history":[{"count":195,"href":"https:\/\/jundiai.sp.gov.br\/planejamento-e-meio-ambiente\/wp-json\/wp\/v2\/pages\/2614\/revisions"}],"predecessor-version":[{"id":8223,"href":"https:\/\/jundiai.sp.gov.br\/planejamento-e-meio-ambiente\/wp-json\/wp\/v2\/pages\/2614\/revisions\/8223"}],"up":[{"embeddable":true,"href":"https:\/\/jundiai.sp.gov.br\/planejamento-e-meio-ambiente\/wp-json\/wp\/v2\/pages\/598"}],"wp:attachment":[{"href":"https:\/\/jundiai.sp.gov.br\/planejamento-e-meio-ambiente\/wp-json\/wp\/v2\/media?parent=2614"}],"curies":[{"name":"wp","href":"https:\/\/api.w.org\/{rel}","templated":true}]}}