{"id":270,"date":"2014-08-21T17:09:16","date_gmt":"2014-08-21T20:09:16","guid":{"rendered":"https:\/\/jundiai.sp.gov.br\/planejamento-e-meio-ambiente\/?page_id=270"},"modified":"2014-09-29T11:06:27","modified_gmt":"2014-09-29T14:06:27","slug":"sistema-viario","status":"publish","type":"page","link":"https:\/\/jundiai.sp.gov.br\/planejamento-e-meio-ambiente\/sistema-viario\/","title":{"rendered":"Sistema Vi\u00e1rio"},"content":{"rendered":"<p>O sistema vi\u00e1rio do munic\u00edpio \u00e9 constitu\u00eddo pelas vias municipais, estaduais e federais existentes e projetadas, identificadas na planta integrante da Lei 7.858\/12, podendo ser classificadas como vias expressas, arteriais, coletoras, locais, de pedestres, ciclovias, de trafego seletivo e at\u00e9 mesmo vielas, sendo esta classifica\u00e7\u00e3o regulamentada na Lei de Zoneamento e Uso e Ocupa\u00e7\u00e3o do Solo.<\/p>\n<p>As vias s\u00e3o compostas por leito carro\u00e7\u00e1vel, canteiros centrais e cal\u00e7adas em sua maioria, podendo apresentar ainda baias para estacionamento de ve\u00edculos ou parada de \u00f4nibus urbano, assim como faixas exclusivas destinadas ao transporte coletivo ou ciclovias.<\/p>\n<p>As vias existentes no munic\u00edpio podem ter suas larguras atuais ajustadas, assim como, as novas vias e\/ou projetadas, s\u00e3o definidas por diretrizes emitidas pela Secretaria de Planejamento e Meio Ambiente (SMPMA), verificando a melhoria da mobilidade, viabilidade t\u00e9cnica e o interesse p\u00fablico, sendo por ela classificadas ap\u00f3s an\u00e1lise e manifesta\u00e7\u00e3o do Grupo T\u00e9cnico de Diretrizes Vi\u00e1rias, compet\u00eancia essa, atribu\u00edda pela Lei Municipal 7.857\/12 (Plano Diretor), artigo 124, par\u00e1grafo 2\u00ba.<\/p>\n<p>O Grupo T\u00e9cnico de Diretrizes Vi\u00e1rias, institu\u00eddo pelo decreto municipal n\u00ba 22.291 de 27 de maio de 2010 \u00e9 respons\u00e1vel pela defini\u00e7\u00e3o, revis\u00e3o ou atualiza\u00e7\u00e3o das diretrizes vi\u00e1rias no munic\u00edpio, sendo composto por t\u00e9cnicos da Secretaria Municipal de Planejamento e Meio Ambiente, de Obras, de Transportes e de Servi\u00e7os P\u00fablicos, sob a coordena\u00e7\u00e3o da primeira.<\/p>\n<p>Este Grupo se re\u00fane semanalmente para an\u00e1lise, manifesta\u00e7\u00f5es e desenvolvimento de estudos que resultam nas Diretrizes Vi\u00e1rias a serem respeitadas no Munic\u00edpio, sejam por empreendimentos particulares ou por \u00f3rg\u00e3os da administra\u00e7\u00e3o p\u00fablica. As Atas destas reuni\u00f5es ser\u00e3o publicadas na Imprensa Oficial do Munic\u00edpio e a compila\u00e7\u00e3o das mesmas, assim como as diretrizes gr\u00e1ficas, ser\u00e1 atualizada e publicada semestralmente nesse espa\u00e7o.<\/p>\n<p>As Diretrizes Vi\u00e1rias s\u00e3o apresentadas aos interessados atrav\u00e9s de certid\u00f5es emitidas pela municipalidade e atendimento t\u00e9cnico para levantamento de informa\u00e7\u00f5es.<\/p>\n<h2>Contato<\/h2>\n<p>SMPMA\/Departamento de Planejamento\/Divis\u00e3o de Planejamento vi\u00e1rio<br \/>\nLocaliza\u00e7\u00e3o: Pa\u00e7o Municipal \u2013 5\u00ba andar- Ala Sul<br \/>\nDias e hor\u00e1rios de atendimento: Ter\u00e7as e quintas, das 9h \u00e0s 17h<br \/>\nTelefone: (11) 4589-8561 \/ 4589-8489<br \/>\nE-mail: <a href=\"mailto:projetourbano@jundiai.sp.gov.br\" target=\"_blank\">projetourbano@jundiai.sp.gov.br<\/a><\/p>\n<h2>Publica\u00e7\u00f5es<\/h2>\n<p><a href=\"https:\/\/jundiai.sp.gov.br\/planejamento-e-meio-ambiente\/wp-content\/uploads\/sites\/15\/2014\/08\/Decreto_22291-10.pdf\">Decreto 22.291\/10<\/a><br \/>\n<a href=\"https:\/\/jundiai.sp.gov.br\/planejamento-e-meio-ambiente\/wp-content\/uploads\/sites\/15\/2014\/08\/Compila\u00e7\u00e3o-das-Atas-e-Diretrizes-Gr\u00e1ficas-a-partir-de-2011.pdf\">Compila\u00e7\u00e3o das Atas e Diretrizes Gr\u00e1ficas (a partir de 2011)<\/a><\/p>\n","protected":false},"excerpt":{"rendered":"<p>O sistema vi\u00e1rio do munic\u00edpio \u00e9 constitu\u00eddo pelas vias municipais, estaduais e federais existentes e projetadas, identificadas na planta integrante da Lei 7.858\/12, podendo ser classificadas como vias expressas, arteriais, coletoras, locais, de pedestres, ciclovias, de trafego seletivo e at\u00e9 mesmo vielas, sendo esta classifica\u00e7\u00e3o regulamentada na Lei de Zoneamento e Uso e Ocupa\u00e7\u00e3o do [&hellip;]<\/p>\n","protected":false},"author":11,"featured_media":0,"parent":0,"menu_order":0,"comment_status":"closed","ping_status":"closed","template":"","meta":{"footnotes":""},"class_list":["post-270","page","type-page","status-publish","hentry"],"_links":{"self":[{"href":"https:\/\/jundiai.sp.gov.br\/planejamento-e-meio-ambiente\/wp-json\/wp\/v2\/pages\/270","targetHints":{"allow":["GET"]}}],"collection":[{"href":"https:\/\/jundiai.sp.gov.br\/planejamento-e-meio-ambiente\/wp-json\/wp\/v2\/pages"}],"about":[{"href":"https:\/\/jundiai.sp.gov.br\/planejamento-e-meio-ambiente\/wp-json\/wp\/v2\/types\/page"}],"author":[{"embeddable":true,"href":"https:\/\/jundiai.sp.gov.br\/planejamento-e-meio-ambiente\/wp-json\/wp\/v2\/users\/11"}],"replies":[{"embeddable":true,"href":"https:\/\/jundiai.sp.gov.br\/planejamento-e-meio-ambiente\/wp-json\/wp\/v2\/comments?post=270"}],"version-history":[{"count":3,"href":"https:\/\/jundiai.sp.gov.br\/planejamento-e-meio-ambiente\/wp-json\/wp\/v2\/pages\/270\/revisions"}],"predecessor-version":[{"id":1302,"href":"https:\/\/jundiai.sp.gov.br\/planejamento-e-meio-ambiente\/wp-json\/wp\/v2\/pages\/270\/revisions\/1302"}],"wp:attachment":[{"href":"https:\/\/jundiai.sp.gov.br\/planejamento-e-meio-ambiente\/wp-json\/wp\/v2\/media?parent=270"}],"curies":[{"name":"wp","href":"https:\/\/api.w.org\/{rel}","templated":true}]}}