{"id":3010,"date":"2017-04-19T12:02:46","date_gmt":"2017-04-19T15:02:46","guid":{"rendered":"https:\/\/jundiai.sp.gov.br\/planejamento-e-meio-ambiente\/?page_id=3010"},"modified":"2025-10-02T11:38:00","modified_gmt":"2025-10-02T14:38:00","slug":"organograma","status":"publish","type":"page","link":"https:\/\/jundiai.sp.gov.br\/planejamento-e-meio-ambiente\/organograma\/","title":{"rendered":"Organograma"},"content":{"rendered":"\n<h2 class=\"wp-block-heading\">Estrutura da Secretaria<\/h2>\n\n\n\n<p><strong>Secret\u00e1rio:<\/strong> Marco Ant\u00f4nio Bedin <\/p>\n\n\n\n<hr class=\"wp-block-separator has-alpha-channel-opacity\"\/>\n\n\n\n<p><strong>Departamento de Planejamento, Gest\u00e3o e Finan\u00e7as<br><\/strong>Diretor: Thiago Antonio Zacaratto<br>Telefone: (11) 4589-8826<\/p>\n\n\n\n<p><strong>Departamento de Urbanismo<\/strong><br>Diretora: Viviane de Cassia Olivatto Galiano<br>Telefone: (11) 4589-8873-1<\/p>\n\n\n\n<p><strong>Departamento de Projetos Urbanos<\/strong><br>Diretor: Henrique Freires Pereira<br>Telefone: (11) 4589-8358<\/p>\n\n\n\n<p><strong>Departamento de Licenciamento de Obras e Instala\u00e7\u00f5es<\/strong><br>Diretor: Ericson Ronaldo Arroio<br>Telefone: (11) 4589-9584<\/p>\n\n\n\n<p><strong>Departamento de Meio Ambiente<\/strong><br>Diretor: Guilherme Theodoro Nascimento Pereira de Lima<br>Telefone: (11) 4589-8984-2<\/p>\n\n\n\n<p><strong>Departamento do Bem-Estar Animal<\/strong><br>Diretora: Francine Cristina Galeoti Oliveira<br>Telefone: (11) 4589-9307<\/p>\n\n\n\n<p><\/p>\n","protected":false},"excerpt":{"rendered":"<p>Estrutura da Secretaria Secret\u00e1rio: Marco Ant\u00f4nio Bedin Departamento de Planejamento, Gest\u00e3o e Finan\u00e7asDiretor: Thiago Antonio ZacarattoTelefone: (11) 4589-8826 Departamento de UrbanismoDiretora: Viviane de Cassia Olivatto GalianoTelefone: (11) 4589-8873-1 Departamento de Projetos UrbanosDiretor: Henrique Freires PereiraTelefone: (11) 4589-8358 Departamento de Licenciamento de Obras e Instala\u00e7\u00f5esDiretor: Ericson Ronaldo ArroioTelefone: (11) 4589-9584 Departamento de Meio AmbienteDiretor: Guilherme Theodoro [&hellip;]<\/p>\n","protected":false},"author":14,"featured_media":0,"parent":0,"menu_order":0,"comment_status":"closed","ping_status":"closed","template":"","meta":{"footnotes":""},"class_list":["post-3010","page","type-page","status-publish","hentry"],"_links":{"self":[{"href":"https:\/\/jundiai.sp.gov.br\/planejamento-e-meio-ambiente\/wp-json\/wp\/v2\/pages\/3010","targetHints":{"allow":["GET"]}}],"collection":[{"href":"https:\/\/jundiai.sp.gov.br\/planejamento-e-meio-ambiente\/wp-json\/wp\/v2\/pages"}],"about":[{"href":"https:\/\/jundiai.sp.gov.br\/planejamento-e-meio-ambiente\/wp-json\/wp\/v2\/types\/page"}],"author":[{"embeddable":true,"href":"https:\/\/jundiai.sp.gov.br\/planejamento-e-meio-ambiente\/wp-json\/wp\/v2\/users\/14"}],"replies":[{"embeddable":true,"href":"https:\/\/jundiai.sp.gov.br\/planejamento-e-meio-ambiente\/wp-json\/wp\/v2\/comments?post=3010"}],"version-history":[{"count":27,"href":"https:\/\/jundiai.sp.gov.br\/planejamento-e-meio-ambiente\/wp-json\/wp\/v2\/pages\/3010\/revisions"}],"predecessor-version":[{"id":7854,"href":"https:\/\/jundiai.sp.gov.br\/planejamento-e-meio-ambiente\/wp-json\/wp\/v2\/pages\/3010\/revisions\/7854"}],"wp:attachment":[{"href":"https:\/\/jundiai.sp.gov.br\/planejamento-e-meio-ambiente\/wp-json\/wp\/v2\/media?parent=3010"}],"curies":[{"name":"wp","href":"https:\/\/api.w.org\/{rel}","templated":true}]}}