{"id":3045,"date":"2017-05-19T14:19:37","date_gmt":"2017-05-19T17:19:37","guid":{"rendered":"https:\/\/jundiai.sp.gov.br\/planejamento-e-meio-ambiente\/?page_id=3045"},"modified":"2025-07-23T17:10:05","modified_gmt":"2025-07-23T20:10:05","slug":"assuntos-fundiarios","status":"publish","type":"page","link":"https:\/\/jundiai.sp.gov.br\/planejamento-e-meio-ambiente\/assuntos-fundiarios\/","title":{"rendered":"Assuntos Fundi\u00e1rios"},"content":{"rendered":"<p>O Departamento de Assuntos Fundi\u00e1rios (DAF) \u00e9 um o \u00f3rg\u00e3o da Unidade de Gest\u00e3o Planejamento Urbano e Meio Ambiente respons\u00e1vel pela regulariza\u00e7\u00e3o fundi\u00e1ria dos parcelamentos de solo irregulares de interesse espec\u00edfico no munic\u00edpio, a partir da fiscaliza\u00e7\u00e3o, cadastro, avalia\u00e7\u00e3o e aprova\u00e7\u00e3o de forma a assegurar o atendimento as legisla\u00e7\u00f5es pertinentes, em especial o Plano Diretor.<\/p>\n<p><strong>Contato<\/strong><br \/>\nO Departamento de Assuntos Fundi\u00e1rios (DAF) fica no Pa\u00e7o Municipal, 5\u00ba andar \u2013 ala Norte.<br \/>\nTelefones: (11) 4589-8381 \/ (11) 4589-8884 \/ (11) 4589-8904\/ (11) 4589-8951 \/ (11) 4589-8952<\/p>\n","protected":false},"excerpt":{"rendered":"<p>O Departamento de Assuntos Fundi\u00e1rios (DAF) \u00e9 um o \u00f3rg\u00e3o da Unidade de Gest\u00e3o Planejamento Urbano e Meio Ambiente respons\u00e1vel pela regulariza\u00e7\u00e3o fundi\u00e1ria dos parcelamentos de solo irregulares de interesse espec\u00edfico no munic\u00edpio, a partir da fiscaliza\u00e7\u00e3o, cadastro, avalia\u00e7\u00e3o e aprova\u00e7\u00e3o de forma a assegurar o atendimento as legisla\u00e7\u00f5es pertinentes, em especial o Plano Diretor. [&hellip;]<\/p>\n","protected":false},"author":29,"featured_media":0,"parent":0,"menu_order":0,"comment_status":"closed","ping_status":"closed","template":"page-subpaginas.php","meta":{"footnotes":""},"class_list":["post-3045","page","type-page","status-publish","hentry"],"_links":{"self":[{"href":"https:\/\/jundiai.sp.gov.br\/planejamento-e-meio-ambiente\/wp-json\/wp\/v2\/pages\/3045","targetHints":{"allow":["GET"]}}],"collection":[{"href":"https:\/\/jundiai.sp.gov.br\/planejamento-e-meio-ambiente\/wp-json\/wp\/v2\/pages"}],"about":[{"href":"https:\/\/jundiai.sp.gov.br\/planejamento-e-meio-ambiente\/wp-json\/wp\/v2\/types\/page"}],"author":[{"embeddable":true,"href":"https:\/\/jundiai.sp.gov.br\/planejamento-e-meio-ambiente\/wp-json\/wp\/v2\/users\/29"}],"replies":[{"embeddable":true,"href":"https:\/\/jundiai.sp.gov.br\/planejamento-e-meio-ambiente\/wp-json\/wp\/v2\/comments?post=3045"}],"version-history":[{"count":5,"href":"https:\/\/jundiai.sp.gov.br\/planejamento-e-meio-ambiente\/wp-json\/wp\/v2\/pages\/3045\/revisions"}],"predecessor-version":[{"id":7788,"href":"https:\/\/jundiai.sp.gov.br\/planejamento-e-meio-ambiente\/wp-json\/wp\/v2\/pages\/3045\/revisions\/7788"}],"wp:attachment":[{"href":"https:\/\/jundiai.sp.gov.br\/planejamento-e-meio-ambiente\/wp-json\/wp\/v2\/media?parent=3045"}],"curies":[{"name":"wp","href":"https:\/\/api.w.org\/{rel}","templated":true}]}}