{"id":3049,"date":"2017-05-19T15:04:04","date_gmt":"2017-05-19T18:04:04","guid":{"rendered":"https:\/\/jundiai.sp.gov.br\/planejamento-e-meio-ambiente\/?page_id=3049"},"modified":"2022-08-25T13:51:46","modified_gmt":"2022-08-25T16:51:46","slug":"leis-de-regularizacao-fundiaria","status":"publish","type":"page","link":"https:\/\/jundiai.sp.gov.br\/planejamento-e-meio-ambiente\/assuntos-fundiarios\/leis-de-regularizacao-fundiaria\/","title":{"rendered":"Leis de Regulariza\u00e7\u00e3o Fundi\u00e1ria"},"content":{"rendered":"<p><strong>Atos Normativos<\/strong><\/p>\n<p><a href=\"https:\/\/jundiai.sp.gov.br\/planejamento-e-meio-ambiente\/wp-content\/uploads\/sites\/15\/2022\/08\/lei-9807-2022-original.pdf\">Lei n\u00ba 9.807\/2022<\/a> &#8211; Altera Lei 7.016\/2008, que instituiu a Pol\u00edtica Municipal<br \/>\nde Habita\u00e7\u00e3o, para dispor sobre os novos procedimentos da regulariza\u00e7\u00e3o<br \/>\nfundi\u00e1ria urbana.<\/p>\n<p><a href=\"https:\/\/jundiai.sp.gov.br\/planejamento-e-meio-ambiente\/wp-content\/uploads\/sites\/15\/2021\/11\/decreto_legitimacao-de-posse_-28-991.pdf\">Decreto de Legitima\u00e7\u00e3o de Posse\u00a0<\/a><\/p>\n<p><a href=\"https:\/\/jundiai.sp.gov.br\/planejamento-e-meio-ambiente\/wp-content\/uploads\/sites\/15\/2019\/11\/provimento-cg-51-1.pdf\">Provimento n\u00ba 51\/2017<\/a><\/p>\n<p><a href=\"https:\/\/jundiai.sp.gov.br\/planejamento-e-meio-ambiente\/wp-content\/uploads\/sites\/15\/2017\/08\/lei-federal-no-13-465_2017.pdf\">Lei Federal n\u00ba 13.465\/17<\/a><\/p>\n<p><a href=\"https:\/\/jundiai.sp.gov.br\/planejamento-e-meio-ambiente\/wp-content\/uploads\/sites\/15\/2014\/08\/Lei-Federal-6.766-79.pdf\">Lei Federal 6.766-79<\/a><br \/>\nDisp\u00f5e sobre parcelamento do solo urbano e d\u00e1 outras provid\u00eancias<\/p>\n<p><a href=\"https:\/\/jundiai.sp.gov.br\/planejamento-e-meio-ambiente\/wp-content\/uploads\/sites\/15\/2014\/08\/Lei-Complementar-144-951.pdf\">Lei Complementar 144\/95<\/a><br \/>\nAutoriza a regulariza\u00e7\u00e3o de parcelamentos do solo no Munic\u00edpio<\/p>\n<p><a href=\"https:\/\/jundiai.sp.gov.br\/planejamento-e-meio-ambiente\/wp-content\/uploads\/sites\/15\/2014\/08\/Lei-Complementar-358-021.pdf\">Lei Complementar 358\/02<\/a><br \/>\nDisciplina a regulariza\u00e7\u00e3o de parcelamentos do solo e d\u00e1 outras provid\u00eancias<\/p>\n<p><a href=\"https:\/\/jundiai.sp.gov.br\/planejamento-e-meio-ambiente\/wp-content\/uploads\/sites\/15\/2014\/08\/Provimento-CG-21-131.pdf\">Provimento CG 21\/13<\/a><br \/>\nModifica parte das Normas de Servi\u00e7o da Corregedoria Geral da Justi\u00e7a, que versa sobre a Regulariza\u00e7\u00e3o Fundi\u00e1ria<\/p>\n<p><a href=\"https:\/\/jundiai.sp.gov.br\/planejamento-e-meio-ambiente\/wp-content\/uploads\/sites\/15\/2017\/05\/TJSP-Provimento-CG-n-37-2013.pdf\">Provimento CG 37\/2013<\/a><br \/>\nModifica parte das Normas de Servi\u00e7o da Corregedoria Geral da Justi\u00e7a, que versa sobre a Regulariza\u00e7\u00e3o Fundi\u00e1ria<\/p>\n","protected":false},"excerpt":{"rendered":"<p>Atos Normativos Lei n\u00ba 9.807\/2022 &#8211; Altera Lei 7.016\/2008, que instituiu a Pol\u00edtica Municipal de Habita\u00e7\u00e3o, para dispor sobre os novos procedimentos da regulariza\u00e7\u00e3o fundi\u00e1ria urbana. Decreto de Legitima\u00e7\u00e3o de Posse\u00a0 Provimento n\u00ba 51\/2017 Lei Federal n\u00ba 13.465\/17 Lei Federal 6.766-79 Disp\u00f5e sobre parcelamento do solo urbano e d\u00e1 outras provid\u00eancias Lei Complementar 144\/95 Autoriza [&hellip;]<\/p>\n","protected":false},"author":29,"featured_media":0,"parent":3045,"menu_order":4,"comment_status":"closed","ping_status":"closed","template":"","meta":{"footnotes":""},"class_list":["post-3049","page","type-page","status-publish","hentry"],"_links":{"self":[{"href":"https:\/\/jundiai.sp.gov.br\/planejamento-e-meio-ambiente\/wp-json\/wp\/v2\/pages\/3049","targetHints":{"allow":["GET"]}}],"collection":[{"href":"https:\/\/jundiai.sp.gov.br\/planejamento-e-meio-ambiente\/wp-json\/wp\/v2\/pages"}],"about":[{"href":"https:\/\/jundiai.sp.gov.br\/planejamento-e-meio-ambiente\/wp-json\/wp\/v2\/types\/page"}],"author":[{"embeddable":true,"href":"https:\/\/jundiai.sp.gov.br\/planejamento-e-meio-ambiente\/wp-json\/wp\/v2\/users\/29"}],"replies":[{"embeddable":true,"href":"https:\/\/jundiai.sp.gov.br\/planejamento-e-meio-ambiente\/wp-json\/wp\/v2\/comments?post=3049"}],"version-history":[{"count":8,"href":"https:\/\/jundiai.sp.gov.br\/planejamento-e-meio-ambiente\/wp-json\/wp\/v2\/pages\/3049\/revisions"}],"predecessor-version":[{"id":6037,"href":"https:\/\/jundiai.sp.gov.br\/planejamento-e-meio-ambiente\/wp-json\/wp\/v2\/pages\/3049\/revisions\/6037"}],"up":[{"embeddable":true,"href":"https:\/\/jundiai.sp.gov.br\/planejamento-e-meio-ambiente\/wp-json\/wp\/v2\/pages\/3045"}],"wp:attachment":[{"href":"https:\/\/jundiai.sp.gov.br\/planejamento-e-meio-ambiente\/wp-json\/wp\/v2\/media?parent=3049"}],"curies":[{"name":"wp","href":"https:\/\/api.w.org\/{rel}","templated":true}]}}