{"id":3072,"date":"2017-05-24T17:17:27","date_gmt":"2017-05-24T20:17:27","guid":{"rendered":"https:\/\/jundiai.sp.gov.br\/planejamento-e-meio-ambiente\/?page_id=3072"},"modified":"2019-02-21T10:32:21","modified_gmt":"2019-02-21T13:32:21","slug":"manual-de-procedimentos","status":"publish","type":"page","link":"https:\/\/jundiai.sp.gov.br\/planejamento-e-meio-ambiente\/assuntos-fundiarios\/procedimentos\/manual-de-procedimentos\/","title":{"rendered":"Manual de Procedimentos"},"content":{"rendered":"<p>O Departamento Assuntos Fundi\u00e1rios (DAF) tem por objetivo fornecer o maior n\u00famero de informa\u00e7\u00f5es para que os profissionais de engenharia e arquitetura, bem como propriet\u00e1rios, possam elaborar seus projetos e instru\u00ed-los com documentos referentes \u00e0 regulariza\u00e7\u00e3o fundi\u00e1ria.<\/p>\n<p>Para tanto, publica o Manual de Procedimentos, com o prop\u00f3sito de orientar e informar a documenta\u00e7\u00e3o necess\u00e1ria e os procedimentos praticados na an\u00e1lise dos processos.<\/p>\n<p><a href=\"https:\/\/jundiai.sp.gov.br\/planejamento-e-meio-ambiente\/wp-content\/uploads\/sites\/15\/2017\/05\/Manual-de-Procedimentos.pdf\">Manual de Procedimentos<\/a><\/p>\n","protected":false},"excerpt":{"rendered":"<p>O Departamento Assuntos Fundi\u00e1rios (DAF) tem por objetivo fornecer o maior n\u00famero de informa\u00e7\u00f5es para que os profissionais de engenharia e arquitetura, bem como propriet\u00e1rios, possam elaborar seus projetos e instru\u00ed-los com documentos referentes \u00e0 regulariza\u00e7\u00e3o fundi\u00e1ria. Para tanto, publica o Manual de Procedimentos, com o prop\u00f3sito de orientar e informar a documenta\u00e7\u00e3o necess\u00e1ria e [&hellip;]<\/p>\n","protected":false},"author":30,"featured_media":0,"parent":3060,"menu_order":2,"comment_status":"closed","ping_status":"closed","template":"","meta":{"footnotes":""},"class_list":["post-3072","page","type-page","status-publish","hentry"],"_links":{"self":[{"href":"https:\/\/jundiai.sp.gov.br\/planejamento-e-meio-ambiente\/wp-json\/wp\/v2\/pages\/3072","targetHints":{"allow":["GET"]}}],"collection":[{"href":"https:\/\/jundiai.sp.gov.br\/planejamento-e-meio-ambiente\/wp-json\/wp\/v2\/pages"}],"about":[{"href":"https:\/\/jundiai.sp.gov.br\/planejamento-e-meio-ambiente\/wp-json\/wp\/v2\/types\/page"}],"author":[{"embeddable":true,"href":"https:\/\/jundiai.sp.gov.br\/planejamento-e-meio-ambiente\/wp-json\/wp\/v2\/users\/30"}],"replies":[{"embeddable":true,"href":"https:\/\/jundiai.sp.gov.br\/planejamento-e-meio-ambiente\/wp-json\/wp\/v2\/comments?post=3072"}],"version-history":[{"count":6,"href":"https:\/\/jundiai.sp.gov.br\/planejamento-e-meio-ambiente\/wp-json\/wp\/v2\/pages\/3072\/revisions"}],"predecessor-version":[{"id":3638,"href":"https:\/\/jundiai.sp.gov.br\/planejamento-e-meio-ambiente\/wp-json\/wp\/v2\/pages\/3072\/revisions\/3638"}],"up":[{"embeddable":true,"href":"https:\/\/jundiai.sp.gov.br\/planejamento-e-meio-ambiente\/wp-json\/wp\/v2\/pages\/3060"}],"wp:attachment":[{"href":"https:\/\/jundiai.sp.gov.br\/planejamento-e-meio-ambiente\/wp-json\/wp\/v2\/media?parent=3072"}],"curies":[{"name":"wp","href":"https:\/\/api.w.org\/{rel}","templated":true}]}}