{"id":3181,"date":"2017-09-22T16:02:58","date_gmt":"2017-09-22T19:02:58","guid":{"rendered":"https:\/\/jundiai.sp.gov.br\/planejamento-e-meio-ambiente\/?page_id=3181"},"modified":"2017-09-22T16:15:29","modified_gmt":"2017-09-22T19:15:29","slug":"seminario-reurb","status":"publish","type":"page","link":"https:\/\/jundiai.sp.gov.br\/planejamento-e-meio-ambiente\/assuntos-fundiarios\/seminario-reurb\/","title":{"rendered":"Semin\u00e1rio REURB"},"content":{"rendered":"<p>O Departamento de Assuntos Fundi\u00e1rios (DAF) disponibiliza o material das palestras realizadas no Semin\u00e1rio &#8220;Regulariza\u00e7\u00e3o Fundi\u00e1ria e a Nova Lei Federal n\u00ba 13.465 de 11\/06\/2017&#8221;, que ocorreu em 22\/09\/2017.<\/p>\n<ul>\n<li><a href=\"https:\/\/jundiai.sp.gov.br\/planejamento-e-meio-ambiente\/wp-content\/uploads\/sites\/15\/2017\/09\/apresentacao-reurb-set-2017.pdf\">Apresenta\u00e7\u00e3o<\/a><\/li>\n<li><a href=\"https:\/\/jundiai.sp.gov.br\/planejamento-e-meio-ambiente\/wp-content\/uploads\/sites\/15\/2017\/09\/cidade-legal-auj.pdf\">Cidade Legal &#8211; AUJ<\/a><\/li>\n<\/ul>\n","protected":false},"excerpt":{"rendered":"<p>O Departamento de Assuntos Fundi\u00e1rios (DAF) disponibiliza o material das palestras realizadas no Semin\u00e1rio &#8220;Regulariza\u00e7\u00e3o Fundi\u00e1ria e a Nova Lei Federal n\u00ba 13.465 de 11\/06\/2017&#8221;, que ocorreu em 22\/09\/2017. Apresenta\u00e7\u00e3o Cidade Legal &#8211; AUJ<\/p>\n","protected":false},"author":30,"featured_media":0,"parent":3045,"menu_order":6,"comment_status":"closed","ping_status":"closed","template":"","meta":{"footnotes":""},"class_list":["post-3181","page","type-page","status-publish","hentry"],"_links":{"self":[{"href":"https:\/\/jundiai.sp.gov.br\/planejamento-e-meio-ambiente\/wp-json\/wp\/v2\/pages\/3181","targetHints":{"allow":["GET"]}}],"collection":[{"href":"https:\/\/jundiai.sp.gov.br\/planejamento-e-meio-ambiente\/wp-json\/wp\/v2\/pages"}],"about":[{"href":"https:\/\/jundiai.sp.gov.br\/planejamento-e-meio-ambiente\/wp-json\/wp\/v2\/types\/page"}],"author":[{"embeddable":true,"href":"https:\/\/jundiai.sp.gov.br\/planejamento-e-meio-ambiente\/wp-json\/wp\/v2\/users\/30"}],"replies":[{"embeddable":true,"href":"https:\/\/jundiai.sp.gov.br\/planejamento-e-meio-ambiente\/wp-json\/wp\/v2\/comments?post=3181"}],"version-history":[{"count":2,"href":"https:\/\/jundiai.sp.gov.br\/planejamento-e-meio-ambiente\/wp-json\/wp\/v2\/pages\/3181\/revisions"}],"predecessor-version":[{"id":3187,"href":"https:\/\/jundiai.sp.gov.br\/planejamento-e-meio-ambiente\/wp-json\/wp\/v2\/pages\/3181\/revisions\/3187"}],"up":[{"embeddable":true,"href":"https:\/\/jundiai.sp.gov.br\/planejamento-e-meio-ambiente\/wp-json\/wp\/v2\/pages\/3045"}],"wp:attachment":[{"href":"https:\/\/jundiai.sp.gov.br\/planejamento-e-meio-ambiente\/wp-json\/wp\/v2\/media?parent=3181"}],"curies":[{"name":"wp","href":"https:\/\/api.w.org\/{rel}","templated":true}]}}