{"id":3623,"date":"2019-01-29T15:24:55","date_gmt":"2019-01-29T17:24:55","guid":{"rendered":"https:\/\/jundiai.sp.gov.br\/planejamento-e-meio-ambiente\/?page_id=3623"},"modified":"2021-10-19T17:03:05","modified_gmt":"2021-10-19T20:03:05","slug":"formularios","status":"publish","type":"page","link":"https:\/\/jundiai.sp.gov.br\/planejamento-e-meio-ambiente\/assuntos-fundiarios\/formularios\/","title":{"rendered":"Formul\u00e1rios"},"content":{"rendered":"<p>O Departamento Assuntos Fundi\u00e1rios (DAF) tem por objetivo fornecer o maior n\u00famero de informa\u00e7\u00f5es para que os profissionais de engenharia e arquitetura, bem como propriet\u00e1rios, possam elaborar seus projetos e instru\u00ed-los com documentos referentes \u00e0 regulariza\u00e7\u00e3o fundi\u00e1ria.<\/p>\n<p>Para tanto, publica o Manual de Procedimentos, com o prop\u00f3sito de orientar e informar a documenta\u00e7\u00e3o necess\u00e1ria e os procedimentos praticados na an\u00e1lise dos processos.<\/p>\n<p><a href=\"https:\/\/jundiai.sp.gov.br\/planejamento-e-meio-ambiente\/wp-content\/uploads\/sites\/15\/2017\/05\/Modelo-1-Requerimento.doc\" target=\"_blank\" rel=\"noopener noreferrer\" data-saferedirecturl=\"https:\/\/www.google.com\/url?q=https:\/\/jundiai.sp.gov.br\/planejamento-e-meio-ambiente\/wp-content\/uploads\/sites\/15\/2017\/05\/Modelo-1-Requerimento.doc&amp;source=gmail&amp;ust=1548864113953000&amp;usg=AFQjCNF5R1iu7zfDug2Ca5FVEkOD-JNSuw\">Modelo Requerimento<\/a><\/p>\n<p><a href=\"https:\/\/jundiai.sp.gov.br\/planejamento-e-meio-ambiente\/wp-content\/uploads\/sites\/15\/2019\/01\/ficha-de-cadastro-atualizada-em-03_08_2018.pdf\" target=\"_blank\" rel=\"noopener noreferrer\" data-saferedirecturl=\"https:\/\/www.google.com\/url?q=https:\/\/jundiai.sp.gov.br\/planejamento-e-meio-ambiente\/wp-content\/uploads\/sites\/15\/2017\/05\/Modelo-2-Ficha-de-Cadastro-de-Propriet%25C3%25A1rio.pdf&amp;source=gmail&amp;ust=1548864113953000&amp;usg=AFQjCNFjxSI91_jGN1kmExvFZ4QBVrZmbw\">Modelo \u2013 Ficha de Cadastro de Propriet\u00e1rio<\/a><\/p>\n<p><a href=\"https:\/\/jundiai.sp.gov.br\/planejamento-e-meio-ambiente\/wp-content\/uploads\/sites\/15\/2017\/05\/Modelo-3-Baixa-de-Responsabilidade.doc\" target=\"_blank\" rel=\"noopener noreferrer\" data-saferedirecturl=\"https:\/\/www.google.com\/url?q=https:\/\/jundiai.sp.gov.br\/planejamento-e-meio-ambiente\/wp-content\/uploads\/sites\/15\/2017\/05\/Modelo-3-Baixa-de-Responsabilidade.doc&amp;source=gmail&amp;ust=1548864113953000&amp;usg=AFQjCNEEbC4mgtHQwBp6aSI5Fsb056we2A\">Modelo \u2013 Baixa de Responsabilidade Profissional<\/a><\/p>\n<p><a href=\"https:\/\/jundiai.sp.gov.br\/planejamento-e-meio-ambiente\/wp-content\/uploads\/sites\/15\/2017\/05\/Modelo-4-Descri%C3%A7%C3%A3o-Perim%C3%A9trica-1.doc\" target=\"_blank\" rel=\"noopener noreferrer\" data-saferedirecturl=\"https:\/\/www.google.com\/url?q=https:\/\/jundiai.sp.gov.br\/planejamento-e-meio-ambiente\/wp-content\/uploads\/sites\/15\/2017\/05\/Modelo-4-Descri%25C3%25A7%25C3%25A3o-Perim%25C3%25A9trica-1.doc&amp;source=gmail&amp;ust=1548864113953000&amp;usg=AFQjCNErIk8eHGTUm0xSDH89ibdgx6y0SQ\">Modelo \u2013 Descri\u00e7\u00e3o Perim\u00e9trica<\/a><\/p>\n<p><a href=\"https:\/\/jundiai.sp.gov.br\/planejamento-e-meio-ambiente\/wp-content\/uploads\/sites\/15\/2017\/05\/Modelo-5-Memorial-de-Atribui%C3%A7%C3%A3o-de-Lotes.docx\" target=\"_blank\" rel=\"noopener noreferrer\" data-saferedirecturl=\"https:\/\/www.google.com\/url?q=https:\/\/jundiai.sp.gov.br\/planejamento-e-meio-ambiente\/wp-content\/uploads\/sites\/15\/2017\/05\/Modelo-5-Memorial-de-Atribui%25C3%25A7%25C3%25A3o-de-Lotes.docx&amp;source=gmail&amp;ust=1548864113953000&amp;usg=AFQjCNFZzEOJhMYRD56wQsFxnOTx5eaXDA\">Modelo \u2013 Memorial de Atribui\u00e7\u00e3o de Lotes<\/a><\/p>\n<p><a href=\"https:\/\/jundiai.sp.gov.br\/planejamento-e-meio-ambiente\/wp-content\/uploads\/sites\/15\/2019\/03\/modelo-transferencia-de-responsabilidade-tecnica.doc\">Modelo -Transfer\u00eancia de Responsabilidade T\u00e9cnica<\/a><\/p>\n<p><a href=\"https:\/\/jundiai.sp.gov.br\/planejamento-e-meio-ambiente\/wp-content\/uploads\/sites\/15\/2021\/10\/formulario-de-solicitacao-de-recurso.doc\">Modelo &#8211; Formul\u00e1rio de Solicita\u00e7\u00e3o de Recurso\u00a0<\/a><\/p>\n<p><a href=\"https:\/\/jundiai.sp.gov.br\/planejamento-e-meio-ambiente\/wp-content\/uploads\/sites\/15\/2021\/10\/formulario-de-solicitacao-de-prazo.doc\">Modelo &#8211; Formul\u00e1rio de Solicita\u00e7\u00e3o de Prazo\u00a0<\/a><\/p>\n","protected":false},"excerpt":{"rendered":"<p>O Departamento Assuntos Fundi\u00e1rios (DAF) tem por objetivo fornecer o maior n\u00famero de informa\u00e7\u00f5es para que os profissionais de engenharia e arquitetura, bem como propriet\u00e1rios, possam elaborar seus projetos e instru\u00ed-los com documentos referentes \u00e0 regulariza\u00e7\u00e3o fundi\u00e1ria. Para tanto, publica o Manual de Procedimentos, com o prop\u00f3sito de orientar e informar a documenta\u00e7\u00e3o necess\u00e1ria e [&hellip;]<\/p>\n","protected":false},"author":37,"featured_media":0,"parent":3045,"menu_order":3,"comment_status":"closed","ping_status":"closed","template":"","meta":{"footnotes":""},"class_list":["post-3623","page","type-page","status-publish","hentry"],"_links":{"self":[{"href":"https:\/\/jundiai.sp.gov.br\/planejamento-e-meio-ambiente\/wp-json\/wp\/v2\/pages\/3623","targetHints":{"allow":["GET"]}}],"collection":[{"href":"https:\/\/jundiai.sp.gov.br\/planejamento-e-meio-ambiente\/wp-json\/wp\/v2\/pages"}],"about":[{"href":"https:\/\/jundiai.sp.gov.br\/planejamento-e-meio-ambiente\/wp-json\/wp\/v2\/types\/page"}],"author":[{"embeddable":true,"href":"https:\/\/jundiai.sp.gov.br\/planejamento-e-meio-ambiente\/wp-json\/wp\/v2\/users\/37"}],"replies":[{"embeddable":true,"href":"https:\/\/jundiai.sp.gov.br\/planejamento-e-meio-ambiente\/wp-json\/wp\/v2\/comments?post=3623"}],"version-history":[{"count":7,"href":"https:\/\/jundiai.sp.gov.br\/planejamento-e-meio-ambiente\/wp-json\/wp\/v2\/pages\/3623\/revisions"}],"predecessor-version":[{"id":5278,"href":"https:\/\/jundiai.sp.gov.br\/planejamento-e-meio-ambiente\/wp-json\/wp\/v2\/pages\/3623\/revisions\/5278"}],"up":[{"embeddable":true,"href":"https:\/\/jundiai.sp.gov.br\/planejamento-e-meio-ambiente\/wp-json\/wp\/v2\/pages\/3045"}],"wp:attachment":[{"href":"https:\/\/jundiai.sp.gov.br\/planejamento-e-meio-ambiente\/wp-json\/wp\/v2\/media?parent=3623"}],"curies":[{"name":"wp","href":"https:\/\/api.w.org\/{rel}","templated":true}]}}